{"id":1109,"date":"2025-03-05T16:53:55","date_gmt":"2025-03-05T16:53:55","guid":{"rendered":"https:\/\/ptifa.com\/?page_id=1109"},"modified":"2026-01-23T19:58:07","modified_gmt":"2026-01-23T19:58:07","slug":"produits-2","status":"publish","type":"page","link":"https:\/\/ptifa.com\/fr\/products-2\/","title":{"rendered":"\u202fPostgrade\u202f"},"content":{"rendered":"<div class=\"gb-element-2e3df423\">\n<div class=\"gb-element-50e136ab  grid-container\">\n<div class=\"gb-element-58fcb580 breadcrumb-row\"><span><span><a href=\"https:\/\/ptifa.com\/fr\/\">Accueil<\/a><\/span><\/span>\n<\/div>\n\n\n\n<div class=\"gb-element-fb322c90\">\n<div class=\"gb-element-4363ee0f\">\n<h1 class=\"gb-text gb-text-82a603a2\">Aper\u00e7u du produit<\/h1>\n\n\n\n<p class=\"gb-text gb-text-383dac26\">Des produits d\u00e9velopp\u00e9s par la facult\u00e9 et con\u00e7us pour aider nos dipl\u00f4m\u00e9s \u00e0 int\u00e9grer en toute confiance les produits injectables dans la pratique clinique. Qu'il s'agisse d'une assistance permanente ou d'albums avant et apr\u00e8s, chaque produit a \u00e9t\u00e9 cr\u00e9\u00e9 pour am\u00e9liorer les soins prodigu\u00e9s aux patients et favoriser une r\u00e9ussite \u00e0 long terme.<\/p>\n<\/div>\n\n\n\n<div class=\"gb-element-93df6583\">\n<img loading=\"lazy\" decoding=\"async\" width=\"680\" height=\"1080\" class=\"gb-media-c80d777b\" src=\"https:\/\/ptifa.com\/wp-content\/uploads\/2025\/03\/initial-outlay.webp\" title=\"d\u00e9lai d&#039;attente initial\" srcset=\"https:\/\/ptifa.com\/wp-content\/uploads\/2025\/03\/initial-outlay.webp 680w, https:\/\/ptifa.com\/wp-content\/uploads\/2025\/03\/initial-outlay-189x300.webp 189w, https:\/\/ptifa.com\/wp-content\/uploads\/2025\/03\/initial-outlay-645x1024.webp 645w, https:\/\/ptifa.com\/wp-content\/uploads\/2025\/03\/initial-outlay-600x953.webp 600w\" sizes=\"auto, (max-width: 680px) 100vw, 680px\" \/>\n\n\n\n<img loading=\"lazy\" decoding=\"async\" width=\"44\" height=\"94\" class=\"gb-media-b8f625a0\" src=\"https:\/\/ptifa.com\/wp-content\/uploads\/2025\/02\/section-icon.svg\" title=\"ic\u00f4ne de section\"\/>\n<\/div>\n<\/div>\n<\/div>\n<\/div>\n\n\n\n<div class=\"gb-element-b2539508\"><\/div>\n\n\n\n<div class=\"gb-element-222d9748\">\n<div class=\"gb-element-163bb15a  grid-container\">\n<div class=\"gb-element-9fc59431  grid-container\">\n<h5 class=\"gb-text gb-text-ca29ba4a\">Produits et ressources<\/h5>\n\n\n\n<p class=\"gb-text gb-text-df3dde02\"><a href=\"#online-study\">Club d'\u00e9tude en ligne<\/a><\/p>\n\n\n\n<p class=\"gb-text gb-text-7fc01e26\"><a href=\"#facetec-software\">Facetec<\/a><\/p>\n\n\n\n<p class=\"gb-text gb-text-ae4368ec\"><a href=\"#before-and-after-album\">Album avant et apr\u00e8s<\/a><\/p>\n\n\n\n<p class=\"gb-text gb-text-2cbb3537\"><a href=\"#photography-syllabus\">Syllabus de la photographie<\/a><\/p>\n<\/div>\n\n\n\n<div class=\"gb-element-da7b18cd  grid-container\">\n<h2 class=\"gb-text gb-text-916a8e9f\">En cours <em><mark style=\"background-color:rgba(0, 0, 0, 0)\" class=\"has-inline-color has-pt-dark-green-color\">Soutien \u00e0 la pratique<\/mark><\/em><\/h2>\n\n\n\n<div class=\"gb-element-b05ca458\" id=\"online-study\">\n<img loading=\"lazy\" decoding=\"async\" width=\"1296\" height=\"1416\" class=\"gb-media-48d61828\" src=\"https:\/\/ptifa.com\/wp-content\/uploads\/2025\/04\/step-3.webp\" title=\"\u00e9tape-3\" srcset=\"https:\/\/ptifa.com\/wp-content\/uploads\/2025\/04\/step-3.webp 1296w, https:\/\/ptifa.com\/wp-content\/uploads\/2025\/04\/step-3-275x300.webp 275w, https:\/\/ptifa.com\/wp-content\/uploads\/2025\/04\/step-3-937x1024.webp 937w, https:\/\/ptifa.com\/wp-content\/uploads\/2025\/04\/step-3-768x839.webp 768w, https:\/\/ptifa.com\/wp-content\/uploads\/2025\/04\/step-3-600x656.webp 600w\" sizes=\"auto, (max-width: 1296px) 100vw, 1296px\" \/>\n\n\n\n<div class=\"gb-element-3102305d\">\n<h3 class=\"gb-text gb-text-543d74b4\">Club d'\u00e9tude en ligne<\/h3>\n\n\n\n<p class=\"gb-text gb-text-0f7e1770 small-text\"><strong>$998 <\/strong>CAD \/ Annuel <\/p>\n\n\n\n<p><br>Votre ressource d\u00e9di\u00e9e pour faire de Botox\u00ae et des injectables un succ\u00e8s dans votre propre cabinet.<\/p>\n\n\n\n<p class=\"gb-text gb-text-c977eec3 small-text\"><img loading=\"lazy\" decoding=\"async\" width=\"16\" height=\"12\" class=\"wp-image-1125\" style=\"width: 16px;\" src=\"https:\/\/ptifa.com\/wp-content\/uploads\/2025\/03\/bulletp.svg\" alt=\"\"> Poursuite du mentorat et de l'assistance du Dr. Roberts<\/p>\n\n\n\n<p class=\"gb-text gb-text-852a8168 small-text\"><img loading=\"lazy\" decoding=\"async\" width=\"16\" height=\"12\" class=\"wp-image-1125\" style=\"width: 16px;\" src=\"https:\/\/ptifa.com\/wp-content\/uploads\/2025\/03\/bulletp.svg\" alt=\"\"> Acc\u00e8s permanent au cours et vid\u00e9os suppl\u00e9mentaires (40+ CE\/CME)<\/p>\n\n\n\n<p class=\"gb-text gb-text-70e3e38c small-text\"><img loading=\"lazy\" decoding=\"async\" width=\"16\" height=\"12\" class=\"wp-image-1125\" style=\"width: 16px;\" src=\"https:\/\/ptifa.com\/wp-content\/uploads\/2025\/03\/bulletp.svg\" alt=\"\"> Service de conciergerie pour l'int\u00e9gration des pratiques avec votre \u00e9quipe<\/p>\n\n\n\n<p class=\"gb-text gb-text-a909c161 small-text\"><img loading=\"lazy\" decoding=\"async\" width=\"16\" height=\"12\" class=\"wp-image-1125\" style=\"width: 16px;\" src=\"https:\/\/ptifa.com\/wp-content\/uploads\/2025\/03\/bulletp.svg\" alt=\"\"> Acc\u00e8s \u00e0 des produits exclusifs r\u00e9serv\u00e9s aux membres<\/p>\n\n\n\n<a class=\"gb-text gb-text-f29849b0 wf-button-regular-dark\" href=\"https:\/\/ptifa.com\/fr\/p\/products\/online-study-club\/\">Voir les d\u00e9tails<\/a>\n<\/div>\n<\/div>\n\n\n\n<h2 class=\"gb-text gb-text-0442c047\" id=\"facetec-software\">G\u00e9rer, commercialiser et <em><mark style=\"background-color:rgba(0, 0, 0, 0)\" class=\"has-inline-color has-pt-dark-green-color\">Cro\u00eetre<\/mark><\/em> Votre cabinet d'esth\u00e9tique<\/h2>\n\n\n\n<div class=\"gb-element-0e925fcf\">\n<img loading=\"lazy\" decoding=\"async\" width=\"1296\" height=\"1416\" class=\"gb-media-bae09b13\" src=\"https:\/\/ptifa.com\/wp-content\/uploads\/2025\/04\/facetec-.webp\" title=\"Logo Facetec\" alt=\"Facetec\" srcset=\"https:\/\/ptifa.com\/wp-content\/uploads\/2025\/04\/facetec-.webp 1296w, https:\/\/ptifa.com\/wp-content\/uploads\/2025\/04\/facetec--275x300.webp 275w, https:\/\/ptifa.com\/wp-content\/uploads\/2025\/04\/facetec--937x1024.webp 937w, https:\/\/ptifa.com\/wp-content\/uploads\/2025\/04\/facetec--768x839.webp 768w, https:\/\/ptifa.com\/wp-content\/uploads\/2025\/04\/facetec--600x656.webp 600w\" sizes=\"auto, (max-width: 1296px) 100vw, 1296px\" \/>\n\n\n\n<div class=\"gb-element-d02cc308\">\n<h3 class=\"gb-text gb-text-606580e8\">Facetec <\/h3>\n\n\n\n<p class=\"gb-text gb-text-96381e04 small-text\"><strong>$2,030 <\/strong>CAD \/ Annuellement - <strong>$199 <\/strong>CAD \/ Mensuel<\/p>\n\n\n\n<p class=\"gb-text gb-text-d9057961 small-text\">Une plateforme de gestion de photos bas\u00e9e sur le cloud et conforme aux normes HIPAA\/PIPEDA qui vous permet de stocker en toute s\u00e9curit\u00e9 les images des patients, de comparer les r\u00e9sultats et de cr\u00e9er des galeries professionnelles avant et apr\u00e8s, le tout en un seul endroit.<\/p>\n\n\n\n<p class=\"gb-text gb-text-cd241d20 small-text\"><img loading=\"lazy\" decoding=\"async\" width=\"16\" height=\"12\" class=\"wp-image-1125\" style=\"width: 16px;\" src=\"https:\/\/ptifa.com\/wp-content\/uploads\/2025\/03\/bulletp.svg\" alt=\"\"> Stocker sans effort de grandes s\u00e9ries de photos pr\u00e9 et post-op\u00e9ratoires<\/p>\n\n\n\n<p class=\"gb-text gb-text-eb983904 small-text\"><img loading=\"lazy\" decoding=\"async\" width=\"16\" height=\"12\" class=\"wp-image-1125\" style=\"width: 16px;\" src=\"https:\/\/ptifa.com\/wp-content\/uploads\/2025\/03\/bulletp.svg\" alt=\"\"> Comparer facilement les r\u00e9sultats avant et apr\u00e8s<\/p>\n\n\n\n<p class=\"gb-text gb-text-95f22df0 small-text\"><img loading=\"lazy\" decoding=\"async\" width=\"16\" height=\"12\" class=\"wp-image-1125\" style=\"width: 16px;\" src=\"https:\/\/ptifa.com\/wp-content\/uploads\/2025\/03\/bulletp.svg\" alt=\"\"> Constituez des portefeuilles \u00e9tonnants de vos meilleurs dossiers<\/p>\n\n\n\n<a class=\"gb-text gb-text-cc850d97 wf-button-regular-dark\" href=\"https:\/\/ptifa.com\/fr\/p\/products\/facetec-software\/\">Voir les d\u00e9tails<\/a>\n<\/div>\n<\/div>\n\n\n\n<div class=\"gb-element-04458d9e\">\n<img loading=\"lazy\" decoding=\"async\" width=\"482\" height=\"443\" class=\"gb-media-3566d06e\" title=\"avant-apr\u00e8s-album\" src=\"https:\/\/ptifa.com\/wp-content\/uploads\/2025\/03\/album.webp\" srcset=\"https:\/\/ptifa.com\/wp-content\/uploads\/2025\/03\/album.webp 482w, https:\/\/ptifa.com\/wp-content\/uploads\/2025\/03\/album-300x276.webp 300w\" sizes=\"auto, (max-width: 482px) 100vw, 482px\" \/>\n\n\n\n<div class=\"gb-element-d586541c\">\n<h3 class=\"gb-text gb-text-9653dd48\">Album avant et apr\u00e8s<\/h3>\n\n\n\n<p class=\"gb-text gb-text-cfdbe5b2 small-text\"><strong>$299<\/strong> CAD<\/p>\n\n\n\n<p class=\"gb-text gb-text-f19c5c4a small-text\">Un moyen efficace d'engager la conversation avec les patients dans votre salle d'attente, en pr\u00e9sentant des r\u00e9sultats transformateurs et en constituant votre propre portfolio avant et apr\u00e8s.<\/p>\n\n\n\n<a class=\"gb-text gb-text-89cfe768 wf-button-regular-dark\" href=\"https:\/\/ptifa.com\/fr\/p\/products\/before-after-album-educate-inspire-patients\/\">Voir les d\u00e9tails<\/a>\n<\/div>\n<\/div>\n\n\n\n<h2 class=\"gb-text gb-text-15cb1963\" id=\"before-and-after-album\">Ma\u00eetriser et maximiser <em><mark style=\"background-color:rgba(0, 0, 0, 0)\" class=\"has-inline-color has-pt-dark-green-color\">Photographie clinique<\/mark><\/em><\/h2>\n\n\n\n<div class=\"gb-element-188d17b3\" id=\"photography-syllabus\">\n<img loading=\"lazy\" decoding=\"async\" width=\"1280\" height=\"1611\" class=\"gb-media-2ab8e36e\" src=\"https:\/\/ptifa.com\/wp-content\/uploads\/2025\/03\/b43da5d-834b-dc0b-06bb-4f86e70f0a53_Botox_photographs.jpg\" title=\"b43da5d-834b-dc0b-06bb-4f86e70f0a53_Botox_photographs\" srcset=\"https:\/\/ptifa.com\/wp-content\/uploads\/2025\/03\/b43da5d-834b-dc0b-06bb-4f86e70f0a53_Botox_photographs.jpg 1280w, https:\/\/ptifa.com\/wp-content\/uploads\/2025\/03\/b43da5d-834b-dc0b-06bb-4f86e70f0a53_Botox_photographs-238x300.jpg 238w, https:\/\/ptifa.com\/wp-content\/uploads\/2025\/03\/b43da5d-834b-dc0b-06bb-4f86e70f0a53_Botox_photographs-814x1024.jpg 814w, https:\/\/ptifa.com\/wp-content\/uploads\/2025\/03\/b43da5d-834b-dc0b-06bb-4f86e70f0a53_Botox_photographs-768x967.jpg 768w, https:\/\/ptifa.com\/wp-content\/uploads\/2025\/03\/b43da5d-834b-dc0b-06bb-4f86e70f0a53_Botox_photographs-1220x1536.jpg 1220w, https:\/\/ptifa.com\/wp-content\/uploads\/2025\/03\/b43da5d-834b-dc0b-06bb-4f86e70f0a53_Botox_photographs-600x755.jpg 600w\" sizes=\"auto, (max-width: 1280px) 100vw, 1280px\" \/>\n\n\n\n<div class=\"gb-element-48a839d0\">\n<h3 class=\"gb-text gb-text-9e1bed8c\">S\u00e9rie photographique de rajeunissement facial de Roberts (Manuel)<\/h3>\n\n\n\n<p class=\"gb-text gb-text-93eac23e small-text\"><strong>$129<\/strong> CAD<\/p>\n\n\n\n<p class=\"gb-text gb-text-ab88e451 small-text\"><br>Comprend les 29 photos et descriptions de la s\u00e9rie Roberts Facial Rejuvenation Photography, fournissant un guide clair et pratique pour des photographies de patients coh\u00e9rentes et de haute qualit\u00e9.<\/p>\n\n\n\n<a class=\"gb-text gb-text-c2d04e13 wf-button-regular-dark\" href=\"https:\/\/ptifa.com\/fr\/p\/products\/clinical-photography-syllabus-enhance-your-documentation-case-acceptance\/\">Voir les d\u00e9tails<\/a>\n<\/div>\n<\/div>\n<\/div>\n<\/div>\n<\/div>\n\n\n\n<p><\/p>","protected":false},"excerpt":{"rendered":"<p>Product Overview Faculty-developed products designed to support our graduates in confidently integrating injectables into clinical practice. From on-going concierge case support to before-and-after albums, each product has been created to enhance patient care and support long-term success. Products &amp; Resources Online Study Club Facetec Before &amp; After Album Photography Syllabus On-going Practice Support Online Study &#8230; <a title=\"\u202fPostgrade\u202f\" class=\"read-more\" href=\"https:\/\/ptifa.com\/fr\/products-2\/\" aria-label=\"Read more about Post Graduate\">En savoir plus<\/a><\/p>","protected":false},"author":3,"featured_media":0,"parent":0,"menu_order":0,"comment_status":"closed","ping_status":"closed","template":"","meta":{"_acf_changed":false,"inline_featured_image":false,"footnotes":""},"class_list":["post-1109","page","type-page","status-publish"],"acf":[],"yoast_head":"<!-- This site is optimized with the Yoast SEO plugin v27.3 - https:\/\/yoast.com\/product\/yoast-seo-wordpress\/ -->\n<title>Botox Training Post-Graduates: Practice Integration Resources<\/title>\n<meta name=\"description\" content=\"Products developed by our faculty to facilitate successful practice integration. Ongoing support, concierge service, and more; we\u2019re here to support you.\" \/>\n<meta name=\"robots\" content=\"index, follow, max-snippet:-1, max-image-preview:large, max-video-preview:-1\" \/>\n<link rel=\"canonical\" href=\"https:\/\/ptifa.com\/fr\/produits-2\/\" \/>\n<meta property=\"og:locale\" content=\"fr_CA\" \/>\n<meta property=\"og:type\" content=\"article\" \/>\n<meta property=\"og:title\" content=\"Botox Training Post-Graduates: Practice Integration Resources\" \/>\n<meta property=\"og:description\" content=\"Products developed by our faculty to facilitate successful practice integration. Ongoing support, concierge service, and more; we\u2019re here to support you.\" \/>\n<meta property=\"og:url\" content=\"https:\/\/ptifa.com\/fr\/produits-2\/\" \/>\n<meta property=\"og:site_name\" content=\"Pacific Training Institute for Facial Aesthetics &amp; Therapeutics\" \/>\n<meta property=\"article:modified_time\" content=\"2026-01-23T19:58:07+00:00\" \/>\n<meta property=\"og:image\" content=\"https:\/\/ptifa.com\/wp-content\/uploads\/2025\/03\/initial-outlay.webp\" \/>\n<meta name=\"twitter:card\" content=\"summary_large_image\" \/>\n<meta name=\"twitter:label1\" content=\"Estimation du temps de lecture\" \/>\n\t<meta name=\"twitter:data1\" content=\"6 minutes\" \/>\n<script type=\"application\/ld+json\" class=\"yoast-schema-graph\">{\"@context\":\"https:\\\/\\\/schema.org\",\"@graph\":[{\"@type\":\"WebPage\",\"@id\":\"https:\\\/\\\/ptifa.com\\\/products-2\\\/\",\"url\":\"https:\\\/\\\/ptifa.com\\\/products-2\\\/\",\"name\":\"Botox Training Post-Graduates: Practice Integration Resources\",\"isPartOf\":{\"@id\":\"https:\\\/\\\/ptifa.com\\\/fr\\\/#website\"},\"primaryImageOfPage\":{\"@id\":\"https:\\\/\\\/ptifa.com\\\/products-2\\\/#primaryimage\"},\"image\":{\"@id\":\"https:\\\/\\\/ptifa.com\\\/products-2\\\/#primaryimage\"},\"thumbnailUrl\":\"https:\\\/\\\/ptifa.com\\\/wp-content\\\/uploads\\\/2025\\\/03\\\/initial-outlay.webp\",\"datePublished\":\"2025-03-05T16:53:55+00:00\",\"dateModified\":\"2026-01-23T19:58:07+00:00\",\"description\":\"Products developed by our faculty to facilitate successful practice integration. Ongoing support, concierge service, and more; we\u2019re here to support you.\",\"breadcrumb\":{\"@id\":\"https:\\\/\\\/ptifa.com\\\/products-2\\\/#breadcrumb\"},\"inLanguage\":\"fr-CA\",\"potentialAction\":[{\"@type\":\"ReadAction\",\"target\":[\"https:\\\/\\\/ptifa.com\\\/products-2\\\/\"]}]},{\"@type\":\"ImageObject\",\"inLanguage\":\"fr-CA\",\"@id\":\"https:\\\/\\\/ptifa.com\\\/products-2\\\/#primaryimage\",\"url\":\"https:\\\/\\\/ptifa.com\\\/wp-content\\\/uploads\\\/2025\\\/03\\\/initial-outlay.webp\",\"contentUrl\":\"https:\\\/\\\/ptifa.com\\\/wp-content\\\/uploads\\\/2025\\\/03\\\/initial-outlay.webp\"},{\"@type\":\"BreadcrumbList\",\"@id\":\"https:\\\/\\\/ptifa.com\\\/products-2\\\/#breadcrumb\",\"itemListElement\":[{\"@type\":\"ListItem\",\"position\":1,\"name\":\"Home\",\"item\":\"https:\\\/\\\/ptifa.com\\\/\"},{\"@type\":\"ListItem\",\"position\":2,\"name\":\"Post Graduate\"}]},{\"@type\":\"WebSite\",\"@id\":\"https:\\\/\\\/ptifa.com\\\/fr\\\/#website\",\"url\":\"https:\\\/\\\/ptifa.com\\\/fr\\\/\",\"name\":\"Pacific Training Institute for Facial Aesthetics &amp; Therapeutics\",\"description\":\"\",\"publisher\":{\"@id\":\"https:\\\/\\\/ptifa.com\\\/fr\\\/#organization\"},\"alternateName\":\"PTIFAT\",\"potentialAction\":[{\"@type\":\"SearchAction\",\"target\":{\"@type\":\"EntryPoint\",\"urlTemplate\":\"https:\\\/\\\/ptifa.com\\\/fr\\\/?s={search_term_string}\"},\"query-input\":{\"@type\":\"PropertyValueSpecification\",\"valueRequired\":true,\"valueName\":\"search_term_string\"}}],\"inLanguage\":\"fr-CA\"},{\"@type\":\"Organization\",\"@id\":\"https:\\\/\\\/ptifa.com\\\/fr\\\/#organization\",\"name\":\"Pacific Training Institute for Facial Aesthetics & Therapeutics\",\"alternateName\":\"PTIFAT\",\"url\":\"https:\\\/\\\/ptifa.com\\\/fr\\\/\",\"logo\":{\"@type\":\"ImageObject\",\"inLanguage\":\"fr-CA\",\"@id\":\"https:\\\/\\\/ptifa.com\\\/fr\\\/#\\\/schema\\\/logo\\\/image\\\/\",\"url\":\"https:\\\/\\\/ptifa.com\\\/wp-content\\\/uploads\\\/2025\\\/02\\\/ptifa-logo.svg\",\"contentUrl\":\"https:\\\/\\\/ptifa.com\\\/wp-content\\\/uploads\\\/2025\\\/02\\\/ptifa-logo.svg\",\"width\":310,\"height\":42,\"caption\":\"Pacific Training Institute for Facial Aesthetics & Therapeutics\"},\"image\":{\"@id\":\"https:\\\/\\\/ptifa.com\\\/fr\\\/#\\\/schema\\\/logo\\\/image\\\/\"}}]}<\/script>\n<!-- \/ Yoast SEO plugin. -->","yoast_head_json":{"title":"Formation au Botox pour les post-dipl\u00f4m\u00e9s : Ressources pour l'int\u00e9gration dans la pratique","description":"Des produits d\u00e9velopp\u00e9s par notre facult\u00e9 pour faciliter l'int\u00e9gration r\u00e9ussie de la pratique. Soutien continu, service de conciergerie, et plus encore ; nous sommes l\u00e0 pour vous aider.","robots":{"index":"index","follow":"follow","max-snippet":"max-snippet:-1","max-image-preview":"max-image-preview:large","max-video-preview":"max-video-preview:-1"},"canonical":"https:\/\/ptifa.com\/fr\/produits-2\/","og_locale":"fr_CA","og_type":"article","og_title":"Botox Training Post-Graduates: Practice Integration Resources","og_description":"Products developed by our faculty to facilitate successful practice integration. Ongoing support, concierge service, and more; we\u2019re here to support you.","og_url":"https:\/\/ptifa.com\/fr\/produits-2\/","og_site_name":"Pacific Training Institute for Facial Aesthetics &amp; Therapeutics","article_modified_time":"2026-01-23T19:58:07+00:00","og_image":[{"url":"https:\/\/ptifa.com\/wp-content\/uploads\/2025\/03\/initial-outlay.webp","type":"","width":"","height":""}],"twitter_card":"summary_large_image","twitter_misc":{"Estimation du temps de lecture":"6 minutes"},"schema":{"@context":"https:\/\/schema.org","@graph":[{"@type":"WebPage","@id":"https:\/\/ptifa.com\/products-2\/","url":"https:\/\/ptifa.com\/products-2\/","name":"Formation au Botox pour les post-dipl\u00f4m\u00e9s : Ressources pour l'int\u00e9gration dans la pratique","isPartOf":{"@id":"https:\/\/ptifa.com\/fr\/#website"},"primaryImageOfPage":{"@id":"https:\/\/ptifa.com\/products-2\/#primaryimage"},"image":{"@id":"https:\/\/ptifa.com\/products-2\/#primaryimage"},"thumbnailUrl":"https:\/\/ptifa.com\/wp-content\/uploads\/2025\/03\/initial-outlay.webp","datePublished":"2025-03-05T16:53:55+00:00","dateModified":"2026-01-23T19:58:07+00:00","description":"Des produits d\u00e9velopp\u00e9s par notre facult\u00e9 pour faciliter l'int\u00e9gration r\u00e9ussie de la pratique. Soutien continu, service de conciergerie, et plus encore ; nous sommes l\u00e0 pour vous aider.","breadcrumb":{"@id":"https:\/\/ptifa.com\/products-2\/#breadcrumb"},"inLanguage":"fr-CA","potentialAction":[{"@type":"ReadAction","target":["https:\/\/ptifa.com\/products-2\/"]}]},{"@type":"ImageObject","inLanguage":"fr-CA","@id":"https:\/\/ptifa.com\/products-2\/#primaryimage","url":"https:\/\/ptifa.com\/wp-content\/uploads\/2025\/03\/initial-outlay.webp","contentUrl":"https:\/\/ptifa.com\/wp-content\/uploads\/2025\/03\/initial-outlay.webp"},{"@type":"BreadcrumbList","@id":"https:\/\/ptifa.com\/products-2\/#breadcrumb","itemListElement":[{"@type":"ListItem","position":1,"name":"Home","item":"https:\/\/ptifa.com\/"},{"@type":"ListItem","position":2,"name":"Post Graduate"}]},{"@type":"WebSite","@id":"https:\/\/ptifa.com\/fr\/#website","url":"https:\/\/ptifa.com\/fr\/","name":"Institut de formation du Pacifique pour l'esth\u00e9tique faciale et la th\u00e9rapeutique","description":"","publisher":{"@id":"https:\/\/ptifa.com\/fr\/#organization"},"alternateName":"PTIFAT","potentialAction":[{"@type":"SearchAction","target":{"@type":"EntryPoint","urlTemplate":"https:\/\/ptifa.com\/fr\/?s={search_term_string}"},"query-input":{"@type":"PropertyValueSpecification","valueRequired":true,"valueName":"search_term_string"}}],"inLanguage":"fr-CA"},{"@type":"Organization","@id":"https:\/\/ptifa.com\/fr\/#organization","name":"Institut de formation du Pacifique pour l'esth\u00e9tique faciale et la th\u00e9rapeutique","alternateName":"PTIFAT","url":"https:\/\/ptifa.com\/fr\/","logo":{"@type":"ImageObject","inLanguage":"fr-CA","@id":"https:\/\/ptifa.com\/fr\/#\/schema\/logo\/image\/","url":"https:\/\/ptifa.com\/wp-content\/uploads\/2025\/02\/ptifa-logo.svg","contentUrl":"https:\/\/ptifa.com\/wp-content\/uploads\/2025\/02\/ptifa-logo.svg","width":310,"height":42,"caption":"Pacific Training Institute for Facial Aesthetics & Therapeutics"},"image":{"@id":"https:\/\/ptifa.com\/fr\/#\/schema\/logo\/image\/"}}]}},"_links":{"self":[{"href":"https:\/\/ptifa.com\/fr\/wp-json\/wp\/v2\/pages\/1109","targetHints":{"allow":["GET"]}}],"collection":[{"href":"https:\/\/ptifa.com\/fr\/wp-json\/wp\/v2\/pages"}],"about":[{"href":"https:\/\/ptifa.com\/fr\/wp-json\/wp\/v2\/types\/page"}],"author":[{"embeddable":true,"href":"https:\/\/ptifa.com\/fr\/wp-json\/wp\/v2\/users\/3"}],"replies":[{"embeddable":true,"href":"https:\/\/ptifa.com\/fr\/wp-json\/wp\/v2\/comments?post=1109"}],"version-history":[{"count":67,"href":"https:\/\/ptifa.com\/fr\/wp-json\/wp\/v2\/pages\/1109\/revisions"}],"predecessor-version":[{"id":6211,"href":"https:\/\/ptifa.com\/fr\/wp-json\/wp\/v2\/pages\/1109\/revisions\/6211"}],"wp:attachment":[{"href":"https:\/\/ptifa.com\/fr\/wp-json\/wp\/v2\/media?parent=1109"}],"curies":[{"name":"wp","href":"https:\/\/api.w.org\/{rel}","templated":true}]}}