{"id":1508,"date":"2025-03-10T17:25:59","date_gmt":"2025-03-10T17:25:59","guid":{"rendered":"https:\/\/ptifa.com\/?page_id=1508"},"modified":"2025-09-15T19:47:38","modified_gmt":"2025-09-15T19:47:38","slug":"articles-de-recherche","status":"publish","type":"page","link":"https:\/\/ptifa.com\/fr\/research-articles\/","title":{"rendered":"Recherche et articles"},"content":{"rendered":"<div class=\"gb-element-2e3df423\">\n<div class=\"gb-element-50e136ab  grid-container\">\n<div class=\"gb-element-58fcb580 breadcrumb-row\"><span><span><a href=\"https:\/\/ptifa.com\/fr\/\">Accueil<\/a><\/span><\/span>\n<\/div>\n\n\n\n<div class=\"gb-element-fb322c90\">\n<div class=\"gb-element-4363ee0f breadcrumb-row\">\n<h1 class=\"gb-text gb-text-82a603a2\">Recherche et articles<\/h1>\n\n\n\n<p class=\"gb-text gb-text-66ea7cab\">Des id\u00e9es, des nouvelles et des conseils de la facult\u00e9 du PTIFAT.<\/p>\n<\/div>\n\n\n\n<div class=\"gb-element-93df6583\">\n<img loading=\"lazy\" decoding=\"async\" width=\"489\" height=\"363\" class=\"gb-media-c80d777b\" src=\"https:\/\/ptifa.com\/wp-content\/uploads\/2025\/03\/research-and-articles-hero.webp\" title=\"Reconstituant-Botox\" srcset=\"https:\/\/ptifa.com\/wp-content\/uploads\/2025\/03\/research-and-articles-hero.webp 489w, https:\/\/ptifa.com\/wp-content\/uploads\/2025\/03\/research-and-articles-hero-300x223.webp 300w\" sizes=\"auto, (max-width: 489px) 100vw, 489px\" \/>\n\n\n\n<img loading=\"lazy\" decoding=\"async\" width=\"44\" height=\"94\" class=\"gb-media-b8f625a0\" src=\"https:\/\/ptifa.com\/wp-content\/uploads\/2025\/02\/section-icon.svg\" title=\"ic\u00f4ne de section\"\/>\n<\/div>\n<\/div>\n<\/div>\n<\/div>\n\n\n\n<div class=\"gb-element-f904e308\">\n<div class=\"gb-element-a7727332  grid-container\">\n<div class=\"gb-element-969e6d66\">\n<div class=\"gb-element-3059635e\">\n<h2 class=\"gb-text gb-text-294bf37a\">Recherches et articles r\u00e9cents<\/h2>\n\n\n\n<div>\n<div class=\"gb-query-a3d62a07\"><div class=\"gb-looper-4daee2e6\">\n<div class=\"gb-loop-item gb-loop-item-967ca5b0 post-1969 research-and-article type-research-and-article status-publish has-post-thumbnail hentry\">\n<div class=\"gb-element-6f3944b9\">\n\n\n<div class=\"gb-element-0b190d38\">\n\n\n\n\n<p class=\"gb-text gb-text-3c898257 small-text\">Rajeunissement du visage dans le cadre de la conception du sourire\n\n<\/p>\n\n\n<\/div>\n<\/div>\n<\/div>\n\n<div class=\"gb-loop-item gb-loop-item-967ca5b0 post-1976 research-and-article type-research-and-article status-publish has-post-thumbnail hentry\">\n<div class=\"gb-element-6f3944b9\">\n\n\n<div class=\"gb-element-0b190d38\">\n\n\n\n\n<p class=\"gb-text gb-text-3c898257 small-text\">Roberts Dental propose des services \u00e9largis<\/p>\n\n\n<\/div>\n<\/div>\n<\/div>\n\n<div class=\"gb-loop-item gb-loop-item-967ca5b0 post-1979 research-and-article type-research-and-article status-publish has-post-thumbnail hentry\">\n<div class=\"gb-element-6f3944b9\">\n\n\n<div class=\"gb-element-0b190d38\">\n\n\n\n\n<p class=\"gb-text gb-text-3c898257 small-text\">Utilisation th\u00e9rapeutique de la toxine botulique pour le traitement des maladies parodontales<\/p>\n\n\n<\/div>\n<\/div>\n<\/div>\n\n<div class=\"gb-loop-item gb-loop-item-967ca5b0 post-1982 research-and-article type-research-and-article status-publish has-post-thumbnail hentry\">\n<div class=\"gb-element-6f3944b9\">\n\n\n<div class=\"gb-element-0b190d38\">\n\n\n\n\n<p class=\"gb-text gb-text-3c898257 small-text\">Botox avec implants<\/p>\n\n\n<\/div>\n<\/div>\n<\/div>\n\n<div class=\"gb-loop-item gb-loop-item-967ca5b0 post-1990 research-and-article type-research-and-article status-publish has-post-thumbnail hentry\">\n<div class=\"gb-element-6f3944b9\">\n\n\n<div class=\"gb-element-0b190d38\">\n\n\n\n\n<p class=\"gb-text gb-text-3c898257 small-text\">Aucune norme de formation pour les injections de Botox\n\n<\/p>\n\n\n<\/div>\n<\/div>\n<\/div>\n\n<div class=\"gb-loop-item gb-loop-item-967ca5b0 post-1991 research-and-article type-research-and-article status-publish has-post-thumbnail hentry\">\n<div class=\"gb-element-6f3944b9\">\n\n\n<div class=\"gb-element-0b190d38\">\n\n\n\n\n<p class=\"gb-text gb-text-3c898257 small-text\">Focus sur : Esth\u00e9tique faciale<\/p>\n\n\n<\/div>\n<\/div>\n<\/div>\n\n<div class=\"gb-loop-item gb-loop-item-967ca5b0 post-1972 research-and-article type-research-and-article status-publish has-post-thumbnail hentry\">\n<div class=\"gb-element-6f3944b9\">\n\n\n<div class=\"gb-element-0b190d38\">\n\n\n\n\n<p class=\"gb-text gb-text-3c898257 small-text\">Am\u00e9liorer la sym\u00e9trie des l\u00e8vres<\/p>\n\n\n<\/div>\n<\/div>\n<\/div>\n\n<div class=\"gb-loop-item gb-loop-item-967ca5b0 post-2808 research-and-article type-research-and-article status-publish has-post-thumbnail hentry\">\n<div class=\"gb-element-6f3944b9\">\n\n\n<div class=\"gb-element-0b190d38\">\n\n\n\n\n<p class=\"gb-text gb-text-3c898257 small-text\">Botox et photographie<\/p>\n\n\n<\/div>\n<\/div>\n<\/div>\n\n<div class=\"gb-loop-item gb-loop-item-967ca5b0 post-2815 research-and-article type-research-and-article status-publish has-post-thumbnail hentry\">\n<div class=\"gb-element-6f3944b9\">\n\n\n<div class=\"gb-element-0b190d38\">\n\n\n\n\n<p class=\"gb-text gb-text-3c898257 small-text\">S'ouvrir au BOTOX<\/p>\n\n\n<\/div>\n<\/div>\n<\/div>\n\n<div class=\"gb-loop-item gb-loop-item-967ca5b0 post-2822 research-and-article type-research-and-article status-publish has-post-thumbnail hentry\">\n<div class=\"gb-element-6f3944b9\">\n\n\n<div class=\"gb-element-0b190d38\">\n\n\n\n\n<p class=\"gb-text gb-text-3c898257 small-text\">Int\u00e9grer le rajeunissement du visage dans le cabinet dentaire<\/p>\n\n\n<\/div>\n<\/div>\n<\/div>\n\n<div class=\"gb-loop-item gb-loop-item-967ca5b0 post-2812 research-and-article type-research-and-article status-publish has-post-thumbnail hentry\">\n<div class=\"gb-element-6f3944b9\">\n\n\n<div class=\"gb-element-0b190d38\">\n\n\n\n\n<p class=\"gb-text gb-text-3c898257 small-text\">Int\u00e9grer le rajeunissement du visage dans le cabinet dentaire<\/p>\n\n\n<\/div>\n<\/div>\n<\/div>\n\n<div class=\"gb-loop-item gb-loop-item-967ca5b0 post-2819 research-and-article type-research-and-article status-publish has-post-thumbnail hentry\">\n<div class=\"gb-element-6f3944b9\">\n\n\n<div class=\"gb-element-0b190d38\">\n\n\n\n\n<p class=\"gb-text gb-text-3c898257 small-text\">Peak Performer<\/p>\n\n\n<\/div>\n<\/div>\n<\/div>\n\n<div class=\"gb-loop-item gb-loop-item-967ca5b0 post-2928 research-and-article type-research-and-article status-publish has-post-thumbnail hentry\">\n<div class=\"gb-element-6f3944b9\">\n\n\n<div class=\"gb-element-0b190d38\">\n\n\n\n\n<p class=\"gb-text gb-text-3c898257 small-text\">Incorporation des proc\u00e9dures de rajeunissement du visage dans le cabinet dentaire<\/p>\n\n\n<\/div>\n<\/div>\n<\/div>\n\n<div class=\"gb-loop-item gb-loop-item-967ca5b0 post-2932 research-and-article type-research-and-article status-publish has-post-thumbnail hentry\">\n<div class=\"gb-element-6f3944b9\">\n\n\n<div class=\"gb-element-0b190d38\">\n\n\n\n\n<p class=\"gb-text gb-text-3c898257 small-text\">Les 100 meilleurs leaders de l'industrie de l'\u00e9nergie de 2019<\/p>\n\n\n<\/div>\n<\/div>\n<\/div>\n\n<div class=\"gb-loop-item gb-loop-item-967ca5b0 post-2940 research-and-article type-research-and-article status-publish has-post-thumbnail hentry\">\n<div class=\"gb-element-6f3944b9\">\n\n\n<div class=\"gb-element-0b190d38\">\n\n\n\n\n<p class=\"gb-text gb-text-3c898257 small-text\">Botox\u00ae et photographie<\/p>\n\n\n<\/div>\n<\/div>\n<\/div>\n\n<div class=\"gb-loop-item gb-loop-item-967ca5b0 post-2935 research-and-article type-research-and-article status-publish has-post-thumbnail hentry\">\n<div class=\"gb-element-6f3944b9\">\n\n\n<div class=\"gb-element-0b190d38\">\n\n\n\n\n<p class=\"gb-text gb-text-3c898257 small-text\">Brossage, fil dentaire et Botox<\/p>\n\n\n<\/div>\n<\/div>\n<\/div>\n\n<div class=\"gb-loop-item gb-loop-item-967ca5b0 post-2937 research-and-article type-research-and-article status-publish has-post-thumbnail hentry\">\n<div class=\"gb-element-6f3944b9\">\n\n\n<div class=\"gb-element-0b190d38\">\n\n\n\n\n<p class=\"gb-text gb-text-3c898257 small-text\">Brossage, fil dentaire et Botox<\/p>\n\n\n<\/div>\n<\/div>\n<\/div>\n\n<div class=\"gb-loop-item gb-loop-item-967ca5b0 post-2943 research-and-article type-research-and-article status-publish has-post-thumbnail hentry\">\n<div class=\"gb-element-6f3944b9\">\n\n\n<div class=\"gb-element-0b190d38\">\n\n\n\n\n<p class=\"gb-text gb-text-3c898257 small-text\">Le Botox\u00ae a-t-il sa place en dentisterie ?<\/p>\n\n\n<\/div>\n<\/div>\n<\/div>\n\n<div class=\"gb-loop-item gb-loop-item-967ca5b0 post-2946 research-and-article type-research-and-article status-publish has-post-thumbnail hentry\">\n<div class=\"gb-element-6f3944b9\">\n\n\n<div class=\"gb-element-0b190d38\">\n\n\n\n\n<p class=\"gb-text gb-text-3c898257 small-text\">Int\u00e9grer le rajeunissement du visage dans le cabinet dentaire<\/p>\n\n\n<\/div>\n<\/div>\n<\/div>\n\n<div class=\"gb-loop-item gb-loop-item-967ca5b0 post-2951 research-and-article type-research-and-article status-publish has-post-thumbnail hentry\">\n<div class=\"gb-element-6f3944b9\">\n\n\n<div class=\"gb-element-0b190d38\">\n\n\n\n\n<p class=\"gb-text gb-text-3c898257 small-text\">Esth\u00e9tique faciale dentaire : Botox 101<\/p>\n\n\n<\/div>\n<\/div>\n<\/div>\n\n<div class=\"gb-loop-item gb-loop-item-967ca5b0 post-2953 research-and-article type-research-and-article status-publish has-post-thumbnail hentry\">\n<div class=\"gb-element-6f3944b9\">\n\n\n<div class=\"gb-element-0b190d38\">\n\n\n\n\n<p class=\"gb-text gb-text-3c898257 small-text\">Le salon dentaire travaille sur l'ensemble du visage<\/p>\n\n\n<\/div>\n<\/div>\n<\/div>\n\n<div class=\"gb-loop-item gb-loop-item-967ca5b0 post-2570 research-and-article type-research-and-article status-publish has-post-thumbnail hentry\">\n<div class=\"gb-element-6f3944b9\">\n\n\n<div class=\"gb-element-0b190d38\">\n\n\n\n\n<p class=\"gb-text gb-text-3c898257 small-text\">Fa\u00e7onnage esth\u00e9tique du cou\/effets secondaires positifs sur la gencive\n\n<\/p>\n\n\n<\/div>\n<\/div>\n<\/div>\n\n<div class=\"gb-loop-item gb-loop-item-967ca5b0 post-1967 research-and-article type-research-and-article status-publish has-post-thumbnail hentry\">\n<div class=\"gb-element-6f3944b9\">\n\n\n<div class=\"gb-element-0b190d38\">\n\n\n\n\n<p class=\"gb-text gb-text-3c898257 small-text\">Entretien avec Bill Blatchford de Blatchford Solutions<\/p>\n\n\n<\/div>\n<\/div>\n<\/div>\n\n<div class=\"gb-loop-item gb-loop-item-967ca5b0 post-1962 research-and-article type-research-and-article status-publish has-post-thumbnail hentry\">\n<div class=\"gb-element-6f3944b9\">\n\n\n<div class=\"gb-element-0b190d38\">\n\n\n\n\n<p class=\"gb-text gb-text-3c898257 small-text\">Le Dr Warren Roberts nous fait part de ses coups de c\u0153ur et de ses plaisirs.<\/p>\n\n\n<\/div>\n<\/div>\n<\/div>\n\n<div class=\"gb-loop-item gb-loop-item-967ca5b0 post-1960 research-and-article type-research-and-article status-publish has-post-thumbnail hentry\">\n<div class=\"gb-element-6f3944b9\">\n\n\n<div class=\"gb-element-0b190d38\">\n\n\n\n\n<p class=\"gb-text gb-text-3c898257 small-text\">Toxine botulique : pas seulement un joli visage<\/p>\n\n\n<\/div>\n<\/div>\n<\/div>\n\n<div class=\"gb-loop-item gb-loop-item-967ca5b0 post-1956 research-and-article type-research-and-article status-publish has-post-thumbnail hentry\">\n<div class=\"gb-element-6f3944b9\">\n\n\n<div class=\"gb-element-0b190d38\">\n\n\n\n\n<p class=\"gb-text gb-text-3c898257 small-text\">Dentistry Today - Leader en mati\u00e8re de formation continue\n<\/p>\n\n\n<\/div>\n<\/div>\n<\/div>\n\n<div class=\"gb-loop-item gb-loop-item-967ca5b0 post-1516 research-and-article type-research-and-article status-publish has-post-thumbnail hentry\">\n<div class=\"gb-element-6f3944b9\">\n\n\n<div class=\"gb-element-0b190d38\">\n\n\n\n\n<p class=\"gb-text gb-text-3c898257 small-text\">La synergie entre les utilisations cosm\u00e9tiques et th\u00e9rapeutiques de la toxine botulique<\/p>\n\n\n<\/div>\n<\/div>\n<\/div>\n\n<div class=\"gb-loop-item gb-loop-item-967ca5b0 post-1987 research-and-article type-research-and-article status-publish has-post-thumbnail hentry\">\n<div class=\"gb-element-6f3944b9\">\n\n\n<div class=\"gb-element-0b190d38\">\n\n\n\n\n<p class=\"gb-text gb-text-3c898257 small-text\">Traitement des rhytides d'expression du milieu du visage<\/p>\n\n\n<\/div>\n<\/div>\n<\/div>\n<\/div><\/div>\n<\/div>\n<\/div>\n<\/div>\n<\/div>\n<\/div>\n\n\n\n<div class=\"gb-element-5528964c\">\n<div class=\"gb-element-d55b60a2  grid-container\">\n<div class=\"gb-element-2d418269\">\n<div class=\"gb-element-cdee590b\">\n<img loading=\"lazy\" decoding=\"async\" width=\"625\" height=\"342\" class=\"gb-media-d8533ae6\" src=\"https:\/\/ptifa.com\/wp-content\/uploads\/2025\/03\/about-us.webp\" title=\"\u00e0 propos de nous\" srcset=\"https:\/\/ptifa.com\/wp-content\/uploads\/2025\/03\/about-us.webp 625w, https:\/\/ptifa.com\/wp-content\/uploads\/2025\/03\/about-us-300x164.webp 300w, https:\/\/ptifa.com\/wp-content\/uploads\/2025\/03\/about-us-600x328.webp 600w\" sizes=\"auto, (max-width: 625px) 100vw, 625px\" \/>\n<\/div>\n\n\n\n<div class=\"gb-element-7bf36cf0 breadcrumb-row\">\n<h2 class=\"gb-text gb-text-9d3cca13\">\u00c0 propos<\/h2>\n\n\n\n<p class=\"gb-text gb-text-f891effd\">Depuis 2008, le Pacific Training Institute for Facial Aesthetics &amp; Therapeutics enseigne les normes les plus \u00e9lev\u00e9es au monde en mati\u00e8re de soins aux patients pour les produits injectables et le rajeunissement du visage.<\/p>\n\n\n\n<a class=\"gb-text gb-text-715a507c wf-button-regular-dark\" href=\"https:\/\/ptifa.com\/fr\/about\/\">Plus d'informations sur PTIFAT<\/a>\n<\/div>\n<\/div>\n<\/div>\n<\/div>\n\n\n\n<div class=\"gb-element-f27e26c0\">\n<h6 class=\"gb-text gb-text-30f7b7c2\">Tel que vu dans<\/h6>\n\n\n\n<div class=\"gb-element-cd80dc9e\">\n<img loading=\"lazy\" decoding=\"async\" width=\"150\" height=\"46\" class=\"gb-media-88bbf6b2\" src=\"https:\/\/ptifa.com\/wp-content\/uploads\/2025\/03\/dentistry.svg\" title=\"image 29\"\/>\n\n\n\n<img decoding=\"async\" class=\"gb-media-a0f14fe2\" src=\"https:\/\/ptifa.com\/wp-content\/uploads\/2025\/03\/oral-health.svg\" title=\"image 30\"\/>\n\n\n\n<img loading=\"lazy\" decoding=\"async\" width=\"150\" height=\"46\" class=\"gb-media-ea70173d\" src=\"https:\/\/ptifa.com\/wp-content\/uploads\/2025\/03\/inside-dentistry.svg\" title=\"image 31\"\/>\n\n\n\n<img decoding=\"async\" class=\"gb-media-8c20e815\" src=\"https:\/\/ptifa.com\/wp-content\/uploads\/2025\/03\/macleans.svg\" title=\"Cadre\"\/>\n\n\n\n<img loading=\"lazy\" decoding=\"async\" width=\"150\" height=\"46\" class=\"gb-media-e5caacbd\" src=\"https:\/\/ptifa.com\/wp-content\/uploads\/2025\/03\/vancouver-sun.svg\" title=\"Cadre-1\"\/>\n\n\n\n<img loading=\"lazy\" decoding=\"async\" width=\"150\" height=\"46\" class=\"gb-media-2424953b\" src=\"https:\/\/ptifa.com\/wp-content\/uploads\/2025\/03\/jcd.svg\" title=\"CleanShot 2025-01-09 \u00e0 22.30.28@2x 1\"\/>\n<\/div>\n<\/div>\n\n\n\n<p><\/p>","protected":false},"excerpt":{"rendered":"<p>Research and Articles Insights, news and advice from the PTIFAT faculty. Recent Research &amp; Articles About Us Since 2008, the Pacific Training Institute for Facial Aesthetics &amp; Therapeutics has been teaching the highest standard of patient care for injectables and facial rejuvenation in the world. More About PTIFAT As Seen In<\/p>","protected":false},"author":3,"featured_media":0,"parent":0,"menu_order":0,"comment_status":"closed","ping_status":"closed","template":"","meta":{"_acf_changed":false,"inline_featured_image":false,"footnotes":""},"class_list":["post-1508","page","type-page","status-publish"],"acf":[],"yoast_head":"<!-- This site is optimized with the Yoast SEO plugin v27.3 - https:\/\/yoast.com\/product\/yoast-seo-wordpress\/ -->\n<title>Botox Research and Articles from the PTIFAT Faculty<\/title>\n<meta name=\"description\" content=\"PTIFAT provides research and articles on a variety of topics covering therapeutic and cosmetic Botox and the facial aesthetics industry.\" \/>\n<meta name=\"robots\" content=\"index, follow, max-snippet:-1, max-image-preview:large, max-video-preview:-1\" \/>\n<link rel=\"canonical\" href=\"https:\/\/ptifa.com\/fr\/articles-de-recherche\/\" \/>\n<meta property=\"og:locale\" content=\"fr_CA\" \/>\n<meta property=\"og:type\" content=\"article\" \/>\n<meta property=\"og:title\" content=\"Botox Research and Articles from the PTIFAT Faculty\" \/>\n<meta property=\"og:description\" content=\"PTIFAT provides research and articles on a variety of topics covering therapeutic and cosmetic Botox and the facial aesthetics industry.\" \/>\n<meta property=\"og:url\" content=\"https:\/\/ptifa.com\/fr\/articles-de-recherche\/\" \/>\n<meta property=\"og:site_name\" content=\"Pacific Training Institute for Facial Aesthetics &amp; Therapeutics\" \/>\n<meta property=\"article:modified_time\" content=\"2025-09-15T19:47:38+00:00\" \/>\n<meta property=\"og:image\" content=\"https:\/\/ptifa.com\/wp-content\/uploads\/2025\/03\/research-and-articles-hero.webp\" \/>\n<meta name=\"twitter:card\" content=\"summary_large_image\" \/>\n<meta name=\"twitter:label1\" content=\"Estimation du temps de lecture\" \/>\n\t<meta name=\"twitter:data1\" content=\"3 minutes\" \/>\n<script type=\"application\/ld+json\" class=\"yoast-schema-graph\">{\"@context\":\"https:\\\/\\\/schema.org\",\"@graph\":[{\"@type\":\"WebPage\",\"@id\":\"https:\\\/\\\/ptifa.com\\\/research-articles\\\/\",\"url\":\"https:\\\/\\\/ptifa.com\\\/research-articles\\\/\",\"name\":\"Botox Research and Articles from the PTIFAT Faculty\",\"isPartOf\":{\"@id\":\"https:\\\/\\\/ptifa.com\\\/fr\\\/#website\"},\"primaryImageOfPage\":{\"@id\":\"https:\\\/\\\/ptifa.com\\\/research-articles\\\/#primaryimage\"},\"image\":{\"@id\":\"https:\\\/\\\/ptifa.com\\\/research-articles\\\/#primaryimage\"},\"thumbnailUrl\":\"https:\\\/\\\/ptifa.com\\\/wp-content\\\/uploads\\\/2025\\\/03\\\/research-and-articles-hero.webp\",\"datePublished\":\"2025-03-10T17:25:59+00:00\",\"dateModified\":\"2025-09-15T19:47:38+00:00\",\"description\":\"PTIFAT provides research and articles on a variety of topics covering therapeutic and cosmetic Botox and the facial aesthetics industry.\",\"breadcrumb\":{\"@id\":\"https:\\\/\\\/ptifa.com\\\/research-articles\\\/#breadcrumb\"},\"inLanguage\":\"fr-CA\",\"potentialAction\":[{\"@type\":\"ReadAction\",\"target\":[\"https:\\\/\\\/ptifa.com\\\/research-articles\\\/\"]}]},{\"@type\":\"ImageObject\",\"inLanguage\":\"fr-CA\",\"@id\":\"https:\\\/\\\/ptifa.com\\\/research-articles\\\/#primaryimage\",\"url\":\"https:\\\/\\\/ptifa.com\\\/wp-content\\\/uploads\\\/2025\\\/03\\\/research-and-articles-hero.webp\",\"contentUrl\":\"https:\\\/\\\/ptifa.com\\\/wp-content\\\/uploads\\\/2025\\\/03\\\/research-and-articles-hero.webp\"},{\"@type\":\"BreadcrumbList\",\"@id\":\"https:\\\/\\\/ptifa.com\\\/research-articles\\\/#breadcrumb\",\"itemListElement\":[{\"@type\":\"ListItem\",\"position\":1,\"name\":\"Home\",\"item\":\"https:\\\/\\\/ptifa.com\\\/\"},{\"@type\":\"ListItem\",\"position\":2,\"name\":\"Research and Articles\"}]},{\"@type\":\"WebSite\",\"@id\":\"https:\\\/\\\/ptifa.com\\\/fr\\\/#website\",\"url\":\"https:\\\/\\\/ptifa.com\\\/fr\\\/\",\"name\":\"Pacific Training Institute for Facial Aesthetics &amp; Therapeutics\",\"description\":\"\",\"publisher\":{\"@id\":\"https:\\\/\\\/ptifa.com\\\/fr\\\/#organization\"},\"alternateName\":\"PTIFAT\",\"potentialAction\":[{\"@type\":\"SearchAction\",\"target\":{\"@type\":\"EntryPoint\",\"urlTemplate\":\"https:\\\/\\\/ptifa.com\\\/fr\\\/?s={search_term_string}\"},\"query-input\":{\"@type\":\"PropertyValueSpecification\",\"valueRequired\":true,\"valueName\":\"search_term_string\"}}],\"inLanguage\":\"fr-CA\"},{\"@type\":\"Organization\",\"@id\":\"https:\\\/\\\/ptifa.com\\\/fr\\\/#organization\",\"name\":\"Pacific Training Institute for Facial Aesthetics & Therapeutics\",\"alternateName\":\"PTIFAT\",\"url\":\"https:\\\/\\\/ptifa.com\\\/fr\\\/\",\"logo\":{\"@type\":\"ImageObject\",\"inLanguage\":\"fr-CA\",\"@id\":\"https:\\\/\\\/ptifa.com\\\/fr\\\/#\\\/schema\\\/logo\\\/image\\\/\",\"url\":\"https:\\\/\\\/ptifa.com\\\/wp-content\\\/uploads\\\/2025\\\/02\\\/ptifa-logo.svg\",\"contentUrl\":\"https:\\\/\\\/ptifa.com\\\/wp-content\\\/uploads\\\/2025\\\/02\\\/ptifa-logo.svg\",\"width\":310,\"height\":42,\"caption\":\"Pacific Training Institute for Facial Aesthetics & Therapeutics\"},\"image\":{\"@id\":\"https:\\\/\\\/ptifa.com\\\/fr\\\/#\\\/schema\\\/logo\\\/image\\\/\"}}]}<\/script>\n<!-- \/ Yoast SEO plugin. -->","yoast_head_json":{"title":"Recherche sur le Botox et articles de la Facult\u00e9 PTIFAT","description":"PTIFAT fournit des recherches et des articles sur une vari\u00e9t\u00e9 de sujets couvrant le Botox th\u00e9rapeutique et cosm\u00e9tique et l'industrie de l'esth\u00e9tique faciale.","robots":{"index":"index","follow":"follow","max-snippet":"max-snippet:-1","max-image-preview":"max-image-preview:large","max-video-preview":"max-video-preview:-1"},"canonical":"https:\/\/ptifa.com\/fr\/articles-de-recherche\/","og_locale":"fr_CA","og_type":"article","og_title":"Botox Research and Articles from the PTIFAT Faculty","og_description":"PTIFAT provides research and articles on a variety of topics covering therapeutic and cosmetic Botox and the facial aesthetics industry.","og_url":"https:\/\/ptifa.com\/fr\/articles-de-recherche\/","og_site_name":"Pacific Training Institute for Facial Aesthetics &amp; Therapeutics","article_modified_time":"2025-09-15T19:47:38+00:00","og_image":[{"url":"https:\/\/ptifa.com\/wp-content\/uploads\/2025\/03\/research-and-articles-hero.webp","type":"","width":"","height":""}],"twitter_card":"summary_large_image","twitter_misc":{"Estimation du temps de lecture":"3 minutes"},"schema":{"@context":"https:\/\/schema.org","@graph":[{"@type":"WebPage","@id":"https:\/\/ptifa.com\/research-articles\/","url":"https:\/\/ptifa.com\/research-articles\/","name":"Recherche sur le Botox et articles de la Facult\u00e9 PTIFAT","isPartOf":{"@id":"https:\/\/ptifa.com\/fr\/#website"},"primaryImageOfPage":{"@id":"https:\/\/ptifa.com\/research-articles\/#primaryimage"},"image":{"@id":"https:\/\/ptifa.com\/research-articles\/#primaryimage"},"thumbnailUrl":"https:\/\/ptifa.com\/wp-content\/uploads\/2025\/03\/research-and-articles-hero.webp","datePublished":"2025-03-10T17:25:59+00:00","dateModified":"2025-09-15T19:47:38+00:00","description":"PTIFAT fournit des recherches et des articles sur une vari\u00e9t\u00e9 de sujets couvrant le Botox th\u00e9rapeutique et cosm\u00e9tique et l'industrie de l'esth\u00e9tique faciale.","breadcrumb":{"@id":"https:\/\/ptifa.com\/research-articles\/#breadcrumb"},"inLanguage":"fr-CA","potentialAction":[{"@type":"ReadAction","target":["https:\/\/ptifa.com\/research-articles\/"]}]},{"@type":"ImageObject","inLanguage":"fr-CA","@id":"https:\/\/ptifa.com\/research-articles\/#primaryimage","url":"https:\/\/ptifa.com\/wp-content\/uploads\/2025\/03\/research-and-articles-hero.webp","contentUrl":"https:\/\/ptifa.com\/wp-content\/uploads\/2025\/03\/research-and-articles-hero.webp"},{"@type":"BreadcrumbList","@id":"https:\/\/ptifa.com\/research-articles\/#breadcrumb","itemListElement":[{"@type":"ListItem","position":1,"name":"Home","item":"https:\/\/ptifa.com\/"},{"@type":"ListItem","position":2,"name":"Research and Articles"}]},{"@type":"WebSite","@id":"https:\/\/ptifa.com\/fr\/#website","url":"https:\/\/ptifa.com\/fr\/","name":"Institut de formation du Pacifique pour l'esth\u00e9tique faciale et la th\u00e9rapeutique","description":"","publisher":{"@id":"https:\/\/ptifa.com\/fr\/#organization"},"alternateName":"PTIFAT","potentialAction":[{"@type":"SearchAction","target":{"@type":"EntryPoint","urlTemplate":"https:\/\/ptifa.com\/fr\/?s={search_term_string}"},"query-input":{"@type":"PropertyValueSpecification","valueRequired":true,"valueName":"search_term_string"}}],"inLanguage":"fr-CA"},{"@type":"Organization","@id":"https:\/\/ptifa.com\/fr\/#organization","name":"Institut de formation du Pacifique pour l'esth\u00e9tique faciale et la th\u00e9rapeutique","alternateName":"PTIFAT","url":"https:\/\/ptifa.com\/fr\/","logo":{"@type":"ImageObject","inLanguage":"fr-CA","@id":"https:\/\/ptifa.com\/fr\/#\/schema\/logo\/image\/","url":"https:\/\/ptifa.com\/wp-content\/uploads\/2025\/02\/ptifa-logo.svg","contentUrl":"https:\/\/ptifa.com\/wp-content\/uploads\/2025\/02\/ptifa-logo.svg","width":310,"height":42,"caption":"Pacific Training Institute for Facial Aesthetics & Therapeutics"},"image":{"@id":"https:\/\/ptifa.com\/fr\/#\/schema\/logo\/image\/"}}]}},"_links":{"self":[{"href":"https:\/\/ptifa.com\/fr\/wp-json\/wp\/v2\/pages\/1508","targetHints":{"allow":["GET"]}}],"collection":[{"href":"https:\/\/ptifa.com\/fr\/wp-json\/wp\/v2\/pages"}],"about":[{"href":"https:\/\/ptifa.com\/fr\/wp-json\/wp\/v2\/types\/page"}],"author":[{"embeddable":true,"href":"https:\/\/ptifa.com\/fr\/wp-json\/wp\/v2\/users\/3"}],"replies":[{"embeddable":true,"href":"https:\/\/ptifa.com\/fr\/wp-json\/wp\/v2\/comments?post=1508"}],"version-history":[{"count":28,"href":"https:\/\/ptifa.com\/fr\/wp-json\/wp\/v2\/pages\/1508\/revisions"}],"predecessor-version":[{"id":5511,"href":"https:\/\/ptifa.com\/fr\/wp-json\/wp\/v2\/pages\/1508\/revisions\/5511"}],"wp:attachment":[{"href":"https:\/\/ptifa.com\/fr\/wp-json\/wp\/v2\/media?parent=1508"}],"curies":[{"name":"wp","href":"https:\/\/api.w.org\/{rel}","templated":true}]}}