{"id":151,"date":"2025-02-09T10:47:52","date_gmt":"2025-02-09T10:47:52","guid":{"rendered":"https:\/\/ptifa.com\/?page_id=151"},"modified":"2026-01-26T17:34:13","modified_gmt":"2026-01-26T17:34:13","slug":"calendar","status":"publish","type":"page","link":"https:\/\/ptifa.com\/fr\/calendar\/","title":{"rendered":"Calendrier"},"content":{"rendered":"<div class=\"gb-element-071d24a7\">\n<div class=\"gb-element-34e5c326  grid-container\">\n<div class=\"gb-element-ba50c7ab breadcrumb-row\"><span><span><a href=\"https:\/\/ptifa.com\/fr\/\">Accueil<\/a><\/span><\/span>\n<\/div>\n\n\n\n<div class=\"gb-element-324a47cf\">\n<div class=\"gb-element-ffb05bda breadcrumb-row\">\n<h1 class=\"gb-text gb-text-a2771f0c\">\u00c0 venir<br>Cours et \u00e9v\u00e9nements<\/h1>\n\n\n\n<p class=\"gb-text gb-text-5dc7d610\">Consultez les prochaines formations Botox\u00ae, ainsi que les conf\u00e9rences et les \u00e9v\u00e9nements auxquels PTIFAT participera. Planifiez d\u00e8s aujourd'hui votre prochaine \u00e9tape vers la croissance de votre pratique !<\/p>\n<\/div>\n\n\n\n<div class=\"gb-element-93df6583\">\n<img loading=\"lazy\" decoding=\"async\" width=\"1916\" height=\"1520\" class=\"gb-media-86c45798\" src=\"https:\/\/ptifa.com\/wp-content\/uploads\/2025\/04\/botox-markings-female.webp\" title=\"Reconstituant-Botox\" srcset=\"https:\/\/ptifa.com\/wp-content\/uploads\/2025\/04\/botox-markings-female.webp 1916w, https:\/\/ptifa.com\/wp-content\/uploads\/2025\/04\/botox-markings-female-300x238.webp 300w, https:\/\/ptifa.com\/wp-content\/uploads\/2025\/04\/botox-markings-female-1024x812.webp 1024w, https:\/\/ptifa.com\/wp-content\/uploads\/2025\/04\/botox-markings-female-768x609.webp 768w, https:\/\/ptifa.com\/wp-content\/uploads\/2025\/04\/botox-markings-female-1536x1219.webp 1536w, https:\/\/ptifa.com\/wp-content\/uploads\/2025\/04\/botox-markings-female-600x476.webp 600w\" sizes=\"auto, (max-width: 1916px) 100vw, 1916px\" \/>\n\n\n\n<img loading=\"lazy\" decoding=\"async\" width=\"44\" height=\"94\" class=\"gb-media-b8f625a0\" src=\"https:\/\/ptifa.com\/wp-content\/uploads\/2025\/02\/section-icon.svg\" title=\"ic\u00f4ne de section\"\/>\n<\/div>\n<\/div>\n<\/div>\n<\/div>","protected":false},"excerpt":{"rendered":"<p>UpcomingCourses &amp; Events View upcoming Botox\u00ae training courses, as well as conferences and events PTIFAT will be attending. Plan your next step toward growing your practice today!<\/p>","protected":false},"author":3,"featured_media":0,"parent":0,"menu_order":0,"comment_status":"closed","ping_status":"closed","template":"page-templates\/calendar-sidebar.php","meta":{"_acf_changed":false,"inline_featured_image":false,"footnotes":""},"class_list":["post-151","page","type-page","status-publish"],"acf":[],"yoast_head":"<!-- This site is optimized with the Yoast SEO plugin v27.3 - https:\/\/yoast.com\/product\/yoast-seo-wordpress\/ -->\n<title>Calendar of Upcoming Botox Courses &amp; Events<\/title>\n<meta name=\"description\" content=\"View PTIFAT&#039;s upcoming calendar of Botox training courses and events, including course and event details, locations, dates and registration info.\" \/>\n<meta name=\"robots\" content=\"index, follow, max-snippet:-1, max-image-preview:large, max-video-preview:-1\" \/>\n<link rel=\"canonical\" href=\"https:\/\/ptifa.com\/fr\/calendar\/\" \/>\n<meta property=\"og:locale\" content=\"fr_CA\" \/>\n<meta property=\"og:type\" content=\"article\" \/>\n<meta property=\"og:title\" content=\"Calendar of Upcoming Botox Courses &amp; Events\" \/>\n<meta property=\"og:description\" content=\"View PTIFAT&#039;s upcoming calendar of Botox training courses and events, including course and event details, locations, dates and registration info.\" \/>\n<meta property=\"og:url\" content=\"https:\/\/ptifa.com\/fr\/calendar\/\" \/>\n<meta property=\"og:site_name\" content=\"Pacific Training Institute for Facial Aesthetics &amp; Therapeutics\" \/>\n<meta property=\"article:modified_time\" content=\"2026-01-26T17:34:13+00:00\" \/>\n<meta property=\"og:image\" content=\"https:\/\/ptifa.com\/wp-content\/uploads\/2025\/04\/botox-markings-female.webp\" \/>\n<meta name=\"twitter:card\" content=\"summary_large_image\" \/>\n<meta name=\"twitter:label1\" content=\"Estimation du temps de lecture\" \/>\n\t<meta name=\"twitter:data1\" content=\"1 minute\" \/>\n<script type=\"application\/ld+json\" class=\"yoast-schema-graph\">{\"@context\":\"https:\\\/\\\/schema.org\",\"@graph\":[{\"@type\":\"WebPage\",\"@id\":\"https:\\\/\\\/ptifa.com\\\/calendar\\\/\",\"url\":\"https:\\\/\\\/ptifa.com\\\/calendar\\\/\",\"name\":\"Calendar of Upcoming Botox Courses & Events\",\"isPartOf\":{\"@id\":\"https:\\\/\\\/ptifa.com\\\/fr\\\/#website\"},\"primaryImageOfPage\":{\"@id\":\"https:\\\/\\\/ptifa.com\\\/calendar\\\/#primaryimage\"},\"image\":{\"@id\":\"https:\\\/\\\/ptifa.com\\\/calendar\\\/#primaryimage\"},\"thumbnailUrl\":\"https:\\\/\\\/ptifa.com\\\/wp-content\\\/uploads\\\/2025\\\/04\\\/botox-markings-female.webp\",\"datePublished\":\"2025-02-09T10:47:52+00:00\",\"dateModified\":\"2026-01-26T17:34:13+00:00\",\"description\":\"View PTIFAT's upcoming calendar of Botox training courses and events, including course and event details, locations, dates and registration info.\",\"breadcrumb\":{\"@id\":\"https:\\\/\\\/ptifa.com\\\/calendar\\\/#breadcrumb\"},\"inLanguage\":\"fr-CA\",\"potentialAction\":[{\"@type\":\"ReadAction\",\"target\":[\"https:\\\/\\\/ptifa.com\\\/calendar\\\/\"]}]},{\"@type\":\"ImageObject\",\"inLanguage\":\"fr-CA\",\"@id\":\"https:\\\/\\\/ptifa.com\\\/calendar\\\/#primaryimage\",\"url\":\"https:\\\/\\\/ptifa.com\\\/wp-content\\\/uploads\\\/2025\\\/04\\\/botox-markings-female.webp\",\"contentUrl\":\"https:\\\/\\\/ptifa.com\\\/wp-content\\\/uploads\\\/2025\\\/04\\\/botox-markings-female.webp\"},{\"@type\":\"BreadcrumbList\",\"@id\":\"https:\\\/\\\/ptifa.com\\\/calendar\\\/#breadcrumb\",\"itemListElement\":[{\"@type\":\"ListItem\",\"position\":1,\"name\":\"Home\",\"item\":\"https:\\\/\\\/ptifa.com\\\/\"},{\"@type\":\"ListItem\",\"position\":2,\"name\":\"Calendar\"}]},{\"@type\":\"WebSite\",\"@id\":\"https:\\\/\\\/ptifa.com\\\/fr\\\/#website\",\"url\":\"https:\\\/\\\/ptifa.com\\\/fr\\\/\",\"name\":\"Pacific Training Institute for Facial Aesthetics &amp; Therapeutics\",\"description\":\"\",\"publisher\":{\"@id\":\"https:\\\/\\\/ptifa.com\\\/fr\\\/#organization\"},\"alternateName\":\"PTIFAT\",\"potentialAction\":[{\"@type\":\"SearchAction\",\"target\":{\"@type\":\"EntryPoint\",\"urlTemplate\":\"https:\\\/\\\/ptifa.com\\\/fr\\\/?s={search_term_string}\"},\"query-input\":{\"@type\":\"PropertyValueSpecification\",\"valueRequired\":true,\"valueName\":\"search_term_string\"}}],\"inLanguage\":\"fr-CA\"},{\"@type\":\"Organization\",\"@id\":\"https:\\\/\\\/ptifa.com\\\/fr\\\/#organization\",\"name\":\"Pacific Training Institute for Facial Aesthetics & Therapeutics\",\"alternateName\":\"PTIFAT\",\"url\":\"https:\\\/\\\/ptifa.com\\\/fr\\\/\",\"logo\":{\"@type\":\"ImageObject\",\"inLanguage\":\"fr-CA\",\"@id\":\"https:\\\/\\\/ptifa.com\\\/fr\\\/#\\\/schema\\\/logo\\\/image\\\/\",\"url\":\"https:\\\/\\\/ptifa.com\\\/wp-content\\\/uploads\\\/2025\\\/02\\\/ptifa-logo.svg\",\"contentUrl\":\"https:\\\/\\\/ptifa.com\\\/wp-content\\\/uploads\\\/2025\\\/02\\\/ptifa-logo.svg\",\"width\":310,\"height\":42,\"caption\":\"Pacific Training Institute for Facial Aesthetics & Therapeutics\"},\"image\":{\"@id\":\"https:\\\/\\\/ptifa.com\\\/fr\\\/#\\\/schema\\\/logo\\\/image\\\/\"}}]}<\/script>\n<!-- \/ Yoast SEO plugin. -->","yoast_head_json":{"title":"Calendrier des prochains cours et \u00e9v\u00e9nements sur le Botox","description":"Consultez le calendrier des formations et des \u00e9v\u00e9nements Botox de PTIFAT, y compris les d\u00e9tails des cours et des \u00e9v\u00e9nements, les lieux, les dates et les informations sur l'inscription.","robots":{"index":"index","follow":"follow","max-snippet":"max-snippet:-1","max-image-preview":"max-image-preview:large","max-video-preview":"max-video-preview:-1"},"canonical":"https:\/\/ptifa.com\/fr\/calendar\/","og_locale":"fr_CA","og_type":"article","og_title":"Calendar of Upcoming Botox Courses & Events","og_description":"View PTIFAT's upcoming calendar of Botox training courses and events, including course and event details, locations, dates and registration info.","og_url":"https:\/\/ptifa.com\/fr\/calendar\/","og_site_name":"Pacific Training Institute for Facial Aesthetics &amp; Therapeutics","article_modified_time":"2026-01-26T17:34:13+00:00","og_image":[{"url":"https:\/\/ptifa.com\/wp-content\/uploads\/2025\/04\/botox-markings-female.webp","type":"","width":"","height":""}],"twitter_card":"summary_large_image","twitter_misc":{"Estimation du temps de lecture":"1 minute"},"schema":{"@context":"https:\/\/schema.org","@graph":[{"@type":"WebPage","@id":"https:\/\/ptifa.com\/calendar\/","url":"https:\/\/ptifa.com\/calendar\/","name":"Calendrier des prochains cours et \u00e9v\u00e9nements sur le Botox","isPartOf":{"@id":"https:\/\/ptifa.com\/fr\/#website"},"primaryImageOfPage":{"@id":"https:\/\/ptifa.com\/calendar\/#primaryimage"},"image":{"@id":"https:\/\/ptifa.com\/calendar\/#primaryimage"},"thumbnailUrl":"https:\/\/ptifa.com\/wp-content\/uploads\/2025\/04\/botox-markings-female.webp","datePublished":"2025-02-09T10:47:52+00:00","dateModified":"2026-01-26T17:34:13+00:00","description":"Consultez le calendrier des formations et des \u00e9v\u00e9nements Botox de PTIFAT, y compris les d\u00e9tails des cours et des \u00e9v\u00e9nements, les lieux, les dates et les informations sur l'inscription.","breadcrumb":{"@id":"https:\/\/ptifa.com\/calendar\/#breadcrumb"},"inLanguage":"fr-CA","potentialAction":[{"@type":"ReadAction","target":["https:\/\/ptifa.com\/calendar\/"]}]},{"@type":"ImageObject","inLanguage":"fr-CA","@id":"https:\/\/ptifa.com\/calendar\/#primaryimage","url":"https:\/\/ptifa.com\/wp-content\/uploads\/2025\/04\/botox-markings-female.webp","contentUrl":"https:\/\/ptifa.com\/wp-content\/uploads\/2025\/04\/botox-markings-female.webp"},{"@type":"BreadcrumbList","@id":"https:\/\/ptifa.com\/calendar\/#breadcrumb","itemListElement":[{"@type":"ListItem","position":1,"name":"Home","item":"https:\/\/ptifa.com\/"},{"@type":"ListItem","position":2,"name":"Calendar"}]},{"@type":"WebSite","@id":"https:\/\/ptifa.com\/fr\/#website","url":"https:\/\/ptifa.com\/fr\/","name":"Institut de formation du Pacifique pour l'esth\u00e9tique faciale et la th\u00e9rapeutique","description":"","publisher":{"@id":"https:\/\/ptifa.com\/fr\/#organization"},"alternateName":"PTIFAT","potentialAction":[{"@type":"SearchAction","target":{"@type":"EntryPoint","urlTemplate":"https:\/\/ptifa.com\/fr\/?s={search_term_string}"},"query-input":{"@type":"PropertyValueSpecification","valueRequired":true,"valueName":"search_term_string"}}],"inLanguage":"fr-CA"},{"@type":"Organization","@id":"https:\/\/ptifa.com\/fr\/#organization","name":"Institut de formation du Pacifique pour l'esth\u00e9tique faciale et la th\u00e9rapeutique","alternateName":"PTIFAT","url":"https:\/\/ptifa.com\/fr\/","logo":{"@type":"ImageObject","inLanguage":"fr-CA","@id":"https:\/\/ptifa.com\/fr\/#\/schema\/logo\/image\/","url":"https:\/\/ptifa.com\/wp-content\/uploads\/2025\/02\/ptifa-logo.svg","contentUrl":"https:\/\/ptifa.com\/wp-content\/uploads\/2025\/02\/ptifa-logo.svg","width":310,"height":42,"caption":"Pacific Training Institute for Facial Aesthetics & Therapeutics"},"image":{"@id":"https:\/\/ptifa.com\/fr\/#\/schema\/logo\/image\/"}}]}},"_links":{"self":[{"href":"https:\/\/ptifa.com\/fr\/wp-json\/wp\/v2\/pages\/151","targetHints":{"allow":["GET"]}}],"collection":[{"href":"https:\/\/ptifa.com\/fr\/wp-json\/wp\/v2\/pages"}],"about":[{"href":"https:\/\/ptifa.com\/fr\/wp-json\/wp\/v2\/types\/page"}],"author":[{"embeddable":true,"href":"https:\/\/ptifa.com\/fr\/wp-json\/wp\/v2\/users\/3"}],"replies":[{"embeddable":true,"href":"https:\/\/ptifa.com\/fr\/wp-json\/wp\/v2\/comments?post=151"}],"version-history":[{"count":51,"href":"https:\/\/ptifa.com\/fr\/wp-json\/wp\/v2\/pages\/151\/revisions"}],"predecessor-version":[{"id":4015,"href":"https:\/\/ptifa.com\/fr\/wp-json\/wp\/v2\/pages\/151\/revisions\/4015"}],"wp:attachment":[{"href":"https:\/\/ptifa.com\/fr\/wp-json\/wp\/v2\/media?parent=151"}],"curies":[{"name":"wp","href":"https:\/\/api.w.org\/{rel}","templated":true}]}}