{"id":2103,"date":"2025-03-21T11:16:54","date_gmt":"2025-03-21T11:16:54","guid":{"rendered":"https:\/\/ptifa.com\/?page_id=2103"},"modified":"2025-09-15T19:34:35","modified_gmt":"2025-09-15T19:34:35","slug":"dr-trevor-morhaliek","status":"publish","type":"page","link":"https:\/\/ptifa.com\/fr\/about\/dr-trevor-morhaliek\/","title":{"rendered":"Dr. Trevor Morhaliek"},"content":{"rendered":"<div class=\"gb-element-1260e4e8\">\n<div class=\"gb-element-2239a457  grid-container\">\n<div class=\"gb-element-fb322c90\">\n<div class=\"gb-element-44e96230\"><span><span><a href=\"https:\/\/ptifa.com\/fr\/\">Accueil<\/a><\/span><\/span>\n<\/div>\n<\/div>\n<\/div>\n\n\n\n<div class=\"gb-element-f2fa02af  grid-container\">\n<div class=\"gb-element-975669b6\">\n<div class=\"gb-element-0e7dc8a1\">\n<img loading=\"lazy\" decoding=\"async\" width=\"528\" height=\"540\" class=\"gb-media-962bd12f\" src=\"https:\/\/ptifa.com\/wp-content\/uploads\/2025\/03\/trevor-morhaliek-1-1.jpg\" title=\"trevor-morhaliek-\" srcset=\"https:\/\/ptifa.com\/wp-content\/uploads\/2025\/03\/trevor-morhaliek-1-1.jpg 528w, https:\/\/ptifa.com\/wp-content\/uploads\/2025\/03\/trevor-morhaliek-1-1-293x300.jpg 293w\" sizes=\"auto, (max-width: 528px) 100vw, 528px\" \/>\n<\/div>\n\n\n\n<div class=\"gb-element-55989723\">\n<h1 class=\"gb-text gb-text-e3d7a385\">Dr. Trevor Morhaliek<\/h1>\n\n\n\n<p class=\"gb-text gb-text-a7bca8ea\">Dentiste<\/p>\n<\/div>\n<\/div>\n<\/div>\n<\/div>\n\n\n\n<div class=\"gb-element-68e4a1f4\">\n<div class=\"gb-element-47c7d4f3  grid-container\">\n<div class=\"gb-element-3e65db04\">\n<div class=\"gb-element-b6a9decb\"><\/div>\n\n\n\n<div class=\"gb-element-f81f3e1c\">\n<p>Le docteur Morhaliek est un dentiste g\u00e9n\u00e9raliste qui exerce depuis 1999. Il a obtenu son doctorat en dentisterie et sa licence en sciences \u00e0 l'universit\u00e9 d'Alberta. Gr\u00e2ce \u00e0 sa formation au Pacific Training Institute for Facial Aesthetics &amp; Therapeutics, au Las Vegas Institute, au Millennium Institute et au Frontier Institute (anciennement le California Center for Advanced Dental Studies). Le docteur Morhaliek a d\u00e9velopp\u00e9 un ensemble de comp\u00e9tences vari\u00e9es dans les domaines du rajeunissement du visage et de la dentisterie esth\u00e9tique.<\/p>\n\n\n\n<p>Le Dr Morhaliek est dipl\u00f4m\u00e9 des cours de toxine botulique Botox\u00ae de PTIFAT et enseigne avec nous depuis plus de 7 ans. Depuis qu'il a fait l'exp\u00e9rience de la diff\u00e9rence que la formation PTIFAT peut faire dans son cabinet de Kelowna, en Colombie Britannique, le Dr.&nbsp;<a href=\"http:\/\/www.kelownasmiles.com\/\" target=\"_blank\" rel=\"noreferrer noopener\">Des sourires tout simplement \u00e9tonnants<\/a>Le Dr Morhaliek est un fervent d\u00e9fenseur de la profondeur et de la qualit\u00e9 de l'enseignement dispens\u00e9 par PTIFAT. Ses plus grandes passions sont les traitements esth\u00e9tiques d'apparence naturelle et le d\u00e9sir de partager ses connaissances avec d'autres praticiens afin qu'ils puissent conna\u00eetre le m\u00eame niveau de succ\u00e8s et de satisfaction des patients.<\/p>\n\n\n\n<p>Le Dr Morhaliek est certifi\u00e9 par le Bureau national d'examen dentaire du Canada et autoris\u00e9 par le Coll\u00e8ge des chirurgiens dentistes de la Colombie-Britannique. Le docteur Morhaliek et son \u00e9quipe sont fiers d'avoir suivi les cours de certains des plus prestigieux instituts dentaires du monde.<\/p>\n<\/div>\n<\/div>\n<\/div>\n<\/div>","protected":false},"excerpt":{"rendered":"<p>Dr. Trevor Morhaliek Dentist Dr. Morhaliek is general dentist who has been in practice since 1999. He received both his Doctorate Degree in Dentistry and Bachelor Degree in Sciences at the University of Alberta. Through his training at the Pacific Training Institute for Facial Aesthetics &amp; Therapeutics, the Las Vegas Institute, the Millennium Institute and &#8230; <a title=\"Dr. Trevor Morhaliek\" class=\"read-more\" href=\"https:\/\/ptifa.com\/fr\/about\/dr-trevor-morhaliek\/\" aria-label=\"Read more about Dr. Trevor Morhaliek\">En savoir plus<\/a><\/p>","protected":false},"author":3,"featured_media":0,"parent":221,"menu_order":0,"comment_status":"closed","ping_status":"closed","template":"","meta":{"_acf_changed":false,"inline_featured_image":false,"footnotes":""},"class_list":["post-2103","page","type-page","status-publish"],"acf":[],"yoast_head":"<!-- This site is optimized with the Yoast SEO plugin v27.3 - https:\/\/yoast.com\/product\/yoast-seo-wordpress\/ -->\n<title>About Dr. Trevor Morhaliek, Dentist | PTIFAT Faculty<\/title>\n<meta name=\"description\" content=\"Dr. Morhaliek has a diverse skill-set in the fields of facial rejuvenation and aesthetic dentistry. He has a passion for natural-looking aesthetic treatments.\" \/>\n<meta name=\"robots\" content=\"index, follow, max-snippet:-1, max-image-preview:large, max-video-preview:-1\" \/>\n<link rel=\"canonical\" href=\"https:\/\/ptifa.com\/fr\/a-propos-de\/dr-trevor-morhaliek\/\" \/>\n<meta property=\"og:locale\" content=\"fr_CA\" \/>\n<meta property=\"og:type\" content=\"article\" \/>\n<meta property=\"og:title\" content=\"About Dr. Trevor Morhaliek, Dentist | PTIFAT Faculty\" \/>\n<meta property=\"og:description\" content=\"Dr. Morhaliek has a diverse skill-set in the fields of facial rejuvenation and aesthetic dentistry. He has a passion for natural-looking aesthetic treatments.\" \/>\n<meta property=\"og:url\" content=\"https:\/\/ptifa.com\/fr\/a-propos-de\/dr-trevor-morhaliek\/\" \/>\n<meta property=\"og:site_name\" content=\"Pacific Training Institute for Facial Aesthetics &amp; Therapeutics\" \/>\n<meta property=\"article:modified_time\" content=\"2025-09-15T19:34:35+00:00\" \/>\n<meta property=\"og:image\" content=\"https:\/\/ptifa.com\/wp-content\/uploads\/2025\/03\/trevor-morhaliek-1-1.jpg\" \/>\n<meta name=\"twitter:card\" content=\"summary_large_image\" \/>\n<meta name=\"twitter:label1\" content=\"Estimation du temps de lecture\" \/>\n\t<meta name=\"twitter:data1\" content=\"2 minutes\" \/>\n<script type=\"application\/ld+json\" class=\"yoast-schema-graph\">{\"@context\":\"https:\\\/\\\/schema.org\",\"@graph\":[{\"@type\":\"WebPage\",\"@id\":\"https:\\\/\\\/ptifa.com\\\/about\\\/dr-trevor-morhaliek\\\/\",\"url\":\"https:\\\/\\\/ptifa.com\\\/about\\\/dr-trevor-morhaliek\\\/\",\"name\":\"About Dr. Trevor Morhaliek, Dentist | PTIFAT Faculty\",\"isPartOf\":{\"@id\":\"https:\\\/\\\/ptifa.com\\\/fr\\\/#website\"},\"primaryImageOfPage\":{\"@id\":\"https:\\\/\\\/ptifa.com\\\/about\\\/dr-trevor-morhaliek\\\/#primaryimage\"},\"image\":{\"@id\":\"https:\\\/\\\/ptifa.com\\\/about\\\/dr-trevor-morhaliek\\\/#primaryimage\"},\"thumbnailUrl\":\"https:\\\/\\\/ptifa.com\\\/wp-content\\\/uploads\\\/2025\\\/03\\\/trevor-morhaliek-1-1.jpg\",\"datePublished\":\"2025-03-21T11:16:54+00:00\",\"dateModified\":\"2025-09-15T19:34:35+00:00\",\"description\":\"Dr. Morhaliek has a diverse skill-set in the fields of facial rejuvenation and aesthetic dentistry. He has a passion for natural-looking aesthetic treatments.\",\"breadcrumb\":{\"@id\":\"https:\\\/\\\/ptifa.com\\\/about\\\/dr-trevor-morhaliek\\\/#breadcrumb\"},\"inLanguage\":\"fr-CA\",\"potentialAction\":[{\"@type\":\"ReadAction\",\"target\":[\"https:\\\/\\\/ptifa.com\\\/about\\\/dr-trevor-morhaliek\\\/\"]}]},{\"@type\":\"ImageObject\",\"inLanguage\":\"fr-CA\",\"@id\":\"https:\\\/\\\/ptifa.com\\\/about\\\/dr-trevor-morhaliek\\\/#primaryimage\",\"url\":\"https:\\\/\\\/ptifa.com\\\/wp-content\\\/uploads\\\/2025\\\/03\\\/trevor-morhaliek-1-1.jpg\",\"contentUrl\":\"https:\\\/\\\/ptifa.com\\\/wp-content\\\/uploads\\\/2025\\\/03\\\/trevor-morhaliek-1-1.jpg\"},{\"@type\":\"BreadcrumbList\",\"@id\":\"https:\\\/\\\/ptifa.com\\\/about\\\/dr-trevor-morhaliek\\\/#breadcrumb\",\"itemListElement\":[{\"@type\":\"ListItem\",\"position\":1,\"name\":\"Home\",\"item\":\"https:\\\/\\\/ptifa.com\\\/\"},{\"@type\":\"ListItem\",\"position\":2,\"name\":\"About Us\",\"item\":\"https:\\\/\\\/ptifa.com\\\/about\\\/\"},{\"@type\":\"ListItem\",\"position\":3,\"name\":\"Dr. Trevor Morhaliek\"}]},{\"@type\":\"WebSite\",\"@id\":\"https:\\\/\\\/ptifa.com\\\/fr\\\/#website\",\"url\":\"https:\\\/\\\/ptifa.com\\\/fr\\\/\",\"name\":\"Pacific Training Institute for Facial Aesthetics &amp; Therapeutics\",\"description\":\"\",\"publisher\":{\"@id\":\"https:\\\/\\\/ptifa.com\\\/fr\\\/#organization\"},\"alternateName\":\"PTIFAT\",\"potentialAction\":[{\"@type\":\"SearchAction\",\"target\":{\"@type\":\"EntryPoint\",\"urlTemplate\":\"https:\\\/\\\/ptifa.com\\\/fr\\\/?s={search_term_string}\"},\"query-input\":{\"@type\":\"PropertyValueSpecification\",\"valueRequired\":true,\"valueName\":\"search_term_string\"}}],\"inLanguage\":\"fr-CA\"},{\"@type\":\"Organization\",\"@id\":\"https:\\\/\\\/ptifa.com\\\/fr\\\/#organization\",\"name\":\"Pacific Training Institute for Facial Aesthetics & Therapeutics\",\"alternateName\":\"PTIFAT\",\"url\":\"https:\\\/\\\/ptifa.com\\\/fr\\\/\",\"logo\":{\"@type\":\"ImageObject\",\"inLanguage\":\"fr-CA\",\"@id\":\"https:\\\/\\\/ptifa.com\\\/fr\\\/#\\\/schema\\\/logo\\\/image\\\/\",\"url\":\"https:\\\/\\\/ptifa.com\\\/wp-content\\\/uploads\\\/2025\\\/02\\\/ptifa-logo.svg\",\"contentUrl\":\"https:\\\/\\\/ptifa.com\\\/wp-content\\\/uploads\\\/2025\\\/02\\\/ptifa-logo.svg\",\"width\":310,\"height\":42,\"caption\":\"Pacific Training Institute for Facial Aesthetics & Therapeutics\"},\"image\":{\"@id\":\"https:\\\/\\\/ptifa.com\\\/fr\\\/#\\\/schema\\\/logo\\\/image\\\/\"}}]}<\/script>\n<!-- \/ Yoast SEO plugin. -->","yoast_head_json":{"title":"A propos du Dr. Trevor Morhaliek, Dentiste | Facult\u00e9 PTIFAT","description":"Le docteur Morhaliek poss\u00e8de des comp\u00e9tences vari\u00e9es dans les domaines du rajeunissement du visage et de la dentisterie esth\u00e9tique. Il se passionne pour les traitements esth\u00e9tiques d'apparence naturelle.","robots":{"index":"index","follow":"follow","max-snippet":"max-snippet:-1","max-image-preview":"max-image-preview:large","max-video-preview":"max-video-preview:-1"},"canonical":"https:\/\/ptifa.com\/fr\/a-propos-de\/dr-trevor-morhaliek\/","og_locale":"fr_CA","og_type":"article","og_title":"About Dr. Trevor Morhaliek, Dentist | PTIFAT Faculty","og_description":"Dr. Morhaliek has a diverse skill-set in the fields of facial rejuvenation and aesthetic dentistry. He has a passion for natural-looking aesthetic treatments.","og_url":"https:\/\/ptifa.com\/fr\/a-propos-de\/dr-trevor-morhaliek\/","og_site_name":"Pacific Training Institute for Facial Aesthetics &amp; Therapeutics","article_modified_time":"2025-09-15T19:34:35+00:00","og_image":[{"url":"https:\/\/ptifa.com\/wp-content\/uploads\/2025\/03\/trevor-morhaliek-1-1.jpg","type":"","width":"","height":""}],"twitter_card":"summary_large_image","twitter_misc":{"Estimation du temps de lecture":"2 minutes"},"schema":{"@context":"https:\/\/schema.org","@graph":[{"@type":"WebPage","@id":"https:\/\/ptifa.com\/about\/dr-trevor-morhaliek\/","url":"https:\/\/ptifa.com\/about\/dr-trevor-morhaliek\/","name":"A propos du Dr. Trevor Morhaliek, Dentiste | Facult\u00e9 PTIFAT","isPartOf":{"@id":"https:\/\/ptifa.com\/fr\/#website"},"primaryImageOfPage":{"@id":"https:\/\/ptifa.com\/about\/dr-trevor-morhaliek\/#primaryimage"},"image":{"@id":"https:\/\/ptifa.com\/about\/dr-trevor-morhaliek\/#primaryimage"},"thumbnailUrl":"https:\/\/ptifa.com\/wp-content\/uploads\/2025\/03\/trevor-morhaliek-1-1.jpg","datePublished":"2025-03-21T11:16:54+00:00","dateModified":"2025-09-15T19:34:35+00:00","description":"Le docteur Morhaliek poss\u00e8de des comp\u00e9tences vari\u00e9es dans les domaines du rajeunissement du visage et de la dentisterie esth\u00e9tique. Il se passionne pour les traitements esth\u00e9tiques d'apparence naturelle.","breadcrumb":{"@id":"https:\/\/ptifa.com\/about\/dr-trevor-morhaliek\/#breadcrumb"},"inLanguage":"fr-CA","potentialAction":[{"@type":"ReadAction","target":["https:\/\/ptifa.com\/about\/dr-trevor-morhaliek\/"]}]},{"@type":"ImageObject","inLanguage":"fr-CA","@id":"https:\/\/ptifa.com\/about\/dr-trevor-morhaliek\/#primaryimage","url":"https:\/\/ptifa.com\/wp-content\/uploads\/2025\/03\/trevor-morhaliek-1-1.jpg","contentUrl":"https:\/\/ptifa.com\/wp-content\/uploads\/2025\/03\/trevor-morhaliek-1-1.jpg"},{"@type":"BreadcrumbList","@id":"https:\/\/ptifa.com\/about\/dr-trevor-morhaliek\/#breadcrumb","itemListElement":[{"@type":"ListItem","position":1,"name":"Home","item":"https:\/\/ptifa.com\/"},{"@type":"ListItem","position":2,"name":"About Us","item":"https:\/\/ptifa.com\/about\/"},{"@type":"ListItem","position":3,"name":"Dr. Trevor Morhaliek"}]},{"@type":"WebSite","@id":"https:\/\/ptifa.com\/fr\/#website","url":"https:\/\/ptifa.com\/fr\/","name":"Institut de formation du Pacifique pour l'esth\u00e9tique faciale et la th\u00e9rapeutique","description":"","publisher":{"@id":"https:\/\/ptifa.com\/fr\/#organization"},"alternateName":"PTIFAT","potentialAction":[{"@type":"SearchAction","target":{"@type":"EntryPoint","urlTemplate":"https:\/\/ptifa.com\/fr\/?s={search_term_string}"},"query-input":{"@type":"PropertyValueSpecification","valueRequired":true,"valueName":"search_term_string"}}],"inLanguage":"fr-CA"},{"@type":"Organization","@id":"https:\/\/ptifa.com\/fr\/#organization","name":"Institut de formation du Pacifique pour l'esth\u00e9tique faciale et la th\u00e9rapeutique","alternateName":"PTIFAT","url":"https:\/\/ptifa.com\/fr\/","logo":{"@type":"ImageObject","inLanguage":"fr-CA","@id":"https:\/\/ptifa.com\/fr\/#\/schema\/logo\/image\/","url":"https:\/\/ptifa.com\/wp-content\/uploads\/2025\/02\/ptifa-logo.svg","contentUrl":"https:\/\/ptifa.com\/wp-content\/uploads\/2025\/02\/ptifa-logo.svg","width":310,"height":42,"caption":"Pacific Training Institute for Facial Aesthetics & Therapeutics"},"image":{"@id":"https:\/\/ptifa.com\/fr\/#\/schema\/logo\/image\/"}}]}},"_links":{"self":[{"href":"https:\/\/ptifa.com\/fr\/wp-json\/wp\/v2\/pages\/2103","targetHints":{"allow":["GET"]}}],"collection":[{"href":"https:\/\/ptifa.com\/fr\/wp-json\/wp\/v2\/pages"}],"about":[{"href":"https:\/\/ptifa.com\/fr\/wp-json\/wp\/v2\/types\/page"}],"author":[{"embeddable":true,"href":"https:\/\/ptifa.com\/fr\/wp-json\/wp\/v2\/users\/3"}],"replies":[{"embeddable":true,"href":"https:\/\/ptifa.com\/fr\/wp-json\/wp\/v2\/comments?post=2103"}],"version-history":[{"count":13,"href":"https:\/\/ptifa.com\/fr\/wp-json\/wp\/v2\/pages\/2103\/revisions"}],"predecessor-version":[{"id":5496,"href":"https:\/\/ptifa.com\/fr\/wp-json\/wp\/v2\/pages\/2103\/revisions\/5496"}],"up":[{"embeddable":true,"href":"https:\/\/ptifa.com\/fr\/wp-json\/wp\/v2\/pages\/221"}],"wp:attachment":[{"href":"https:\/\/ptifa.com\/fr\/wp-json\/wp\/v2\/media?parent=2103"}],"curies":[{"name":"wp","href":"https:\/\/api.w.org\/{rel}","templated":true}]}}