{"id":2107,"date":"2025-03-21T11:16:48","date_gmt":"2025-03-21T11:16:48","guid":{"rendered":"https:\/\/ptifa.com\/?page_id=2107"},"modified":"2025-09-15T19:33:29","modified_gmt":"2025-09-15T19:33:29","slug":"dr-phill-tzemis","status":"publish","type":"page","link":"https:\/\/ptifa.com\/fr\/about\/dr-phill-tzemis\/","title":{"rendered":"Dr. Phill Tzemis"},"content":{"rendered":"<div class=\"gb-element-1260e4e8\">\n<div class=\"gb-element-2239a457  grid-container\">\n<div class=\"gb-element-fb322c90\">\n<div class=\"gb-element-44e96230\"><span><span><a href=\"https:\/\/ptifa.com\/fr\/\">Accueil<\/a><\/span><\/span>\n<\/div>\n<\/div>\n<\/div>\n\n\n\n<div class=\"gb-element-f2fa02af  grid-container\">\n<div class=\"gb-element-975669b6\">\n<div class=\"gb-element-0e7dc8a1\">\n<img decoding=\"async\" class=\"gb-media-962bd12f\" src=\"https:\/\/ptifa.com\/wp-content\/uploads\/2025\/03\/phill-tzemis-1.jpg\" title=\"phill-tzemis\"\/>\n<\/div>\n\n\n\n<div class=\"gb-element-55989723\">\n<h1 class=\"gb-text gb-text-e3d7a385\">Dr. Phill Tzemis<\/h1>\n\n\n\n<p class=\"gb-text gb-text-a7bca8ea\">Dentiste<\/p>\n<\/div>\n<\/div>\n<\/div>\n<\/div>\n\n\n\n<div class=\"gb-element-68e4a1f4\">\n<div class=\"gb-element-47c7d4f3  grid-container\">\n<div class=\"gb-element-3e65db04\">\n<div class=\"gb-element-b6a9decb\"><\/div>\n\n\n\n<div class=\"gb-element-f81f3e1c\">\n<p>Le docteur Phill Tzemis est un dentiste g\u00e9n\u00e9raliste qui exerce depuis 1986. Le Dr Tzemis a obtenu son dipl\u00f4me de dentiste \u00e0 la facult\u00e9 de dentisterie de l'Universit\u00e9 de Toronto. Il a obtenu la coupe J.G. Bourassa et le prix S.A. MacGregor. Le docteur Tzemis a \u00e9t\u00e9 instructeur clinique \u00e0 la facult\u00e9 de dentisterie de l'Universit\u00e9 de Toronto, pr\u00e9sident de l'Acad\u00e9mie de dentisterie cosm\u00e9tique de Toronto (2012-2014) et directeur clinique du Frontier Institute (anciennement le California Center for Advanced Dental Studies). Gr\u00e2ce \u00e0 sa formation approfondie au Pacific Training Institute for Facial Aesthetics &amp; Therapeutics, au Pankey Continuum, au programme d'implants de la facult\u00e9 de dentisterie de l'universit\u00e9 de Toronto et au Frontier Institute, le docteur Tzemis a acquis un ensemble de comp\u00e9tences vari\u00e9es dans le domaine du rajeunissement du visage et de la dentisterie esth\u00e9tique.<\/p>\n\n\n\n<p>Le Dr Tzemis sait que pour obtenir des r\u00e9sultats exceptionnels chez les patients, il faut avoir confiance dans les connaissances et la formation que l'on a sur les soins que l'on prodigue. Il est convaincu que le programme de PTIFAT est unique en son genre, car il fournit aux praticiens les bases n\u00e9cessaires \u00e0 la confiance et \u00e0 la comp\u00e9tence cliniques. Le Dr Tzemis attribue le succ\u00e8s de son propre cabinet,&nbsp;<a href=\"http:\/\/www.drphilliptzemis.com\/\" target=\"_blank\" rel=\"noreferrer noopener\">Dr. Phill Tzemis Wellness Group,<\/a>&nbsp;au niveau \u00e9lev\u00e9 de la formation dispens\u00e9e par la PTIFAT.<\/p>\n\n\n\n<p>Le Dr Tzemis est certifi\u00e9 par le Bureau national d'examen dentaire du Canada et autoris\u00e9 par le Coll\u00e8ge royal des chirurgiens dentistes de l'Ontario. Le Dr Tzemis a l'honneur d'\u00eatre un instructeur clinique actif aupr\u00e8s de PTIFAT et un mentor sur les sujets de rajeunissement du visage, y compris la toxine botulique et les produits de comblement dermique.<\/p>\n<\/div>\n<\/div>\n<\/div>\n<\/div>","protected":false},"excerpt":{"rendered":"<p>Dr. Phill Tzemis Dentist Dr. Phill Tzemis is a general dentist who has been in practice since 1986. Dr. Tzemis earned his dental degree at the University of Toronto, Faculty of Dentistry. He graduated with the distinguished J.G. Bourassa Cup and the S.A. MacGregor Award. Dr. Tzemis is a past Clinical Instructor at the University &#8230; <a title=\"Dr. Phill Tzemis\" class=\"read-more\" href=\"https:\/\/ptifa.com\/fr\/about\/dr-phill-tzemis\/\" aria-label=\"Read more about Dr. Phill Tzemis\">En savoir plus<\/a><\/p>","protected":false},"author":3,"featured_media":0,"parent":221,"menu_order":0,"comment_status":"closed","ping_status":"closed","template":"","meta":{"_acf_changed":false,"inline_featured_image":false,"footnotes":""},"class_list":["post-2107","page","type-page","status-publish"],"acf":[],"yoast_head":"<!-- This site is optimized with the Yoast SEO plugin v27.3 - https:\/\/yoast.com\/product\/yoast-seo-wordpress\/ -->\n<title>About Dr. Phill Tzemis, Dentist | PTIFAT Faculty<\/title>\n<meta name=\"description\" content=\"Dr. Tzemis is a clinical Instructor with PTIFAT and mentor on topics of facial rejuvenation, including botulinum toxin and dermal fillers.\" \/>\n<meta name=\"robots\" content=\"index, follow, max-snippet:-1, max-image-preview:large, max-video-preview:-1\" \/>\n<link rel=\"canonical\" href=\"https:\/\/ptifa.com\/fr\/a-propos-de\/dr-phill-tzemis\/\" \/>\n<meta property=\"og:locale\" content=\"fr_CA\" \/>\n<meta property=\"og:type\" content=\"article\" \/>\n<meta property=\"og:title\" content=\"About Dr. Phill Tzemis, Dentist | PTIFAT Faculty\" \/>\n<meta property=\"og:description\" content=\"Dr. Tzemis is a clinical Instructor with PTIFAT and mentor on topics of facial rejuvenation, including botulinum toxin and dermal fillers.\" \/>\n<meta property=\"og:url\" content=\"https:\/\/ptifa.com\/fr\/a-propos-de\/dr-phill-tzemis\/\" \/>\n<meta property=\"og:site_name\" content=\"Pacific Training Institute for Facial Aesthetics &amp; Therapeutics\" \/>\n<meta property=\"article:modified_time\" content=\"2025-09-15T19:33:29+00:00\" \/>\n<meta property=\"og:image\" content=\"https:\/\/ptifa.com\/wp-content\/uploads\/2025\/03\/phill-tzemis-1.jpg\" \/>\n<meta name=\"twitter:card\" content=\"summary_large_image\" \/>\n<meta name=\"twitter:label1\" content=\"Estimation du temps de lecture\" \/>\n\t<meta name=\"twitter:data1\" content=\"2 minutes\" \/>\n<script type=\"application\/ld+json\" class=\"yoast-schema-graph\">{\"@context\":\"https:\\\/\\\/schema.org\",\"@graph\":[{\"@type\":\"WebPage\",\"@id\":\"https:\\\/\\\/ptifa.com\\\/about\\\/dr-phill-tzemis\\\/\",\"url\":\"https:\\\/\\\/ptifa.com\\\/about\\\/dr-phill-tzemis\\\/\",\"name\":\"About Dr. Phill Tzemis, Dentist | PTIFAT Faculty\",\"isPartOf\":{\"@id\":\"https:\\\/\\\/ptifa.com\\\/fr\\\/#website\"},\"primaryImageOfPage\":{\"@id\":\"https:\\\/\\\/ptifa.com\\\/about\\\/dr-phill-tzemis\\\/#primaryimage\"},\"image\":{\"@id\":\"https:\\\/\\\/ptifa.com\\\/about\\\/dr-phill-tzemis\\\/#primaryimage\"},\"thumbnailUrl\":\"https:\\\/\\\/ptifa.com\\\/wp-content\\\/uploads\\\/2025\\\/03\\\/phill-tzemis-1.jpg\",\"datePublished\":\"2025-03-21T11:16:48+00:00\",\"dateModified\":\"2025-09-15T19:33:29+00:00\",\"description\":\"Dr. Tzemis is a clinical Instructor with PTIFAT and mentor on topics of facial rejuvenation, including botulinum toxin and dermal fillers.\",\"breadcrumb\":{\"@id\":\"https:\\\/\\\/ptifa.com\\\/about\\\/dr-phill-tzemis\\\/#breadcrumb\"},\"inLanguage\":\"fr-CA\",\"potentialAction\":[{\"@type\":\"ReadAction\",\"target\":[\"https:\\\/\\\/ptifa.com\\\/about\\\/dr-phill-tzemis\\\/\"]}]},{\"@type\":\"ImageObject\",\"inLanguage\":\"fr-CA\",\"@id\":\"https:\\\/\\\/ptifa.com\\\/about\\\/dr-phill-tzemis\\\/#primaryimage\",\"url\":\"https:\\\/\\\/ptifa.com\\\/wp-content\\\/uploads\\\/2025\\\/03\\\/phill-tzemis-1.jpg\",\"contentUrl\":\"https:\\\/\\\/ptifa.com\\\/wp-content\\\/uploads\\\/2025\\\/03\\\/phill-tzemis-1.jpg\"},{\"@type\":\"BreadcrumbList\",\"@id\":\"https:\\\/\\\/ptifa.com\\\/about\\\/dr-phill-tzemis\\\/#breadcrumb\",\"itemListElement\":[{\"@type\":\"ListItem\",\"position\":1,\"name\":\"Home\",\"item\":\"https:\\\/\\\/ptifa.com\\\/\"},{\"@type\":\"ListItem\",\"position\":2,\"name\":\"About Us\",\"item\":\"https:\\\/\\\/ptifa.com\\\/about\\\/\"},{\"@type\":\"ListItem\",\"position\":3,\"name\":\"Dr. Phill Tzemis\"}]},{\"@type\":\"WebSite\",\"@id\":\"https:\\\/\\\/ptifa.com\\\/fr\\\/#website\",\"url\":\"https:\\\/\\\/ptifa.com\\\/fr\\\/\",\"name\":\"Pacific Training Institute for Facial Aesthetics &amp; Therapeutics\",\"description\":\"\",\"publisher\":{\"@id\":\"https:\\\/\\\/ptifa.com\\\/fr\\\/#organization\"},\"alternateName\":\"PTIFAT\",\"potentialAction\":[{\"@type\":\"SearchAction\",\"target\":{\"@type\":\"EntryPoint\",\"urlTemplate\":\"https:\\\/\\\/ptifa.com\\\/fr\\\/?s={search_term_string}\"},\"query-input\":{\"@type\":\"PropertyValueSpecification\",\"valueRequired\":true,\"valueName\":\"search_term_string\"}}],\"inLanguage\":\"fr-CA\"},{\"@type\":\"Organization\",\"@id\":\"https:\\\/\\\/ptifa.com\\\/fr\\\/#organization\",\"name\":\"Pacific Training Institute for Facial Aesthetics & Therapeutics\",\"alternateName\":\"PTIFAT\",\"url\":\"https:\\\/\\\/ptifa.com\\\/fr\\\/\",\"logo\":{\"@type\":\"ImageObject\",\"inLanguage\":\"fr-CA\",\"@id\":\"https:\\\/\\\/ptifa.com\\\/fr\\\/#\\\/schema\\\/logo\\\/image\\\/\",\"url\":\"https:\\\/\\\/ptifa.com\\\/wp-content\\\/uploads\\\/2025\\\/02\\\/ptifa-logo.svg\",\"contentUrl\":\"https:\\\/\\\/ptifa.com\\\/wp-content\\\/uploads\\\/2025\\\/02\\\/ptifa-logo.svg\",\"width\":310,\"height\":42,\"caption\":\"Pacific Training Institute for Facial Aesthetics & Therapeutics\"},\"image\":{\"@id\":\"https:\\\/\\\/ptifa.com\\\/fr\\\/#\\\/schema\\\/logo\\\/image\\\/\"}}]}<\/script>\n<!-- \/ Yoast SEO plugin. -->","yoast_head_json":{"title":"A propos du Dr. Phill Tzemis, Dentiste | Facult\u00e9 PTIFAT","description":"Le docteur Tzemis est instructeur clinique aupr\u00e8s de PTIFAT et mentor sur les th\u00e8mes du rajeunissement du visage, y compris la toxine botulique et les produits de comblement dermique.","robots":{"index":"index","follow":"follow","max-snippet":"max-snippet:-1","max-image-preview":"max-image-preview:large","max-video-preview":"max-video-preview:-1"},"canonical":"https:\/\/ptifa.com\/fr\/a-propos-de\/dr-phill-tzemis\/","og_locale":"fr_CA","og_type":"article","og_title":"About Dr. Phill Tzemis, Dentist | PTIFAT Faculty","og_description":"Dr. Tzemis is a clinical Instructor with PTIFAT and mentor on topics of facial rejuvenation, including botulinum toxin and dermal fillers.","og_url":"https:\/\/ptifa.com\/fr\/a-propos-de\/dr-phill-tzemis\/","og_site_name":"Pacific Training Institute for Facial Aesthetics &amp; Therapeutics","article_modified_time":"2025-09-15T19:33:29+00:00","og_image":[{"url":"https:\/\/ptifa.com\/wp-content\/uploads\/2025\/03\/phill-tzemis-1.jpg","type":"","width":"","height":""}],"twitter_card":"summary_large_image","twitter_misc":{"Estimation du temps de lecture":"2 minutes"},"schema":{"@context":"https:\/\/schema.org","@graph":[{"@type":"WebPage","@id":"https:\/\/ptifa.com\/about\/dr-phill-tzemis\/","url":"https:\/\/ptifa.com\/about\/dr-phill-tzemis\/","name":"A propos du Dr. Phill Tzemis, Dentiste | Facult\u00e9 PTIFAT","isPartOf":{"@id":"https:\/\/ptifa.com\/fr\/#website"},"primaryImageOfPage":{"@id":"https:\/\/ptifa.com\/about\/dr-phill-tzemis\/#primaryimage"},"image":{"@id":"https:\/\/ptifa.com\/about\/dr-phill-tzemis\/#primaryimage"},"thumbnailUrl":"https:\/\/ptifa.com\/wp-content\/uploads\/2025\/03\/phill-tzemis-1.jpg","datePublished":"2025-03-21T11:16:48+00:00","dateModified":"2025-09-15T19:33:29+00:00","description":"Le docteur Tzemis est instructeur clinique aupr\u00e8s de PTIFAT et mentor sur les th\u00e8mes du rajeunissement du visage, y compris la toxine botulique et les produits de comblement dermique.","breadcrumb":{"@id":"https:\/\/ptifa.com\/about\/dr-phill-tzemis\/#breadcrumb"},"inLanguage":"fr-CA","potentialAction":[{"@type":"ReadAction","target":["https:\/\/ptifa.com\/about\/dr-phill-tzemis\/"]}]},{"@type":"ImageObject","inLanguage":"fr-CA","@id":"https:\/\/ptifa.com\/about\/dr-phill-tzemis\/#primaryimage","url":"https:\/\/ptifa.com\/wp-content\/uploads\/2025\/03\/phill-tzemis-1.jpg","contentUrl":"https:\/\/ptifa.com\/wp-content\/uploads\/2025\/03\/phill-tzemis-1.jpg"},{"@type":"BreadcrumbList","@id":"https:\/\/ptifa.com\/about\/dr-phill-tzemis\/#breadcrumb","itemListElement":[{"@type":"ListItem","position":1,"name":"Home","item":"https:\/\/ptifa.com\/"},{"@type":"ListItem","position":2,"name":"About Us","item":"https:\/\/ptifa.com\/about\/"},{"@type":"ListItem","position":3,"name":"Dr. Phill Tzemis"}]},{"@type":"WebSite","@id":"https:\/\/ptifa.com\/fr\/#website","url":"https:\/\/ptifa.com\/fr\/","name":"Institut de formation du Pacifique pour l'esth\u00e9tique faciale et la th\u00e9rapeutique","description":"","publisher":{"@id":"https:\/\/ptifa.com\/fr\/#organization"},"alternateName":"PTIFAT","potentialAction":[{"@type":"SearchAction","target":{"@type":"EntryPoint","urlTemplate":"https:\/\/ptifa.com\/fr\/?s={search_term_string}"},"query-input":{"@type":"PropertyValueSpecification","valueRequired":true,"valueName":"search_term_string"}}],"inLanguage":"fr-CA"},{"@type":"Organization","@id":"https:\/\/ptifa.com\/fr\/#organization","name":"Institut de formation du Pacifique pour l'esth\u00e9tique faciale et la th\u00e9rapeutique","alternateName":"PTIFAT","url":"https:\/\/ptifa.com\/fr\/","logo":{"@type":"ImageObject","inLanguage":"fr-CA","@id":"https:\/\/ptifa.com\/fr\/#\/schema\/logo\/image\/","url":"https:\/\/ptifa.com\/wp-content\/uploads\/2025\/02\/ptifa-logo.svg","contentUrl":"https:\/\/ptifa.com\/wp-content\/uploads\/2025\/02\/ptifa-logo.svg","width":310,"height":42,"caption":"Pacific Training Institute for Facial Aesthetics & Therapeutics"},"image":{"@id":"https:\/\/ptifa.com\/fr\/#\/schema\/logo\/image\/"}}]}},"_links":{"self":[{"href":"https:\/\/ptifa.com\/fr\/wp-json\/wp\/v2\/pages\/2107","targetHints":{"allow":["GET"]}}],"collection":[{"href":"https:\/\/ptifa.com\/fr\/wp-json\/wp\/v2\/pages"}],"about":[{"href":"https:\/\/ptifa.com\/fr\/wp-json\/wp\/v2\/types\/page"}],"author":[{"embeddable":true,"href":"https:\/\/ptifa.com\/fr\/wp-json\/wp\/v2\/users\/3"}],"replies":[{"embeddable":true,"href":"https:\/\/ptifa.com\/fr\/wp-json\/wp\/v2\/comments?post=2107"}],"version-history":[{"count":10,"href":"https:\/\/ptifa.com\/fr\/wp-json\/wp\/v2\/pages\/2107\/revisions"}],"predecessor-version":[{"id":5493,"href":"https:\/\/ptifa.com\/fr\/wp-json\/wp\/v2\/pages\/2107\/revisions\/5493"}],"up":[{"embeddable":true,"href":"https:\/\/ptifa.com\/fr\/wp-json\/wp\/v2\/pages\/221"}],"wp:attachment":[{"href":"https:\/\/ptifa.com\/fr\/wp-json\/wp\/v2\/media?parent=2107"}],"curies":[{"name":"wp","href":"https:\/\/api.w.org\/{rel}","templated":true}]}}