{"id":2109,"date":"2025-03-21T11:16:22","date_gmt":"2025-03-21T11:16:22","guid":{"rendered":"https:\/\/ptifa.com\/?page_id=2109"},"modified":"2025-09-15T19:34:57","modified_gmt":"2025-09-15T19:34:57","slug":"dr-etaoin-quinn","status":"publish","type":"page","link":"https:\/\/ptifa.com\/fr\/about\/dr-etaoin-quinn\/","title":{"rendered":"Dr. Etaoin Quinn"},"content":{"rendered":"<div class=\"gb-element-1260e4e8\">\n<div class=\"gb-element-2239a457  grid-container\">\n<div class=\"gb-element-fb322c90\">\n<div class=\"gb-element-44e96230\"><span><span><a href=\"https:\/\/ptifa.com\/fr\/\">Accueil<\/a><\/span><\/span>\n<\/div>\n<\/div>\n<\/div>\n\n\n\n<div class=\"gb-element-f2fa02af  grid-container\">\n<div class=\"gb-element-975669b6\">\n<div class=\"gb-element-0e7dc8a1\">\n<img loading=\"lazy\" decoding=\"async\" width=\"528\" height=\"540\" class=\"gb-media-962bd12f\" src=\"https:\/\/ptifa.com\/wp-content\/uploads\/2025\/03\/etaoin-quinn-1-1.jpg\" title=\"etaoin-quinn-\" srcset=\"https:\/\/ptifa.com\/wp-content\/uploads\/2025\/03\/etaoin-quinn-1-1.jpg 528w, https:\/\/ptifa.com\/wp-content\/uploads\/2025\/03\/etaoin-quinn-1-1-293x300.jpg 293w\" sizes=\"auto, (max-width: 528px) 100vw, 528px\" \/>\n<\/div>\n\n\n\n<div class=\"gb-element-55989723\">\n<h1 class=\"gb-text gb-text-e3d7a385\">Dr. Etaoin Quinn<\/h1>\n\n\n\n<p class=\"gb-text gb-text-a7bca8ea\">Dentiste<\/p>\n<\/div>\n<\/div>\n<\/div>\n<\/div>\n\n\n\n<div class=\"gb-element-68e4a1f4\">\n<div class=\"gb-element-47c7d4f3  grid-container\">\n<div class=\"gb-element-3e65db04\">\n<div class=\"gb-element-b6a9decb\"><\/div>\n\n\n\n<div class=\"gb-element-f81f3e1c\">\n<p>Le Dr Etaoin Quinn est une dentiste esth\u00e9tique irlandaise qui exerce depuis 2016. Le Dr Quinn a obtenu sa licence en chirurgie dentaire \u00e0 l'universit\u00e9 de Bristol, en Angleterre, ainsi qu'une licence en sciences, psychologie (avec mention), \u00e0 l'universit\u00e9 de Liverpool, en Angleterre.<\/p>\n\n\n\n<p>Int\u00e9ress\u00e9e par la dentisterie esth\u00e9tique conservatrice, le docteur Quinn aime les collages cosm\u00e9tiques et les transformations conservatrices du sourire. Le docteur Quinn a commenc\u00e9 \u00e0 d\u00e9velopper ses comp\u00e9tences dans le domaine des produits injectables cosm\u00e9tiques en suivant des cours de formation suppl\u00e9mentaires \u00e0 Londres. Dans son cabinet d'Irlande du Nord, le docteur Quinn a rapidement d\u00e9velopp\u00e9 une passion pour la fa\u00e7on dont les traitements au Botox\u00ae et au Dermal Filler peuvent aider \u00e0 obtenir un meilleur r\u00e9sultat esth\u00e9tique global et avoir un impact positif sur l'estime de soi des patients.<\/p>\n\n\n\n<p>Le Dr Quinn a eu l'occasion d'entreprendre une r\u00e9sidence de sept mois avec le Dr Warren Roberts au PTIFAT \u00e0 Vancouver, au Canada. Elle a rapidement d\u00e9couvert que le niveau de formation offert par PTIFAT \u00e9tait sans pr\u00e9c\u00e9dent - il surpassait tous les programmes de formation multiples qu'elle avait entrepris auparavant. Passionn\u00e9e par l'am\u00e9lioration de la qualit\u00e9 des soins aux patients, le Dr Quinn a rejoint PTIFAT en tant qu'instructrice clinique. Le Dr Quinn croit fermement que le programme d'\u00e9tudes de PTIFAT devrait \u00eatre une norme internationale pour tous les praticiens. Elle est passionn\u00e9e par l'id\u00e9e d'apporter la formation de PTIFAT au Royaume-Uni et en Europe et d'aider les praticiens et les membres de l'\u00e9quipe \u00e0 incorporer avec succ\u00e8s les produits injectables dans leur pratique.<\/p>\n<\/div>\n<\/div>\n<\/div>\n<\/div>","protected":false},"excerpt":{"rendered":"<p>Dr. Etaoin Quinn Dentist Dr. Etaoin Quinn is an aesthetic dentist in Ireland who has been in practice since 2016. Dr. Quinn received her Bachelor of Dental Surgery degree from the University of Bristol England, and also a Bachelor of Sciences Degree, Psychology (Hons) from the University of Liverpool, England. With a keen interest in &#8230; <a title=\"Dr. Etaoin Quinn\" class=\"read-more\" href=\"https:\/\/ptifa.com\/fr\/about\/dr-etaoin-quinn\/\" aria-label=\"Read more about Dr. Etaoin Quinn\">En savoir plus<\/a><\/p>","protected":false},"author":3,"featured_media":0,"parent":221,"menu_order":0,"comment_status":"closed","ping_status":"closed","template":"","meta":{"_acf_changed":false,"inline_featured_image":false,"footnotes":""},"class_list":["post-2109","page","type-page","status-publish"],"acf":[],"yoast_head":"<!-- This site is optimized with the Yoast SEO plugin v27.3 - https:\/\/yoast.com\/product\/yoast-seo-wordpress\/ -->\n<title>About Dr. Etaoin Quinn, Dentist | PTIFAT Faculty<\/title>\n<meta name=\"description\" content=\"Dr. Quinn is an aesthetic dentist from Ireland who has been in practice since 2016. Dr. Quinn enjoys cosmetic bonding and conservative smile make-overs.\" \/>\n<meta name=\"robots\" content=\"index, follow, max-snippet:-1, max-image-preview:large, max-video-preview:-1\" \/>\n<link rel=\"canonical\" href=\"https:\/\/ptifa.com\/fr\/a-propos-de\/dr-etaoin-quinn\/\" \/>\n<meta property=\"og:locale\" content=\"fr_CA\" \/>\n<meta property=\"og:type\" content=\"article\" \/>\n<meta property=\"og:title\" content=\"About Dr. Etaoin Quinn, Dentist | PTIFAT Faculty\" \/>\n<meta property=\"og:description\" content=\"Dr. Quinn is an aesthetic dentist from Ireland who has been in practice since 2016. Dr. Quinn enjoys cosmetic bonding and conservative smile make-overs.\" \/>\n<meta property=\"og:url\" content=\"https:\/\/ptifa.com\/fr\/a-propos-de\/dr-etaoin-quinn\/\" \/>\n<meta property=\"og:site_name\" content=\"Pacific Training Institute for Facial Aesthetics &amp; Therapeutics\" \/>\n<meta property=\"article:modified_time\" content=\"2025-09-15T19:34:57+00:00\" \/>\n<meta property=\"og:image\" content=\"https:\/\/ptifa.com\/wp-content\/uploads\/2025\/03\/etaoin-quinn-1-1.jpg\" \/>\n<meta name=\"twitter:card\" content=\"summary_large_image\" \/>\n<meta name=\"twitter:label1\" content=\"Estimation du temps de lecture\" \/>\n\t<meta name=\"twitter:data1\" content=\"2 minutes\" \/>\n<script type=\"application\/ld+json\" class=\"yoast-schema-graph\">{\"@context\":\"https:\\\/\\\/schema.org\",\"@graph\":[{\"@type\":\"WebPage\",\"@id\":\"https:\\\/\\\/ptifa.com\\\/about\\\/dr-etaoin-quinn\\\/\",\"url\":\"https:\\\/\\\/ptifa.com\\\/about\\\/dr-etaoin-quinn\\\/\",\"name\":\"About Dr. Etaoin Quinn, Dentist | PTIFAT Faculty\",\"isPartOf\":{\"@id\":\"https:\\\/\\\/ptifa.com\\\/fr\\\/#website\"},\"primaryImageOfPage\":{\"@id\":\"https:\\\/\\\/ptifa.com\\\/about\\\/dr-etaoin-quinn\\\/#primaryimage\"},\"image\":{\"@id\":\"https:\\\/\\\/ptifa.com\\\/about\\\/dr-etaoin-quinn\\\/#primaryimage\"},\"thumbnailUrl\":\"https:\\\/\\\/ptifa.com\\\/wp-content\\\/uploads\\\/2025\\\/03\\\/etaoin-quinn-1-1.jpg\",\"datePublished\":\"2025-03-21T11:16:22+00:00\",\"dateModified\":\"2025-09-15T19:34:57+00:00\",\"description\":\"Dr. Quinn is an aesthetic dentist from Ireland who has been in practice since 2016. Dr. Quinn enjoys cosmetic bonding and conservative smile make-overs.\",\"breadcrumb\":{\"@id\":\"https:\\\/\\\/ptifa.com\\\/about\\\/dr-etaoin-quinn\\\/#breadcrumb\"},\"inLanguage\":\"fr-CA\",\"potentialAction\":[{\"@type\":\"ReadAction\",\"target\":[\"https:\\\/\\\/ptifa.com\\\/about\\\/dr-etaoin-quinn\\\/\"]}]},{\"@type\":\"ImageObject\",\"inLanguage\":\"fr-CA\",\"@id\":\"https:\\\/\\\/ptifa.com\\\/about\\\/dr-etaoin-quinn\\\/#primaryimage\",\"url\":\"https:\\\/\\\/ptifa.com\\\/wp-content\\\/uploads\\\/2025\\\/03\\\/etaoin-quinn-1-1.jpg\",\"contentUrl\":\"https:\\\/\\\/ptifa.com\\\/wp-content\\\/uploads\\\/2025\\\/03\\\/etaoin-quinn-1-1.jpg\"},{\"@type\":\"BreadcrumbList\",\"@id\":\"https:\\\/\\\/ptifa.com\\\/about\\\/dr-etaoin-quinn\\\/#breadcrumb\",\"itemListElement\":[{\"@type\":\"ListItem\",\"position\":1,\"name\":\"Home\",\"item\":\"https:\\\/\\\/ptifa.com\\\/\"},{\"@type\":\"ListItem\",\"position\":2,\"name\":\"About Us\",\"item\":\"https:\\\/\\\/ptifa.com\\\/about\\\/\"},{\"@type\":\"ListItem\",\"position\":3,\"name\":\"Dr. Etaoin Quinn\"}]},{\"@type\":\"WebSite\",\"@id\":\"https:\\\/\\\/ptifa.com\\\/fr\\\/#website\",\"url\":\"https:\\\/\\\/ptifa.com\\\/fr\\\/\",\"name\":\"Pacific Training Institute for Facial Aesthetics &amp; Therapeutics\",\"description\":\"\",\"publisher\":{\"@id\":\"https:\\\/\\\/ptifa.com\\\/fr\\\/#organization\"},\"alternateName\":\"PTIFAT\",\"potentialAction\":[{\"@type\":\"SearchAction\",\"target\":{\"@type\":\"EntryPoint\",\"urlTemplate\":\"https:\\\/\\\/ptifa.com\\\/fr\\\/?s={search_term_string}\"},\"query-input\":{\"@type\":\"PropertyValueSpecification\",\"valueRequired\":true,\"valueName\":\"search_term_string\"}}],\"inLanguage\":\"fr-CA\"},{\"@type\":\"Organization\",\"@id\":\"https:\\\/\\\/ptifa.com\\\/fr\\\/#organization\",\"name\":\"Pacific Training Institute for Facial Aesthetics & Therapeutics\",\"alternateName\":\"PTIFAT\",\"url\":\"https:\\\/\\\/ptifa.com\\\/fr\\\/\",\"logo\":{\"@type\":\"ImageObject\",\"inLanguage\":\"fr-CA\",\"@id\":\"https:\\\/\\\/ptifa.com\\\/fr\\\/#\\\/schema\\\/logo\\\/image\\\/\",\"url\":\"https:\\\/\\\/ptifa.com\\\/wp-content\\\/uploads\\\/2025\\\/02\\\/ptifa-logo.svg\",\"contentUrl\":\"https:\\\/\\\/ptifa.com\\\/wp-content\\\/uploads\\\/2025\\\/02\\\/ptifa-logo.svg\",\"width\":310,\"height\":42,\"caption\":\"Pacific Training Institute for Facial Aesthetics & Therapeutics\"},\"image\":{\"@id\":\"https:\\\/\\\/ptifa.com\\\/fr\\\/#\\\/schema\\\/logo\\\/image\\\/\"}}]}<\/script>\n<!-- \/ Yoast SEO plugin. -->","yoast_head_json":{"title":"A propos du Dr. Etaoin Quinn, Dentiste | Facult\u00e9 PTIFAT","description":"Le Dr Quinn est un dentiste esth\u00e9tique irlandais qui exerce depuis 2016. Le Dr Quinn aime le collage cosm\u00e9tique et les transformations conservatrices du sourire.","robots":{"index":"index","follow":"follow","max-snippet":"max-snippet:-1","max-image-preview":"max-image-preview:large","max-video-preview":"max-video-preview:-1"},"canonical":"https:\/\/ptifa.com\/fr\/a-propos-de\/dr-etaoin-quinn\/","og_locale":"fr_CA","og_type":"article","og_title":"About Dr. Etaoin Quinn, Dentist | PTIFAT Faculty","og_description":"Dr. Quinn is an aesthetic dentist from Ireland who has been in practice since 2016. Dr. Quinn enjoys cosmetic bonding and conservative smile make-overs.","og_url":"https:\/\/ptifa.com\/fr\/a-propos-de\/dr-etaoin-quinn\/","og_site_name":"Pacific Training Institute for Facial Aesthetics &amp; Therapeutics","article_modified_time":"2025-09-15T19:34:57+00:00","og_image":[{"url":"https:\/\/ptifa.com\/wp-content\/uploads\/2025\/03\/etaoin-quinn-1-1.jpg","type":"","width":"","height":""}],"twitter_card":"summary_large_image","twitter_misc":{"Estimation du temps de lecture":"2 minutes"},"schema":{"@context":"https:\/\/schema.org","@graph":[{"@type":"WebPage","@id":"https:\/\/ptifa.com\/about\/dr-etaoin-quinn\/","url":"https:\/\/ptifa.com\/about\/dr-etaoin-quinn\/","name":"A propos du Dr. Etaoin Quinn, Dentiste | Facult\u00e9 PTIFAT","isPartOf":{"@id":"https:\/\/ptifa.com\/fr\/#website"},"primaryImageOfPage":{"@id":"https:\/\/ptifa.com\/about\/dr-etaoin-quinn\/#primaryimage"},"image":{"@id":"https:\/\/ptifa.com\/about\/dr-etaoin-quinn\/#primaryimage"},"thumbnailUrl":"https:\/\/ptifa.com\/wp-content\/uploads\/2025\/03\/etaoin-quinn-1-1.jpg","datePublished":"2025-03-21T11:16:22+00:00","dateModified":"2025-09-15T19:34:57+00:00","description":"Le Dr Quinn est un dentiste esth\u00e9tique irlandais qui exerce depuis 2016. Le Dr Quinn aime le collage cosm\u00e9tique et les transformations conservatrices du sourire.","breadcrumb":{"@id":"https:\/\/ptifa.com\/about\/dr-etaoin-quinn\/#breadcrumb"},"inLanguage":"fr-CA","potentialAction":[{"@type":"ReadAction","target":["https:\/\/ptifa.com\/about\/dr-etaoin-quinn\/"]}]},{"@type":"ImageObject","inLanguage":"fr-CA","@id":"https:\/\/ptifa.com\/about\/dr-etaoin-quinn\/#primaryimage","url":"https:\/\/ptifa.com\/wp-content\/uploads\/2025\/03\/etaoin-quinn-1-1.jpg","contentUrl":"https:\/\/ptifa.com\/wp-content\/uploads\/2025\/03\/etaoin-quinn-1-1.jpg"},{"@type":"BreadcrumbList","@id":"https:\/\/ptifa.com\/about\/dr-etaoin-quinn\/#breadcrumb","itemListElement":[{"@type":"ListItem","position":1,"name":"Home","item":"https:\/\/ptifa.com\/"},{"@type":"ListItem","position":2,"name":"About Us","item":"https:\/\/ptifa.com\/about\/"},{"@type":"ListItem","position":3,"name":"Dr. Etaoin Quinn"}]},{"@type":"WebSite","@id":"https:\/\/ptifa.com\/fr\/#website","url":"https:\/\/ptifa.com\/fr\/","name":"Institut de formation du Pacifique pour l'esth\u00e9tique faciale et la th\u00e9rapeutique","description":"","publisher":{"@id":"https:\/\/ptifa.com\/fr\/#organization"},"alternateName":"PTIFAT","potentialAction":[{"@type":"SearchAction","target":{"@type":"EntryPoint","urlTemplate":"https:\/\/ptifa.com\/fr\/?s={search_term_string}"},"query-input":{"@type":"PropertyValueSpecification","valueRequired":true,"valueName":"search_term_string"}}],"inLanguage":"fr-CA"},{"@type":"Organization","@id":"https:\/\/ptifa.com\/fr\/#organization","name":"Institut de formation du Pacifique pour l'esth\u00e9tique faciale et la th\u00e9rapeutique","alternateName":"PTIFAT","url":"https:\/\/ptifa.com\/fr\/","logo":{"@type":"ImageObject","inLanguage":"fr-CA","@id":"https:\/\/ptifa.com\/fr\/#\/schema\/logo\/image\/","url":"https:\/\/ptifa.com\/wp-content\/uploads\/2025\/02\/ptifa-logo.svg","contentUrl":"https:\/\/ptifa.com\/wp-content\/uploads\/2025\/02\/ptifa-logo.svg","width":310,"height":42,"caption":"Pacific Training Institute for Facial Aesthetics & Therapeutics"},"image":{"@id":"https:\/\/ptifa.com\/fr\/#\/schema\/logo\/image\/"}}]}},"_links":{"self":[{"href":"https:\/\/ptifa.com\/fr\/wp-json\/wp\/v2\/pages\/2109","targetHints":{"allow":["GET"]}}],"collection":[{"href":"https:\/\/ptifa.com\/fr\/wp-json\/wp\/v2\/pages"}],"about":[{"href":"https:\/\/ptifa.com\/fr\/wp-json\/wp\/v2\/types\/page"}],"author":[{"embeddable":true,"href":"https:\/\/ptifa.com\/fr\/wp-json\/wp\/v2\/users\/3"}],"replies":[{"embeddable":true,"href":"https:\/\/ptifa.com\/fr\/wp-json\/wp\/v2\/comments?post=2109"}],"version-history":[{"count":10,"href":"https:\/\/ptifa.com\/fr\/wp-json\/wp\/v2\/pages\/2109\/revisions"}],"predecessor-version":[{"id":5497,"href":"https:\/\/ptifa.com\/fr\/wp-json\/wp\/v2\/pages\/2109\/revisions\/5497"}],"up":[{"embeddable":true,"href":"https:\/\/ptifa.com\/fr\/wp-json\/wp\/v2\/pages\/221"}],"wp:attachment":[{"href":"https:\/\/ptifa.com\/fr\/wp-json\/wp\/v2\/media?parent=2109"}],"curies":[{"name":"wp","href":"https:\/\/api.w.org\/{rel}","templated":true}]}}