{"id":2111,"date":"2025-03-21T11:16:37","date_gmt":"2025-03-21T11:16:37","guid":{"rendered":"https:\/\/ptifa.com\/?page_id=2111"},"modified":"2025-09-15T19:35:20","modified_gmt":"2025-09-15T19:35:20","slug":"dr-john-montague","status":"publish","type":"page","link":"https:\/\/ptifa.com\/fr\/about\/dr-john-montague\/","title":{"rendered":"Dr. John Montague"},"content":{"rendered":"<div class=\"gb-element-1260e4e8\">\n<div class=\"gb-element-2239a457  grid-container\">\n<div class=\"gb-element-fb322c90\">\n<div class=\"gb-element-b4db8b13\"><span><span><a href=\"https:\/\/ptifa.com\/fr\/\">Accueil<\/a><\/span><\/span>\n<\/div>\n<\/div>\n<\/div>\n\n\n\n<div class=\"gb-element-f2fa02af  grid-container\">\n<div class=\"gb-element-975669b6\">\n<div class=\"gb-element-0e7dc8a1\">\n<img loading=\"lazy\" decoding=\"async\" width=\"1200\" height=\"1240\" class=\"gb-media-962bd12f\" src=\"https:\/\/ptifa.com\/wp-content\/uploads\/2025\/03\/john-montague-1.jpg\" title=\"john-montague\" srcset=\"https:\/\/ptifa.com\/wp-content\/uploads\/2025\/03\/john-montague-1.jpg 1200w, https:\/\/ptifa.com\/wp-content\/uploads\/2025\/03\/john-montague-1-290x300.jpg 290w, https:\/\/ptifa.com\/wp-content\/uploads\/2025\/03\/john-montague-1-991x1024.jpg 991w, https:\/\/ptifa.com\/wp-content\/uploads\/2025\/03\/john-montague-1-768x794.jpg 768w, https:\/\/ptifa.com\/wp-content\/uploads\/2025\/03\/john-montague-1-600x620.jpg 600w\" sizes=\"auto, (max-width: 1200px) 100vw, 1200px\" \/>\n<\/div>\n\n\n\n<div class=\"gb-element-55989723\">\n<h1 class=\"gb-text gb-text-e3d7a385\">Dr. John Montague<\/h1>\n\n\n\n<p class=\"gb-text gb-text-a7bca8ea\">Dentiste<\/p>\n<\/div>\n<\/div>\n<\/div>\n<\/div>\n\n\n\n<div class=\"gb-element-68e4a1f4\">\n<div class=\"gb-element-47c7d4f3  grid-container\">\n<div class=\"gb-element-3e65db04\">\n<div class=\"gb-element-b6a9decb\"><\/div>\n\n\n\n<div class=\"gb-element-f81f3e1c\">\n<p>Le Dr John Montague est dipl\u00f4m\u00e9 de l'Universit\u00e9 de Toronto (1994) et exerce depuis plus de 20 ans \u00e0 Calgary (Alberta) et \u00e0 Vancouver (Colombie-Britannique). L'objectif principal de la pratique du Dr Montague est de fournir des soins exceptionnels aux patients.<\/p>\n\n\n\n<p>D\u00e9fenseur de la dentisterie restauratrice conservatrice et passionn\u00e9 par les m\u00e9thodes peu invasives qui am\u00e9liorent la vie de ses patients, le docteur Montague a suivi une formation approfondie dans ce domaine et est r\u00e9put\u00e9 pour son approche douce et efficace.<\/p>\n\n\n\n<p>L'int\u00e9r\u00eat du Dr Montague pour l'utilisation du Botox<em>\u00ae<\/em> Le Dr Montague est convaincu qu'il est imp\u00e9ratif que les patients re\u00e7oivent le plus haut niveau de soins et de r\u00e9sultats, avec le moins d'inconfort possible. En tant que membre principal de l'\u00e9quipe PTIFAT, le Dr Montague estime que le programme PTIFAT est le seul \u00e0 offrir une formation approfondie et une m\u00e9thodologie sup\u00e9rieure pour garantir la qualit\u00e9 des soins et les r\u00e9sultats esth\u00e9tiques que les praticiens et les patients sont en droit d'attendre.<\/p>\n\n\n\n<p>Le Dr Montague est certifi\u00e9 par le Bureau national d'examen dentaire du Canada et autoris\u00e9 par le College of Dental Surgeons of Alberta et le College of Dental Surgeons of British Columbia. Il est honor\u00e9 d'\u00eatre un instructeur clinique actif aupr\u00e8s de PTIFAT et de participer \u00e0 l'am\u00e9lioration de la qualit\u00e9 de l'enseignement dans le domaine du rajeunissement facial.<\/p>\n\n\n\n<p>Le docteur Montague exerce actuellement \u00e0&nbsp;<a href=\"https:\/\/centennialsmiles.ca\/meet-dr-rhemtulla\/\" target=\"_blank\" rel=\"noreferrer noopener\">Centennial Smiles Dental<\/a>&nbsp;\u00e0 Calgary, AB.<\/p>\n<\/div>\n<\/div>\n<\/div>\n<\/div>","protected":false},"excerpt":{"rendered":"<p>Dr. John Montague Dentist Dr. John Montague is a graduate of the University of Toronto (1994) and has been in clinical practice for over 20 years in Calgary, Alberta and Vancouver, British Columbia. The primary focus of Dr. Montague\u2019s practice is dedicated to providing exceptional patient care. As an advocate for conservative restorative dentistry and &#8230; <a title=\"Dr. John Montague\" class=\"read-more\" href=\"https:\/\/ptifa.com\/fr\/about\/dr-john-montague\/\" aria-label=\"Read more about Dr. John Montague\">En savoir plus<\/a><\/p>","protected":false},"author":3,"featured_media":0,"parent":221,"menu_order":0,"comment_status":"closed","ping_status":"closed","template":"","meta":{"_acf_changed":false,"inline_featured_image":false,"footnotes":""},"class_list":["post-2111","page","type-page","status-publish"],"acf":[],"yoast_head":"<!-- This site is optimized with the Yoast SEO plugin v27.3 - https:\/\/yoast.com\/product\/yoast-seo-wordpress\/ -->\n<title>About Dr. John Montague, Dentist | PTIFAT Faculty<\/title>\n<meta name=\"description\" content=\"As an advocate for conservative restorative dentistry and a passion for minimally invasive methods, Dr. Montague is renown for his gentle and effective approach.\" \/>\n<meta name=\"robots\" content=\"index, follow, max-snippet:-1, max-image-preview:large, max-video-preview:-1\" \/>\n<link rel=\"canonical\" href=\"https:\/\/ptifa.com\/fr\/a-propos-de\/dr-john-montague\/\" \/>\n<meta property=\"og:locale\" content=\"fr_CA\" \/>\n<meta property=\"og:type\" content=\"article\" \/>\n<meta property=\"og:title\" content=\"About Dr. John Montague, Dentist | PTIFAT Faculty\" \/>\n<meta property=\"og:description\" content=\"As an advocate for conservative restorative dentistry and a passion for minimally invasive methods, Dr. Montague is renown for his gentle and effective approach.\" \/>\n<meta property=\"og:url\" content=\"https:\/\/ptifa.com\/fr\/a-propos-de\/dr-john-montague\/\" \/>\n<meta property=\"og:site_name\" content=\"Pacific Training Institute for Facial Aesthetics &amp; Therapeutics\" \/>\n<meta property=\"article:modified_time\" content=\"2025-09-15T19:35:20+00:00\" \/>\n<meta property=\"og:image\" content=\"https:\/\/ptifa.com\/wp-content\/uploads\/2025\/03\/john-montague-1.jpg\" \/>\n<meta name=\"twitter:card\" content=\"summary_large_image\" \/>\n<meta name=\"twitter:label1\" content=\"Estimation du temps de lecture\" \/>\n\t<meta name=\"twitter:data1\" content=\"2 minutes\" \/>\n<script type=\"application\/ld+json\" class=\"yoast-schema-graph\">{\"@context\":\"https:\\\/\\\/schema.org\",\"@graph\":[{\"@type\":\"WebPage\",\"@id\":\"https:\\\/\\\/ptifa.com\\\/about\\\/dr-john-montague\\\/\",\"url\":\"https:\\\/\\\/ptifa.com\\\/about\\\/dr-john-montague\\\/\",\"name\":\"About Dr. John Montague, Dentist | PTIFAT Faculty\",\"isPartOf\":{\"@id\":\"https:\\\/\\\/ptifa.com\\\/fr\\\/#website\"},\"primaryImageOfPage\":{\"@id\":\"https:\\\/\\\/ptifa.com\\\/about\\\/dr-john-montague\\\/#primaryimage\"},\"image\":{\"@id\":\"https:\\\/\\\/ptifa.com\\\/about\\\/dr-john-montague\\\/#primaryimage\"},\"thumbnailUrl\":\"https:\\\/\\\/ptifa.com\\\/wp-content\\\/uploads\\\/2025\\\/03\\\/john-montague-1.jpg\",\"datePublished\":\"2025-03-21T11:16:37+00:00\",\"dateModified\":\"2025-09-15T19:35:20+00:00\",\"description\":\"As an advocate for conservative restorative dentistry and a passion for minimally invasive methods, Dr. Montague is renown for his gentle and effective approach.\",\"breadcrumb\":{\"@id\":\"https:\\\/\\\/ptifa.com\\\/about\\\/dr-john-montague\\\/#breadcrumb\"},\"inLanguage\":\"fr-CA\",\"potentialAction\":[{\"@type\":\"ReadAction\",\"target\":[\"https:\\\/\\\/ptifa.com\\\/about\\\/dr-john-montague\\\/\"]}]},{\"@type\":\"ImageObject\",\"inLanguage\":\"fr-CA\",\"@id\":\"https:\\\/\\\/ptifa.com\\\/about\\\/dr-john-montague\\\/#primaryimage\",\"url\":\"https:\\\/\\\/ptifa.com\\\/wp-content\\\/uploads\\\/2025\\\/03\\\/john-montague-1.jpg\",\"contentUrl\":\"https:\\\/\\\/ptifa.com\\\/wp-content\\\/uploads\\\/2025\\\/03\\\/john-montague-1.jpg\"},{\"@type\":\"BreadcrumbList\",\"@id\":\"https:\\\/\\\/ptifa.com\\\/about\\\/dr-john-montague\\\/#breadcrumb\",\"itemListElement\":[{\"@type\":\"ListItem\",\"position\":1,\"name\":\"Home\",\"item\":\"https:\\\/\\\/ptifa.com\\\/\"},{\"@type\":\"ListItem\",\"position\":2,\"name\":\"About Us\",\"item\":\"https:\\\/\\\/ptifa.com\\\/about\\\/\"},{\"@type\":\"ListItem\",\"position\":3,\"name\":\"Dr. John Montague\"}]},{\"@type\":\"WebSite\",\"@id\":\"https:\\\/\\\/ptifa.com\\\/fr\\\/#website\",\"url\":\"https:\\\/\\\/ptifa.com\\\/fr\\\/\",\"name\":\"Pacific Training Institute for Facial Aesthetics &amp; Therapeutics\",\"description\":\"\",\"publisher\":{\"@id\":\"https:\\\/\\\/ptifa.com\\\/fr\\\/#organization\"},\"alternateName\":\"PTIFAT\",\"potentialAction\":[{\"@type\":\"SearchAction\",\"target\":{\"@type\":\"EntryPoint\",\"urlTemplate\":\"https:\\\/\\\/ptifa.com\\\/fr\\\/?s={search_term_string}\"},\"query-input\":{\"@type\":\"PropertyValueSpecification\",\"valueRequired\":true,\"valueName\":\"search_term_string\"}}],\"inLanguage\":\"fr-CA\"},{\"@type\":\"Organization\",\"@id\":\"https:\\\/\\\/ptifa.com\\\/fr\\\/#organization\",\"name\":\"Pacific Training Institute for Facial Aesthetics & Therapeutics\",\"alternateName\":\"PTIFAT\",\"url\":\"https:\\\/\\\/ptifa.com\\\/fr\\\/\",\"logo\":{\"@type\":\"ImageObject\",\"inLanguage\":\"fr-CA\",\"@id\":\"https:\\\/\\\/ptifa.com\\\/fr\\\/#\\\/schema\\\/logo\\\/image\\\/\",\"url\":\"https:\\\/\\\/ptifa.com\\\/wp-content\\\/uploads\\\/2025\\\/02\\\/ptifa-logo.svg\",\"contentUrl\":\"https:\\\/\\\/ptifa.com\\\/wp-content\\\/uploads\\\/2025\\\/02\\\/ptifa-logo.svg\",\"width\":310,\"height\":42,\"caption\":\"Pacific Training Institute for Facial Aesthetics & Therapeutics\"},\"image\":{\"@id\":\"https:\\\/\\\/ptifa.com\\\/fr\\\/#\\\/schema\\\/logo\\\/image\\\/\"}}]}<\/script>\n<!-- \/ Yoast SEO plugin. -->","yoast_head_json":{"title":"\u00c0 propos du Dr John Montague, dentiste et membre de la facult\u00e9 du PTIFAT","description":"D\u00e9fenseur d'une dentisterie restauratrice conservatrice et passionn\u00e9 par les m\u00e9thodes peu invasives, le docteur Montague est r\u00e9put\u00e9 pour son approche douce et efficace.","robots":{"index":"index","follow":"follow","max-snippet":"max-snippet:-1","max-image-preview":"max-image-preview:large","max-video-preview":"max-video-preview:-1"},"canonical":"https:\/\/ptifa.com\/fr\/a-propos-de\/dr-john-montague\/","og_locale":"fr_CA","og_type":"article","og_title":"About Dr. John Montague, Dentist | PTIFAT Faculty","og_description":"As an advocate for conservative restorative dentistry and a passion for minimally invasive methods, Dr. Montague is renown for his gentle and effective approach.","og_url":"https:\/\/ptifa.com\/fr\/a-propos-de\/dr-john-montague\/","og_site_name":"Pacific Training Institute for Facial Aesthetics &amp; Therapeutics","article_modified_time":"2025-09-15T19:35:20+00:00","og_image":[{"url":"https:\/\/ptifa.com\/wp-content\/uploads\/2025\/03\/john-montague-1.jpg","type":"","width":"","height":""}],"twitter_card":"summary_large_image","twitter_misc":{"Estimation du temps de lecture":"2 minutes"},"schema":{"@context":"https:\/\/schema.org","@graph":[{"@type":"WebPage","@id":"https:\/\/ptifa.com\/about\/dr-john-montague\/","url":"https:\/\/ptifa.com\/about\/dr-john-montague\/","name":"\u00c0 propos du Dr John Montague, dentiste et membre de la facult\u00e9 du PTIFAT","isPartOf":{"@id":"https:\/\/ptifa.com\/fr\/#website"},"primaryImageOfPage":{"@id":"https:\/\/ptifa.com\/about\/dr-john-montague\/#primaryimage"},"image":{"@id":"https:\/\/ptifa.com\/about\/dr-john-montague\/#primaryimage"},"thumbnailUrl":"https:\/\/ptifa.com\/wp-content\/uploads\/2025\/03\/john-montague-1.jpg","datePublished":"2025-03-21T11:16:37+00:00","dateModified":"2025-09-15T19:35:20+00:00","description":"D\u00e9fenseur d'une dentisterie restauratrice conservatrice et passionn\u00e9 par les m\u00e9thodes peu invasives, le docteur Montague est r\u00e9put\u00e9 pour son approche douce et efficace.","breadcrumb":{"@id":"https:\/\/ptifa.com\/about\/dr-john-montague\/#breadcrumb"},"inLanguage":"fr-CA","potentialAction":[{"@type":"ReadAction","target":["https:\/\/ptifa.com\/about\/dr-john-montague\/"]}]},{"@type":"ImageObject","inLanguage":"fr-CA","@id":"https:\/\/ptifa.com\/about\/dr-john-montague\/#primaryimage","url":"https:\/\/ptifa.com\/wp-content\/uploads\/2025\/03\/john-montague-1.jpg","contentUrl":"https:\/\/ptifa.com\/wp-content\/uploads\/2025\/03\/john-montague-1.jpg"},{"@type":"BreadcrumbList","@id":"https:\/\/ptifa.com\/about\/dr-john-montague\/#breadcrumb","itemListElement":[{"@type":"ListItem","position":1,"name":"Home","item":"https:\/\/ptifa.com\/"},{"@type":"ListItem","position":2,"name":"About Us","item":"https:\/\/ptifa.com\/about\/"},{"@type":"ListItem","position":3,"name":"Dr. John Montague"}]},{"@type":"WebSite","@id":"https:\/\/ptifa.com\/fr\/#website","url":"https:\/\/ptifa.com\/fr\/","name":"Institut de formation du Pacifique pour l'esth\u00e9tique faciale et la th\u00e9rapeutique","description":"","publisher":{"@id":"https:\/\/ptifa.com\/fr\/#organization"},"alternateName":"PTIFAT","potentialAction":[{"@type":"SearchAction","target":{"@type":"EntryPoint","urlTemplate":"https:\/\/ptifa.com\/fr\/?s={search_term_string}"},"query-input":{"@type":"PropertyValueSpecification","valueRequired":true,"valueName":"search_term_string"}}],"inLanguage":"fr-CA"},{"@type":"Organization","@id":"https:\/\/ptifa.com\/fr\/#organization","name":"Institut de formation du Pacifique pour l'esth\u00e9tique faciale et la th\u00e9rapeutique","alternateName":"PTIFAT","url":"https:\/\/ptifa.com\/fr\/","logo":{"@type":"ImageObject","inLanguage":"fr-CA","@id":"https:\/\/ptifa.com\/fr\/#\/schema\/logo\/image\/","url":"https:\/\/ptifa.com\/wp-content\/uploads\/2025\/02\/ptifa-logo.svg","contentUrl":"https:\/\/ptifa.com\/wp-content\/uploads\/2025\/02\/ptifa-logo.svg","width":310,"height":42,"caption":"Pacific Training Institute for Facial Aesthetics & Therapeutics"},"image":{"@id":"https:\/\/ptifa.com\/fr\/#\/schema\/logo\/image\/"}}]}},"_links":{"self":[{"href":"https:\/\/ptifa.com\/fr\/wp-json\/wp\/v2\/pages\/2111","targetHints":{"allow":["GET"]}}],"collection":[{"href":"https:\/\/ptifa.com\/fr\/wp-json\/wp\/v2\/pages"}],"about":[{"href":"https:\/\/ptifa.com\/fr\/wp-json\/wp\/v2\/types\/page"}],"author":[{"embeddable":true,"href":"https:\/\/ptifa.com\/fr\/wp-json\/wp\/v2\/users\/3"}],"replies":[{"embeddable":true,"href":"https:\/\/ptifa.com\/fr\/wp-json\/wp\/v2\/comments?post=2111"}],"version-history":[{"count":8,"href":"https:\/\/ptifa.com\/fr\/wp-json\/wp\/v2\/pages\/2111\/revisions"}],"predecessor-version":[{"id":5498,"href":"https:\/\/ptifa.com\/fr\/wp-json\/wp\/v2\/pages\/2111\/revisions\/5498"}],"up":[{"embeddable":true,"href":"https:\/\/ptifa.com\/fr\/wp-json\/wp\/v2\/pages\/221"}],"wp:attachment":[{"href":"https:\/\/ptifa.com\/fr\/wp-json\/wp\/v2\/media?parent=2111"}],"curies":[{"name":"wp","href":"https:\/\/api.w.org\/{rel}","templated":true}]}}