{"id":2113,"date":"2025-03-21T11:16:42","date_gmt":"2025-03-21T11:16:42","guid":{"rendered":"https:\/\/ptifa.com\/?page_id=2113"},"modified":"2025-09-15T19:33:58","modified_gmt":"2025-09-15T19:33:58","slug":"dr-kimit-rai","status":"publish","type":"page","link":"https:\/\/ptifa.com\/fr\/about\/dr-kimit-rai\/","title":{"rendered":"Dr. Kimit Rai"},"content":{"rendered":"<div class=\"gb-element-1260e4e8\">\n<div class=\"gb-element-2239a457  grid-container\">\n<div class=\"gb-element-fb322c90\">\n<div class=\"gb-element-44e96230\"><span><span><a href=\"https:\/\/ptifa.com\/fr\/\">Accueil<\/a><\/span><\/span>\n<\/div>\n<\/div>\n<\/div>\n\n\n\n<div class=\"gb-element-f2fa02af  grid-container\">\n<div class=\"gb-element-975669b6\">\n<div class=\"gb-element-0e7dc8a1\">\n<img loading=\"lazy\" decoding=\"async\" width=\"1200\" height=\"1240\" class=\"gb-media-962bd12f\" src=\"https:\/\/ptifa.com\/wp-content\/uploads\/2025\/03\/kimit-rai-1.jpg\" title=\"kimit-rai\" srcset=\"https:\/\/ptifa.com\/wp-content\/uploads\/2025\/03\/kimit-rai-1.jpg 1200w, https:\/\/ptifa.com\/wp-content\/uploads\/2025\/03\/kimit-rai-1-290x300.jpg 290w, https:\/\/ptifa.com\/wp-content\/uploads\/2025\/03\/kimit-rai-1-991x1024.jpg 991w, https:\/\/ptifa.com\/wp-content\/uploads\/2025\/03\/kimit-rai-1-768x794.jpg 768w, https:\/\/ptifa.com\/wp-content\/uploads\/2025\/03\/kimit-rai-1-600x620.jpg 600w\" sizes=\"auto, (max-width: 1200px) 100vw, 1200px\" \/>\n<\/div>\n\n\n\n<div class=\"gb-element-55989723\">\n<h1 class=\"gb-text gb-text-e3d7a385\">Dr. Kimit Rai<\/h1>\n\n\n\n<p class=\"gb-text gb-text-a7bca8ea\">CHIRURGIEN PLASTICIEN<\/p>\n<\/div>\n<\/div>\n<\/div>\n<\/div>\n\n\n\n<div class=\"gb-element-68e4a1f4\">\n<div class=\"gb-element-47c7d4f3  grid-container\">\n<div class=\"gb-element-3e65db04\">\n<div class=\"gb-element-b6a9decb\"><\/div>\n\n\n\n<div class=\"gb-element-f81f3e1c\">\n<p>Le Dr Rai est dipl\u00f4m\u00e9 de l'Universit\u00e9 de la Colombie-Britannique et est certifi\u00e9 par le Conseil de la Colombie-Britannique en chirurgie plastique depuis 1975. Il est \u00e9galement certifi\u00e9 par le conseil am\u00e9ricain de la chirurgie plastique depuis 1977. De 1989 \u00e0 1999, le Dr Rai a \u00e9t\u00e9 chef du service de chirurgie de la r\u00e9gion sanitaire de Simon Fraser, ainsi que chef du d\u00e9partement de chirurgie plastique de 1983 \u00e0 1999. Le Dr Rai est \u00e9galement l'ancien pr\u00e9sident de la Soci\u00e9t\u00e9 canadienne des chirurgiens plasticiens et de la Northwest Society of Plastic Surgeons. Il exerce actuellement \u00e0 New Westminster,&nbsp;<a href=\"http:\/\/www.cosmeticsurgery-bc.com\/\" target=\"_blank\" rel=\"noreferrer noopener\">La clinique Rai,<\/a>&nbsp;et \u00e0&nbsp;<a href=\"http:\/\/www.falsecreekhealthcare.com\/about\/doctors\/dr-kimit-rai\/\" target=\"_blank\" rel=\"noreferrer noopener\">Centre de soins de sant\u00e9 de False Creek<\/a>&nbsp;\u00e0 Vancouver, en Colombie-Britannique.<\/p>\n\n\n\n<p>Le style d'enseignement unique du Dr Rai et sa vaste exp\u00e9rience dans le domaine des produits de comblement dermique ont fait de lui un conf\u00e9rencier international tr\u00e8s demand\u00e9. Le Dr Rai rejoint la facult\u00e9 de PTIFAT en tant que directeur des cours de comblement dermique de niveau 4 et 5. Les travaux du Dr Rai ont fait l'objet de nombreuses publications et il est fier de participer activement aux activit\u00e9s suivantes&nbsp;<a href=\"http:\/\/operationrainbowcanada.com\/\" target=\"_blank\" rel=\"noreferrer noopener\">Op\u00e9ration Arc-en-ciel Canada<\/a>&nbsp;une organisation m\u00e9dicale \u00e0 but non lucratif fond\u00e9e par le Dr Rai en 1998. Operation Rainbow Canada est un groupe de m\u00e9decins qui font don de leurs services \u00e0 des pays du tiers monde sous-d\u00e9velopp\u00e9s. L'organisation a aid\u00e9 pr\u00e8s de 1 800 enfants au Cambodge, en Inde, au Liban, au Mexique et aux Philippines, en leur offrant une chirurgie reconstructive des fentes labiales et palatines.<\/p>\n\n\n\n<p>En 2013, il a re\u00e7u le Prix du Gouverneur g\u00e9n\u00e9ral pour l'entraide. Le Dr Rai est un leader inspirant dont le travail a am\u00e9lior\u00e9 la vie de milliers d'enfants d\u00e9favoris\u00e9s et a fourni une formation inestimable aux professionnels de la sant\u00e9 canadiens et \u00e0 ceux qui, dans les pays h\u00f4tes, poursuivront ce travail.<\/p>\n\n\n\n<p>Le Dr Rai a re\u00e7u le prix de la Soci\u00e9t\u00e9 canadienne des chirurgiens plasticiens pour l'ensemble de ses r\u00e9alisations le vendredi 5 juin 2015 lors du banquet du pr\u00e9sident qui s'est tenu \u00e0 l'h\u00f4tel Fairmont Empress \u00e0 Victoria, en Colombie-Britannique.<\/p>\n\n\n\n<p>N\u00e9 \u00e0 Kuala Lumpur, en Malaisie, le Dr Rai est mari\u00e9, a deux enfants adultes et pratique assid\u00fbment la course \u00e0 pied.<\/p>\n\n\n\n<p><strong>Le Dr Rai est membre des organisations suivantes :<\/strong><\/p>\n\n\n\n<ul class=\"wp-block-list\">\n<li>Soci\u00e9t\u00e9 canadienne de chirurgie esth\u00e9tique (cosm\u00e9tique)<\/li>\n\n\n\n<li>Soci\u00e9t\u00e9 canadienne des chirurgiens plasticiens<\/li>\n\n\n\n<li>Soci\u00e9t\u00e9 am\u00e9ricaine des chirurgiens plasticiens<\/li>\n\n\n\n<li>Association am\u00e9ricaine des chirurgiens plasticiens<\/li>\n\n\n\n<li>Soci\u00e9t\u00e9 internationale des chirurgiens plasticiens<\/li>\n<\/ul>\n<\/div>\n<\/div>\n<\/div>\n<\/div>","protected":false},"excerpt":{"rendered":"<p>Dr. Kimit Rai PLASTIC SURGEON Dr. Rai is a graduate of the University of British Columbia and has been B.C. Board Certified in Plastic Surgery since 1975. He has also been American Board Certified in Plastic Surgery since 1977. From 1989 to 1999, Dr. Rai was Chief of Surgery for the Simon Fraser Health Region, &#8230; <a title=\"Dr. Kimit Rai\" class=\"read-more\" href=\"https:\/\/ptifa.com\/fr\/about\/dr-kimit-rai\/\" aria-label=\"Read more about Dr. Kimit Rai\">En savoir plus<\/a><\/p>","protected":false},"author":3,"featured_media":0,"parent":221,"menu_order":0,"comment_status":"closed","ping_status":"closed","template":"","meta":{"_acf_changed":false,"inline_featured_image":false,"footnotes":""},"class_list":["post-2113","page","type-page","status-publish"],"acf":[],"yoast_head":"<!-- This site is optimized with the Yoast SEO plugin v27.3 - https:\/\/yoast.com\/product\/yoast-seo-wordpress\/ -->\n<title>About Dr. Kimit Rai, Plastic Surgeon | PTIFAT Faculty<\/title>\n<meta name=\"description\" content=\"Dr. Rai&#039;s unique teaching style and his vast experience in dermal fillers has made him a sought after international speaker.\" \/>\n<meta name=\"robots\" content=\"index, follow, max-snippet:-1, max-image-preview:large, max-video-preview:-1\" \/>\n<link rel=\"canonical\" href=\"https:\/\/ptifa.com\/fr\/a-propos-de\/dr-kimit-rai\/\" \/>\n<meta property=\"og:locale\" content=\"fr_CA\" \/>\n<meta property=\"og:type\" content=\"article\" \/>\n<meta property=\"og:title\" content=\"About Dr. Kimit Rai, Plastic Surgeon | PTIFAT Faculty\" \/>\n<meta property=\"og:description\" content=\"Dr. Rai&#039;s unique teaching style and his vast experience in dermal fillers has made him a sought after international speaker.\" \/>\n<meta property=\"og:url\" content=\"https:\/\/ptifa.com\/fr\/a-propos-de\/dr-kimit-rai\/\" \/>\n<meta property=\"og:site_name\" content=\"Pacific Training Institute for Facial Aesthetics &amp; Therapeutics\" \/>\n<meta property=\"article:modified_time\" content=\"2025-09-15T19:33:58+00:00\" \/>\n<meta property=\"og:image\" content=\"https:\/\/ptifa.com\/wp-content\/uploads\/2025\/03\/kimit-rai-1.jpg\" \/>\n<meta name=\"twitter:card\" content=\"summary_large_image\" \/>\n<meta name=\"twitter:label1\" content=\"Estimation du temps de lecture\" \/>\n\t<meta name=\"twitter:data1\" content=\"2 minutes\" \/>\n<script type=\"application\/ld+json\" class=\"yoast-schema-graph\">{\"@context\":\"https:\\\/\\\/schema.org\",\"@graph\":[{\"@type\":\"WebPage\",\"@id\":\"https:\\\/\\\/ptifa.com\\\/about\\\/dr-kimit-rai\\\/\",\"url\":\"https:\\\/\\\/ptifa.com\\\/about\\\/dr-kimit-rai\\\/\",\"name\":\"About Dr. Kimit Rai, Plastic Surgeon | PTIFAT Faculty\",\"isPartOf\":{\"@id\":\"https:\\\/\\\/ptifa.com\\\/fr\\\/#website\"},\"primaryImageOfPage\":{\"@id\":\"https:\\\/\\\/ptifa.com\\\/about\\\/dr-kimit-rai\\\/#primaryimage\"},\"image\":{\"@id\":\"https:\\\/\\\/ptifa.com\\\/about\\\/dr-kimit-rai\\\/#primaryimage\"},\"thumbnailUrl\":\"https:\\\/\\\/ptifa.com\\\/wp-content\\\/uploads\\\/2025\\\/03\\\/kimit-rai-1.jpg\",\"datePublished\":\"2025-03-21T11:16:42+00:00\",\"dateModified\":\"2025-09-15T19:33:58+00:00\",\"description\":\"Dr. Rai's unique teaching style and his vast experience in dermal fillers has made him a sought after international speaker.\",\"breadcrumb\":{\"@id\":\"https:\\\/\\\/ptifa.com\\\/about\\\/dr-kimit-rai\\\/#breadcrumb\"},\"inLanguage\":\"fr-CA\",\"potentialAction\":[{\"@type\":\"ReadAction\",\"target\":[\"https:\\\/\\\/ptifa.com\\\/about\\\/dr-kimit-rai\\\/\"]}]},{\"@type\":\"ImageObject\",\"inLanguage\":\"fr-CA\",\"@id\":\"https:\\\/\\\/ptifa.com\\\/about\\\/dr-kimit-rai\\\/#primaryimage\",\"url\":\"https:\\\/\\\/ptifa.com\\\/wp-content\\\/uploads\\\/2025\\\/03\\\/kimit-rai-1.jpg\",\"contentUrl\":\"https:\\\/\\\/ptifa.com\\\/wp-content\\\/uploads\\\/2025\\\/03\\\/kimit-rai-1.jpg\"},{\"@type\":\"BreadcrumbList\",\"@id\":\"https:\\\/\\\/ptifa.com\\\/about\\\/dr-kimit-rai\\\/#breadcrumb\",\"itemListElement\":[{\"@type\":\"ListItem\",\"position\":1,\"name\":\"Home\",\"item\":\"https:\\\/\\\/ptifa.com\\\/\"},{\"@type\":\"ListItem\",\"position\":2,\"name\":\"About Us\",\"item\":\"https:\\\/\\\/ptifa.com\\\/about\\\/\"},{\"@type\":\"ListItem\",\"position\":3,\"name\":\"Dr. Kimit Rai\"}]},{\"@type\":\"WebSite\",\"@id\":\"https:\\\/\\\/ptifa.com\\\/fr\\\/#website\",\"url\":\"https:\\\/\\\/ptifa.com\\\/fr\\\/\",\"name\":\"Pacific Training Institute for Facial Aesthetics &amp; Therapeutics\",\"description\":\"\",\"publisher\":{\"@id\":\"https:\\\/\\\/ptifa.com\\\/fr\\\/#organization\"},\"alternateName\":\"PTIFAT\",\"potentialAction\":[{\"@type\":\"SearchAction\",\"target\":{\"@type\":\"EntryPoint\",\"urlTemplate\":\"https:\\\/\\\/ptifa.com\\\/fr\\\/?s={search_term_string}\"},\"query-input\":{\"@type\":\"PropertyValueSpecification\",\"valueRequired\":true,\"valueName\":\"search_term_string\"}}],\"inLanguage\":\"fr-CA\"},{\"@type\":\"Organization\",\"@id\":\"https:\\\/\\\/ptifa.com\\\/fr\\\/#organization\",\"name\":\"Pacific Training Institute for Facial Aesthetics & Therapeutics\",\"alternateName\":\"PTIFAT\",\"url\":\"https:\\\/\\\/ptifa.com\\\/fr\\\/\",\"logo\":{\"@type\":\"ImageObject\",\"inLanguage\":\"fr-CA\",\"@id\":\"https:\\\/\\\/ptifa.com\\\/fr\\\/#\\\/schema\\\/logo\\\/image\\\/\",\"url\":\"https:\\\/\\\/ptifa.com\\\/wp-content\\\/uploads\\\/2025\\\/02\\\/ptifa-logo.svg\",\"contentUrl\":\"https:\\\/\\\/ptifa.com\\\/wp-content\\\/uploads\\\/2025\\\/02\\\/ptifa-logo.svg\",\"width\":310,\"height\":42,\"caption\":\"Pacific Training Institute for Facial Aesthetics & Therapeutics\"},\"image\":{\"@id\":\"https:\\\/\\\/ptifa.com\\\/fr\\\/#\\\/schema\\\/logo\\\/image\\\/\"}}]}<\/script>\n<!-- \/ Yoast SEO plugin. -->","yoast_head_json":{"title":"A propos du Dr. Kimit Rai, chirurgien plasticien et membre de la facult\u00e9 PTIFAT","description":"Le style d'enseignement unique du Dr Rai et sa vaste exp\u00e9rience dans le domaine des produits de comblement dermique ont fait de lui un conf\u00e9rencier international tr\u00e8s demand\u00e9.","robots":{"index":"index","follow":"follow","max-snippet":"max-snippet:-1","max-image-preview":"max-image-preview:large","max-video-preview":"max-video-preview:-1"},"canonical":"https:\/\/ptifa.com\/fr\/a-propos-de\/dr-kimit-rai\/","og_locale":"fr_CA","og_type":"article","og_title":"About Dr. Kimit Rai, Plastic Surgeon | PTIFAT Faculty","og_description":"Dr. Rai's unique teaching style and his vast experience in dermal fillers has made him a sought after international speaker.","og_url":"https:\/\/ptifa.com\/fr\/a-propos-de\/dr-kimit-rai\/","og_site_name":"Pacific Training Institute for Facial Aesthetics &amp; Therapeutics","article_modified_time":"2025-09-15T19:33:58+00:00","og_image":[{"url":"https:\/\/ptifa.com\/wp-content\/uploads\/2025\/03\/kimit-rai-1.jpg","type":"","width":"","height":""}],"twitter_card":"summary_large_image","twitter_misc":{"Estimation du temps de lecture":"2 minutes"},"schema":{"@context":"https:\/\/schema.org","@graph":[{"@type":"WebPage","@id":"https:\/\/ptifa.com\/about\/dr-kimit-rai\/","url":"https:\/\/ptifa.com\/about\/dr-kimit-rai\/","name":"A propos du Dr. Kimit Rai, chirurgien plasticien et membre de la facult\u00e9 PTIFAT","isPartOf":{"@id":"https:\/\/ptifa.com\/fr\/#website"},"primaryImageOfPage":{"@id":"https:\/\/ptifa.com\/about\/dr-kimit-rai\/#primaryimage"},"image":{"@id":"https:\/\/ptifa.com\/about\/dr-kimit-rai\/#primaryimage"},"thumbnailUrl":"https:\/\/ptifa.com\/wp-content\/uploads\/2025\/03\/kimit-rai-1.jpg","datePublished":"2025-03-21T11:16:42+00:00","dateModified":"2025-09-15T19:33:58+00:00","description":"Le style d'enseignement unique du Dr Rai et sa vaste exp\u00e9rience dans le domaine des produits de comblement dermique ont fait de lui un conf\u00e9rencier international tr\u00e8s demand\u00e9.","breadcrumb":{"@id":"https:\/\/ptifa.com\/about\/dr-kimit-rai\/#breadcrumb"},"inLanguage":"fr-CA","potentialAction":[{"@type":"ReadAction","target":["https:\/\/ptifa.com\/about\/dr-kimit-rai\/"]}]},{"@type":"ImageObject","inLanguage":"fr-CA","@id":"https:\/\/ptifa.com\/about\/dr-kimit-rai\/#primaryimage","url":"https:\/\/ptifa.com\/wp-content\/uploads\/2025\/03\/kimit-rai-1.jpg","contentUrl":"https:\/\/ptifa.com\/wp-content\/uploads\/2025\/03\/kimit-rai-1.jpg"},{"@type":"BreadcrumbList","@id":"https:\/\/ptifa.com\/about\/dr-kimit-rai\/#breadcrumb","itemListElement":[{"@type":"ListItem","position":1,"name":"Home","item":"https:\/\/ptifa.com\/"},{"@type":"ListItem","position":2,"name":"About Us","item":"https:\/\/ptifa.com\/about\/"},{"@type":"ListItem","position":3,"name":"Dr. Kimit Rai"}]},{"@type":"WebSite","@id":"https:\/\/ptifa.com\/fr\/#website","url":"https:\/\/ptifa.com\/fr\/","name":"Institut de formation du Pacifique pour l'esth\u00e9tique faciale et la th\u00e9rapeutique","description":"","publisher":{"@id":"https:\/\/ptifa.com\/fr\/#organization"},"alternateName":"PTIFAT","potentialAction":[{"@type":"SearchAction","target":{"@type":"EntryPoint","urlTemplate":"https:\/\/ptifa.com\/fr\/?s={search_term_string}"},"query-input":{"@type":"PropertyValueSpecification","valueRequired":true,"valueName":"search_term_string"}}],"inLanguage":"fr-CA"},{"@type":"Organization","@id":"https:\/\/ptifa.com\/fr\/#organization","name":"Institut de formation du Pacifique pour l'esth\u00e9tique faciale et la th\u00e9rapeutique","alternateName":"PTIFAT","url":"https:\/\/ptifa.com\/fr\/","logo":{"@type":"ImageObject","inLanguage":"fr-CA","@id":"https:\/\/ptifa.com\/fr\/#\/schema\/logo\/image\/","url":"https:\/\/ptifa.com\/wp-content\/uploads\/2025\/02\/ptifa-logo.svg","contentUrl":"https:\/\/ptifa.com\/wp-content\/uploads\/2025\/02\/ptifa-logo.svg","width":310,"height":42,"caption":"Pacific Training Institute for Facial Aesthetics & Therapeutics"},"image":{"@id":"https:\/\/ptifa.com\/fr\/#\/schema\/logo\/image\/"}}]}},"_links":{"self":[{"href":"https:\/\/ptifa.com\/fr\/wp-json\/wp\/v2\/pages\/2113","targetHints":{"allow":["GET"]}}],"collection":[{"href":"https:\/\/ptifa.com\/fr\/wp-json\/wp\/v2\/pages"}],"about":[{"href":"https:\/\/ptifa.com\/fr\/wp-json\/wp\/v2\/types\/page"}],"author":[{"embeddable":true,"href":"https:\/\/ptifa.com\/fr\/wp-json\/wp\/v2\/users\/3"}],"replies":[{"embeddable":true,"href":"https:\/\/ptifa.com\/fr\/wp-json\/wp\/v2\/comments?post=2113"}],"version-history":[{"count":6,"href":"https:\/\/ptifa.com\/fr\/wp-json\/wp\/v2\/pages\/2113\/revisions"}],"predecessor-version":[{"id":5494,"href":"https:\/\/ptifa.com\/fr\/wp-json\/wp\/v2\/pages\/2113\/revisions\/5494"}],"up":[{"embeddable":true,"href":"https:\/\/ptifa.com\/fr\/wp-json\/wp\/v2\/pages\/221"}],"wp:attachment":[{"href":"https:\/\/ptifa.com\/fr\/wp-json\/wp\/v2\/media?parent=2113"}],"curies":[{"name":"wp","href":"https:\/\/api.w.org\/{rel}","templated":true}]}}