{"id":2115,"date":"2025-03-21T11:17:00","date_gmt":"2025-03-21T11:17:00","guid":{"rendered":"https:\/\/ptifa.com\/?page_id=2115"},"modified":"2025-09-15T19:34:13","modified_gmt":"2025-09-15T19:34:13","slug":"dr-jared-nabeta","status":"publish","type":"page","link":"https:\/\/ptifa.com\/fr\/about\/dr-jared-nabeta\/","title":{"rendered":"Dr. Jared Nabeta"},"content":{"rendered":"<div class=\"gb-element-1260e4e8\">\n<div class=\"gb-element-2239a457  grid-container\">\n<div class=\"gb-element-fb322c90\">\n<div class=\"gb-element-44e96230\"><span><span><a href=\"https:\/\/ptifa.com\/fr\/\">Accueil<\/a><\/span><\/span>\n<\/div>\n<\/div>\n<\/div>\n\n\n\n<div class=\"gb-element-f2fa02af  grid-container\">\n<div class=\"gb-element-975669b6\">\n<div class=\"gb-element-0e7dc8a1\">\n<img loading=\"lazy\" decoding=\"async\" width=\"1200\" height=\"1240\" class=\"gb-media-962bd12f\" src=\"https:\/\/ptifa.com\/wp-content\/uploads\/2025\/03\/jared-nabeta-1.jpg\" title=\"jared-nabeta\" srcset=\"https:\/\/ptifa.com\/wp-content\/uploads\/2025\/03\/jared-nabeta-1.jpg 1200w, https:\/\/ptifa.com\/wp-content\/uploads\/2025\/03\/jared-nabeta-1-290x300.jpg 290w, https:\/\/ptifa.com\/wp-content\/uploads\/2025\/03\/jared-nabeta-1-991x1024.jpg 991w, https:\/\/ptifa.com\/wp-content\/uploads\/2025\/03\/jared-nabeta-1-768x794.jpg 768w, https:\/\/ptifa.com\/wp-content\/uploads\/2025\/03\/jared-nabeta-1-600x620.jpg 600w\" sizes=\"auto, (max-width: 1200px) 100vw, 1200px\" \/>\n<\/div>\n\n\n\n<div class=\"gb-element-55989723\">\n<h1 class=\"gb-text gb-text-3d5427ad\">Dr. Jared Nabeta<\/h1>\n\n\n\n<p class=\"gb-text gb-text-a7bca8ea\">Dentiste<\/p>\n<\/div>\n<\/div>\n<\/div>\n<\/div>\n\n\n\n<div class=\"gb-element-68e4a1f4\">\n<div class=\"gb-element-47c7d4f3  grid-container\">\n<div class=\"gb-element-3e65db04\">\n<div class=\"gb-element-b6a9decb\"><\/div>\n\n\n\n<div class=\"gb-element-f81f3e1c\">\n<p>Le Dr Jared Nabeta est n\u00e9 et a grandi \u00e0 Burlington, en Ontario, et est dipl\u00f4m\u00e9 de la Case Western Reserve School of Dentistry de Cleveland, en OH, o\u00f9 il a re\u00e7u le prix de l'excellence clinique. Gr\u00e2ce \u00e0 sa formation approfondie au Pacific Training Institute for Facial Aesthetics &amp; Therapeutics, le Dr Nabeta a int\u00e9gr\u00e9 avec succ\u00e8s la toxine botulique th\u00e9rapeutique et les produits de comblement dermique dans sa pratique en Ontario depuis 2017. Le Dr Nabeta est passionn\u00e9 par le partage de ses connaissances et de son exp\u00e9rience avec d'autres dentistes en tant qu'instructeur clinique actif aupr\u00e8s de PTIFAT.<\/p>\n\n\n\n<p>Le docteur Nabeta a pu am\u00e9liorer la vie de centaines de patients souffrant de troubles de l'attention et de douleurs faciales et a depuis fait des injectables th\u00e9rapeutiques son principal domaine d'int\u00e9r\u00eat dans son cabinet. Le Dr Nabeta est convaincu que les r\u00e9sultats exceptionnels qu'il a pu offrir \u00e0 ses patients sont le fruit de la confiance qu'il a dans les connaissances et la formation qu'il a acquises sur les soins qu'il prodigue. Il est convaincu que le programme de PTIFAT est unique en son genre, car il fournit aux praticiens les bases n\u00e9cessaires \u00e0 la confiance et \u00e0 la comp\u00e9tence cliniques. Le Dr Nabeta attribue le succ\u00e8s de son propre cabinet au programme PTIFAT.&nbsp;<a href=\"http:\/\/nabetadentistry.com\/\" target=\"_blank\" rel=\"noreferrer noopener\">Dentisterie Nabeta<\/a>&nbsp;au niveau \u00e9lev\u00e9 de la formation dispens\u00e9e par la PTIFAT.<\/p>\n\n\n\n<p>Le Dr Nabeta est certifi\u00e9 par le Bureau national d'examen dentaire du Canada et autoris\u00e9 par le Coll\u00e8ge royal des chirurgiens dentistes de l'Ontario. Il est l'ancien pr\u00e9sident de l'Acad\u00e9mie dentaire de Burlington. Le Dr Nabeta a l'honneur d'\u00eatre un instructeur clinique actif aupr\u00e8s de PTIFAT et un mentor dans le domaine des injectables, y compris la toxine botulique et les produits de comblement dermiques.<\/p>\n<\/div>\n<\/div>\n<\/div>\n<\/div>","protected":false},"excerpt":{"rendered":"<p>Dr. Jared Nabeta Dentist Dr. Jared Nabeta was born and raised in Burlington, ON and graduated from Case Western Reserve School of Dentistry in Cleveland, OH where he received the award for Clinical Excellence. Through his extensive training with the Pacific Training Institute for Facial Aesthetics &amp; Therapeutics, Dr. Nabeta has successfully integrated therapeutic Botulinum &#8230; <a title=\"Dr. Jared Nabeta\" class=\"read-more\" href=\"https:\/\/ptifa.com\/fr\/about\/dr-jared-nabeta\/\" aria-label=\"Read more about Dr. Jared Nabeta\">En savoir plus<\/a><\/p>","protected":false},"author":3,"featured_media":0,"parent":221,"menu_order":0,"comment_status":"closed","ping_status":"closed","template":"","meta":{"_acf_changed":false,"inline_featured_image":false,"footnotes":""},"class_list":["post-2115","page","type-page","status-publish"],"acf":[],"yoast_head":"<!-- This site is optimized with the Yoast SEO plugin v27.3 - https:\/\/yoast.com\/product\/yoast-seo-wordpress\/ -->\n<title>About Dr. Jared Nabeta, Dentist | PTIFAT Faculty<\/title>\n<meta name=\"description\" content=\"Dr. Nabeta has helped hundreds of patients suffering from TMD and facial pain and has made therapeutic injectables his main area of focus in his practice.\" \/>\n<meta name=\"robots\" content=\"index, follow, max-snippet:-1, max-image-preview:large, max-video-preview:-1\" \/>\n<link rel=\"canonical\" href=\"https:\/\/ptifa.com\/fr\/a-propos-de\/dr-jared-nabeta\/\" \/>\n<meta property=\"og:locale\" content=\"fr_CA\" \/>\n<meta property=\"og:type\" content=\"article\" \/>\n<meta property=\"og:title\" content=\"About Dr. Jared Nabeta, Dentist | PTIFAT Faculty\" \/>\n<meta property=\"og:description\" content=\"Dr. Nabeta has helped hundreds of patients suffering from TMD and facial pain and has made therapeutic injectables his main area of focus in his practice.\" \/>\n<meta property=\"og:url\" content=\"https:\/\/ptifa.com\/fr\/a-propos-de\/dr-jared-nabeta\/\" \/>\n<meta property=\"og:site_name\" content=\"Pacific Training Institute for Facial Aesthetics &amp; Therapeutics\" \/>\n<meta property=\"article:modified_time\" content=\"2025-09-15T19:34:13+00:00\" \/>\n<meta property=\"og:image\" content=\"https:\/\/ptifa.com\/wp-content\/uploads\/2025\/03\/jared-nabeta-1.jpg\" \/>\n<meta name=\"twitter:card\" content=\"summary_large_image\" \/>\n<meta name=\"twitter:label1\" content=\"Estimation du temps de lecture\" \/>\n\t<meta name=\"twitter:data1\" content=\"2 minutes\" \/>\n<script type=\"application\/ld+json\" class=\"yoast-schema-graph\">{\"@context\":\"https:\\\/\\\/schema.org\",\"@graph\":[{\"@type\":\"WebPage\",\"@id\":\"https:\\\/\\\/ptifa.com\\\/about\\\/dr-jared-nabeta\\\/\",\"url\":\"https:\\\/\\\/ptifa.com\\\/about\\\/dr-jared-nabeta\\\/\",\"name\":\"About Dr. Jared Nabeta, Dentist | PTIFAT Faculty\",\"isPartOf\":{\"@id\":\"https:\\\/\\\/ptifa.com\\\/fr\\\/#website\"},\"primaryImageOfPage\":{\"@id\":\"https:\\\/\\\/ptifa.com\\\/about\\\/dr-jared-nabeta\\\/#primaryimage\"},\"image\":{\"@id\":\"https:\\\/\\\/ptifa.com\\\/about\\\/dr-jared-nabeta\\\/#primaryimage\"},\"thumbnailUrl\":\"https:\\\/\\\/ptifa.com\\\/wp-content\\\/uploads\\\/2025\\\/03\\\/jared-nabeta-1.jpg\",\"datePublished\":\"2025-03-21T11:17:00+00:00\",\"dateModified\":\"2025-09-15T19:34:13+00:00\",\"description\":\"Dr. Nabeta has helped hundreds of patients suffering from TMD and facial pain and has made therapeutic injectables his main area of focus in his practice.\",\"breadcrumb\":{\"@id\":\"https:\\\/\\\/ptifa.com\\\/about\\\/dr-jared-nabeta\\\/#breadcrumb\"},\"inLanguage\":\"fr-CA\",\"potentialAction\":[{\"@type\":\"ReadAction\",\"target\":[\"https:\\\/\\\/ptifa.com\\\/about\\\/dr-jared-nabeta\\\/\"]}]},{\"@type\":\"ImageObject\",\"inLanguage\":\"fr-CA\",\"@id\":\"https:\\\/\\\/ptifa.com\\\/about\\\/dr-jared-nabeta\\\/#primaryimage\",\"url\":\"https:\\\/\\\/ptifa.com\\\/wp-content\\\/uploads\\\/2025\\\/03\\\/jared-nabeta-1.jpg\",\"contentUrl\":\"https:\\\/\\\/ptifa.com\\\/wp-content\\\/uploads\\\/2025\\\/03\\\/jared-nabeta-1.jpg\"},{\"@type\":\"BreadcrumbList\",\"@id\":\"https:\\\/\\\/ptifa.com\\\/about\\\/dr-jared-nabeta\\\/#breadcrumb\",\"itemListElement\":[{\"@type\":\"ListItem\",\"position\":1,\"name\":\"Home\",\"item\":\"https:\\\/\\\/ptifa.com\\\/\"},{\"@type\":\"ListItem\",\"position\":2,\"name\":\"About Us\",\"item\":\"https:\\\/\\\/ptifa.com\\\/about\\\/\"},{\"@type\":\"ListItem\",\"position\":3,\"name\":\"Dr. Jared Nabeta\"}]},{\"@type\":\"WebSite\",\"@id\":\"https:\\\/\\\/ptifa.com\\\/fr\\\/#website\",\"url\":\"https:\\\/\\\/ptifa.com\\\/fr\\\/\",\"name\":\"Pacific Training Institute for Facial Aesthetics &amp; Therapeutics\",\"description\":\"\",\"publisher\":{\"@id\":\"https:\\\/\\\/ptifa.com\\\/fr\\\/#organization\"},\"alternateName\":\"PTIFAT\",\"potentialAction\":[{\"@type\":\"SearchAction\",\"target\":{\"@type\":\"EntryPoint\",\"urlTemplate\":\"https:\\\/\\\/ptifa.com\\\/fr\\\/?s={search_term_string}\"},\"query-input\":{\"@type\":\"PropertyValueSpecification\",\"valueRequired\":true,\"valueName\":\"search_term_string\"}}],\"inLanguage\":\"fr-CA\"},{\"@type\":\"Organization\",\"@id\":\"https:\\\/\\\/ptifa.com\\\/fr\\\/#organization\",\"name\":\"Pacific Training Institute for Facial Aesthetics & Therapeutics\",\"alternateName\":\"PTIFAT\",\"url\":\"https:\\\/\\\/ptifa.com\\\/fr\\\/\",\"logo\":{\"@type\":\"ImageObject\",\"inLanguage\":\"fr-CA\",\"@id\":\"https:\\\/\\\/ptifa.com\\\/fr\\\/#\\\/schema\\\/logo\\\/image\\\/\",\"url\":\"https:\\\/\\\/ptifa.com\\\/wp-content\\\/uploads\\\/2025\\\/02\\\/ptifa-logo.svg\",\"contentUrl\":\"https:\\\/\\\/ptifa.com\\\/wp-content\\\/uploads\\\/2025\\\/02\\\/ptifa-logo.svg\",\"width\":310,\"height\":42,\"caption\":\"Pacific Training Institute for Facial Aesthetics & Therapeutics\"},\"image\":{\"@id\":\"https:\\\/\\\/ptifa.com\\\/fr\\\/#\\\/schema\\\/logo\\\/image\\\/\"}}]}<\/script>\n<!-- \/ Yoast SEO plugin. -->","yoast_head_json":{"title":"A propos du Dr. Jared Nabeta, Dentiste | Facult\u00e9 PTIFAT","description":"Le docteur Nabeta a aid\u00e9 des centaines de patients souffrant de TMD et de douleurs faciales et a fait des injectables th\u00e9rapeutiques son principal domaine d'int\u00e9r\u00eat dans son cabinet.","robots":{"index":"index","follow":"follow","max-snippet":"max-snippet:-1","max-image-preview":"max-image-preview:large","max-video-preview":"max-video-preview:-1"},"canonical":"https:\/\/ptifa.com\/fr\/a-propos-de\/dr-jared-nabeta\/","og_locale":"fr_CA","og_type":"article","og_title":"About Dr. Jared Nabeta, Dentist | PTIFAT Faculty","og_description":"Dr. Nabeta has helped hundreds of patients suffering from TMD and facial pain and has made therapeutic injectables his main area of focus in his practice.","og_url":"https:\/\/ptifa.com\/fr\/a-propos-de\/dr-jared-nabeta\/","og_site_name":"Pacific Training Institute for Facial Aesthetics &amp; Therapeutics","article_modified_time":"2025-09-15T19:34:13+00:00","og_image":[{"url":"https:\/\/ptifa.com\/wp-content\/uploads\/2025\/03\/jared-nabeta-1.jpg","type":"","width":"","height":""}],"twitter_card":"summary_large_image","twitter_misc":{"Estimation du temps de lecture":"2 minutes"},"schema":{"@context":"https:\/\/schema.org","@graph":[{"@type":"WebPage","@id":"https:\/\/ptifa.com\/about\/dr-jared-nabeta\/","url":"https:\/\/ptifa.com\/about\/dr-jared-nabeta\/","name":"A propos du Dr. Jared Nabeta, Dentiste | Facult\u00e9 PTIFAT","isPartOf":{"@id":"https:\/\/ptifa.com\/fr\/#website"},"primaryImageOfPage":{"@id":"https:\/\/ptifa.com\/about\/dr-jared-nabeta\/#primaryimage"},"image":{"@id":"https:\/\/ptifa.com\/about\/dr-jared-nabeta\/#primaryimage"},"thumbnailUrl":"https:\/\/ptifa.com\/wp-content\/uploads\/2025\/03\/jared-nabeta-1.jpg","datePublished":"2025-03-21T11:17:00+00:00","dateModified":"2025-09-15T19:34:13+00:00","description":"Le docteur Nabeta a aid\u00e9 des centaines de patients souffrant de TMD et de douleurs faciales et a fait des injectables th\u00e9rapeutiques son principal domaine d'int\u00e9r\u00eat dans son cabinet.","breadcrumb":{"@id":"https:\/\/ptifa.com\/about\/dr-jared-nabeta\/#breadcrumb"},"inLanguage":"fr-CA","potentialAction":[{"@type":"ReadAction","target":["https:\/\/ptifa.com\/about\/dr-jared-nabeta\/"]}]},{"@type":"ImageObject","inLanguage":"fr-CA","@id":"https:\/\/ptifa.com\/about\/dr-jared-nabeta\/#primaryimage","url":"https:\/\/ptifa.com\/wp-content\/uploads\/2025\/03\/jared-nabeta-1.jpg","contentUrl":"https:\/\/ptifa.com\/wp-content\/uploads\/2025\/03\/jared-nabeta-1.jpg"},{"@type":"BreadcrumbList","@id":"https:\/\/ptifa.com\/about\/dr-jared-nabeta\/#breadcrumb","itemListElement":[{"@type":"ListItem","position":1,"name":"Home","item":"https:\/\/ptifa.com\/"},{"@type":"ListItem","position":2,"name":"About Us","item":"https:\/\/ptifa.com\/about\/"},{"@type":"ListItem","position":3,"name":"Dr. Jared Nabeta"}]},{"@type":"WebSite","@id":"https:\/\/ptifa.com\/fr\/#website","url":"https:\/\/ptifa.com\/fr\/","name":"Institut de formation du Pacifique pour l'esth\u00e9tique faciale et la th\u00e9rapeutique","description":"","publisher":{"@id":"https:\/\/ptifa.com\/fr\/#organization"},"alternateName":"PTIFAT","potentialAction":[{"@type":"SearchAction","target":{"@type":"EntryPoint","urlTemplate":"https:\/\/ptifa.com\/fr\/?s={search_term_string}"},"query-input":{"@type":"PropertyValueSpecification","valueRequired":true,"valueName":"search_term_string"}}],"inLanguage":"fr-CA"},{"@type":"Organization","@id":"https:\/\/ptifa.com\/fr\/#organization","name":"Institut de formation du Pacifique pour l'esth\u00e9tique faciale et la th\u00e9rapeutique","alternateName":"PTIFAT","url":"https:\/\/ptifa.com\/fr\/","logo":{"@type":"ImageObject","inLanguage":"fr-CA","@id":"https:\/\/ptifa.com\/fr\/#\/schema\/logo\/image\/","url":"https:\/\/ptifa.com\/wp-content\/uploads\/2025\/02\/ptifa-logo.svg","contentUrl":"https:\/\/ptifa.com\/wp-content\/uploads\/2025\/02\/ptifa-logo.svg","width":310,"height":42,"caption":"Pacific Training Institute for Facial Aesthetics & Therapeutics"},"image":{"@id":"https:\/\/ptifa.com\/fr\/#\/schema\/logo\/image\/"}}]}},"_links":{"self":[{"href":"https:\/\/ptifa.com\/fr\/wp-json\/wp\/v2\/pages\/2115","targetHints":{"allow":["GET"]}}],"collection":[{"href":"https:\/\/ptifa.com\/fr\/wp-json\/wp\/v2\/pages"}],"about":[{"href":"https:\/\/ptifa.com\/fr\/wp-json\/wp\/v2\/types\/page"}],"author":[{"embeddable":true,"href":"https:\/\/ptifa.com\/fr\/wp-json\/wp\/v2\/users\/3"}],"replies":[{"embeddable":true,"href":"https:\/\/ptifa.com\/fr\/wp-json\/wp\/v2\/comments?post=2115"}],"version-history":[{"count":6,"href":"https:\/\/ptifa.com\/fr\/wp-json\/wp\/v2\/pages\/2115\/revisions"}],"predecessor-version":[{"id":5495,"href":"https:\/\/ptifa.com\/fr\/wp-json\/wp\/v2\/pages\/2115\/revisions\/5495"}],"up":[{"embeddable":true,"href":"https:\/\/ptifa.com\/fr\/wp-json\/wp\/v2\/pages\/221"}],"wp:attachment":[{"href":"https:\/\/ptifa.com\/fr\/wp-json\/wp\/v2\/media?parent=2115"}],"curies":[{"name":"wp","href":"https:\/\/api.w.org\/{rel}","templated":true}]}}