{"id":2594,"date":"2025-03-25T19:42:41","date_gmt":"2025-03-25T19:42:41","guid":{"rendered":"https:\/\/ptifa.com\/?page_id=2594"},"modified":"2025-07-15T16:41:12","modified_gmt":"2025-07-15T16:41:12","slug":"guide-commercial-esthetique-faciale-ebook","status":"publish","type":"page","link":"https:\/\/ptifa.com\/fr\/business-guide-facial-aesthetics-e-book\/","title":{"rendered":"Le guide commercial ultime de l'esth\u00e9tique faciale comprend"},"content":{"rendered":"<div class=\"gb-element-2e3df423\">\n<div class=\"gb-element-50e136ab  grid-container\">\n<div class=\"gb-element-58fcb580 breadcrumb-row\">\n<h1 class=\"gb-text gb-text-ba60a8fa\">L'ultime guide commercial de l'esth\u00e9tique faciale comprend<\/h1>\n<\/div>\n\n\n\n<div class=\"gb-element-fb322c90\">\n<div class=\"gb-element-b3183b32\">\n<div class=\"gb-element-c75a4353\">\n<p class=\"gb-text gb-text-66279411\"><img loading=\"lazy\" decoding=\"async\" width=\"16\" height=\"12\" class=\"wp-image-944\" style=\"width: 16px;\" src=\"https:\/\/ptifa.com\/wp-content\/uploads\/2025\/02\/bullet-point.svg\" alt=\"\">La premi\u00e8re \u00e9tape absolue pour r\u00e9ussir avec Botox\u00ae et l'esth\u00e9tique faciale<\/p>\n\n\n\n<p class=\"gb-text gb-text-0af05722\"><img loading=\"lazy\" decoding=\"async\" width=\"16\" height=\"12\" class=\"wp-image-944\" style=\"width: 16px;\" src=\"https:\/\/ptifa.com\/wp-content\/uploads\/2025\/02\/bullet-point.svg\" alt=\"\">R\u00e9ponses aux 10 questions les plus fr\u00e9quentes et aux 10 questions les plus importantes que vous devriez poser<\/p>\n\n\n\n<p class=\"gb-text gb-text-ea797416\"><img loading=\"lazy\" decoding=\"async\" width=\"16\" height=\"12\" class=\"wp-image-944\" style=\"width: 16px;\" src=\"https:\/\/ptifa.com\/wp-content\/uploads\/2025\/02\/bullet-point.svg\" alt=\"\">La solution magique en 3 minutes pour obtenir l'acceptation du dossier 99%<\/p>\n<\/div>\n\n\n\n<div class=\"gb-element-e72fff66\">\n<p class=\"gb-text gb-text-f9fc3ef2\"><img loading=\"lazy\" decoding=\"async\" width=\"16\" height=\"12\" class=\"wp-image-944\" style=\"width: 16px;\" src=\"https:\/\/ptifa.com\/wp-content\/uploads\/2025\/02\/bullet-point.svg\" alt=\"\">Les r\u00e8gles PTIFAT qui garantissent des r\u00e9sultats pr\u00e9visibles sans effets secondaires n\u00e9gatifs<\/p>\n\n\n\n<p class=\"gb-text gb-text-4489e972\"><img loading=\"lazy\" decoding=\"async\" width=\"16\" height=\"12\" class=\"wp-image-944\" style=\"width: 16px;\" src=\"https:\/\/ptifa.com\/wp-content\/uploads\/2025\/02\/bullet-point.svg\" alt=\"\">L'erreur #1 avec le Botox\u00ae et comment ne pas la commettre<\/p>\n\n\n\n<p class=\"gb-text gb-text-acb202a3\"><img loading=\"lazy\" decoding=\"async\" width=\"16\" height=\"12\" class=\"wp-image-944\" style=\"width: 16px;\" src=\"https:\/\/ptifa.com\/wp-content\/uploads\/2025\/02\/bullet-point.svg\" alt=\"\">Et bien d'autres encore !<\/p>\n<\/div>\n<\/div>\n<\/div>\n<\/div>\n<\/div>\n\n\n\n<div class=\"gb-element-8a46bf91\">\n<div class=\"gb-element-54e8604b  grid-container\">\n<div class=\"gb-element-b05ca458\">\n<img loading=\"lazy\" decoding=\"async\" width=\"609\" height=\"543\" class=\"gb-media-48d61828\" src=\"https:\/\/ptifa.com\/wp-content\/uploads\/2025\/03\/dr-warren-roberts-lg.webp\" title=\"dr-warren-roberts-lg\" srcset=\"https:\/\/ptifa.com\/wp-content\/uploads\/2025\/03\/dr-warren-roberts-lg.webp 609w, https:\/\/ptifa.com\/wp-content\/uploads\/2025\/03\/dr-warren-roberts-lg-300x267.webp 300w, https:\/\/ptifa.com\/wp-content\/uploads\/2025\/03\/dr-warren-roberts-lg-600x535.webp 600w\" sizes=\"auto, (max-width: 609px) 100vw, 609px\" \/>\n\n\n\n<div class=\"gb-element-3102305d\">\n<h2 class=\"gb-text gb-text-543d74b4\">Dr. Warren Roberts<\/h2>\n\n\n\n<p class=\"gb-text gb-text-0f7e1770\">Directeur clinique du Pacific Training Institute for Facial Aesthetics &amp; Therapeutics.<\/p>\n\n\n\n<p class=\"gb-text gb-text-bda9298c small-text\">Le Dr Warren Roberts est le cofondateur et le directeur clinique du Pacific Training Institute for Facial Aesthetics and Therapeutics. Il est professeur clinicien \u00e0 la retraite au d\u00e9partement des sciences de la sant\u00e9 bucco-dentaire de l'universit\u00e9 de Colombie-Britannique.<\/p>\n<\/div>\n<\/div>\n\n\n\n<div class=\"gb-element-4ff1b572 breadcrumb-row\">\n<h2 class=\"gb-text gb-text-7f9e87e2\">T\u00e9l\u00e9chargez votre exemplaire GRATUIT d\u00e8s aujourd'hui !<br><mark style=\"background-color:rgba(0, 0, 0, 0)\" class=\"has-inline-color has-pt-dark-green-color\">(valeur GRATUITE $199)<\/mark><\/h2>\n\n\n\n<div class=\"gb-element-f8998204\" id=\"contact-us\">\n<form accept-charset=\"UTF-8\" action=\"https:\/\/uk150.infusionsoft.com\/app\/form\/process\/f00fe7177f93ccebcb6bb98a96edb970\" class=\"infusion-form\" id=\"inf_form_f00fe7177f93ccebcb6bb98a96edb970\" method=\"POST\">\n    <input name=\"inf_form_xid\" type=\"hidden\" value=\"f00fe7177f93ccebcb6bb98a96edb970\" \/>\n    <input name=\"inf_form_name\" type=\"hidden\" value=\"Free Report Request\" \/>\n    <input name=\"infusionsoft_version\" type=\"hidden\" value=\"1.70.0.790985\" \/>\n    <div>\n        <div class=\"text\">\n                    <div class=\"text\" contentid=\"paragraph\">\n                        <div>\n                            <p>\n<\/p>\n                            <p>\n                                <img decoding=\"async\" align=\"bottom\" border=\"0\" src=\"https:\/\/uk150.files.keap.app\/uk150\/uk150-3d9766be-36ae-4540-9004-75289bb3a32a-v2\" width=\"100%\" \/>\n                            <\/p>\n                        <\/div>\n                    <\/div>\n            <\/div>\n    <\/div>\n    <div>\n        <div>\n            <div class=\"title\">\n                        <div class=\"title\" contentid=\"title\">\n                            <div>\n                                <p style=\"color:#344054\">Compl\u00e9tez le formulaire ci-dessous pour acc\u00e9der \u00e0 votre guide gratuit.<\/p>  \n                            <\/div>\n                        <\/div>\n                <\/div>\n        <\/div>\n    <\/div>\n    <div class=\"infusion-field\">\n        <label for=\"inf_field_Email\">Courriel *<\/label>\n        <input id=\"inf_field_Email\" name=\"inf_field_Email\" placeholder=\"Courriel *\" type=\"text\" \/>\n    <\/div>\n    <div class=\"infusion-field\">\n        <label for=\"inf_field_FirstName\">Pr\u00e9nom *<\/label>\n        <input id=\"inf_field_FirstName\" name=\"inf_field_FirstName\" placeholder=\"Pr\u00e9nom *\" type=\"text\" \/>\n    <\/div>\n    <div class=\"infusion-field\">\n        <label for=\"inf_field_LastName\">Nom de famille *<\/label>\n        <input id=\"inf_field_LastName\" name=\"inf_field_LastName\" placeholder=\"Nom de famille *\" type=\"text\" \/>\n    <\/div>\n    <div class=\"infusion-field\">\n        <label for=\"inf_field_Phone1\">T\u00e9l\u00e9phone <\/label>\n        <input id=\"inf_field_Phone1\" name=\"inf_field_Phone1\" placeholder=\"T\u00e9l\u00e9phone\" type=\"text\" \/>\n    <\/div>\n    <div class=\"infusion-field\">\n        <label for=\"inf_custom_PromoCode\">Code promo<\/label>\n        <input id=\"inf_custom_PromoCode\" name=\"inf_custom_PromoCode\" placeholder=\"Code promo\" type=\"text\" \/>\n    <\/div>\n    <div>\n        <div>&nbsp;<\/div>\n    <\/div>\n    <div class=\"infusion-submit\">\n        <button class=\"infusion-recaptcha\" id=\"recaptcha_f00fe7177f93ccebcb6bb98a96edb970\" type=\"submit\">Envoyez-moi un exemplaire par courriel !<\/button>\n    <\/div>\n<\/form>\n<script type=\"text\/javascript\" src=\"https:\/\/uk150.infusionsoft.app\/app\/webTracking\/getTrackingCode\"><\/script>\n<script type=\"text\/javascript\" src=\"https:\/\/uk150.infusionsoft.com\/resources\/external\/recaptcha\/production\/recaptcha.js?b=1.70.0.790985\"><\/script>\n<script src=\"https:\/\/www.google.com\/recaptcha\/api.js?onload=onloadInfusionRecaptchaCallback&#038;render=explicit\" async=\"async\" defer=\"defer\"><\/script>\n<script type=\"text\/javascript\" src=\"https:\/\/uk150.infusionsoft.com\/app\/timezone\/timezoneInputJs?xid=f00fe7177f93ccebcb6bb98a96edb970\"><\/script>\n<script type=\"text\/javascript\" src=\"https:\/\/uk150.infusionsoft.com\/js\/jquery\/jquery-3.3.1.js\"><\/script>\n<script type=\"text\/javascript\" src=\"https:\/\/uk150.infusionsoft.app\/app\/webform\/overwriteRefererJs\"><\/script>\n<\/div>\n<\/div>\n<\/div>\n<\/div>","protected":false},"excerpt":{"rendered":"<p>Ultimate Business Guide to Facial Aesthetics includes: The absolute first step in succeeding with Botox\u00ae &amp; facial aesthetics Answers to the 10 most FAQ and the top 10 questions you should be asking The magic 3-minute solution to achieving 99% case acceptance The PTIFAT Rules that ensure predictable results with no negative side effects The &#8230; <a title=\"Le guide commercial ultime de l&#039;esth\u00e9tique faciale comprend\" class=\"read-more\" href=\"https:\/\/ptifa.com\/fr\/business-guide-facial-aesthetics-e-book\/\" aria-label=\"Read more about Ultimate Business Guide to Facial Aesthetics includes\">En savoir plus<\/a><\/p>","protected":false},"author":3,"featured_media":0,"parent":0,"menu_order":0,"comment_status":"closed","ping_status":"closed","template":"","meta":{"_acf_changed":false,"inline_featured_image":false,"footnotes":""},"class_list":["post-2594","page","type-page","status-publish"],"acf":[],"yoast_head":"<!-- This site is optimized with the Yoast SEO plugin v27.3 - https:\/\/yoast.com\/product\/yoast-seo-wordpress\/ -->\n<title>Ultimate Business Guide to Botox Facial Aesthetics<\/title>\n<meta name=\"description\" content=\"As a growing, multi-billion dollar field, discover how integrating cosmetic and therapeutic Botox into your practise can increase your revenue by $125,000.\" \/>\n<meta name=\"robots\" content=\"index, follow, max-snippet:-1, max-image-preview:large, max-video-preview:-1\" \/>\n<link rel=\"canonical\" href=\"https:\/\/ptifa.com\/fr\/guide-commercial-esthetique-faciale-ebook\/\" \/>\n<meta property=\"og:locale\" content=\"fr_CA\" \/>\n<meta property=\"og:type\" content=\"article\" \/>\n<meta property=\"og:title\" content=\"Ultimate Business Guide to Botox Facial Aesthetics\" \/>\n<meta property=\"og:description\" content=\"As a growing, multi-billion dollar field, discover how integrating cosmetic and therapeutic Botox into your practise can increase your revenue by $125,000.\" \/>\n<meta property=\"og:url\" content=\"https:\/\/ptifa.com\/fr\/guide-commercial-esthetique-faciale-ebook\/\" \/>\n<meta property=\"og:site_name\" content=\"Pacific Training Institute for Facial Aesthetics &amp; Therapeutics\" \/>\n<meta property=\"article:modified_time\" content=\"2025-07-15T16:41:12+00:00\" \/>\n<meta property=\"og:image\" content=\"https:\/\/ptifa.com\/wp-content\/uploads\/2025\/02\/bullet-point.svg\" \/>\n<meta name=\"twitter:card\" content=\"summary_large_image\" \/>\n<meta name=\"twitter:label1\" content=\"Estimation du temps de lecture\" \/>\n\t<meta name=\"twitter:data1\" content=\"3 minutes\" \/>\n<script type=\"application\/ld+json\" class=\"yoast-schema-graph\">{\"@context\":\"https:\\\/\\\/schema.org\",\"@graph\":[{\"@type\":\"WebPage\",\"@id\":\"https:\\\/\\\/ptifa.com\\\/business-guide-facial-aesthetics-e-book\\\/\",\"url\":\"https:\\\/\\\/ptifa.com\\\/business-guide-facial-aesthetics-e-book\\\/\",\"name\":\"Ultimate Business Guide to Botox Facial Aesthetics\",\"isPartOf\":{\"@id\":\"https:\\\/\\\/ptifa.com\\\/fr\\\/#website\"},\"primaryImageOfPage\":{\"@id\":\"https:\\\/\\\/ptifa.com\\\/business-guide-facial-aesthetics-e-book\\\/#primaryimage\"},\"image\":{\"@id\":\"https:\\\/\\\/ptifa.com\\\/business-guide-facial-aesthetics-e-book\\\/#primaryimage\"},\"thumbnailUrl\":\"https:\\\/\\\/ptifa.com\\\/wp-content\\\/uploads\\\/2025\\\/02\\\/bullet-point.svg\",\"datePublished\":\"2025-03-25T19:42:41+00:00\",\"dateModified\":\"2025-07-15T16:41:12+00:00\",\"description\":\"As a growing, multi-billion dollar field, discover how integrating cosmetic and therapeutic Botox into your practise can increase your revenue by $125,000.\",\"breadcrumb\":{\"@id\":\"https:\\\/\\\/ptifa.com\\\/business-guide-facial-aesthetics-e-book\\\/#breadcrumb\"},\"inLanguage\":\"fr-CA\",\"potentialAction\":[{\"@type\":\"ReadAction\",\"target\":[\"https:\\\/\\\/ptifa.com\\\/business-guide-facial-aesthetics-e-book\\\/\"]}]},{\"@type\":\"ImageObject\",\"inLanguage\":\"fr-CA\",\"@id\":\"https:\\\/\\\/ptifa.com\\\/business-guide-facial-aesthetics-e-book\\\/#primaryimage\",\"url\":\"https:\\\/\\\/ptifa.com\\\/wp-content\\\/uploads\\\/2025\\\/02\\\/bullet-point.svg\",\"contentUrl\":\"https:\\\/\\\/ptifa.com\\\/wp-content\\\/uploads\\\/2025\\\/02\\\/bullet-point.svg\"},{\"@type\":\"BreadcrumbList\",\"@id\":\"https:\\\/\\\/ptifa.com\\\/business-guide-facial-aesthetics-e-book\\\/#breadcrumb\",\"itemListElement\":[{\"@type\":\"ListItem\",\"position\":1,\"name\":\"Home\",\"item\":\"https:\\\/\\\/ptifa.com\\\/\"},{\"@type\":\"ListItem\",\"position\":2,\"name\":\"Ultimate Business Guide to Facial Aesthetics includes\"}]},{\"@type\":\"WebSite\",\"@id\":\"https:\\\/\\\/ptifa.com\\\/fr\\\/#website\",\"url\":\"https:\\\/\\\/ptifa.com\\\/fr\\\/\",\"name\":\"Pacific Training Institute for Facial Aesthetics &amp; Therapeutics\",\"description\":\"\",\"publisher\":{\"@id\":\"https:\\\/\\\/ptifa.com\\\/fr\\\/#organization\"},\"alternateName\":\"PTIFAT\",\"potentialAction\":[{\"@type\":\"SearchAction\",\"target\":{\"@type\":\"EntryPoint\",\"urlTemplate\":\"https:\\\/\\\/ptifa.com\\\/fr\\\/?s={search_term_string}\"},\"query-input\":{\"@type\":\"PropertyValueSpecification\",\"valueRequired\":true,\"valueName\":\"search_term_string\"}}],\"inLanguage\":\"fr-CA\"},{\"@type\":\"Organization\",\"@id\":\"https:\\\/\\\/ptifa.com\\\/fr\\\/#organization\",\"name\":\"Pacific Training Institute for Facial Aesthetics & Therapeutics\",\"alternateName\":\"PTIFAT\",\"url\":\"https:\\\/\\\/ptifa.com\\\/fr\\\/\",\"logo\":{\"@type\":\"ImageObject\",\"inLanguage\":\"fr-CA\",\"@id\":\"https:\\\/\\\/ptifa.com\\\/fr\\\/#\\\/schema\\\/logo\\\/image\\\/\",\"url\":\"https:\\\/\\\/ptifa.com\\\/wp-content\\\/uploads\\\/2025\\\/02\\\/ptifa-logo.svg\",\"contentUrl\":\"https:\\\/\\\/ptifa.com\\\/wp-content\\\/uploads\\\/2025\\\/02\\\/ptifa-logo.svg\",\"width\":310,\"height\":42,\"caption\":\"Pacific Training Institute for Facial Aesthetics & Therapeutics\"},\"image\":{\"@id\":\"https:\\\/\\\/ptifa.com\\\/fr\\\/#\\\/schema\\\/logo\\\/image\\\/\"}}]}<\/script>\n<!-- \/ Yoast SEO plugin. -->","yoast_head_json":{"title":"Le guide commercial ultime de l'esth\u00e9tique faciale au Botox","description":"En tant que domaine en pleine croissance et repr\u00e9sentant plusieurs milliards de dollars, d\u00e9couvrez comment l'int\u00e9gration du Botox cosm\u00e9tique et th\u00e9rapeutique dans votre pratique peut augmenter vos revenus de $125.000.","robots":{"index":"index","follow":"follow","max-snippet":"max-snippet:-1","max-image-preview":"max-image-preview:large","max-video-preview":"max-video-preview:-1"},"canonical":"https:\/\/ptifa.com\/fr\/guide-commercial-esthetique-faciale-ebook\/","og_locale":"fr_CA","og_type":"article","og_title":"Ultimate Business Guide to Botox Facial Aesthetics","og_description":"As a growing, multi-billion dollar field, discover how integrating cosmetic and therapeutic Botox into your practise can increase your revenue by $125,000.","og_url":"https:\/\/ptifa.com\/fr\/guide-commercial-esthetique-faciale-ebook\/","og_site_name":"Pacific Training Institute for Facial Aesthetics &amp; Therapeutics","article_modified_time":"2025-07-15T16:41:12+00:00","og_image":[{"url":"https:\/\/ptifa.com\/wp-content\/uploads\/2025\/02\/bullet-point.svg","type":"","width":"","height":""}],"twitter_card":"summary_large_image","twitter_misc":{"Estimation du temps de lecture":"3 minutes"},"schema":{"@context":"https:\/\/schema.org","@graph":[{"@type":"WebPage","@id":"https:\/\/ptifa.com\/business-guide-facial-aesthetics-e-book\/","url":"https:\/\/ptifa.com\/business-guide-facial-aesthetics-e-book\/","name":"Le guide commercial ultime de l'esth\u00e9tique faciale au Botox","isPartOf":{"@id":"https:\/\/ptifa.com\/fr\/#website"},"primaryImageOfPage":{"@id":"https:\/\/ptifa.com\/business-guide-facial-aesthetics-e-book\/#primaryimage"},"image":{"@id":"https:\/\/ptifa.com\/business-guide-facial-aesthetics-e-book\/#primaryimage"},"thumbnailUrl":"https:\/\/ptifa.com\/wp-content\/uploads\/2025\/02\/bullet-point.svg","datePublished":"2025-03-25T19:42:41+00:00","dateModified":"2025-07-15T16:41:12+00:00","description":"En tant que domaine en pleine croissance et repr\u00e9sentant plusieurs milliards de dollars, d\u00e9couvrez comment l'int\u00e9gration du Botox cosm\u00e9tique et th\u00e9rapeutique dans votre pratique peut augmenter vos revenus de $125.000.","breadcrumb":{"@id":"https:\/\/ptifa.com\/business-guide-facial-aesthetics-e-book\/#breadcrumb"},"inLanguage":"fr-CA","potentialAction":[{"@type":"ReadAction","target":["https:\/\/ptifa.com\/business-guide-facial-aesthetics-e-book\/"]}]},{"@type":"ImageObject","inLanguage":"fr-CA","@id":"https:\/\/ptifa.com\/business-guide-facial-aesthetics-e-book\/#primaryimage","url":"https:\/\/ptifa.com\/wp-content\/uploads\/2025\/02\/bullet-point.svg","contentUrl":"https:\/\/ptifa.com\/wp-content\/uploads\/2025\/02\/bullet-point.svg"},{"@type":"BreadcrumbList","@id":"https:\/\/ptifa.com\/business-guide-facial-aesthetics-e-book\/#breadcrumb","itemListElement":[{"@type":"ListItem","position":1,"name":"Home","item":"https:\/\/ptifa.com\/"},{"@type":"ListItem","position":2,"name":"Ultimate Business Guide to Facial Aesthetics includes"}]},{"@type":"WebSite","@id":"https:\/\/ptifa.com\/fr\/#website","url":"https:\/\/ptifa.com\/fr\/","name":"Institut de formation du Pacifique pour l'esth\u00e9tique faciale et la th\u00e9rapeutique","description":"","publisher":{"@id":"https:\/\/ptifa.com\/fr\/#organization"},"alternateName":"PTIFAT","potentialAction":[{"@type":"SearchAction","target":{"@type":"EntryPoint","urlTemplate":"https:\/\/ptifa.com\/fr\/?s={search_term_string}"},"query-input":{"@type":"PropertyValueSpecification","valueRequired":true,"valueName":"search_term_string"}}],"inLanguage":"fr-CA"},{"@type":"Organization","@id":"https:\/\/ptifa.com\/fr\/#organization","name":"Institut de formation du Pacifique pour l'esth\u00e9tique faciale et la th\u00e9rapeutique","alternateName":"PTIFAT","url":"https:\/\/ptifa.com\/fr\/","logo":{"@type":"ImageObject","inLanguage":"fr-CA","@id":"https:\/\/ptifa.com\/fr\/#\/schema\/logo\/image\/","url":"https:\/\/ptifa.com\/wp-content\/uploads\/2025\/02\/ptifa-logo.svg","contentUrl":"https:\/\/ptifa.com\/wp-content\/uploads\/2025\/02\/ptifa-logo.svg","width":310,"height":42,"caption":"Pacific Training Institute for Facial Aesthetics & Therapeutics"},"image":{"@id":"https:\/\/ptifa.com\/fr\/#\/schema\/logo\/image\/"}}]}},"_links":{"self":[{"href":"https:\/\/ptifa.com\/fr\/wp-json\/wp\/v2\/pages\/2594","targetHints":{"allow":["GET"]}}],"collection":[{"href":"https:\/\/ptifa.com\/fr\/wp-json\/wp\/v2\/pages"}],"about":[{"href":"https:\/\/ptifa.com\/fr\/wp-json\/wp\/v2\/types\/page"}],"author":[{"embeddable":true,"href":"https:\/\/ptifa.com\/fr\/wp-json\/wp\/v2\/users\/3"}],"replies":[{"embeddable":true,"href":"https:\/\/ptifa.com\/fr\/wp-json\/wp\/v2\/comments?post=2594"}],"version-history":[{"count":19,"href":"https:\/\/ptifa.com\/fr\/wp-json\/wp\/v2\/pages\/2594\/revisions"}],"predecessor-version":[{"id":5217,"href":"https:\/\/ptifa.com\/fr\/wp-json\/wp\/v2\/pages\/2594\/revisions\/5217"}],"wp:attachment":[{"href":"https:\/\/ptifa.com\/fr\/wp-json\/wp\/v2\/media?parent=2594"}],"curies":[{"name":"wp","href":"https:\/\/api.w.org\/{rel}","templated":true}]}}