{"id":3067,"date":"2025-03-31T14:37:36","date_gmt":"2025-03-31T14:37:36","guid":{"rendered":"https:\/\/ptifa.com\/?page_id=3067"},"modified":"2025-12-10T15:23:15","modified_gmt":"2025-12-10T15:23:15","slug":"videos-de-formation","status":"publish","type":"page","link":"https:\/\/ptifa.com\/fr\/training-videos\/","title":{"rendered":"Vid\u00e9os de formation Botox\u00ae gratuites"},"content":{"rendered":"<div class=\"gb-element-2e3df423\">\n<div class=\"gb-element-50e136ab  grid-container\">\n<div class=\"gb-element-58fcb580 breadcrumb-row\"><span><span><a href=\"https:\/\/ptifa.com\/fr\/\">Accueil<\/a><\/span><\/span>\n<\/div>\n\n\n\n<div class=\"gb-element-fb322c90\">\n<div class=\"gb-element-4363ee0f\">\n<h1 class=\"gb-text gb-text-82a603a2\">Vid\u00e9os de formation Botox\u00ae gratuites<\/h1>\n\n\n\n<p class=\"gb-text gb-text-383dac26\">Am\u00e9liorez vos connaissances gr\u00e2ce \u00e0 nos vid\u00e9os de formation gratuites sur le Botox\u00ae qui pr\u00e9sentent des d\u00e9monstrations, des techniques et des conseils pratiques de l'expert de l'industrie, le Dr Roberts.  <a href=\"https:\/\/ptifa.com\/fr\/p\/cours\/niveau-1-cours-dintroduction\/\">Formation en ligne de niveau 1<\/a><\/p>\n<\/div>\n\n\n\n<div class=\"gb-element-93df6583\">\n<img loading=\"lazy\" decoding=\"async\" width=\"1200\" height=\"801\" class=\"gb-media-c80d777b\" src=\"https:\/\/ptifa.com\/wp-content\/uploads\/2025\/03\/Level-2-1.jpg\" title=\"Cameron@camerondavidson.com\" srcset=\"https:\/\/ptifa.com\/wp-content\/uploads\/2025\/03\/Level-2-1.jpg 1200w, https:\/\/ptifa.com\/wp-content\/uploads\/2025\/03\/Level-2-1-300x200.jpg 300w, https:\/\/ptifa.com\/wp-content\/uploads\/2025\/03\/Level-2-1-1024x684.jpg 1024w, https:\/\/ptifa.com\/wp-content\/uploads\/2025\/03\/Level-2-1-768x513.jpg 768w, https:\/\/ptifa.com\/wp-content\/uploads\/2025\/03\/Level-2-1-600x401.jpg 600w\" sizes=\"auto, (max-width: 1200px) 100vw, 1200px\" \/>\n\n\n\n<img loading=\"lazy\" decoding=\"async\" width=\"44\" height=\"94\" class=\"gb-media-b8f625a0\" src=\"https:\/\/ptifa.com\/wp-content\/uploads\/2025\/02\/section-icon.svg\" title=\"ic\u00f4ne de section\"\/>\n<\/div>\n<\/div>\n<\/div>\n<\/div>\n\n\n\n<div class=\"gb-element-f49dc1ad\">\n<div class=\"gb-element-527398b1  grid-container\">\n<div class=\"gb-element-6bef2965\">\n<div class=\"gb-element-8bb2f631\">\n<h2 class=\"gb-text gb-text-3010ac01\">L'importance de conna\u00eetre les applications th\u00e9rapeutiques et esth\u00e9tiques du Botox\u00ae.<\/h2>\n\n\n\n<p class=\"gb-text gb-text-3176878c\">Cette vid\u00e9o r\u00e9v\u00e8le l'intersection cruciale entre les traitements th\u00e9rapeutiques et esth\u00e9tiques par Botox\u00ae, en montrant comment ces applications se chevauchent et s'influencent mutuellement, et pourquoi une connaissance approfondie des deux domaines est fondamentale pour obtenir des r\u00e9sultats optimaux pour les patients et \u00e9viter les effets secondaires involontaires.<\/p>\n<\/div>\n\n\n\n<div class=\"gb-element-eddeca5e\">\n<figure class=\"wp-block-embed is-type-video is-provider-vimeo wp-block-embed-vimeo\"><div class=\"wp-block-embed__wrapper\">\n<iframe loading=\"lazy\" title=\"L&#039;importance de conna\u00eetre les applications th\u00e9rapeutiques et esth\u00e9tiques de la toxine botulique\" src=\"https:\/\/player.vimeo.com\/video\/639672893?dnt=1&amp;app_id=122963\" width=\"1200\" height=\"675\" frameborder=\"0\" allow=\"autoplay; fullscreen; picture-in-picture; clipboard-write; encrypted-media; web-share\" referrerpolicy=\"strict-origin-when-cross-origin\"><\/iframe>\n<\/div><\/figure>\n<\/div>\n<\/div>\n<\/div>\n<\/div>\n\n\n\n<div class=\"gb-element-012f6956\">\n<div class=\"gb-element-378fa07d  grid-container\">\n<div class=\"gb-element-f83125ec\">\n<div class=\"gb-element-c16ee3d6\">\n<h2 class=\"gb-text gb-text-343dcdcc\">Botox\u00ae pour le TMD, les maux de t\u00eate, la migraine et les douleurs myofasciales<\/h2>\n\n\n\n<p class=\"gb-text gb-text-a5620f3d\">Dans cette vid\u00e9o, le Dr Roberts explique comment le Botox\u00ae est utilis\u00e9 \u00e0 des fins th\u00e9rapeutiques.<\/p>\n<\/div>\n\n\n\n<div class=\"gb-element-7a59b5a7\">\n<div style=\"padding:56.25% 0 0 0;position:relative;\"><iframe src=\"https:\/\/player.vimeo.com\/video\/1145108201?badge=0&amp;autopause=0&amp;player_id=0&amp;app_id=58479\" frameborder=\"0\" allow=\"autoplay; fullscreen; picture-in-picture; clipboard-write; encrypted-media; web-share\" referrerpolicy=\"strict-origin-when-cross-origin\" style=\"position:absolute;top:0;left:0;width:100%;height:100%;\" title=\"Botox th\u00e9rapeutique en dentisterie : TMD, c\u00e9phal\u00e9es, migraines, douleurs myofasciales\"><\/iframe><\/div><script src=\"https:\/\/player.vimeo.com\/api\/player.js\"><\/script>\n<\/div>\n<\/div>\n<\/div>\n<\/div>\n\n\n\n<div class=\"gb-element-cc3fe8b6\">\n<div class=\"gb-element-9524e669  grid-container\">\n<div class=\"gb-element-4875d092\">\n<div class=\"gb-element-6605447f\">\n<figure class=\"wp-block-embed is-type-video is-provider-vimeo wp-block-embed-vimeo\"><div class=\"wp-block-embed__wrapper\">\n<iframe loading=\"lazy\" title=\"Pourquoi l&#039;anatomie est-elle cruciale pour le placement de la toxine botulique ?\" src=\"https:\/\/player.vimeo.com\/video\/639669131?dnt=1&amp;app_id=122963\" width=\"1200\" height=\"675\" frameborder=\"0\" allow=\"autoplay; fullscreen; picture-in-picture; clipboard-write; encrypted-media; web-share\" referrerpolicy=\"strict-origin-when-cross-origin\"><\/iframe>\n<\/div><\/figure>\n<\/div>\n\n\n\n<div class=\"gb-element-70e640bf\">\n<h2 class=\"gb-text gb-text-ff793851\">Pourquoi l'anatomie est cruciale pour le placement du Botox\u00ae ?<\/h2>\n\n\n\n<p class=\"gb-text gb-text-b308bfa2\">En tant que professionnel de sant\u00e9, vous avez d\u00e9j\u00e0 une connaissance approfondie de l'anatomie de la t\u00eate et du cou. Mais est-ce suffisant lorsqu'il s'agit d'administrer des m\u00e9dicaments esth\u00e9tiques comme le Botox\u00ae ?<\/p>\n\n\n\n<p class=\"gb-text gb-text-050de15e\">Le Dr Roberts explique pourquoi tous les praticiens (y compris les sp\u00e9cialistes, les dentistes, les m\u00e9decins et les infirmi\u00e8res) ont besoin d'un niveau suppl\u00e9mentaire de formation avanc\u00e9e en anatomie faciale avant d'apprendre \u00e0 injecter la toxine botulique.<\/p>\n<\/div>\n<\/div>\n<\/div>\n<\/div>\n\n\n\n<div class=\"gb-element-fe0db1e4\">\n<div class=\"gb-element-e016f828  grid-container\">\n<div class=\"gb-element-81ae27d7\">\n<div class=\"gb-element-e399d775\">\n<h2 class=\"gb-text gb-text-73815ea2\">Th\u00e9rapie Botox\u00ae guid\u00e9e par EMG<\/h2>\n\n\n\n<p class=\"gb-text gb-text-5d87179b\">Dans cette vid\u00e9o, le Dr Roberts explique l'importance d'int\u00e9grer l'analyse de l'EMG lors du traitement des patients avec des niveaux th\u00e9rapeutiques de Botox\u00ae.<\/p>\n<\/div>\n\n\n\n<div class=\"gb-element-8d03fee4\">\n<figure class=\"wp-block-embed is-type-video is-provider-vimeo wp-block-embed-vimeo\"><div class=\"wp-block-embed__wrapper\">\n<iframe loading=\"lazy\" title=\"Th\u00e9rapie th\u00e9rapeutique \u00e0 la toxine botulique guid\u00e9e par EMG\" src=\"https:\/\/player.vimeo.com\/video\/340241384?h=d1c6c25165&amp;dnt=1&amp;app_id=122963\" width=\"1200\" height=\"675\" frameborder=\"0\" allow=\"autoplay; fullscreen; picture-in-picture; clipboard-write; encrypted-media; web-share\" referrerpolicy=\"strict-origin-when-cross-origin\"><\/iframe>\n<\/div><\/figure>\n<\/div>\n<\/div>\n<\/div>\n<\/div>\n\n\n\n<div class=\"gb-element-8ea94522\">\n<div class=\"gb-element-60ebcc1d  grid-container\">\n<div class=\"gb-element-873bbc42\">\n<div class=\"gb-element-b7015ab0\">\n<figure class=\"wp-block-embed is-type-video is-provider-vimeo wp-block-embed-vimeo\"><div class=\"wp-block-embed__wrapper\">\n<iframe loading=\"lazy\" title=\"\u00c0 propos de la PTIFA\" src=\"https:\/\/player.vimeo.com\/video\/349538898?dnt=1&amp;app_id=122963\" width=\"1200\" height=\"675\" frameborder=\"0\" allow=\"autoplay; fullscreen; picture-in-picture; clipboard-write; encrypted-media; web-share\" referrerpolicy=\"strict-origin-when-cross-origin\"><\/iframe>\n<\/div><\/figure>\n<\/div>\n\n\n\n<div class=\"gb-element-e6ff5395\">\n<h2 class=\"gb-text gb-text-8b749f5b\">\u00c0 propos de PTIFAT<\/h2>\n\n\n\n<p class=\"gb-text gb-text-8f7bb123\">D\u00e9couvrez comment nous avons commenc\u00e9 et comment nous \u00e9tablissons la norme en mati\u00e8re de soins aux patients depuis 2008.<\/p>\n<\/div>\n<\/div>\n<\/div>\n<\/div>\n\n\n\n<div class=\"gb-element-1fe769f4\">\n<div class=\"gb-element-372fc4d5  grid-container\">\n<div class=\"gb-element-329d19b9\">\n<div class=\"gb-element-77f36874\">\n<h2 class=\"gb-text gb-text-a2e780be\">T\u00e9moignages de dipl\u00f4m\u00e9s<\/h2>\n\n\n\n<p class=\"gb-text gb-text-7a1680e8\">D\u00e9couvrez pourquoi les praticiens du monde entier transforment leurs pratiques apr\u00e8s avoir suivi une formation avec PTIFAT. \u00c9coutez les t\u00e9moignages authentiques de professionnels comme vous qui ont transform\u00e9 leur investissement dans la formation en services esth\u00e9tiques florissants et en am\u00e9lioration des r\u00e9sultats pour les patients.<\/p>\n<\/div>\n\n\n\n<div class=\"gb-element-70960862\">\n<figure class=\"wp-block-embed is-type-video is-provider-vimeo wp-block-embed-vimeo\"><div class=\"wp-block-embed__wrapper\">\n<iframe loading=\"lazy\" title=\"T\u00e9moignages de dipl\u00f4m\u00e9s du PTIFA\" src=\"https:\/\/player.vimeo.com\/video\/358151768?dnt=1&amp;app_id=122963\" width=\"1200\" height=\"675\" frameborder=\"0\" allow=\"autoplay; fullscreen; picture-in-picture; clipboard-write; encrypted-media; web-share\" referrerpolicy=\"strict-origin-when-cross-origin\"><\/iframe>\n<\/div><\/figure>\n<\/div>\n<\/div>\n<\/div>\n<\/div>","protected":false},"excerpt":{"rendered":"<p>Free Botox\u00ae Training Videos Increase your knowledge with our free Botox\u00ae training videos featuring demonstrations, techniques &amp; practical insights from industry expert, Dr. Roberts. online Level 1 course The Importance of Knowing both the Therapeutic &amp; Aesthetic Applications of Botox\u00ae This video reveals the crucial intersection between therapeutic and aesthetic Botox\u00ae treatments, revealing how these &#8230; <a title=\"Vid\u00e9os de formation Botox\u00ae gratuites\" class=\"read-more\" href=\"https:\/\/ptifa.com\/fr\/training-videos\/\" aria-label=\"Read more about Free Botox\u00ae Training Videos\">En savoir plus<\/a><\/p>","protected":false},"author":3,"featured_media":0,"parent":0,"menu_order":0,"comment_status":"closed","ping_status":"closed","template":"","meta":{"_acf_changed":false,"inline_featured_image":false,"footnotes":""},"class_list":["post-3067","page","type-page","status-publish"],"acf":[],"yoast_head":"<!-- This site is optimized with the Yoast SEO plugin v27.3 - https:\/\/yoast.com\/product\/yoast-seo-wordpress\/ -->\n<title>Free Botox Training Videos from Industry Expert, Dr. Roberts<\/title>\n<meta name=\"description\" content=\"Increase your knowledge with our free Botox training videos featuring demonstrations, techniques &amp; practical insights from industry expert, Dr. Roberts.\" \/>\n<meta name=\"robots\" content=\"index, follow, max-snippet:-1, max-image-preview:large, max-video-preview:-1\" \/>\n<link rel=\"canonical\" href=\"https:\/\/ptifa.com\/fr\/videos-de-formation\/\" \/>\n<meta property=\"og:locale\" content=\"fr_CA\" \/>\n<meta property=\"og:type\" content=\"article\" \/>\n<meta property=\"og:title\" content=\"Free Botox Training Videos from Industry Expert, Dr. Roberts\" \/>\n<meta property=\"og:description\" content=\"Increase your knowledge with our free Botox training videos featuring demonstrations, techniques &amp; practical insights from industry expert, Dr. Roberts.\" \/>\n<meta property=\"og:url\" content=\"https:\/\/ptifa.com\/fr\/videos-de-formation\/\" \/>\n<meta property=\"og:site_name\" content=\"Pacific Training Institute for Facial Aesthetics &amp; Therapeutics\" \/>\n<meta property=\"article:modified_time\" content=\"2025-12-10T15:23:15+00:00\" \/>\n<meta property=\"og:image\" content=\"https:\/\/ptifa.com\/wp-content\/uploads\/2025\/03\/Level-2-1.jpg\" \/>\n<meta name=\"twitter:card\" content=\"summary_large_image\" \/>\n<meta name=\"twitter:label1\" content=\"Estimation du temps de lecture\" \/>\n\t<meta name=\"twitter:data1\" content=\"2 minutes\" \/>\n<script type=\"application\/ld+json\" class=\"yoast-schema-graph\">{\"@context\":\"https:\\\/\\\/schema.org\",\"@graph\":[{\"@type\":\"WebPage\",\"@id\":\"https:\\\/\\\/ptifa.com\\\/training-videos\\\/\",\"url\":\"https:\\\/\\\/ptifa.com\\\/training-videos\\\/\",\"name\":\"Free Botox Training Videos from Industry Expert, Dr. Roberts\",\"isPartOf\":{\"@id\":\"https:\\\/\\\/ptifa.com\\\/fr\\\/#website\"},\"primaryImageOfPage\":{\"@id\":\"https:\\\/\\\/ptifa.com\\\/training-videos\\\/#primaryimage\"},\"image\":{\"@id\":\"https:\\\/\\\/ptifa.com\\\/training-videos\\\/#primaryimage\"},\"thumbnailUrl\":\"https:\\\/\\\/ptifa.com\\\/wp-content\\\/uploads\\\/2025\\\/03\\\/Level-2-1.jpg\",\"datePublished\":\"2025-03-31T14:37:36+00:00\",\"dateModified\":\"2025-12-10T15:23:15+00:00\",\"description\":\"Increase your knowledge with our free Botox training videos featuring demonstrations, techniques & practical insights from industry expert, Dr. Roberts.\",\"breadcrumb\":{\"@id\":\"https:\\\/\\\/ptifa.com\\\/training-videos\\\/#breadcrumb\"},\"inLanguage\":\"fr-CA\",\"potentialAction\":[{\"@type\":\"ReadAction\",\"target\":[\"https:\\\/\\\/ptifa.com\\\/training-videos\\\/\"]}]},{\"@type\":\"ImageObject\",\"inLanguage\":\"fr-CA\",\"@id\":\"https:\\\/\\\/ptifa.com\\\/training-videos\\\/#primaryimage\",\"url\":\"https:\\\/\\\/ptifa.com\\\/wp-content\\\/uploads\\\/2025\\\/03\\\/Level-2-1.jpg\",\"contentUrl\":\"https:\\\/\\\/ptifa.com\\\/wp-content\\\/uploads\\\/2025\\\/03\\\/Level-2-1.jpg\"},{\"@type\":\"BreadcrumbList\",\"@id\":\"https:\\\/\\\/ptifa.com\\\/training-videos\\\/#breadcrumb\",\"itemListElement\":[{\"@type\":\"ListItem\",\"position\":1,\"name\":\"Home\",\"item\":\"https:\\\/\\\/ptifa.com\\\/\"},{\"@type\":\"ListItem\",\"position\":2,\"name\":\"Free Botox\u00ae Training Videos\"}]},{\"@type\":\"WebSite\",\"@id\":\"https:\\\/\\\/ptifa.com\\\/fr\\\/#website\",\"url\":\"https:\\\/\\\/ptifa.com\\\/fr\\\/\",\"name\":\"Pacific Training Institute for Facial Aesthetics &amp; Therapeutics\",\"description\":\"\",\"publisher\":{\"@id\":\"https:\\\/\\\/ptifa.com\\\/fr\\\/#organization\"},\"alternateName\":\"PTIFAT\",\"potentialAction\":[{\"@type\":\"SearchAction\",\"target\":{\"@type\":\"EntryPoint\",\"urlTemplate\":\"https:\\\/\\\/ptifa.com\\\/fr\\\/?s={search_term_string}\"},\"query-input\":{\"@type\":\"PropertyValueSpecification\",\"valueRequired\":true,\"valueName\":\"search_term_string\"}}],\"inLanguage\":\"fr-CA\"},{\"@type\":\"Organization\",\"@id\":\"https:\\\/\\\/ptifa.com\\\/fr\\\/#organization\",\"name\":\"Pacific Training Institute for Facial Aesthetics & Therapeutics\",\"alternateName\":\"PTIFAT\",\"url\":\"https:\\\/\\\/ptifa.com\\\/fr\\\/\",\"logo\":{\"@type\":\"ImageObject\",\"inLanguage\":\"fr-CA\",\"@id\":\"https:\\\/\\\/ptifa.com\\\/fr\\\/#\\\/schema\\\/logo\\\/image\\\/\",\"url\":\"https:\\\/\\\/ptifa.com\\\/wp-content\\\/uploads\\\/2025\\\/02\\\/ptifa-logo.svg\",\"contentUrl\":\"https:\\\/\\\/ptifa.com\\\/wp-content\\\/uploads\\\/2025\\\/02\\\/ptifa-logo.svg\",\"width\":310,\"height\":42,\"caption\":\"Pacific Training Institute for Facial Aesthetics & Therapeutics\"},\"image\":{\"@id\":\"https:\\\/\\\/ptifa.com\\\/fr\\\/#\\\/schema\\\/logo\\\/image\\\/\"}}]}<\/script>\n<!-- \/ Yoast SEO plugin. -->","yoast_head_json":{"title":"Vid\u00e9os de formation gratuites sur le Botox par l'expert de l'industrie, Dr. Roberts","description":"Am\u00e9liorez vos connaissances gr\u00e2ce \u00e0 nos vid\u00e9os de formation gratuites sur le Botox qui pr\u00e9sentent des d\u00e9monstrations, des techniques et des conseils pratiques de l'expert de l'industrie, le Dr Roberts.","robots":{"index":"index","follow":"follow","max-snippet":"max-snippet:-1","max-image-preview":"max-image-preview:large","max-video-preview":"max-video-preview:-1"},"canonical":"https:\/\/ptifa.com\/fr\/videos-de-formation\/","og_locale":"fr_CA","og_type":"article","og_title":"Free Botox Training Videos from Industry Expert, Dr. Roberts","og_description":"Increase your knowledge with our free Botox training videos featuring demonstrations, techniques & practical insights from industry expert, Dr. Roberts.","og_url":"https:\/\/ptifa.com\/fr\/videos-de-formation\/","og_site_name":"Pacific Training Institute for Facial Aesthetics &amp; Therapeutics","article_modified_time":"2025-12-10T15:23:15+00:00","og_image":[{"url":"https:\/\/ptifa.com\/wp-content\/uploads\/2025\/03\/Level-2-1.jpg","type":"","width":"","height":""}],"twitter_card":"summary_large_image","twitter_misc":{"Estimation du temps de lecture":"2 minutes"},"schema":{"@context":"https:\/\/schema.org","@graph":[{"@type":"WebPage","@id":"https:\/\/ptifa.com\/training-videos\/","url":"https:\/\/ptifa.com\/training-videos\/","name":"Vid\u00e9os de formation gratuites sur le Botox par l'expert de l'industrie, Dr. Roberts","isPartOf":{"@id":"https:\/\/ptifa.com\/fr\/#website"},"primaryImageOfPage":{"@id":"https:\/\/ptifa.com\/training-videos\/#primaryimage"},"image":{"@id":"https:\/\/ptifa.com\/training-videos\/#primaryimage"},"thumbnailUrl":"https:\/\/ptifa.com\/wp-content\/uploads\/2025\/03\/Level-2-1.jpg","datePublished":"2025-03-31T14:37:36+00:00","dateModified":"2025-12-10T15:23:15+00:00","description":"Am\u00e9liorez vos connaissances gr\u00e2ce \u00e0 nos vid\u00e9os de formation gratuites sur le Botox qui pr\u00e9sentent des d\u00e9monstrations, des techniques et des conseils pratiques de l'expert de l'industrie, le Dr Roberts.","breadcrumb":{"@id":"https:\/\/ptifa.com\/training-videos\/#breadcrumb"},"inLanguage":"fr-CA","potentialAction":[{"@type":"ReadAction","target":["https:\/\/ptifa.com\/training-videos\/"]}]},{"@type":"ImageObject","inLanguage":"fr-CA","@id":"https:\/\/ptifa.com\/training-videos\/#primaryimage","url":"https:\/\/ptifa.com\/wp-content\/uploads\/2025\/03\/Level-2-1.jpg","contentUrl":"https:\/\/ptifa.com\/wp-content\/uploads\/2025\/03\/Level-2-1.jpg"},{"@type":"BreadcrumbList","@id":"https:\/\/ptifa.com\/training-videos\/#breadcrumb","itemListElement":[{"@type":"ListItem","position":1,"name":"Home","item":"https:\/\/ptifa.com\/"},{"@type":"ListItem","position":2,"name":"Free Botox\u00ae Training Videos"}]},{"@type":"WebSite","@id":"https:\/\/ptifa.com\/fr\/#website","url":"https:\/\/ptifa.com\/fr\/","name":"Institut de formation du Pacifique pour l'esth\u00e9tique faciale et la th\u00e9rapeutique","description":"","publisher":{"@id":"https:\/\/ptifa.com\/fr\/#organization"},"alternateName":"PTIFAT","potentialAction":[{"@type":"SearchAction","target":{"@type":"EntryPoint","urlTemplate":"https:\/\/ptifa.com\/fr\/?s={search_term_string}"},"query-input":{"@type":"PropertyValueSpecification","valueRequired":true,"valueName":"search_term_string"}}],"inLanguage":"fr-CA"},{"@type":"Organization","@id":"https:\/\/ptifa.com\/fr\/#organization","name":"Institut de formation du Pacifique pour l'esth\u00e9tique faciale et la th\u00e9rapeutique","alternateName":"PTIFAT","url":"https:\/\/ptifa.com\/fr\/","logo":{"@type":"ImageObject","inLanguage":"fr-CA","@id":"https:\/\/ptifa.com\/fr\/#\/schema\/logo\/image\/","url":"https:\/\/ptifa.com\/wp-content\/uploads\/2025\/02\/ptifa-logo.svg","contentUrl":"https:\/\/ptifa.com\/wp-content\/uploads\/2025\/02\/ptifa-logo.svg","width":310,"height":42,"caption":"Pacific Training Institute for Facial Aesthetics & Therapeutics"},"image":{"@id":"https:\/\/ptifa.com\/fr\/#\/schema\/logo\/image\/"}}]}},"_links":{"self":[{"href":"https:\/\/ptifa.com\/fr\/wp-json\/wp\/v2\/pages\/3067","targetHints":{"allow":["GET"]}}],"collection":[{"href":"https:\/\/ptifa.com\/fr\/wp-json\/wp\/v2\/pages"}],"about":[{"href":"https:\/\/ptifa.com\/fr\/wp-json\/wp\/v2\/types\/page"}],"author":[{"embeddable":true,"href":"https:\/\/ptifa.com\/fr\/wp-json\/wp\/v2\/users\/3"}],"replies":[{"embeddable":true,"href":"https:\/\/ptifa.com\/fr\/wp-json\/wp\/v2\/comments?post=3067"}],"version-history":[{"count":30,"href":"https:\/\/ptifa.com\/fr\/wp-json\/wp\/v2\/pages\/3067\/revisions"}],"predecessor-version":[{"id":5995,"href":"https:\/\/ptifa.com\/fr\/wp-json\/wp\/v2\/pages\/3067\/revisions\/5995"}],"wp:attachment":[{"href":"https:\/\/ptifa.com\/fr\/wp-json\/wp\/v2\/media?parent=3067"}],"curies":[{"name":"wp","href":"https:\/\/api.w.org\/{rel}","templated":true}]}}