{"id":3071,"date":"2025-03-31T14:39:02","date_gmt":"2025-03-31T14:39:02","guid":{"rendered":"https:\/\/ptifa.com\/?page_id=3071"},"modified":"2025-05-05T20:16:11","modified_gmt":"2025-05-05T20:16:11","slug":"quiz-sur-le-botox","status":"publish","type":"page","link":"https:\/\/ptifa.com\/fr\/botox-iq-quiz\/","title":{"rendered":"Quiz sur le Botox"},"content":{"rendered":"<div class=\"gb-element-2e3df423\">\n<div class=\"gb-element-50e136ab  grid-container\">\n<div class=\"gb-element-58fcb580 breadcrumb-row\"><span><span><a href=\"https:\/\/ptifa.com\/fr\/\">Accueil<\/a><\/span><\/span>\n<\/div>\n\n\n\n<div class=\"gb-element-fb322c90\">\n<div class=\"gb-element-4363ee0f\">\n<h1 class=\"gb-text gb-text-82a603a2\">Test de QI pour les injecteurs de BOTOX<\/h1>\n<\/div>\n\n\n\n<div class=\"gb-element-93df6583\">\n<img loading=\"lazy\" decoding=\"async\" width=\"958\" height=\"760\" class=\"gb-media-c80d777b\" src=\"https:\/\/ptifa.com\/wp-content\/uploads\/2025\/03\/reconstituting-botox-1.jpg\" title=\"Reconstituant-Botox\" srcset=\"https:\/\/ptifa.com\/wp-content\/uploads\/2025\/03\/reconstituting-botox-1.jpg 958w, https:\/\/ptifa.com\/wp-content\/uploads\/2025\/03\/reconstituting-botox-1-300x238.jpg 300w, https:\/\/ptifa.com\/wp-content\/uploads\/2025\/03\/reconstituting-botox-1-768x609.jpg 768w, https:\/\/ptifa.com\/wp-content\/uploads\/2025\/03\/reconstituting-botox-1-600x476.jpg 600w\" sizes=\"auto, (max-width: 958px) 100vw, 958px\" \/>\n\n\n\n<img loading=\"lazy\" decoding=\"async\" width=\"44\" height=\"94\" class=\"gb-media-b8f625a0\" src=\"https:\/\/ptifa.com\/wp-content\/uploads\/2025\/02\/section-icon.svg\" title=\"ic\u00f4ne de section\"\/>\n<\/div>\n<\/div>\n<\/div>\n<\/div>\n\n\n\n<div class=\"gb-element-a3c7994b\">\n<div class=\"gb-element-c2e6d4f2\">\n<div class=\"gb-element-a064fec0\">\n<h3 class=\"gb-text\">Pr\u00eat \u00e0 tester vos connaissances sur le Botox ? R\u00e9pondez simplement \u00e0 notre questionnaire en ligne gratuit sur le Botox ci-dessous.<\/h3>\n\n\n\n<p class=\"gb-text gb-text-66ea7cab\">Veuillez r\u00e9pondre \u00e0 chaque question sans chercher les r\u00e9ponses - y compris sur Google ! Nos dipl\u00f4m\u00e9s des niveaux 1 et 2 ont acquis les bases n\u00e9cessaires pour pouvoir r\u00e9pondre correctement \u00e0 ces questions. Nous avons constat\u00e9 que seul 1 praticien sur 50 ayant suivi un autre cours sur le Botox peut r\u00e9pondre correctement aux questions en toute confiance. Si vous souhaitez examiner vos r\u00e9sultats avec l'un des membres de notre facult\u00e9, il vous suffit de remplir le formulaire et nous vous contacterons.<\/p>\n<\/div>\n\n\n\n<div class=\"gb-element-8ebcd127\">\n<form accept-charset=\"UTF-8\" action=\"https:\/\/uk150.infusionsoft.com\/app\/form\/process\/5eed9e916401dac25e71ca0cb1ca0d49\"\n    class=\"infusion-form\" id=\"inf_form_5eed9e916401dac25e71ca0cb1ca0d49\" method=\"POST\">\n      <input name=\"inf_form_xid\" type=\"hidden\" value=\"5eed9e916401dac25e71ca0cb1ca0d49\" \/>\n      <input name=\"inf_form_name\" type=\"hidden\" value=\"BOTOX IQ TEST\" \/>\n      <input name=\"infusionsoft_version\" type=\"hidden\" value=\"1.70.0.790985\" \/>\n      <div>\n            <div>\n                  <div class=\"title\">\n                            <div class=\"title\" contentid=\"title\">\n                                  <div>\n                                        <span>\n                                              <span>BOTOX IQ TEST<\/span>\n                                            <\/span>\n                                       \n                        <hr \/>\n                                        <span><\/span>\n                                     \n                    <\/div>\n                                <\/div>\n                        <\/div>\n                <\/div>\n          <\/div>\n      <div class=\"infusion-field\">\n            <label for=\"inf_custom_Q1Moleculerespforpresynapticcholinergicmembrane\">Q#1 : Quelle partie de la mol\u00e9cule de toxine botulique\n            est responsable de la liaison de la mol\u00e9cule \u00e0 la membrane cholinergique pr\u00e9-synaptique ? *<\/label>\n            <input id=\"inf_custom_Q1Moleculerespforpresynapticcholinergicmembrane\"\n            name=\"inf_custom_Q1Moleculerespforpresynapticcholinergicmembrane\"\n            placeholder=\"\"\n            type=\"text\" \/>\n          <\/div>\n      <div class=\"infusion-field\">\n            <label for=\"inf_custom_Q2Namethe3musclesoftheGlabellarcomplex\">Q#2 : Citez les 3 muscles du complexe glabellaire\n            de Glabelle. *<\/label>\n            <input id=\"inf_custom_Q2Namethe3musclesoftheGlabellarcomplex\"\n            name=\"inf_custom_Q2Namethe3musclesoftheGlabellarcomplex\"\n            placeholder=\"\" type=\"text\" \/>\n          <\/div>\n      <div class=\"infusion-field\">\n            <label for=\"inf_custom_Q3Locationimportancesuperiortemporalline\">Q#3 : D\u00e9crivez l'emplacement de la ligne\n            temporale sup\u00e9rieure. Quelle est sa signification ? *<\/label>\n            <textarea cols=\"24\" id=\"inf_custom_Q3Locationimportancesuperiortemporalline\"\n            name=\"inf_custom_Q3Locationimportancesuperiortemporalline\"\n            placeholder=\"\"\n            rows=\"5\"><\/textarea>\n          <\/div>\n      <div class=\"infusion-field\">\n            <label for=\"inf_custom_Q4PrimarysecondarytertiarymechanismofactionofBotox0\">Q#4 : Quel est le m\u00e9canisme d'action primaire,\n            secondaire et tertiaire du Botox ? Expliquez chacun d'entre eux. *<\/label>\n            <textarea cols=\"24\" id=\"inf_custom_Q4PrimarysecondarytertiarymechanismofactionofBotox0\"\n            name=\"inf_custom_Q4PrimarysecondarytertiarymechanismofactionofBotox0\"\n            placeholder=\"\"\n            rows=\"5\"><\/textarea>\n          <\/div>\n      <div class=\"infusion-field\">\n            <label for=\"inf_custom_Q5WhatissubstancePrelationshiptoneuromodulators\">Q#5 : Qu'est-ce que la substance P ?\n            sa relation avec les neuromodulateurs *<\/label>\n            <textarea cols=\"24\" id=\"inf_custom_Q5WhatissubstancePrelationshiptoneuromodulators\"\n            name=\"inf_custom_Q5WhatissubstancePrelationshiptoneuromodulators\"\n            placeholder=\"\" rows=\"5\"><\/textarea>\n          <\/div>\n      <div class=\"infusion-field\">\n            <label for=\"inf_custom_Q6WhatismeantbythetermquotCentralSensitizationquot\">Q#6 : Que signifie le terme \"sensibilisation centrale\" ?\n            terme \"sensibilisation centrale\" ? *<\/label>\n            <textarea cols=\"24\" id=\"inf_custom_Q6WhatismeantbythetermquotCentralSensitizationquot\"\n            name=\"inf_custom_Q6WhatismeantbythetermquotCentralSensitizationquot\"\n            placeholder=\"\" rows=\"5\"><\/textarea>\n          <\/div>\n      <div class=\"infusion-field\">\n            <label for=\"inf_custom_Q7MinofunitsofBotoxformyogenicTMDpatientwhy\">Q#7 : Quelle est la quantit\u00e9 minimale # d'unit\u00e9s de toxine botulique utilis\u00e9e pour traiter un patient atteint de TMD myog\u00e8ne et pourquoi ?\n            utilis\u00e9e lors du traitement d'un patient souffrant d'un TMD myog\u00e8ne et pourquoi ? *<\/label>\n            <textarea cols=\"24\" id=\"inf_custom_Q7MinofunitsofBotoxformyogenicTMDpatientwhy\"\n            name=\"inf_custom_Q7MinofunitsofBotoxformyogenicTMDpatientwhy\"\n            placeholder=\"\"\n            rows=\"5\"><\/textarea>\n          <\/div>\n      <div class=\"infusion-field\">\n            <label for=\"inf_custom_Howtodeterminehyperactivemuscledosageforpainpatient\">Q#8 : Lorsque vous traitez un patient\n            pour la douleur, comment d\u00e9terminez-vous le muscle hyperactif et votre dosage ? Comment d\u00e9terminez-vous quand il faut\n            r\u00e9injecter ? *<\/label>\n            <textarea cols=\"24\" id=\"inf_custom_Howtodeterminehyperactivemuscledosageforpainpatient\"\n            name=\"inf_custom_Howtodeterminehyperactivemuscledosageforpainpatient\"\n            placeholder=\"\"\n            rows=\"5\"><\/textarea>\n          <\/div>\n      <div class=\"infusion-field\">\n            <label for=\"inf_custom_ImportanceofRFRPseries\">Q#9 : Pourquoi est-il si important de prendre la s\u00e9rie de photographies Roberts Facial\n            rajeunissement du visage ? *<\/label>\n            <textarea cols=\"24\" id=\"inf_custom_ImportanceofRFRPseries\" name=\"inf_custom_ImportanceofRFRPseries\"\n            placeholder=\"\"\n            rows=\"5\"><\/textarea>\n          <\/div>\n   \n     \n       \n      <div class=\"infusion-field\">\n            <label for=\"inf_field_FirstName\">Pr\u00e9nom *<\/label>\n            <input id=\"inf_field_FirstName\" name=\"inf_field_FirstName\" placeholder=\"\" \/>\n          <\/div>\n      <div class=\"infusion-field\">\n            <label for=\"inf_field_LastName\">Nom de famille *<\/label>\n            <input id=\"inf_field_LastName\" name=\"inf_field_LastName\" placeholder=\"\" type=\"text\" \/>\n          <\/div>\n      <div class=\"infusion-field\">\n            <label for=\"inf_custom_Profession0\">Profession *<\/label>\n            <div class=\"infusion-field-input-container\">\n                  <select id=\"inf_custom_Profession0\" name=\"inf_custom_Profession0\">\n                        <option value=\"\">Veuillez s\u00e9lectionner une option<\/option>\n                        <option value=\"Physician\">M\u00e9decin<\/option>\n                        <option value=\"Dentist\">Dentiste<\/option>\n                        <option value=\"Naturopath\">Naturopathe<\/option>\n                        <option value=\"Nurse\">Infirmi\u00e8re<\/option>\n                        <option value=\"Other\">Autres<\/option>\n                      <\/select>\n                <\/div>\n          <\/div>\n      <div class=\"infusion-field\">\n            <label for=\"inf_field_City\">Ville *<\/label>\n            <input id=\"inf_field_City\" name=\"inf_field_City\" placeholder=\"\" type=\"text\" \/>\n          <\/div>\n      <div class=\"infusion-field\">\n            <label for=\"inf_field_State\">Prov\/\u00c9tat *<\/label>\n            <input id=\"inf_field_State\" name=\"inf_field_State\" placeholder=\"\" type=\"text\" \/>\n          <\/div>\n      <div class=\"infusion-field\">\n            <label for=\"inf_field_Email\">Courriel *<\/label>\n            <input id=\"inf_field_Email\" name=\"inf_field_Email\" placeholder=\"\" type=\"text\" \/>\n          <\/div>\n      <div class=\"infusion-field\">\n            <label for=\"inf_field_Phone1\">T\u00e9l\u00e9phone<\/label>\n            <input id=\"inf_field_Phone1\" name=\"inf_field_Phone1\" placeholder=\"\" type=\"text\" \/>\n          <\/div>\n      <div class=\"infusion-captcha\">\n            <div>\n                  <img decoding=\"async\" alt=\"captcha\" border=\"0px\" name=\"captcha\" onclick=\"reloadJcaptcha();\"\n                src=\"https:\/\/uk150.infusionsoft.com\/Jcaptcha\/img.jsp\"\n                title=\"Si vous ne pouvez pas lire l&#039;image, cliquez dessus pour en obtenir une autre.\" \/>\n                 \n            <script\n                type=\"text\/javascript\">function reloadJcaptcha() { var now = new Date(); if (document.images) { document.images.captcha.src = &#8216;https:\/\/uk150.infusionsoft.com\/Jcaptcha\/img.jsp?reload=&#8217; + now } }<\/script>\n               \n        <\/div>\n            <div>\n                  <label for=\"captcha.typed\">Saisissez le code ci-dessus :<\/label>\n                <\/div>\n            <div>\n                  <input class=\"infusion-field-input-container\" id=\"captcha.typed\" name=\"captcha.typed\"\n                type=\"text\" \/>\n                <\/div>\n          <\/div>\n     \n      <div class=\"infusion-submit\">\n            <button class=\"infusion-recaptcha\" id=\"recaptcha_5eed9e916401dac25e71ca0cb1ca0d49\"\n            type=\"submit\">Soumettre un quiz<\/button>\n          <\/div>\n<\/form>\n<script type=\"text\/javascript\" src=\"https:\/\/uk150.infusionsoft.app\/app\/webTracking\/getTrackingCode\"><\/script>\n<script type=\"text\/javascript\"\n    src=\"https:\/\/uk150.infusionsoft.com\/resources\/external\/recaptcha\/production\/recaptcha.js?b=1.70.0.790985\"><\/script>\n<script src=\"https:\/\/www.google.com\/recaptcha\/api.js?onload=onloadInfusionRecaptchaCallback&#038;render=explicit\"\n    async=\"async\" defer=\"defer\"><\/script>\n<script type=\"text\/javascript\"\n    src=\"https:\/\/uk150.infusionsoft.com\/app\/timezone\/timezoneInputJs?xid=5eed9e916401dac25e71ca0cb1ca0d49\"><\/script>\n<script type=\"text\/javascript\" src=\"https:\/\/uk150.infusionsoft.com\/js\/jquery\/jquery-3.3.1.js\"><\/script>\n<script type=\"text\/javascript\" src=\"https:\/\/uk150.infusionsoft.app\/app\/webform\/overwriteRefererJs\"><\/script>\n<\/div>\n<\/div>\n<\/div>\n\n\n\n<p><\/p>","protected":false},"excerpt":{"rendered":"<p>BOTOX IQ Test for Injectors Ready to test your Botox knowledge? Simply take our free online Botox IQ Quiz below. Please answer each question without looking up the answers \u2013 including on Google! Our Level 1 and Level 2 graduates have learned the foundations to be able to answer these questions correctly. We have found &#8230; <a title=\"Quiz sur le Botox\" class=\"read-more\" href=\"https:\/\/ptifa.com\/fr\/botox-iq-quiz\/\" aria-label=\"Read more about Botox IQ QUIZ\">En savoir plus<\/a><\/p>","protected":false},"author":3,"featured_media":0,"parent":0,"menu_order":0,"comment_status":"closed","ping_status":"closed","template":"","meta":{"_acf_changed":false,"inline_featured_image":false,"footnotes":""},"class_list":["post-3071","page","type-page","status-publish"],"acf":[],"yoast_head":"<!-- This site is optimized with the Yoast SEO plugin v27.3 - https:\/\/yoast.com\/product\/yoast-seo-wordpress\/ -->\n<title>Botox IQ Quiz for Injectors: Test Your Knowledge<\/title>\n<meta name=\"description\" content=\"Ready to test your Botox knowledge? Simply take our free online Botox IQ Quiz.\" \/>\n<meta name=\"robots\" content=\"index, follow, max-snippet:-1, max-image-preview:large, max-video-preview:-1\" \/>\n<link rel=\"canonical\" href=\"https:\/\/ptifa.com\/fr\/quiz-sur-le-botox\/\" \/>\n<meta property=\"og:locale\" content=\"fr_CA\" \/>\n<meta property=\"og:type\" content=\"article\" \/>\n<meta property=\"og:title\" content=\"Botox IQ Quiz for Injectors: Test Your Knowledge\" \/>\n<meta property=\"og:description\" content=\"Ready to test your Botox knowledge? Simply take our free online Botox IQ Quiz.\" \/>\n<meta property=\"og:url\" content=\"https:\/\/ptifa.com\/fr\/quiz-sur-le-botox\/\" \/>\n<meta property=\"og:site_name\" content=\"Pacific Training Institute for Facial Aesthetics &amp; Therapeutics\" \/>\n<meta property=\"article:modified_time\" content=\"2025-05-05T20:16:11+00:00\" \/>\n<meta property=\"og:image\" content=\"https:\/\/ptifa.com\/wp-content\/uploads\/2025\/03\/reconstituting-botox-1.jpg\" \/>\n<meta name=\"twitter:card\" content=\"summary_large_image\" \/>\n<meta name=\"twitter:label1\" content=\"Estimation du temps de lecture\" \/>\n\t<meta name=\"twitter:data1\" content=\"2 minutes\" \/>\n<script type=\"application\/ld+json\" class=\"yoast-schema-graph\">{\"@context\":\"https:\\\/\\\/schema.org\",\"@graph\":[{\"@type\":\"WebPage\",\"@id\":\"https:\\\/\\\/ptifa.com\\\/botox-iq-quiz\\\/\",\"url\":\"https:\\\/\\\/ptifa.com\\\/botox-iq-quiz\\\/\",\"name\":\"Botox IQ Quiz for Injectors: Test Your Knowledge\",\"isPartOf\":{\"@id\":\"https:\\\/\\\/ptifa.com\\\/fr\\\/#website\"},\"primaryImageOfPage\":{\"@id\":\"https:\\\/\\\/ptifa.com\\\/botox-iq-quiz\\\/#primaryimage\"},\"image\":{\"@id\":\"https:\\\/\\\/ptifa.com\\\/botox-iq-quiz\\\/#primaryimage\"},\"thumbnailUrl\":\"https:\\\/\\\/ptifa.com\\\/wp-content\\\/uploads\\\/2025\\\/03\\\/reconstituting-botox-1.jpg\",\"datePublished\":\"2025-03-31T14:39:02+00:00\",\"dateModified\":\"2025-05-05T20:16:11+00:00\",\"description\":\"Ready to test your Botox knowledge? Simply take our free online Botox IQ Quiz.\",\"breadcrumb\":{\"@id\":\"https:\\\/\\\/ptifa.com\\\/botox-iq-quiz\\\/#breadcrumb\"},\"inLanguage\":\"fr-CA\",\"potentialAction\":[{\"@type\":\"ReadAction\",\"target\":[\"https:\\\/\\\/ptifa.com\\\/botox-iq-quiz\\\/\"]}]},{\"@type\":\"ImageObject\",\"inLanguage\":\"fr-CA\",\"@id\":\"https:\\\/\\\/ptifa.com\\\/botox-iq-quiz\\\/#primaryimage\",\"url\":\"https:\\\/\\\/ptifa.com\\\/wp-content\\\/uploads\\\/2025\\\/03\\\/reconstituting-botox-1.jpg\",\"contentUrl\":\"https:\\\/\\\/ptifa.com\\\/wp-content\\\/uploads\\\/2025\\\/03\\\/reconstituting-botox-1.jpg\"},{\"@type\":\"BreadcrumbList\",\"@id\":\"https:\\\/\\\/ptifa.com\\\/botox-iq-quiz\\\/#breadcrumb\",\"itemListElement\":[{\"@type\":\"ListItem\",\"position\":1,\"name\":\"Home\",\"item\":\"https:\\\/\\\/ptifa.com\\\/\"},{\"@type\":\"ListItem\",\"position\":2,\"name\":\"Botox IQ QUIZ\"}]},{\"@type\":\"WebSite\",\"@id\":\"https:\\\/\\\/ptifa.com\\\/fr\\\/#website\",\"url\":\"https:\\\/\\\/ptifa.com\\\/fr\\\/\",\"name\":\"Pacific Training Institute for Facial Aesthetics &amp; Therapeutics\",\"description\":\"\",\"publisher\":{\"@id\":\"https:\\\/\\\/ptifa.com\\\/fr\\\/#organization\"},\"alternateName\":\"PTIFAT\",\"potentialAction\":[{\"@type\":\"SearchAction\",\"target\":{\"@type\":\"EntryPoint\",\"urlTemplate\":\"https:\\\/\\\/ptifa.com\\\/fr\\\/?s={search_term_string}\"},\"query-input\":{\"@type\":\"PropertyValueSpecification\",\"valueRequired\":true,\"valueName\":\"search_term_string\"}}],\"inLanguage\":\"fr-CA\"},{\"@type\":\"Organization\",\"@id\":\"https:\\\/\\\/ptifa.com\\\/fr\\\/#organization\",\"name\":\"Pacific Training Institute for Facial Aesthetics & Therapeutics\",\"alternateName\":\"PTIFAT\",\"url\":\"https:\\\/\\\/ptifa.com\\\/fr\\\/\",\"logo\":{\"@type\":\"ImageObject\",\"inLanguage\":\"fr-CA\",\"@id\":\"https:\\\/\\\/ptifa.com\\\/fr\\\/#\\\/schema\\\/logo\\\/image\\\/\",\"url\":\"https:\\\/\\\/ptifa.com\\\/wp-content\\\/uploads\\\/2025\\\/02\\\/ptifa-logo.svg\",\"contentUrl\":\"https:\\\/\\\/ptifa.com\\\/wp-content\\\/uploads\\\/2025\\\/02\\\/ptifa-logo.svg\",\"width\":310,\"height\":42,\"caption\":\"Pacific Training Institute for Facial Aesthetics & Therapeutics\"},\"image\":{\"@id\":\"https:\\\/\\\/ptifa.com\\\/fr\\\/#\\\/schema\\\/logo\\\/image\\\/\"}}]}<\/script>\n<!-- \/ Yoast SEO plugin. -->","yoast_head_json":{"title":"Quiz QI Botox pour les injecteurs : Testez vos connaissances","description":"Pr\u00eat \u00e0 tester vos connaissances sur le Botox ? R\u00e9pondez simplement \u00e0 notre questionnaire gratuit en ligne sur le QI du Botox.","robots":{"index":"index","follow":"follow","max-snippet":"max-snippet:-1","max-image-preview":"max-image-preview:large","max-video-preview":"max-video-preview:-1"},"canonical":"https:\/\/ptifa.com\/fr\/quiz-sur-le-botox\/","og_locale":"fr_CA","og_type":"article","og_title":"Botox IQ Quiz for Injectors: Test Your Knowledge","og_description":"Ready to test your Botox knowledge? Simply take our free online Botox IQ Quiz.","og_url":"https:\/\/ptifa.com\/fr\/quiz-sur-le-botox\/","og_site_name":"Pacific Training Institute for Facial Aesthetics &amp; Therapeutics","article_modified_time":"2025-05-05T20:16:11+00:00","og_image":[{"url":"https:\/\/ptifa.com\/wp-content\/uploads\/2025\/03\/reconstituting-botox-1.jpg","type":"","width":"","height":""}],"twitter_card":"summary_large_image","twitter_misc":{"Estimation du temps de lecture":"2 minutes"},"schema":{"@context":"https:\/\/schema.org","@graph":[{"@type":"WebPage","@id":"https:\/\/ptifa.com\/botox-iq-quiz\/","url":"https:\/\/ptifa.com\/botox-iq-quiz\/","name":"Quiz QI Botox pour les injecteurs : Testez vos connaissances","isPartOf":{"@id":"https:\/\/ptifa.com\/fr\/#website"},"primaryImageOfPage":{"@id":"https:\/\/ptifa.com\/botox-iq-quiz\/#primaryimage"},"image":{"@id":"https:\/\/ptifa.com\/botox-iq-quiz\/#primaryimage"},"thumbnailUrl":"https:\/\/ptifa.com\/wp-content\/uploads\/2025\/03\/reconstituting-botox-1.jpg","datePublished":"2025-03-31T14:39:02+00:00","dateModified":"2025-05-05T20:16:11+00:00","description":"Pr\u00eat \u00e0 tester vos connaissances sur le Botox ? R\u00e9pondez simplement \u00e0 notre questionnaire gratuit en ligne sur le QI du Botox.","breadcrumb":{"@id":"https:\/\/ptifa.com\/botox-iq-quiz\/#breadcrumb"},"inLanguage":"fr-CA","potentialAction":[{"@type":"ReadAction","target":["https:\/\/ptifa.com\/botox-iq-quiz\/"]}]},{"@type":"ImageObject","inLanguage":"fr-CA","@id":"https:\/\/ptifa.com\/botox-iq-quiz\/#primaryimage","url":"https:\/\/ptifa.com\/wp-content\/uploads\/2025\/03\/reconstituting-botox-1.jpg","contentUrl":"https:\/\/ptifa.com\/wp-content\/uploads\/2025\/03\/reconstituting-botox-1.jpg"},{"@type":"BreadcrumbList","@id":"https:\/\/ptifa.com\/botox-iq-quiz\/#breadcrumb","itemListElement":[{"@type":"ListItem","position":1,"name":"Home","item":"https:\/\/ptifa.com\/"},{"@type":"ListItem","position":2,"name":"Botox IQ QUIZ"}]},{"@type":"WebSite","@id":"https:\/\/ptifa.com\/fr\/#website","url":"https:\/\/ptifa.com\/fr\/","name":"Institut de formation du Pacifique pour l'esth\u00e9tique faciale et la th\u00e9rapeutique","description":"","publisher":{"@id":"https:\/\/ptifa.com\/fr\/#organization"},"alternateName":"PTIFAT","potentialAction":[{"@type":"SearchAction","target":{"@type":"EntryPoint","urlTemplate":"https:\/\/ptifa.com\/fr\/?s={search_term_string}"},"query-input":{"@type":"PropertyValueSpecification","valueRequired":true,"valueName":"search_term_string"}}],"inLanguage":"fr-CA"},{"@type":"Organization","@id":"https:\/\/ptifa.com\/fr\/#organization","name":"Institut de formation du Pacifique pour l'esth\u00e9tique faciale et la th\u00e9rapeutique","alternateName":"PTIFAT","url":"https:\/\/ptifa.com\/fr\/","logo":{"@type":"ImageObject","inLanguage":"fr-CA","@id":"https:\/\/ptifa.com\/fr\/#\/schema\/logo\/image\/","url":"https:\/\/ptifa.com\/wp-content\/uploads\/2025\/02\/ptifa-logo.svg","contentUrl":"https:\/\/ptifa.com\/wp-content\/uploads\/2025\/02\/ptifa-logo.svg","width":310,"height":42,"caption":"Pacific Training Institute for Facial Aesthetics & Therapeutics"},"image":{"@id":"https:\/\/ptifa.com\/fr\/#\/schema\/logo\/image\/"}}]}},"_links":{"self":[{"href":"https:\/\/ptifa.com\/fr\/wp-json\/wp\/v2\/pages\/3071","targetHints":{"allow":["GET"]}}],"collection":[{"href":"https:\/\/ptifa.com\/fr\/wp-json\/wp\/v2\/pages"}],"about":[{"href":"https:\/\/ptifa.com\/fr\/wp-json\/wp\/v2\/types\/page"}],"author":[{"embeddable":true,"href":"https:\/\/ptifa.com\/fr\/wp-json\/wp\/v2\/users\/3"}],"replies":[{"embeddable":true,"href":"https:\/\/ptifa.com\/fr\/wp-json\/wp\/v2\/comments?post=3071"}],"version-history":[{"count":22,"href":"https:\/\/ptifa.com\/fr\/wp-json\/wp\/v2\/pages\/3071\/revisions"}],"predecessor-version":[{"id":4394,"href":"https:\/\/ptifa.com\/fr\/wp-json\/wp\/v2\/pages\/3071\/revisions\/4394"}],"wp:attachment":[{"href":"https:\/\/ptifa.com\/fr\/wp-json\/wp\/v2\/media?parent=3071"}],"curies":[{"name":"wp","href":"https:\/\/api.w.org\/{rel}","templated":true}]}}