{"id":3085,"date":"2025-03-31T18:02:05","date_gmt":"2025-03-31T18:02:05","guid":{"rendered":"https:\/\/ptifa.com\/?page_id=3085"},"modified":"2025-04-27T17:05:42","modified_gmt":"2025-04-27T17:05:42","slug":"demandes-dintervention-et-de-reservation","status":"publish","type":"page","link":"https:\/\/ptifa.com\/fr\/speaking-and-booking-inquiries\/","title":{"rendered":"Demandes d'intervention et de r\u00e9servation"},"content":{"rendered":"<p><\/p>\n\n\n\n<figure class=\"wp-block-image size-full is-resized\"><img loading=\"lazy\" decoding=\"async\" width=\"200\" height=\"205\" src=\"https:\/\/ptifa.com\/wp-content\/uploads\/2025\/03\/dr-warren-roberts-.jpg\" alt=\"\" class=\"wp-image-2676\" style=\"width:169px;height:auto\"\/><\/figure>\n\n\n\n<p>Faites profiter votre prochain \u00e9v\u00e9nement de l'expertise de pointe de l'industrie en mati\u00e8re d'anatomie faciale, de leadership clinique et de traitements esth\u00e9tiques et th\u00e9rapeutiques avanc\u00e9s gr\u00e2ce \u00e0 <strong>Dr. Warren Roberts<\/strong>-une autorit\u00e9 mondialement reconnue dans le domaine de l'esth\u00e9tique et de la th\u00e9rapeutique du visage. En tant que cofondateur de la <strong>Institut de formation du Pacifique pour l'esth\u00e9tique faciale et la th\u00e9rapeutique<\/strong>Le Dr Roberts allie des d\u00e9cennies d'exp\u00e9rience clinique \u00e0 une passion pour l'\u00e9ducation, en proposant des pr\u00e9sentations attrayantes, fond\u00e9es sur des preuves, qui responsabilisent les professionnels de la m\u00e9decine et des soins dentaires.<\/p>\n\n\n\n<p>Qu'il s'agisse de discours d'ouverture, de d\u00e9bats d'experts, d'ateliers pratiques ou de sessions de formation personnalis\u00e9es, le Dr Roberts apporte des informations pr\u00e9cieuses qui font le lien entre la science de pointe et les applications pratiques dans le monde r\u00e9el.<\/p>\n\n\n\n<p><strong>Pr\u00eat \u00e0 discuter de votre \u00e9v\u00e9nement ?<\/strong> <\/p>\n\n\n\n<p>Remplissez le formulaire de demande de renseignements ci-dessous et notre \u00e9quipe vous contactera pour voir comment le Dr Roberts peut contribuer \u00e0 la r\u00e9ussite de votre \u00e9v\u00e9nement.<\/p>\n\n\n\n<form accept-charset=\"UTF-8\" action=\"https:\/\/uk150.infusionsoft.com\/app\/form\/process\/4b265f23418132ad0233db9d1621bf5b\" class=\"infusion-form\" id=\"inf_form_4b265f23418132ad0233db9d1621bf5b\" method=\"POST\">\n    <input name=\"inf_form_xid\" type=\"hidden\" value=\"4b265f23418132ad0233db9d1621bf5b\" \/>\n    <input name=\"inf_form_name\" type=\"hidden\" value=\"Study Club Group - Booking Form\" \/>\n    <input name=\"infusionsoft_version\" type=\"hidden\" value=\"1.70.0.795685\" \/>\n    <div class=\"infusion-field\">\n        <label for=\"inf_field_FirstName\">Pr\u00e9nom *<\/label>\n        <input id=\"inf_field_FirstName\" name=\"inf_field_FirstName\" placeholder=\"Pr\u00e9nom *\" type=\"text\" \/>\n    <\/div>\n    <div class=\"infusion-field\">\n        <label for=\"inf_field_LastName\">Nom de famille *<\/label>\n        <input id=\"inf_field_LastName\" name=\"inf_field_LastName\" placeholder=\"Nom de famille *\" type=\"text\" \/>\n    <\/div>\n    <div class=\"infusion-field\">\n        <label for=\"inf_field_Email\">Courriel *<\/label>\n        <input id=\"inf_field_Email\" name=\"inf_field_Email\" placeholder=\"Courriel *\" type=\"text\" \/>\n    <\/div>\n    <div class=\"infusion-field\">\n        <label for=\"inf_field_Phone1\">T\u00e9l\u00e9phone *<\/label>\n        <input id=\"inf_field_Phone1\" name=\"inf_field_Phone1\" placeholder=\"T\u00e9l\u00e9phone *\" type=\"text\" \/>\n    <\/div>\n    <div class=\"infusion-field\">\n        <label for=\"inf_field_State\">Province\/\u00c9tat *<\/label>\n        <input id=\"inf_field_State\" name=\"inf_field_State\" placeholder=\"Province\/\u00c9tat *\" type=\"text\" \/>\n    <\/div>\n    <div>\n        <div>&nbsp;<\/div>\n    <\/div>\n    <div class=\"infusion-field\">\n        <label for=\"inf_custom_ExpectedofGuests\"># d'invit\u00e9s attendus *<\/label>\n        <input id=\"inf_custom_ExpectedofGuests\" name=\"inf_custom_ExpectedofGuests\" placeholder=\"# d&#039;invit\u00e9s attendus *\" type=\"text\" \/>\n    <\/div>\n    <div class=\"infusion-field\">\n        <label for=\"inf_custom_Wouldyouliketorequesthandsontraining\">Vous souhaitez demander une formation pratique ? *<\/label>\n        <div class=\"infusion-field-input-container\">\n            <select id=\"inf_custom_Wouldyouliketorequesthandsontraining\" name=\"inf_custom_Wouldyouliketorequesthandsontraining\">\n                <option selected=\"selected\" value=\"Yes\">Oui<\/option>\n                <option value=\"No\">Non<\/option>\n                <option value=\"Maybe\">Peut-\u00eatre<\/option>\n            <\/select>\n        <\/div>\n    <\/div>\n    <div class=\"infusion-field\">\n        <label for=\"inf_custom_DidyouhaveaspecificdateinmindIsthedateflexible\">Aviez-vous une date pr\u00e9cise en t\u00eate ? La date est-elle flexible ? *<\/label>\n        <input id=\"inf_custom_DidyouhaveaspecificdateinmindIsthedateflexible\" name=\"inf_custom_DidyouhaveaspecificdateinmindIsthedateflexible\" placeholder=\"Aviez-vous une date pr\u00e9cise en t\u00eate ? La date est-elle flexible ? *\" type=\"text\" \/>\n    <\/div>\n    <div class=\"infusion-captcha\">\n        <div>\n            <img decoding=\"async\" alt=\"captcha\" border=\"0px\" name=\"captcha\" onclick=\"reloadJcaptcha();\" src=\"https:\/\/uk150.infusionsoft.com\/Jcaptcha\/img.jsp\" title=\"Si vous ne pouvez pas lire l&#039;image, cliquez dessus pour en obtenir une autre.\" \/>\n            <script type=\"text\/javascript\">function reloadJcaptcha() {var now = new Date();if (document.images) {document.images.captcha.src = 'https:\/\/uk150.infusionsoft.com\/Jcaptcha\/img.jsp?reload=' + now}}<\/script>\n        <\/div>\n        <div>\n            <label for=\"captcha.typed\">Saisissez le code ci-dessus :<\/label>\n        <\/div>\n        <div>\n            <input class=\"infusion-field-input-container\" id=\"captcha.typed\" name=\"captcha.typed\" type=\"text\" \/>\n        <\/div>\n    <\/div>\n    <div class=\"infusion-submit\">\n        <button class=\"infusion-recaptcha\" id=\"recaptcha_4b265f23418132ad0233db9d1621bf5b\" type=\"submit\">Soumettre<\/button>\n    <\/div>\n<\/form>\n<script type=\"text\/javascript\" src=\"https:\/\/uk150.infusionsoft.app\/app\/webTracking\/getTrackingCode\"><\/script>\n<script type=\"text\/javascript\" src=\"https:\/\/uk150.infusionsoft.com\/resources\/external\/recaptcha\/production\/recaptcha.js?b=1.70.0.795685\"><\/script>\n<script src=\"https:\/\/www.google.com\/recaptcha\/api.js?onload=onloadInfusionRecaptchaCallback&#038;render=explicit\" async=\"async\" defer=\"defer\"><\/script>\n<script type=\"text\/javascript\" src=\"https:\/\/uk150.infusionsoft.com\/app\/timezone\/timezoneInputJs?xid=4b265f23418132ad0233db9d1621bf5b\"><\/script>\n<script type=\"text\/javascript\" src=\"https:\/\/uk150.infusionsoft.com\/js\/jquery\/jquery-3.3.1.js\"><\/script>\n<script type=\"text\/javascript\" src=\"https:\/\/uk150.infusionsoft.app\/app\/webform\/overwriteRefererJs\"><\/script>","protected":false},"excerpt":{"rendered":"<p>Bring industry-leading expertise in facial anatomy, clinical leadership, and advanced aesthetic &amp; therapeutic treatments to your next event with Dr. Warren Roberts\u2014a globally recognized authority in facial aesthetics and therapeutics. As the Co-Founder of the Pacific Training Institute for Facial Aesthetics &amp; Therapeutics, Dr. Roberts combines decades of clinical experience with a passion for education, &#8230; <a title=\"Demandes d&#039;intervention et de r\u00e9servation\" class=\"read-more\" href=\"https:\/\/ptifa.com\/fr\/speaking-and-booking-inquiries\/\" aria-label=\"Read more about Speaking and Booking Inquiries\">En savoir plus<\/a><\/p>","protected":false},"author":3,"featured_media":0,"parent":0,"menu_order":0,"comment_status":"closed","ping_status":"closed","template":"","meta":{"_acf_changed":false,"inline_featured_image":false,"footnotes":""},"class_list":["post-3085","page","type-page","status-publish"],"acf":[],"yoast_head":"<!-- This site is optimized with the Yoast SEO plugin v27.3 - https:\/\/yoast.com\/product\/yoast-seo-wordpress\/ -->\n<title>Botox Speaking and Booking Inquiries with Dr. Warren Roberts<\/title>\n<meta name=\"description\" content=\"Bring industry-leading expertise in facial anatomy and advanced aesthetic &amp; therapeutic treatments to your next event with Dr. Warren Roberts.\" \/>\n<meta name=\"robots\" content=\"index, follow, max-snippet:-1, max-image-preview:large, max-video-preview:-1\" \/>\n<link rel=\"canonical\" href=\"https:\/\/ptifa.com\/fr\/demandes-dintervention-et-de-reservation\/\" \/>\n<meta property=\"og:locale\" content=\"fr_CA\" \/>\n<meta property=\"og:type\" content=\"article\" \/>\n<meta property=\"og:title\" content=\"Botox Speaking and Booking Inquiries with Dr. Warren Roberts\" \/>\n<meta property=\"og:description\" content=\"Bring industry-leading expertise in facial anatomy and advanced aesthetic &amp; therapeutic treatments to your next event with Dr. Warren Roberts.\" \/>\n<meta property=\"og:url\" content=\"https:\/\/ptifa.com\/fr\/demandes-dintervention-et-de-reservation\/\" \/>\n<meta property=\"og:site_name\" content=\"Pacific Training Institute for Facial Aesthetics &amp; Therapeutics\" \/>\n<meta property=\"article:modified_time\" content=\"2025-04-27T17:05:42+00:00\" \/>\n<meta property=\"og:image\" content=\"https:\/\/ptifa.com\/wp-content\/uploads\/2025\/03\/dr-warren-roberts-.jpg\" \/>\n<meta name=\"twitter:card\" content=\"summary_large_image\" \/>\n<meta name=\"twitter:label1\" content=\"Estimation du temps de lecture\" \/>\n\t<meta name=\"twitter:data1\" content=\"1 minute\" \/>\n<script type=\"application\/ld+json\" class=\"yoast-schema-graph\">{\"@context\":\"https:\\\/\\\/schema.org\",\"@graph\":[{\"@type\":\"WebPage\",\"@id\":\"https:\\\/\\\/ptifa.com\\\/speaking-and-booking-inquiries\\\/\",\"url\":\"https:\\\/\\\/ptifa.com\\\/speaking-and-booking-inquiries\\\/\",\"name\":\"Botox Speaking and Booking Inquiries with Dr. Warren Roberts\",\"isPartOf\":{\"@id\":\"https:\\\/\\\/ptifa.com\\\/fr\\\/#website\"},\"primaryImageOfPage\":{\"@id\":\"https:\\\/\\\/ptifa.com\\\/speaking-and-booking-inquiries\\\/#primaryimage\"},\"image\":{\"@id\":\"https:\\\/\\\/ptifa.com\\\/speaking-and-booking-inquiries\\\/#primaryimage\"},\"thumbnailUrl\":\"https:\\\/\\\/ptifa.com\\\/wp-content\\\/uploads\\\/2025\\\/03\\\/dr-warren-roberts-.jpg\",\"datePublished\":\"2025-03-31T18:02:05+00:00\",\"dateModified\":\"2025-04-27T17:05:42+00:00\",\"description\":\"Bring industry-leading expertise in facial anatomy and advanced aesthetic & therapeutic treatments to your next event with Dr. Warren Roberts.\",\"breadcrumb\":{\"@id\":\"https:\\\/\\\/ptifa.com\\\/speaking-and-booking-inquiries\\\/#breadcrumb\"},\"inLanguage\":\"fr-CA\",\"potentialAction\":[{\"@type\":\"ReadAction\",\"target\":[\"https:\\\/\\\/ptifa.com\\\/speaking-and-booking-inquiries\\\/\"]}]},{\"@type\":\"ImageObject\",\"inLanguage\":\"fr-CA\",\"@id\":\"https:\\\/\\\/ptifa.com\\\/speaking-and-booking-inquiries\\\/#primaryimage\",\"url\":\"https:\\\/\\\/ptifa.com\\\/wp-content\\\/uploads\\\/2025\\\/03\\\/dr-warren-roberts-.jpg\",\"contentUrl\":\"https:\\\/\\\/ptifa.com\\\/wp-content\\\/uploads\\\/2025\\\/03\\\/dr-warren-roberts-.jpg\"},{\"@type\":\"BreadcrumbList\",\"@id\":\"https:\\\/\\\/ptifa.com\\\/speaking-and-booking-inquiries\\\/#breadcrumb\",\"itemListElement\":[{\"@type\":\"ListItem\",\"position\":1,\"name\":\"Home\",\"item\":\"https:\\\/\\\/ptifa.com\\\/\"},{\"@type\":\"ListItem\",\"position\":2,\"name\":\"Speaking and Booking Inquiries\"}]},{\"@type\":\"WebSite\",\"@id\":\"https:\\\/\\\/ptifa.com\\\/fr\\\/#website\",\"url\":\"https:\\\/\\\/ptifa.com\\\/fr\\\/\",\"name\":\"Pacific Training Institute for Facial Aesthetics &amp; Therapeutics\",\"description\":\"\",\"publisher\":{\"@id\":\"https:\\\/\\\/ptifa.com\\\/fr\\\/#organization\"},\"alternateName\":\"PTIFAT\",\"potentialAction\":[{\"@type\":\"SearchAction\",\"target\":{\"@type\":\"EntryPoint\",\"urlTemplate\":\"https:\\\/\\\/ptifa.com\\\/fr\\\/?s={search_term_string}\"},\"query-input\":{\"@type\":\"PropertyValueSpecification\",\"valueRequired\":true,\"valueName\":\"search_term_string\"}}],\"inLanguage\":\"fr-CA\"},{\"@type\":\"Organization\",\"@id\":\"https:\\\/\\\/ptifa.com\\\/fr\\\/#organization\",\"name\":\"Pacific Training Institute for Facial Aesthetics & Therapeutics\",\"alternateName\":\"PTIFAT\",\"url\":\"https:\\\/\\\/ptifa.com\\\/fr\\\/\",\"logo\":{\"@type\":\"ImageObject\",\"inLanguage\":\"fr-CA\",\"@id\":\"https:\\\/\\\/ptifa.com\\\/fr\\\/#\\\/schema\\\/logo\\\/image\\\/\",\"url\":\"https:\\\/\\\/ptifa.com\\\/wp-content\\\/uploads\\\/2025\\\/02\\\/ptifa-logo.svg\",\"contentUrl\":\"https:\\\/\\\/ptifa.com\\\/wp-content\\\/uploads\\\/2025\\\/02\\\/ptifa-logo.svg\",\"width\":310,\"height\":42,\"caption\":\"Pacific Training Institute for Facial Aesthetics & Therapeutics\"},\"image\":{\"@id\":\"https:\\\/\\\/ptifa.com\\\/fr\\\/#\\\/schema\\\/logo\\\/image\\\/\"}}]}<\/script>\n<!-- \/ Yoast SEO plugin. -->","yoast_head_json":{"title":"Demande d'allocution et de r\u00e9servation pour le Botox avec le Dr Warren Roberts","description":"Le Dr Warren Roberts apporte une expertise de pointe en anatomie faciale et en traitements esth\u00e9tiques et th\u00e9rapeutiques avanc\u00e9s \u00e0 votre prochain \u00e9v\u00e9nement.","robots":{"index":"index","follow":"follow","max-snippet":"max-snippet:-1","max-image-preview":"max-image-preview:large","max-video-preview":"max-video-preview:-1"},"canonical":"https:\/\/ptifa.com\/fr\/demandes-dintervention-et-de-reservation\/","og_locale":"fr_CA","og_type":"article","og_title":"Botox Speaking and Booking Inquiries with Dr. Warren Roberts","og_description":"Bring industry-leading expertise in facial anatomy and advanced aesthetic & therapeutic treatments to your next event with Dr. Warren Roberts.","og_url":"https:\/\/ptifa.com\/fr\/demandes-dintervention-et-de-reservation\/","og_site_name":"Pacific Training Institute for Facial Aesthetics &amp; Therapeutics","article_modified_time":"2025-04-27T17:05:42+00:00","og_image":[{"url":"https:\/\/ptifa.com\/wp-content\/uploads\/2025\/03\/dr-warren-roberts-.jpg","type":"","width":"","height":""}],"twitter_card":"summary_large_image","twitter_misc":{"Estimation du temps de lecture":"1 minute"},"schema":{"@context":"https:\/\/schema.org","@graph":[{"@type":"WebPage","@id":"https:\/\/ptifa.com\/speaking-and-booking-inquiries\/","url":"https:\/\/ptifa.com\/speaking-and-booking-inquiries\/","name":"Demande d'allocution et de r\u00e9servation pour le Botox avec le Dr Warren Roberts","isPartOf":{"@id":"https:\/\/ptifa.com\/fr\/#website"},"primaryImageOfPage":{"@id":"https:\/\/ptifa.com\/speaking-and-booking-inquiries\/#primaryimage"},"image":{"@id":"https:\/\/ptifa.com\/speaking-and-booking-inquiries\/#primaryimage"},"thumbnailUrl":"https:\/\/ptifa.com\/wp-content\/uploads\/2025\/03\/dr-warren-roberts-.jpg","datePublished":"2025-03-31T18:02:05+00:00","dateModified":"2025-04-27T17:05:42+00:00","description":"Le Dr Warren Roberts apporte une expertise de pointe en anatomie faciale et en traitements esth\u00e9tiques et th\u00e9rapeutiques avanc\u00e9s \u00e0 votre prochain \u00e9v\u00e9nement.","breadcrumb":{"@id":"https:\/\/ptifa.com\/speaking-and-booking-inquiries\/#breadcrumb"},"inLanguage":"fr-CA","potentialAction":[{"@type":"ReadAction","target":["https:\/\/ptifa.com\/speaking-and-booking-inquiries\/"]}]},{"@type":"ImageObject","inLanguage":"fr-CA","@id":"https:\/\/ptifa.com\/speaking-and-booking-inquiries\/#primaryimage","url":"https:\/\/ptifa.com\/wp-content\/uploads\/2025\/03\/dr-warren-roberts-.jpg","contentUrl":"https:\/\/ptifa.com\/wp-content\/uploads\/2025\/03\/dr-warren-roberts-.jpg"},{"@type":"BreadcrumbList","@id":"https:\/\/ptifa.com\/speaking-and-booking-inquiries\/#breadcrumb","itemListElement":[{"@type":"ListItem","position":1,"name":"Home","item":"https:\/\/ptifa.com\/"},{"@type":"ListItem","position":2,"name":"Speaking and Booking Inquiries"}]},{"@type":"WebSite","@id":"https:\/\/ptifa.com\/fr\/#website","url":"https:\/\/ptifa.com\/fr\/","name":"Institut de formation du Pacifique pour l'esth\u00e9tique faciale et la th\u00e9rapeutique","description":"","publisher":{"@id":"https:\/\/ptifa.com\/fr\/#organization"},"alternateName":"PTIFAT","potentialAction":[{"@type":"SearchAction","target":{"@type":"EntryPoint","urlTemplate":"https:\/\/ptifa.com\/fr\/?s={search_term_string}"},"query-input":{"@type":"PropertyValueSpecification","valueRequired":true,"valueName":"search_term_string"}}],"inLanguage":"fr-CA"},{"@type":"Organization","@id":"https:\/\/ptifa.com\/fr\/#organization","name":"Institut de formation du Pacifique pour l'esth\u00e9tique faciale et la th\u00e9rapeutique","alternateName":"PTIFAT","url":"https:\/\/ptifa.com\/fr\/","logo":{"@type":"ImageObject","inLanguage":"fr-CA","@id":"https:\/\/ptifa.com\/fr\/#\/schema\/logo\/image\/","url":"https:\/\/ptifa.com\/wp-content\/uploads\/2025\/02\/ptifa-logo.svg","contentUrl":"https:\/\/ptifa.com\/wp-content\/uploads\/2025\/02\/ptifa-logo.svg","width":310,"height":42,"caption":"Pacific Training Institute for Facial Aesthetics & Therapeutics"},"image":{"@id":"https:\/\/ptifa.com\/fr\/#\/schema\/logo\/image\/"}}]}},"_links":{"self":[{"href":"https:\/\/ptifa.com\/fr\/wp-json\/wp\/v2\/pages\/3085","targetHints":{"allow":["GET"]}}],"collection":[{"href":"https:\/\/ptifa.com\/fr\/wp-json\/wp\/v2\/pages"}],"about":[{"href":"https:\/\/ptifa.com\/fr\/wp-json\/wp\/v2\/types\/page"}],"author":[{"embeddable":true,"href":"https:\/\/ptifa.com\/fr\/wp-json\/wp\/v2\/users\/3"}],"replies":[{"embeddable":true,"href":"https:\/\/ptifa.com\/fr\/wp-json\/wp\/v2\/comments?post=3085"}],"version-history":[{"count":6,"href":"https:\/\/ptifa.com\/fr\/wp-json\/wp\/v2\/pages\/3085\/revisions"}],"predecessor-version":[{"id":3271,"href":"https:\/\/ptifa.com\/fr\/wp-json\/wp\/v2\/pages\/3085\/revisions\/3271"}],"wp:attachment":[{"href":"https:\/\/ptifa.com\/fr\/wp-json\/wp\/v2\/media?parent=3085"}],"curies":[{"name":"wp","href":"https:\/\/api.w.org\/{rel}","templated":true}]}}