{"id":3154,"date":"2025-04-02T10:48:49","date_gmt":"2025-04-02T10:48:49","guid":{"rendered":"https:\/\/ptifa.com\/?page_id=3154"},"modified":"2025-09-15T19:31:58","modified_gmt":"2025-09-15T19:31:58","slug":"dr-warren-roberts","status":"publish","type":"page","link":"https:\/\/ptifa.com\/fr\/about\/dr-warren-roberts\/","title":{"rendered":"Dr. Warren Roberts"},"content":{"rendered":"<div class=\"gb-element-1260e4e8\">\n<div class=\"gb-element-2239a457  grid-container\">\n<div class=\"gb-element-fb322c90\">\n<div class=\"gb-element-44e96230\"><span><span><a href=\"https:\/\/ptifa.com\/fr\/\">Accueil<\/a><\/span><\/span>\n<\/div>\n<\/div>\n<\/div>\n\n\n\n<div class=\"gb-element-f2fa02af  grid-container\">\n<div class=\"gb-element-975669b6\">\n<div class=\"gb-element-0e7dc8a1\">\n<img loading=\"lazy\" decoding=\"async\" width=\"768\" height=\"789\" class=\"gb-media-962bd12f\" src=\"https:\/\/ptifa.com\/wp-content\/uploads\/2025\/02\/dr-roberts-l-768x789.jpg\" title=\"dr-roberts-l\" srcset=\"https:\/\/ptifa.com\/wp-content\/uploads\/2025\/02\/dr-roberts-l-768x789.jpg 768w, https:\/\/ptifa.com\/wp-content\/uploads\/2025\/02\/dr-roberts-l-292x300.jpg 292w, https:\/\/ptifa.com\/wp-content\/uploads\/2025\/02\/dr-roberts-l-997x1024.jpg 997w, https:\/\/ptifa.com\/wp-content\/uploads\/2025\/02\/dr-roberts-l-600x616.jpg 600w, https:\/\/ptifa.com\/wp-content\/uploads\/2025\/02\/dr-roberts-l.jpg 1192w\" sizes=\"auto, (max-width: 768px) 100vw, 768px\" \/>\n<\/div>\n\n\n\n<div class=\"gb-element-55989723\">\n<h1 class=\"gb-text gb-text-e3d7a385\">Dr. Warren Roberts<\/h1>\n\n\n\n<p class=\"gb-text gb-text-a7bca8ea\">Co-fondateur et directeur clinique<\/p>\n<\/div>\n<\/div>\n<\/div>\n<\/div>\n\n\n\n<div class=\"gb-element-68e4a1f4\">\n<div class=\"gb-element-47c7d4f3  grid-container\">\n<div class=\"gb-element-3e65db04\">\n<div class=\"gb-element-b6a9decb\"><\/div>\n\n\n\n<div class=\"gb-element-f81f3e1c\">\n<p class=\"gb-text gb-text-fb419e45\">Le Dr Warren Roberts est le cofondateur et le directeur clinique du Pacific Training Institute for Facial Aesthetics and Therapeutics. Il est professeur clinicien \u00e0 la retraite au d\u00e9partement des sciences de la sant\u00e9 bucco-dentaire de l'universit\u00e9 de Colombie-Britannique et le principal formateur en toxine botulique en Am\u00e9rique du Nord. Le Dr Roberts est reconnu par <a href=\"https:\/\/www.dentistrytoday.com\/leaders\/roberts-warren-p-w\/\" target=\"_blank\" rel=\"noreferrer noopener\">Dentistry Today comme l'un des 100 meilleurs conf\u00e9renciers de formation continue.<\/a> Depuis 2008, il a form\u00e9 plus de 8 000 praticiens au niveau national et international, et a trait\u00e9 des milliers de patients de mani\u00e8re th\u00e9rapeutique et esth\u00e9tique avec le Botox\u00ae.<\/p>\n\n\n\n<p class=\"gb-text gb-text-e7dfb85b\">En qu\u00eate d'excellence, le Dr Roberts explore en permanence la mani\u00e8re dont l'utilisation th\u00e9rapeutique des traitements au Botox\u00ae am\u00e9liore les soins aux patients. Ses conf\u00e9rences et enseignements les plus r\u00e9cents ont port\u00e9 sur l'utilisation de la toxine botulique en relation avec les troubles musculo-squelettiques, les habitudes parafonctionnelles, les c\u00e9phal\u00e9es et les migraines : TMD, habitudes parafonctionnelles, c\u00e9phal\u00e9es, migraines, ainsi que son utilisation en parodontie, endodontie, chirurgie implantaire, orthodontie et apn\u00e9e du sommeil.<\/p>\n\n\n\n<p class=\"gb-text gb-text-e2bcc870\">Cet esprit de pionnier a \u00e9galement conduit \u00e0 la cr\u00e9ation de plusieurs premi\u00e8res dans l'industrie. Le Dr Roberts, par l'interm\u00e9diaire de PTIFAT, a mis au point des protocoles, des mod\u00e8les et des outils \u00e9prouv\u00e9s pour aider \u00e0 \u00e9lever le niveau de l'enseignement et \u00e0 obtenir des r\u00e9sultats pr\u00e9visibles pour les patients. Ces outils ont \u00e9t\u00e9 adopt\u00e9s par de nombreux acteurs du secteur et comprennent, entre autres, les \u00e9l\u00e9ments suivants :<\/p>\n\n\n\n<div class=\"gb-element-128a6642\">\n<ul class=\"wp-block-list\">\n<li>Roberts Facial Rejuvenation Photography\u2122 series qui a fait ses preuves g\u00e9n\u00e8re un taux d'acceptation des cas de 99%.<\/li>\n\n\n\n<li>Le mod\u00e8le de rep\u00e8re anatomique PTIFAT pour la pose de toxine botulique \u00e0 des fins esth\u00e9tiques<\/li>\n\n\n\n<li>le mod\u00e8le de rep\u00e8re anatomique PTIFAT pour la mise en place de la toxine botulique \u00e0 des fins th\u00e9rapeutiques<\/li>\n\n\n\n<li>la technique d'injection de toxine botulique PTIFAT<\/li>\n\n\n\n<li>le premier <a href=\"https:\/\/ptifa.com\/fr\/p\/produits\/club-detude-en-ligne\/\">Club d'\u00e9tude Botox<\/a><\/li>\n<\/ul>\n<\/div>\n\n\n\n<div class=\"gb-element-9c5db0d5\" id=\"see-all-1\">\n<p class=\"gb-text\">Zone cach\u00e9e<\/p>\n<\/div>\n\n\n\n<a class=\"gb-text-bf114ee4 see-more\" data-pointer=\"see-all-1\"><span class=\"gb-text\">Tout voir<\/span><span class=\"gb-shape\"><svg width=\"14\" height=\"8\" viewbox=\"0 0 14 8\" fill=\"none\" xmlns=\"http:\/\/www.w3.org\/2000\/svg\">\n<path d=\"M0.324162 0.210881C0.605346 -0.0702936 1.06122 -0.0702936 1.34241 0.210881L6.83326 5.70172L12.3242 0.210881C12.6054 -0.0702936 13.0613 -0.0702936 13.3424 0.210881C13.6235 0.492055 13.6235 0.94794 13.3424 1.22909L7.34244 7.22909C7.06126 7.51027 6.60536 7.51027 6.32417 7.22909L0.324162 1.22909C0.0429877 0.94794 0.0429877 0.492055 0.324162 0.210881Z\" fill=\"#164550\"><\/path>\n<\/svg>\n<\/span><\/a>\n\n\n\n<p class=\"gb-text gb-text-87facbda\">La qualit\u00e9 du programme d\u00e9velopp\u00e9 par le Dr Roberts \u00e0 PTIFAT est telle qu'en 2014, un organisme de r\u00e9glementation canadien a engag\u00e9 PTIFAT en tant que consultant pour aider \u00e0 la cr\u00e9ation d'une norme de pratique pour les produits injectables et l'esth\u00e9tique du visage. Cette norme est maintenant utilis\u00e9e par de nombreux organismes de r\u00e9glementation au Canada.<\/p>\n\n\n\n<h5 class=\"gb-text gb-text-07b8ccdf\">\u00c9ducation et associations<\/h5>\n\n\n\n<p class=\"gb-text gb-text-81b22573\">Le Dr Warren Roberts est dipl\u00f4m\u00e9 de la facult\u00e9 de m\u00e9decine dentaire de l'Universit\u00e9 de la Colombie-Britannique. Il est cofondateur et directeur clinique du Pacific Training Institute for Facial Aesthetics &amp; Therapeutics. Le docteur Roberts a suivi des cours de perfectionnement au prestigieux Las Vegas Institute for Advanced Dental Studies, ainsi qu'au Frontier Institute (anciennement le California Center for Advanced Dental Studies).<\/p>\n\n\n\n<p class=\"gb-text gb-text-61f569d4\">Le Dr Roberts est conseiller \u00e0 la retraite du doyen de l'UBC Dentistry pour les affaires indig\u00e8nes et professeur clinique \u00e0 temps partiel au d\u00e9partement des sciences de la sant\u00e9 bucco-dentaire, division d'odontologie g\u00e9n\u00e9rale.<\/p>\n\n\n\n<p class=\"gb-text gb-text-fa18286e\">Le Dr Roberts est un conf\u00e9rencier tr\u00e8s demand\u00e9 et a publi\u00e9 et r\u00e9dig\u00e9 de nombreux articles sur le Botox\u00ae en dentisterie pour des publications telles que Dentistry Today, le Journal of Cosmetic Dentistry, Teamwork, Oral Health et Inside Dentistry. Voir la liste des articles du Dr. <a href=\"https:\/\/ptifa.com\/fr\/articles-de-recherche\/\">les derni\u00e8res recherches et les articles publi\u00e9s.<\/a><\/p>\n\n\n\n<p class=\"gb-text gb-text-83ce21cb\">Pour les demandes de conf\u00e9rences et de r\u00e9servations, <a href=\"https:\/\/ptifa.com\/fr\/nous-contacter\/\">cliquez ici<\/a>.<\/p>\n<\/div>\n<\/div>\n<\/div>\n<\/div>\n\n\n\n<p><\/p>","protected":false},"excerpt":{"rendered":"<p>Dr. Warren Roberts Co-Founder &amp; Clinical Director Dr. Warren Roberts is the Co-Founder and Clinical Director for the Pacific Training Institute for Facial Aesthetics and Therapeutics. He is a retired Clinical Professor in the department of Oral Health Sciences at the University of BC and the leading botulinum toxin educator in North America. Dr. Roberts &#8230; <a title=\"Dr. Warren Roberts\" class=\"read-more\" href=\"https:\/\/ptifa.com\/fr\/about\/dr-warren-roberts\/\" aria-label=\"Read more about Dr. Warren Roberts\">En savoir plus<\/a><\/p>","protected":false},"author":3,"featured_media":0,"parent":221,"menu_order":0,"comment_status":"closed","ping_status":"closed","template":"","meta":{"_acf_changed":false,"inline_featured_image":false,"footnotes":""},"class_list":["post-3154","page","type-page","status-publish"],"acf":[],"yoast_head":"<!-- This site is optimized with the Yoast SEO plugin v27.3 - https:\/\/yoast.com\/product\/yoast-seo-wordpress\/ -->\n<title>Dr. Warren Roberts: Co-Founder &amp; Clinical Director<\/title>\n<meta name=\"description\" content=\"Dr. Warren Roberts has been in dental practice for 40+ years. Since 2008, he has trained over 8,000 doctors, and treated thousands of Botox patients.\" \/>\n<meta name=\"robots\" content=\"index, follow, max-snippet:-1, max-image-preview:large, max-video-preview:-1\" \/>\n<link rel=\"canonical\" href=\"https:\/\/ptifa.com\/fr\/a-propos-de\/dr-warren-roberts\/\" \/>\n<meta property=\"og:locale\" content=\"fr_CA\" \/>\n<meta property=\"og:type\" content=\"article\" \/>\n<meta property=\"og:title\" content=\"Dr. Warren Roberts: Co-Founder &amp; Clinical Director\" \/>\n<meta property=\"og:description\" content=\"Dr. Warren Roberts has been in dental practice for 40+ years. Since 2008, he has trained over 8,000 doctors, and treated thousands of Botox patients.\" \/>\n<meta property=\"og:url\" content=\"https:\/\/ptifa.com\/fr\/a-propos-de\/dr-warren-roberts\/\" \/>\n<meta property=\"og:site_name\" content=\"Pacific Training Institute for Facial Aesthetics &amp; Therapeutics\" \/>\n<meta property=\"article:modified_time\" content=\"2025-09-15T19:31:58+00:00\" \/>\n<meta property=\"og:image\" content=\"https:\/\/ptifa.com\/wp-content\/uploads\/2025\/02\/dr-roberts-l-768x789.jpg\" \/>\n<meta name=\"twitter:card\" content=\"summary_large_image\" \/>\n<meta name=\"twitter:label1\" content=\"Estimation du temps de lecture\" \/>\n\t<meta name=\"twitter:data1\" content=\"3 minutes\" \/>\n<script type=\"application\/ld+json\" class=\"yoast-schema-graph\">{\"@context\":\"https:\\\/\\\/schema.org\",\"@graph\":[{\"@type\":\"WebPage\",\"@id\":\"https:\\\/\\\/ptifa.com\\\/about\\\/dr-warren-roberts\\\/\",\"url\":\"https:\\\/\\\/ptifa.com\\\/about\\\/dr-warren-roberts\\\/\",\"name\":\"Dr. Warren Roberts: Co-Founder & Clinical Director\",\"isPartOf\":{\"@id\":\"https:\\\/\\\/ptifa.com\\\/fr\\\/#website\"},\"primaryImageOfPage\":{\"@id\":\"https:\\\/\\\/ptifa.com\\\/about\\\/dr-warren-roberts\\\/#primaryimage\"},\"image\":{\"@id\":\"https:\\\/\\\/ptifa.com\\\/about\\\/dr-warren-roberts\\\/#primaryimage\"},\"thumbnailUrl\":\"https:\\\/\\\/ptifa.com\\\/wp-content\\\/uploads\\\/2025\\\/02\\\/dr-roberts-l-768x789.jpg\",\"datePublished\":\"2025-04-02T10:48:49+00:00\",\"dateModified\":\"2025-09-15T19:31:58+00:00\",\"description\":\"Dr. Warren Roberts has been in dental practice for 40+ years. Since 2008, he has trained over 8,000 doctors, and treated thousands of Botox patients.\",\"breadcrumb\":{\"@id\":\"https:\\\/\\\/ptifa.com\\\/about\\\/dr-warren-roberts\\\/#breadcrumb\"},\"inLanguage\":\"fr-CA\",\"potentialAction\":[{\"@type\":\"ReadAction\",\"target\":[\"https:\\\/\\\/ptifa.com\\\/about\\\/dr-warren-roberts\\\/\"]}]},{\"@type\":\"ImageObject\",\"inLanguage\":\"fr-CA\",\"@id\":\"https:\\\/\\\/ptifa.com\\\/about\\\/dr-warren-roberts\\\/#primaryimage\",\"url\":\"https:\\\/\\\/ptifa.com\\\/wp-content\\\/uploads\\\/2025\\\/02\\\/dr-roberts-l-768x789.jpg\",\"contentUrl\":\"https:\\\/\\\/ptifa.com\\\/wp-content\\\/uploads\\\/2025\\\/02\\\/dr-roberts-l-768x789.jpg\"},{\"@type\":\"BreadcrumbList\",\"@id\":\"https:\\\/\\\/ptifa.com\\\/about\\\/dr-warren-roberts\\\/#breadcrumb\",\"itemListElement\":[{\"@type\":\"ListItem\",\"position\":1,\"name\":\"Home\",\"item\":\"https:\\\/\\\/ptifa.com\\\/\"},{\"@type\":\"ListItem\",\"position\":2,\"name\":\"About Us\",\"item\":\"https:\\\/\\\/ptifa.com\\\/about\\\/\"},{\"@type\":\"ListItem\",\"position\":3,\"name\":\"Dr. Warren Roberts\"}]},{\"@type\":\"WebSite\",\"@id\":\"https:\\\/\\\/ptifa.com\\\/fr\\\/#website\",\"url\":\"https:\\\/\\\/ptifa.com\\\/fr\\\/\",\"name\":\"Pacific Training Institute for Facial Aesthetics &amp; Therapeutics\",\"description\":\"\",\"publisher\":{\"@id\":\"https:\\\/\\\/ptifa.com\\\/fr\\\/#organization\"},\"alternateName\":\"PTIFAT\",\"potentialAction\":[{\"@type\":\"SearchAction\",\"target\":{\"@type\":\"EntryPoint\",\"urlTemplate\":\"https:\\\/\\\/ptifa.com\\\/fr\\\/?s={search_term_string}\"},\"query-input\":{\"@type\":\"PropertyValueSpecification\",\"valueRequired\":true,\"valueName\":\"search_term_string\"}}],\"inLanguage\":\"fr-CA\"},{\"@type\":\"Organization\",\"@id\":\"https:\\\/\\\/ptifa.com\\\/fr\\\/#organization\",\"name\":\"Pacific Training Institute for Facial Aesthetics & Therapeutics\",\"alternateName\":\"PTIFAT\",\"url\":\"https:\\\/\\\/ptifa.com\\\/fr\\\/\",\"logo\":{\"@type\":\"ImageObject\",\"inLanguage\":\"fr-CA\",\"@id\":\"https:\\\/\\\/ptifa.com\\\/fr\\\/#\\\/schema\\\/logo\\\/image\\\/\",\"url\":\"https:\\\/\\\/ptifa.com\\\/wp-content\\\/uploads\\\/2025\\\/02\\\/ptifa-logo.svg\",\"contentUrl\":\"https:\\\/\\\/ptifa.com\\\/wp-content\\\/uploads\\\/2025\\\/02\\\/ptifa-logo.svg\",\"width\":310,\"height\":42,\"caption\":\"Pacific Training Institute for Facial Aesthetics & Therapeutics\"},\"image\":{\"@id\":\"https:\\\/\\\/ptifa.com\\\/fr\\\/#\\\/schema\\\/logo\\\/image\\\/\"}}]}<\/script>\n<!-- \/ Yoast SEO plugin. -->","yoast_head_json":{"title":"Dr. Warren Roberts : Cofondateur et directeur clinique","description":"Le Dr Warren Roberts exerce la m\u00e9decine dentaire depuis plus de 40 ans. Depuis 2008, il a form\u00e9 plus de 8 000 m\u00e9decins et trait\u00e9 des milliers de patients au Botox.","robots":{"index":"index","follow":"follow","max-snippet":"max-snippet:-1","max-image-preview":"max-image-preview:large","max-video-preview":"max-video-preview:-1"},"canonical":"https:\/\/ptifa.com\/fr\/a-propos-de\/dr-warren-roberts\/","og_locale":"fr_CA","og_type":"article","og_title":"Dr. Warren Roberts: Co-Founder & Clinical Director","og_description":"Dr. Warren Roberts has been in dental practice for 40+ years. Since 2008, he has trained over 8,000 doctors, and treated thousands of Botox patients.","og_url":"https:\/\/ptifa.com\/fr\/a-propos-de\/dr-warren-roberts\/","og_site_name":"Pacific Training Institute for Facial Aesthetics &amp; Therapeutics","article_modified_time":"2025-09-15T19:31:58+00:00","og_image":[{"url":"https:\/\/ptifa.com\/wp-content\/uploads\/2025\/02\/dr-roberts-l-768x789.jpg","type":"","width":"","height":""}],"twitter_card":"summary_large_image","twitter_misc":{"Estimation du temps de lecture":"3 minutes"},"schema":{"@context":"https:\/\/schema.org","@graph":[{"@type":"WebPage","@id":"https:\/\/ptifa.com\/about\/dr-warren-roberts\/","url":"https:\/\/ptifa.com\/about\/dr-warren-roberts\/","name":"Dr. Warren Roberts : Cofondateur et directeur clinique","isPartOf":{"@id":"https:\/\/ptifa.com\/fr\/#website"},"primaryImageOfPage":{"@id":"https:\/\/ptifa.com\/about\/dr-warren-roberts\/#primaryimage"},"image":{"@id":"https:\/\/ptifa.com\/about\/dr-warren-roberts\/#primaryimage"},"thumbnailUrl":"https:\/\/ptifa.com\/wp-content\/uploads\/2025\/02\/dr-roberts-l-768x789.jpg","datePublished":"2025-04-02T10:48:49+00:00","dateModified":"2025-09-15T19:31:58+00:00","description":"Le Dr Warren Roberts exerce la m\u00e9decine dentaire depuis plus de 40 ans. Depuis 2008, il a form\u00e9 plus de 8 000 m\u00e9decins et trait\u00e9 des milliers de patients au Botox.","breadcrumb":{"@id":"https:\/\/ptifa.com\/about\/dr-warren-roberts\/#breadcrumb"},"inLanguage":"fr-CA","potentialAction":[{"@type":"ReadAction","target":["https:\/\/ptifa.com\/about\/dr-warren-roberts\/"]}]},{"@type":"ImageObject","inLanguage":"fr-CA","@id":"https:\/\/ptifa.com\/about\/dr-warren-roberts\/#primaryimage","url":"https:\/\/ptifa.com\/wp-content\/uploads\/2025\/02\/dr-roberts-l-768x789.jpg","contentUrl":"https:\/\/ptifa.com\/wp-content\/uploads\/2025\/02\/dr-roberts-l-768x789.jpg"},{"@type":"BreadcrumbList","@id":"https:\/\/ptifa.com\/about\/dr-warren-roberts\/#breadcrumb","itemListElement":[{"@type":"ListItem","position":1,"name":"Home","item":"https:\/\/ptifa.com\/"},{"@type":"ListItem","position":2,"name":"About Us","item":"https:\/\/ptifa.com\/about\/"},{"@type":"ListItem","position":3,"name":"Dr. Warren Roberts"}]},{"@type":"WebSite","@id":"https:\/\/ptifa.com\/fr\/#website","url":"https:\/\/ptifa.com\/fr\/","name":"Institut de formation du Pacifique pour l'esth\u00e9tique faciale et la th\u00e9rapeutique","description":"","publisher":{"@id":"https:\/\/ptifa.com\/fr\/#organization"},"alternateName":"PTIFAT","potentialAction":[{"@type":"SearchAction","target":{"@type":"EntryPoint","urlTemplate":"https:\/\/ptifa.com\/fr\/?s={search_term_string}"},"query-input":{"@type":"PropertyValueSpecification","valueRequired":true,"valueName":"search_term_string"}}],"inLanguage":"fr-CA"},{"@type":"Organization","@id":"https:\/\/ptifa.com\/fr\/#organization","name":"Institut de formation du Pacifique pour l'esth\u00e9tique faciale et la th\u00e9rapeutique","alternateName":"PTIFAT","url":"https:\/\/ptifa.com\/fr\/","logo":{"@type":"ImageObject","inLanguage":"fr-CA","@id":"https:\/\/ptifa.com\/fr\/#\/schema\/logo\/image\/","url":"https:\/\/ptifa.com\/wp-content\/uploads\/2025\/02\/ptifa-logo.svg","contentUrl":"https:\/\/ptifa.com\/wp-content\/uploads\/2025\/02\/ptifa-logo.svg","width":310,"height":42,"caption":"Pacific Training Institute for Facial Aesthetics & Therapeutics"},"image":{"@id":"https:\/\/ptifa.com\/fr\/#\/schema\/logo\/image\/"}}]}},"_links":{"self":[{"href":"https:\/\/ptifa.com\/fr\/wp-json\/wp\/v2\/pages\/3154","targetHints":{"allow":["GET"]}}],"collection":[{"href":"https:\/\/ptifa.com\/fr\/wp-json\/wp\/v2\/pages"}],"about":[{"href":"https:\/\/ptifa.com\/fr\/wp-json\/wp\/v2\/types\/page"}],"author":[{"embeddable":true,"href":"https:\/\/ptifa.com\/fr\/wp-json\/wp\/v2\/users\/3"}],"replies":[{"embeddable":true,"href":"https:\/\/ptifa.com\/fr\/wp-json\/wp\/v2\/comments?post=3154"}],"version-history":[{"count":7,"href":"https:\/\/ptifa.com\/fr\/wp-json\/wp\/v2\/pages\/3154\/revisions"}],"predecessor-version":[{"id":5491,"href":"https:\/\/ptifa.com\/fr\/wp-json\/wp\/v2\/pages\/3154\/revisions\/5491"}],"up":[{"embeddable":true,"href":"https:\/\/ptifa.com\/fr\/wp-json\/wp\/v2\/pages\/221"}],"wp:attachment":[{"href":"https:\/\/ptifa.com\/fr\/wp-json\/wp\/v2\/media?parent=3154"}],"curies":[{"name":"wp","href":"https:\/\/api.w.org\/{rel}","templated":true}]}}