{"id":465,"date":"2025-02-17T20:58:10","date_gmt":"2025-02-17T20:58:10","guid":{"rendered":"https:\/\/ptifa.com\/?page_id=465"},"modified":"2025-10-31T18:31:39","modified_gmt":"2025-10-31T18:31:39","slug":"termes","status":"publish","type":"page","link":"https:\/\/ptifa.com\/fr\/terms\/","title":{"rendered":"Conditions"},"content":{"rendered":"<p><strong>G\u00e9n\u00e9ral<\/strong><\/p>\n\n\n\n<p>Il incombe au praticien de contacter son organisme de r\u00e9glementation pour d\u00e9terminer si les modalit\u00e9s de traitement (y compris, mais sans s'y limiter, la toxine botulique, les produits de comblement dermique et\/ou les lasers) enseign\u00e9es dans les cours pratiques auxquels il s'est inscrit rel\u00e8vent de son champ d'application.<\/p>\n\n\n\n<p><strong>Niveau 1<\/strong><\/p>\n\n\n\n<p>Lors de l'inscription, les praticiens auront acc\u00e8s au mat\u00e9riel de cours en ligne pendant un an. Il incombe \u00e0 chaque praticien de s'assurer qu'il a pass\u00e9 l'examen avant l'expiration de son adh\u00e9sion et avant de participer \u00e0 la partie pratique du cours de niveau 2. Les praticiens peuvent s'inscrire \u00e0 un cours de niveau 2 avant d'avoir pass\u00e9 l'examen de niveau 1.<\/p>\n\n\n\n<p><strong>Patients pour les cours pratiques<\/strong><\/p>\n\n\n\n<p><br>Chaque praticien est tenu de fournir un patient enregistr\u00e9 comme mod\u00e8le de patient pour chacune des sessions pratiques des niveaux 2, 3, 4 et 5. S'il n'est pas en mesure de le faire, le praticien est tenu d'en informer le PTIFAT \u00e0 l'adresse info@ptifa.com au moins quatre semaines avant la date de la session pratique. Ceci afin de permettre \u00e0 PTIFAT de maximiser l'exp\u00e9rience pratique de chaque praticien dans le cadre du programme.<\/p>\n\n\n\n<p>Les praticiens comprennent qu'ils sont responsables du co\u00fbt du traitement de leur patient dans le cadre du programme. Pour plus de d\u00e9tails sur les frais, veuillez nous contacter.<\/p>\n\n\n\n<p>Les praticiens sont tenus de fournir \u00e0 PTIFAT une copie de leur licence actuelle et de leur assurance contre la faute professionnelle, avant de participer \u00e0 chaque cours pratique. Chaque praticien est responsable du suivi de son mod\u00e8le de patient apr\u00e8s la formation.<\/p>\n\n\n\n<p><strong>Utilisation du mat\u00e9riel p\u00e9dagogique<\/strong><\/p>\n\n\n\n<p>En s'inscrivant \u00e0 un cours, les praticiens reconnaissent et acceptent que tout le mat\u00e9riel de cours est fourni uniquement pour leur d\u00e9veloppement personnel et professionnel. Le mat\u00e9riel de cours - y compris, mais sans s'y limiter, le programme du cours, les documents, les pr\u00e9sentations et tout autre contenu p\u00e9dagogique - ne peut \u00eatre utilis\u00e9, reproduit ou distribu\u00e9 \u00e0 d'autres fins que celles de l'apprentissage et du d\u00e9veloppement du praticien. Les utilisations interdites du mat\u00e9riel de cours comprennent, sans s'y limiter, l'utilisation de toute partie du mat\u00e9riel de cours ou de son contenu pour enseigner, pr\u00e9senter ou dispenser un enseignement dans un cadre ou une organisation quelconque en dehors de PTIFAT, que ce soit contre r\u00e9mun\u00e9ration ou non.<\/p>\n\n\n\n<p><strong>Politique d'inscription et d'annulation<\/strong><\/p>\n\n\n\n<p><br>Le PTIFAT consacre un nombre important de ressources et prend un certain nombre d'engagements lorsqu'il programme des cours. C'est pourquoi tous les paiements et inscriptions ne sont ni remboursables ni transf\u00e9rables.<\/p>\n\n\n\n<p>Les changements de date des cours pratiques de niveau 2, de niveau 3 et de niveau 4 ne sont pas autoris\u00e9s dans les 60 jours pr\u00e9c\u00e9dant la date du cours. Les changements effectu\u00e9s dans les 60 jours pr\u00e9c\u00e9dant la date du cours sont soumis \u00e0 des frais de reprogrammation de $500.<\/p>\n\n\n\n<p>Tous les acomptes ne sont pas transf\u00e9rables. Un acompte sera pr\u00e9lev\u00e9 au moment de l'inscription, le solde \u00e9tant d\u00fb 60 jours avant la date du cours.<\/p>\n\n\n\n<p>PTIFAT se r\u00e9serve le droit d'annuler, de reporter ou de modifier tout cours sans pr\u00e9avis.<\/p>\n\n\n\n<p>Le PTIFAT se r\u00e9serve le droit, \u00e0 sa seule discr\u00e9tion et sans pr\u00e9avis, d'annuler l'inscription ou la participation d'un praticien \u00e0 un cours, y compris, mais sans s'y limiter, dans les cas o\u00f9 un praticien aurait enfreint les conditions d'utilisation du PTIFAT. Si le PTIFAT exerce son pouvoir discr\u00e9tionnaire unilat\u00e9ral d'annuler l'inscription ou la participation d'un praticien \u00e0 un cours, le praticien sera rembours\u00e9 d\u00e8s lors qu'il aura renvoy\u00e9 \u00e0 PTIFAT l'ensemble du mat\u00e9riel de cours, dans sa forme et son \u00e9tat d'origine.<\/p>\n\n\n\n<p><strong>Partenaires<\/strong><\/p>\n\n\n\n<p>PTIFAT s'est associ\u00e9 \u00e0 un certain nombre d'organisations afin de vous offrir la meilleure exp\u00e9rience d'apprentissage et la possibilit\u00e9 d'am\u00e9liorer les soins aux patients. PTIFAT n'a aucun int\u00e9r\u00eat dans les produits de nos partenaires, pas plus que les membres de notre corps enseignant. Les praticiens comprennent que leur nom, leur adresse \u00e9lectronique et leur num\u00e9ro de t\u00e9l\u00e9phone peuvent \u00eatre communiqu\u00e9s aux partenaires de PTIFAT apr\u00e8s leur participation au programme. S'ils souhaitent ne pas \u00eatre contact\u00e9s, ils auront la possibilit\u00e9 de le faire pendant le programme.<\/p>\n\n\n\n<p><strong>V\u00e9rification de la licence<\/strong><\/p>\n\n\n\n<p>Il est de la responsabilit\u00e9 du praticien de fournir une licence valide et active avant de participer \u00e0 un programme pratique. PTIFAT v\u00e9rifiera les informations relatives \u00e0 la licence du praticien.<\/p>\n\n\n\n<p><strong>Voyage et h\u00e9bergement<\/strong><\/p>\n\n\n\n<p>Le PTIFAT n'est pas responsable des frais d'h\u00f4tel, des billets d'avion ou d'autres d\u00e9penses encourues pour participer au programme.<\/p>\n\n\n\n<p>Le PTIFAT n'est pas responsable des frais d'h\u00f4tel, des billets d'avion ou d'autres d\u00e9penses encourues en raison d'un changement ou d'une annulation de cours.<\/p>\n\n\n\n<h1 class=\"wp-block-heading\">CONDITIONS D'UTILISATION<\/h1>\n\n\n\n<p>La pr\u00e9sente politique de confidentialit\u00e9 r\u00e9git la mani\u00e8re dont le Pacific Training Institute for Facial Aesthetics recueille, utilise, conserve et divulgue les informations collect\u00e9es aupr\u00e8s des utilisateurs (chacun d'eux \u00e9tant un \u201cutilisateur\u201d) du site web https:\/\/ptifa.com (\u201csite\u201d). Cette politique de confidentialit\u00e9 s'applique au site et \u00e0 tous les produits et services propos\u00e9s par l'Institut de formation du Pacifique.<\/p>\n\n\n\n<p>Informations d'identification personnelle<\/p>\n\n\n\n<p>Nous pouvons collecter des informations d'identification personnelle aupr\u00e8s des utilisateurs de diff\u00e9rentes mani\u00e8res, y compris, mais sans s'y limiter, lorsque les utilisateurs visitent notre site, s'inscrivent sur le site, s'abonnent \u00e0 la lettre d'information, remplissent un formulaire, et en relation avec d'autres activit\u00e9s, services, caract\u00e9ristiques ou ressources que nous mettons \u00e0 disposition sur notre site. Les utilisateurs peuvent se voir demander, le cas \u00e9ch\u00e9ant, leur nom, leur adresse \u00e9lectronique et leur num\u00e9ro de t\u00e9l\u00e9phone. Les utilisateurs peuvent toutefois visiter notre site de mani\u00e8re anonyme. Nous ne collecterons des informations d'identification personnelle aupr\u00e8s des utilisateurs que s'ils nous les soumettent volontairement. Les utilisateurs peuvent toujours refuser de fournir des informations d'identification personnelle, sauf que cela peut les emp\u00eacher de s'engager dans certaines activit\u00e9s li\u00e9es au site.<\/p>\n\n\n\n<p>Informations d'identification non personnelles<\/p>\n\n\n\n<p>Nous pouvons recueillir des informations d'identification non personnelles sur les utilisateurs lorsqu'ils interagissent avec notre site. Les informations d'identification non personnelles peuvent inclure le nom du navigateur, le type d'ordinateur et des informations techniques sur les moyens de connexion des utilisateurs \u00e0 notre site, tels que le syst\u00e8me d'exploitation et les fournisseurs d'acc\u00e8s \u00e0 Internet utilis\u00e9s, ainsi que d'autres informations similaires.<\/p>\n\n\n\n<p>Cookies de navigateur web<\/p>\n\n\n\n<p>Notre site peut utiliser des \"cookies\" pour am\u00e9liorer l'exp\u00e9rience de l'utilisateur. Le navigateur web de l'utilisateur place des cookies sur son disque dur \u00e0 des fins d'archivage et parfois pour suivre les informations le concernant. L'utilisateur peut choisir de configurer son navigateur web pour qu'il refuse les cookies ou pour qu'il vous avertisse lorsque des cookies sont envoy\u00e9s. Dans ce cas, sachez que certaines parties du site peuvent ne pas fonctionner correctement.<\/p>\n\n\n\n<p>Comment nous utilisons les informations collect\u00e9es<\/p>\n\n\n\n<p>Le Pacific Training Institute for Facial Aesthetics peut collecter et utiliser les informations personnelles des utilisateurs aux fins suivantes :<br>- Am\u00e9liorer le service \u00e0 la client\u00e8le<br>Les informations que vous fournissez nous aident \u00e0 r\u00e9pondre plus efficacement \u00e0 vos demandes de service \u00e0 la client\u00e8le et \u00e0 vos besoins d'assistance.<br>- Personnaliser l'exp\u00e9rience de l'utilisateur<br>Nous pouvons utiliser des informations globales pour comprendre comment nos utilisateurs, en tant que groupe, utilisent les services et les ressources fournis sur notre site.<br>- Envoyer des courriels p\u00e9riodiques<br>Nous pouvons utiliser l'adresse \u00e9lectronique pour r\u00e9pondre \u00e0 leurs demandes, questions et\/ou autres requ\u00eates.<br>Comment nous prot\u00e9geons vos informations<\/p>\n\n\n\n<p>Nous adoptons des pratiques appropri\u00e9es de collecte, de stockage et de traitement des donn\u00e9es ainsi que des mesures de s\u00e9curit\u00e9 pour prot\u00e9ger contre l'acc\u00e8s non autoris\u00e9, l'alt\u00e9ration, la divulgation ou la destruction de vos informations personnelles, de votre nom d'utilisateur, de votre mot de passe, des informations relatives \u00e0 vos transactions et des donn\u00e9es stock\u00e9es sur notre site.<\/p>\n\n\n\n<p>Partage de vos informations personnelles<\/p>\n\n\n\n<p>Nous ne vendons pas, n'\u00e9changeons pas et ne louons pas les informations d'identification personnelle des utilisateurs \u00e0 des tiers. Nous pouvons partager des informations d\u00e9mographiques g\u00e9n\u00e9riques agr\u00e9g\u00e9es non li\u00e9es \u00e0 des informations d'identification personnelle concernant les visiteurs et les utilisateurs avec nos partenaires commerciaux, nos affili\u00e9s de confiance et nos annonceurs aux fins d\u00e9crites ci-dessus.<\/p>\n\n\n\n<p>Sites web de tiers<\/p>\n\n\n\n<p>Les utilisateurs peuvent trouver sur notre site des publicit\u00e9s ou d'autres contenus qui renvoient aux sites et services de nos partenaires, fournisseurs, annonceurs, sponsors, conc\u00e9dants de licence et autres tiers. Nous ne contr\u00f4lons pas le contenu ou les liens qui apparaissent sur ces sites et ne sommes pas responsables des pratiques employ\u00e9es par les sites web li\u00e9s \u00e0 notre site ou \u00e0 partir de celui-ci. En outre, ces sites ou services, y compris leur contenu et leurs liens, peuvent \u00eatre en constante \u00e9volution. Ces sites et services peuvent avoir leurs propres politiques de confidentialit\u00e9 et de service \u00e0 la client\u00e8le. La navigation et l'interaction sur tout autre site web, y compris les sites web ayant un lien vers notre site, sont soumises aux conditions et politiques propres \u00e0 ce site web.<\/p>\n\n\n\n<p>Modifications de la pr\u00e9sente politique de confidentialit\u00e9<\/p>\n\n\n\n<p>Le Pacific Training Institute for Facial Aesthetics a la possibilit\u00e9 de mettre \u00e0 jour cette politique de confidentialit\u00e9 \u00e0 tout moment. Le cas \u00e9ch\u00e9ant, la date de mise \u00e0 jour sera indiqu\u00e9e au bas de cette page. Nous encourageons les utilisateurs \u00e0 consulter fr\u00e9quemment cette page pour v\u00e9rifier si des changements y ont \u00e9t\u00e9 apport\u00e9s, afin de rester inform\u00e9s de la mani\u00e8re dont nous contribuons \u00e0 prot\u00e9ger les informations personnelles que nous recueillons. Vous reconnaissez et acceptez qu'il est de votre responsabilit\u00e9 de consulter r\u00e9guli\u00e8rement cette politique de confidentialit\u00e9 et de prendre connaissance des modifications.<\/p>\n\n\n\n<p>Votre acceptation de ces conditions<\/p>\n\n\n\n<p>En utilisant ce site, vous signifiez votre acceptation de cette politique. Si vous n'acceptez pas cette politique, veuillez ne pas utiliser notre site. Si vous continuez \u00e0 utiliser le site apr\u00e8s la publication de modifications de la pr\u00e9sente politique, vous serez r\u00e9put\u00e9 avoir accept\u00e9 ces modifications.<\/p>\n\n\n\n<p>Nous contacter<\/p>\n\n\n\n<p>Veuillez nous contacter au 1-855-681-0066 pour de plus amples informations.<\/p>","protected":false},"excerpt":{"rendered":"<p>General It is the responsibility of the practitioner to contact their regulatory board to determine whether the treatment modalities (including, and not limited to: botulinum toxin, dermal fillers, and\/or lasers) taught in the hands-on courses they are registered for are within their scope of practice. Level 1 Upon registration, practitioners will have access to the &#8230; <a title=\"Conditions\" class=\"read-more\" href=\"https:\/\/ptifa.com\/fr\/terms\/\" aria-label=\"Read more about Terms\">En savoir plus<\/a><\/p>","protected":false},"author":3,"featured_media":0,"parent":0,"menu_order":0,"comment_status":"closed","ping_status":"closed","template":"","meta":{"_acf_changed":false,"inline_featured_image":false,"footnotes":""},"class_list":["post-465","page","type-page","status-publish"],"acf":[],"yoast_head":"<!-- This site is optimized with the Yoast SEO plugin v27.3 - https:\/\/yoast.com\/product\/yoast-seo-wordpress\/ -->\n<title>Terms of Use | PTIFAT<\/title>\n<meta name=\"robots\" content=\"index, follow, max-snippet:-1, max-image-preview:large, max-video-preview:-1\" \/>\n<link rel=\"canonical\" href=\"https:\/\/ptifa.com\/fr\/termes\/\" \/>\n<meta property=\"og:locale\" content=\"fr_CA\" \/>\n<meta property=\"og:type\" content=\"article\" \/>\n<meta property=\"og:title\" content=\"Terms of Use | PTIFAT\" \/>\n<meta property=\"og:description\" content=\"General It is the responsibility of the practitioner to contact their regulatory board to determine whether the treatment modalities (including, and not limited to: botulinum toxin, dermal fillers, and\/or lasers) taught in the hands-on courses they are registered for are within their scope of practice. Level 1 Upon registration, practitioners will have access to the ... Read more\" \/>\n<meta property=\"og:url\" content=\"https:\/\/ptifa.com\/fr\/termes\/\" \/>\n<meta property=\"og:site_name\" content=\"Pacific Training Institute for Facial Aesthetics &amp; Therapeutics\" \/>\n<meta property=\"article:modified_time\" content=\"2025-10-31T18:31:39+00:00\" \/>\n<meta name=\"twitter:card\" content=\"summary_large_image\" \/>\n<meta name=\"twitter:label1\" content=\"Estimation du temps de lecture\" \/>\n\t<meta name=\"twitter:data1\" content=\"6 minutes\" \/>\n<script type=\"application\/ld+json\" class=\"yoast-schema-graph\">{\"@context\":\"https:\\\/\\\/schema.org\",\"@graph\":[{\"@type\":\"WebPage\",\"@id\":\"https:\\\/\\\/ptifa.com\\\/terms\\\/\",\"url\":\"https:\\\/\\\/ptifa.com\\\/terms\\\/\",\"name\":\"Terms of Use | PTIFAT\",\"isPartOf\":{\"@id\":\"https:\\\/\\\/ptifa.com\\\/fr\\\/#website\"},\"datePublished\":\"2025-02-17T20:58:10+00:00\",\"dateModified\":\"2025-10-31T18:31:39+00:00\",\"breadcrumb\":{\"@id\":\"https:\\\/\\\/ptifa.com\\\/terms\\\/#breadcrumb\"},\"inLanguage\":\"fr-CA\",\"potentialAction\":[{\"@type\":\"ReadAction\",\"target\":[\"https:\\\/\\\/ptifa.com\\\/terms\\\/\"]}]},{\"@type\":\"BreadcrumbList\",\"@id\":\"https:\\\/\\\/ptifa.com\\\/terms\\\/#breadcrumb\",\"itemListElement\":[{\"@type\":\"ListItem\",\"position\":1,\"name\":\"Home\",\"item\":\"https:\\\/\\\/ptifa.com\\\/\"},{\"@type\":\"ListItem\",\"position\":2,\"name\":\"Terms\"}]},{\"@type\":\"WebSite\",\"@id\":\"https:\\\/\\\/ptifa.com\\\/fr\\\/#website\",\"url\":\"https:\\\/\\\/ptifa.com\\\/fr\\\/\",\"name\":\"Pacific Training Institute for Facial Aesthetics &amp; Therapeutics\",\"description\":\"\",\"publisher\":{\"@id\":\"https:\\\/\\\/ptifa.com\\\/fr\\\/#organization\"},\"alternateName\":\"PTIFAT\",\"potentialAction\":[{\"@type\":\"SearchAction\",\"target\":{\"@type\":\"EntryPoint\",\"urlTemplate\":\"https:\\\/\\\/ptifa.com\\\/fr\\\/?s={search_term_string}\"},\"query-input\":{\"@type\":\"PropertyValueSpecification\",\"valueRequired\":true,\"valueName\":\"search_term_string\"}}],\"inLanguage\":\"fr-CA\"},{\"@type\":\"Organization\",\"@id\":\"https:\\\/\\\/ptifa.com\\\/fr\\\/#organization\",\"name\":\"Pacific Training Institute for Facial Aesthetics & Therapeutics\",\"alternateName\":\"PTIFAT\",\"url\":\"https:\\\/\\\/ptifa.com\\\/fr\\\/\",\"logo\":{\"@type\":\"ImageObject\",\"inLanguage\":\"fr-CA\",\"@id\":\"https:\\\/\\\/ptifa.com\\\/fr\\\/#\\\/schema\\\/logo\\\/image\\\/\",\"url\":\"https:\\\/\\\/ptifa.com\\\/wp-content\\\/uploads\\\/2025\\\/02\\\/ptifa-logo.svg\",\"contentUrl\":\"https:\\\/\\\/ptifa.com\\\/wp-content\\\/uploads\\\/2025\\\/02\\\/ptifa-logo.svg\",\"width\":310,\"height\":42,\"caption\":\"Pacific Training Institute for Facial Aesthetics & Therapeutics\"},\"image\":{\"@id\":\"https:\\\/\\\/ptifa.com\\\/fr\\\/#\\\/schema\\\/logo\\\/image\\\/\"}}]}<\/script>\n<!-- \/ Yoast SEO plugin. -->","yoast_head_json":{"title":"Conditions d'utilisation - PTIFAT","robots":{"index":"index","follow":"follow","max-snippet":"max-snippet:-1","max-image-preview":"max-image-preview:large","max-video-preview":"max-video-preview:-1"},"canonical":"https:\/\/ptifa.com\/fr\/termes\/","og_locale":"fr_CA","og_type":"article","og_title":"Terms of Use | PTIFAT","og_description":"General It is the responsibility of the practitioner to contact their regulatory board to determine whether the treatment modalities (including, and not limited to: botulinum toxin, dermal fillers, and\/or lasers) taught in the hands-on courses they are registered for are within their scope of practice. Level 1 Upon registration, practitioners will have access to the ... Read more","og_url":"https:\/\/ptifa.com\/fr\/termes\/","og_site_name":"Pacific Training Institute for Facial Aesthetics &amp; Therapeutics","article_modified_time":"2025-10-31T18:31:39+00:00","twitter_card":"summary_large_image","twitter_misc":{"Estimation du temps de lecture":"6 minutes"},"schema":{"@context":"https:\/\/schema.org","@graph":[{"@type":"WebPage","@id":"https:\/\/ptifa.com\/terms\/","url":"https:\/\/ptifa.com\/terms\/","name":"Conditions d'utilisation - PTIFAT","isPartOf":{"@id":"https:\/\/ptifa.com\/fr\/#website"},"datePublished":"2025-02-17T20:58:10+00:00","dateModified":"2025-10-31T18:31:39+00:00","breadcrumb":{"@id":"https:\/\/ptifa.com\/terms\/#breadcrumb"},"inLanguage":"fr-CA","potentialAction":[{"@type":"ReadAction","target":["https:\/\/ptifa.com\/terms\/"]}]},{"@type":"BreadcrumbList","@id":"https:\/\/ptifa.com\/terms\/#breadcrumb","itemListElement":[{"@type":"ListItem","position":1,"name":"Home","item":"https:\/\/ptifa.com\/"},{"@type":"ListItem","position":2,"name":"Terms"}]},{"@type":"WebSite","@id":"https:\/\/ptifa.com\/fr\/#website","url":"https:\/\/ptifa.com\/fr\/","name":"Institut de formation du Pacifique pour l'esth\u00e9tique faciale et la th\u00e9rapeutique","description":"","publisher":{"@id":"https:\/\/ptifa.com\/fr\/#organization"},"alternateName":"PTIFAT","potentialAction":[{"@type":"SearchAction","target":{"@type":"EntryPoint","urlTemplate":"https:\/\/ptifa.com\/fr\/?s={search_term_string}"},"query-input":{"@type":"PropertyValueSpecification","valueRequired":true,"valueName":"search_term_string"}}],"inLanguage":"fr-CA"},{"@type":"Organization","@id":"https:\/\/ptifa.com\/fr\/#organization","name":"Institut de formation du Pacifique pour l'esth\u00e9tique faciale et la th\u00e9rapeutique","alternateName":"PTIFAT","url":"https:\/\/ptifa.com\/fr\/","logo":{"@type":"ImageObject","inLanguage":"fr-CA","@id":"https:\/\/ptifa.com\/fr\/#\/schema\/logo\/image\/","url":"https:\/\/ptifa.com\/wp-content\/uploads\/2025\/02\/ptifa-logo.svg","contentUrl":"https:\/\/ptifa.com\/wp-content\/uploads\/2025\/02\/ptifa-logo.svg","width":310,"height":42,"caption":"Pacific Training Institute for Facial Aesthetics & Therapeutics"},"image":{"@id":"https:\/\/ptifa.com\/fr\/#\/schema\/logo\/image\/"}}]}},"_links":{"self":[{"href":"https:\/\/ptifa.com\/fr\/wp-json\/wp\/v2\/pages\/465","targetHints":{"allow":["GET"]}}],"collection":[{"href":"https:\/\/ptifa.com\/fr\/wp-json\/wp\/v2\/pages"}],"about":[{"href":"https:\/\/ptifa.com\/fr\/wp-json\/wp\/v2\/types\/page"}],"author":[{"embeddable":true,"href":"https:\/\/ptifa.com\/fr\/wp-json\/wp\/v2\/users\/3"}],"replies":[{"embeddable":true,"href":"https:\/\/ptifa.com\/fr\/wp-json\/wp\/v2\/comments?post=465"}],"version-history":[{"count":5,"href":"https:\/\/ptifa.com\/fr\/wp-json\/wp\/v2\/pages\/465\/revisions"}],"predecessor-version":[{"id":5791,"href":"https:\/\/ptifa.com\/fr\/wp-json\/wp\/v2\/pages\/465\/revisions\/5791"}],"wp:attachment":[{"href":"https:\/\/ptifa.com\/fr\/wp-json\/wp\/v2\/media?parent=465"}],"curies":[{"name":"wp","href":"https:\/\/api.w.org\/{rel}","templated":true}]}}