{"id":467,"date":"2025-02-17T20:58:19","date_gmt":"2025-02-17T20:58:19","guid":{"rendered":"https:\/\/ptifa.com\/?page_id=467"},"modified":"2025-10-31T18:32:12","modified_gmt":"2025-10-31T18:32:12","slug":"politique","status":"publish","type":"page","link":"https:\/\/ptifa.com\/fr\/policy\/","title":{"rendered":"Politique d'enregistrement"},"content":{"rendered":"<p>Nous nous engageons \u00e0 vous offrir une exp\u00e9rience \u00e9ducative et clinique sans pr\u00e9c\u00e9dent. Chaque cours a un nombre limit\u00e9 de places et comprend un ratio instructeur\/\u00e9tudiant \u00e9lev\u00e9. Pour y parvenir, nous consacrons une part importante de nos ressources et nous nous engageons aupr\u00e8s des membres de la facult\u00e9, des instructeurs, du personnel clinique, des patients, des lieux, des h\u00f4tels, etc. afin de nous assurer que le cours d\u00e9passe vos attentes.<\/p>\n\n\n\n<p><strong>L'inscription \u00e0 un cours est donc consid\u00e9r\u00e9e comme un engagement ferme de votre part.<\/strong><\/p>\n\n\n\n<p>Nous avons \u00e9tabli la politique d'enregistrement suivante :<\/p>\n\n\n\n<ul class=\"wp-block-list\">\n<li><strong>Tous les paiements sont non remboursables et non transf\u00e9rables.<\/strong>y compris les cours en ligne et les commandes de produits.<\/li>\n\n\n\n<li>Il incombe \u00e0 chaque participant au cours de d\u00e9terminer si les traitements (toxine botulique, produits de comblement cutan\u00e9, etc.) rel\u00e8vent de son champ d'application en v\u00e9rifiant aupr\u00e8s de l'organisme de r\u00e9glementation de sa province. Nos cours d\u00e9passent g\u00e9n\u00e9ralement les exigences \u00e9ducatives fix\u00e9es par les organismes de r\u00e9glementation, mais il incombe aux participants de d\u00e9terminer et de respecter les restrictions et\/ou exigences de l'organisme directeur de leur province ou de leur \u00c9tat.<\/li>\n\n\n\n<li>L'acc\u00e8s au mat\u00e9riel de cours en ligne est accord\u00e9 pour une dur\u00e9e d'un an \u00e0 compter de l'inscription.<\/li>\n\n\n\n<li>Les changements de date pour les cours pratiques (y compris les niveaux 1B, 2, 3 et 4, 5 et 6) ne sont pas autoris\u00e9s moins de 30 jours avant la date du cours : Niveau 1B, Niveau 2, Niveau 3 et Niveau 4, Niveau 5, Niveau 6, Cours de recyclage) ne sont pas autoris\u00e9s dans les 30 jours pr\u00e9c\u00e9dant les dates du cours. Tous les fonds seront perdus si le cours n'est pas suivi. Les modifications effectu\u00e9es moins de 30 jours avant la date du cours sont soumises \u00e0 des frais de reprogrammation de $500.<\/li>\n\n\n\n<li>Les arrhes ne sont pas transf\u00e9rables et servent \u00e0 r\u00e9server une place pour une date de cours sp\u00e9cifique. Un acompte sera pr\u00e9lev\u00e9 au moment de l'inscription, le solde \u00e9tant d\u00fb 30 jours avant la date du cours.<\/li>\n\n\n\n<li>Le PTIFAT se r\u00e9serve le droit d'annuler, de reporter ou de modifier tout cours en fonction des besoins.<\/li>\n\n\n\n<li>Le PTIFAT n'est pas responsable des frais d'h\u00f4tel, des billets d'avion ou d'autres d\u00e9penses encourues en raison d'un changement ou d'une annulation de cours.<\/li>\n\n\n\n<li><\/li>\n<\/ul>\n\n\n\n<p>Nous comprenons que des situations familiales, d'urgence ou de vie peuvent survenir et affecter votre capacit\u00e9 \u00e0 assister \u00e0 un cours ou \u00e0 le terminer. Les remplacements tardifs et les changements de cours sont tr\u00e8s difficiles \u00e0 organiser, mais nous vous prions de nous contacter d\u00e8s que possible si vous n'\u00eates pas en mesure de vous pr\u00e9senter \u00e0 la date de votre cours.<\/p>\n\n\n\n<p>Le PTIFAT se r\u00e9serve le droit, \u00e0 sa seule discr\u00e9tion et sans pr\u00e9avis, d'annuler l'inscription ou la participation d'un praticien \u00e0 un cours, y compris, mais sans s'y limiter, dans les cas o\u00f9 un praticien aurait enfreint les conditions d'utilisation du PTIFAT. Si le PTIFAT exerce son pouvoir discr\u00e9tionnaire unilat\u00e9ral d'annuler l'inscription ou la participation d'un praticien \u00e0 un cours, le praticien sera rembours\u00e9 d\u00e8s lors qu'il aura renvoy\u00e9 \u00e0 PTIFAT l'ensemble du mat\u00e9riel de cours, dans sa forme et son \u00e9tat d'origine.<\/p>","protected":false},"excerpt":{"rendered":"<p>We are committed to providing you with an unprecedented educational and clinical experience. Each course has a limited number of seats and includes a high Instructor to student ratio. In order to achieve this, we dedicate a significant amount of resources and make commitments to Faculty members, Instructors, clinical staffing, patients, venues, hotels, etc to &#8230; <a title=\"Politique d&#039;enregistrement\" class=\"read-more\" href=\"https:\/\/ptifa.com\/fr\/policy\/\" aria-label=\"Read more about Registration Policy\">En savoir plus<\/a><\/p>","protected":false},"author":3,"featured_media":0,"parent":0,"menu_order":0,"comment_status":"closed","ping_status":"closed","template":"","meta":{"_acf_changed":false,"inline_featured_image":false,"footnotes":""},"class_list":["post-467","page","type-page","status-publish"],"acf":[],"yoast_head":"<!-- This site is optimized with the Yoast SEO plugin v27.3 - https:\/\/yoast.com\/product\/yoast-seo-wordpress\/ -->\n<title>Registration Policy | PTIFAT<\/title>\n<meta name=\"description\" content=\"Information on the Pacific Training Institute for Facial Aesthetics&#039; (PTIFAT) course registration and cancellation policy.\" \/>\n<meta name=\"robots\" content=\"index, follow, max-snippet:-1, max-image-preview:large, max-video-preview:-1\" \/>\n<link rel=\"canonical\" href=\"https:\/\/ptifa.com\/fr\/politique\/\" \/>\n<meta property=\"og:locale\" content=\"fr_CA\" \/>\n<meta property=\"og:type\" content=\"article\" \/>\n<meta property=\"og:title\" content=\"Registration Policy | PTIFAT\" \/>\n<meta property=\"og:description\" content=\"Information on the Pacific Training Institute for Facial Aesthetics&#039; (PTIFAT) course registration and cancellation policy.\" \/>\n<meta property=\"og:url\" content=\"https:\/\/ptifa.com\/fr\/politique\/\" \/>\n<meta property=\"og:site_name\" content=\"Pacific Training Institute for Facial Aesthetics &amp; Therapeutics\" \/>\n<meta property=\"article:modified_time\" content=\"2025-10-31T18:32:12+00:00\" \/>\n<meta name=\"twitter:card\" content=\"summary_large_image\" \/>\n<meta name=\"twitter:label1\" content=\"Estimation du temps de lecture\" \/>\n\t<meta name=\"twitter:data1\" content=\"2 minutes\" \/>\n<script type=\"application\/ld+json\" class=\"yoast-schema-graph\">{\"@context\":\"https:\\\/\\\/schema.org\",\"@graph\":[{\"@type\":\"WebPage\",\"@id\":\"https:\\\/\\\/ptifa.com\\\/policy\\\/\",\"url\":\"https:\\\/\\\/ptifa.com\\\/policy\\\/\",\"name\":\"Registration Policy | PTIFAT\",\"isPartOf\":{\"@id\":\"https:\\\/\\\/ptifa.com\\\/fr\\\/#website\"},\"datePublished\":\"2025-02-17T20:58:19+00:00\",\"dateModified\":\"2025-10-31T18:32:12+00:00\",\"description\":\"Information on the Pacific Training Institute for Facial Aesthetics' (PTIFAT) course registration and cancellation policy.\",\"breadcrumb\":{\"@id\":\"https:\\\/\\\/ptifa.com\\\/policy\\\/#breadcrumb\"},\"inLanguage\":\"fr-CA\",\"potentialAction\":[{\"@type\":\"ReadAction\",\"target\":[\"https:\\\/\\\/ptifa.com\\\/policy\\\/\"]}]},{\"@type\":\"BreadcrumbList\",\"@id\":\"https:\\\/\\\/ptifa.com\\\/policy\\\/#breadcrumb\",\"itemListElement\":[{\"@type\":\"ListItem\",\"position\":1,\"name\":\"Home\",\"item\":\"https:\\\/\\\/ptifa.com\\\/\"},{\"@type\":\"ListItem\",\"position\":2,\"name\":\"Registration Policy\"}]},{\"@type\":\"WebSite\",\"@id\":\"https:\\\/\\\/ptifa.com\\\/fr\\\/#website\",\"url\":\"https:\\\/\\\/ptifa.com\\\/fr\\\/\",\"name\":\"Pacific Training Institute for Facial Aesthetics &amp; Therapeutics\",\"description\":\"\",\"publisher\":{\"@id\":\"https:\\\/\\\/ptifa.com\\\/fr\\\/#organization\"},\"alternateName\":\"PTIFAT\",\"potentialAction\":[{\"@type\":\"SearchAction\",\"target\":{\"@type\":\"EntryPoint\",\"urlTemplate\":\"https:\\\/\\\/ptifa.com\\\/fr\\\/?s={search_term_string}\"},\"query-input\":{\"@type\":\"PropertyValueSpecification\",\"valueRequired\":true,\"valueName\":\"search_term_string\"}}],\"inLanguage\":\"fr-CA\"},{\"@type\":\"Organization\",\"@id\":\"https:\\\/\\\/ptifa.com\\\/fr\\\/#organization\",\"name\":\"Pacific Training Institute for Facial Aesthetics & Therapeutics\",\"alternateName\":\"PTIFAT\",\"url\":\"https:\\\/\\\/ptifa.com\\\/fr\\\/\",\"logo\":{\"@type\":\"ImageObject\",\"inLanguage\":\"fr-CA\",\"@id\":\"https:\\\/\\\/ptifa.com\\\/fr\\\/#\\\/schema\\\/logo\\\/image\\\/\",\"url\":\"https:\\\/\\\/ptifa.com\\\/wp-content\\\/uploads\\\/2025\\\/02\\\/ptifa-logo.svg\",\"contentUrl\":\"https:\\\/\\\/ptifa.com\\\/wp-content\\\/uploads\\\/2025\\\/02\\\/ptifa-logo.svg\",\"width\":310,\"height\":42,\"caption\":\"Pacific Training Institute for Facial Aesthetics & Therapeutics\"},\"image\":{\"@id\":\"https:\\\/\\\/ptifa.com\\\/fr\\\/#\\\/schema\\\/logo\\\/image\\\/\"}}]}<\/script>\n<!-- \/ Yoast SEO plugin. -->","yoast_head_json":{"title":"Politique d'enregistrement | PTIFAT","description":"Informations sur la politique d'inscription et d'annulation des cours du Pacific Training Institute for Facial Aesthetics (PTIFAT).","robots":{"index":"index","follow":"follow","max-snippet":"max-snippet:-1","max-image-preview":"max-image-preview:large","max-video-preview":"max-video-preview:-1"},"canonical":"https:\/\/ptifa.com\/fr\/politique\/","og_locale":"fr_CA","og_type":"article","og_title":"Registration Policy | PTIFAT","og_description":"Information on the Pacific Training Institute for Facial Aesthetics' (PTIFAT) course registration and cancellation policy.","og_url":"https:\/\/ptifa.com\/fr\/politique\/","og_site_name":"Pacific Training Institute for Facial Aesthetics &amp; Therapeutics","article_modified_time":"2025-10-31T18:32:12+00:00","twitter_card":"summary_large_image","twitter_misc":{"Estimation du temps de lecture":"2 minutes"},"schema":{"@context":"https:\/\/schema.org","@graph":[{"@type":"WebPage","@id":"https:\/\/ptifa.com\/policy\/","url":"https:\/\/ptifa.com\/policy\/","name":"Politique d'enregistrement | PTIFAT","isPartOf":{"@id":"https:\/\/ptifa.com\/fr\/#website"},"datePublished":"2025-02-17T20:58:19+00:00","dateModified":"2025-10-31T18:32:12+00:00","description":"Informations sur la politique d'inscription et d'annulation des cours du Pacific Training Institute for Facial Aesthetics (PTIFAT).","breadcrumb":{"@id":"https:\/\/ptifa.com\/policy\/#breadcrumb"},"inLanguage":"fr-CA","potentialAction":[{"@type":"ReadAction","target":["https:\/\/ptifa.com\/policy\/"]}]},{"@type":"BreadcrumbList","@id":"https:\/\/ptifa.com\/policy\/#breadcrumb","itemListElement":[{"@type":"ListItem","position":1,"name":"Home","item":"https:\/\/ptifa.com\/"},{"@type":"ListItem","position":2,"name":"Registration Policy"}]},{"@type":"WebSite","@id":"https:\/\/ptifa.com\/fr\/#website","url":"https:\/\/ptifa.com\/fr\/","name":"Institut de formation du Pacifique pour l'esth\u00e9tique faciale et la th\u00e9rapeutique","description":"","publisher":{"@id":"https:\/\/ptifa.com\/fr\/#organization"},"alternateName":"PTIFAT","potentialAction":[{"@type":"SearchAction","target":{"@type":"EntryPoint","urlTemplate":"https:\/\/ptifa.com\/fr\/?s={search_term_string}"},"query-input":{"@type":"PropertyValueSpecification","valueRequired":true,"valueName":"search_term_string"}}],"inLanguage":"fr-CA"},{"@type":"Organization","@id":"https:\/\/ptifa.com\/fr\/#organization","name":"Institut de formation du Pacifique pour l'esth\u00e9tique faciale et la th\u00e9rapeutique","alternateName":"PTIFAT","url":"https:\/\/ptifa.com\/fr\/","logo":{"@type":"ImageObject","inLanguage":"fr-CA","@id":"https:\/\/ptifa.com\/fr\/#\/schema\/logo\/image\/","url":"https:\/\/ptifa.com\/wp-content\/uploads\/2025\/02\/ptifa-logo.svg","contentUrl":"https:\/\/ptifa.com\/wp-content\/uploads\/2025\/02\/ptifa-logo.svg","width":310,"height":42,"caption":"Pacific Training Institute for Facial Aesthetics & Therapeutics"},"image":{"@id":"https:\/\/ptifa.com\/fr\/#\/schema\/logo\/image\/"}}]}},"_links":{"self":[{"href":"https:\/\/ptifa.com\/fr\/wp-json\/wp\/v2\/pages\/467","targetHints":{"allow":["GET"]}}],"collection":[{"href":"https:\/\/ptifa.com\/fr\/wp-json\/wp\/v2\/pages"}],"about":[{"href":"https:\/\/ptifa.com\/fr\/wp-json\/wp\/v2\/types\/page"}],"author":[{"embeddable":true,"href":"https:\/\/ptifa.com\/fr\/wp-json\/wp\/v2\/users\/3"}],"replies":[{"embeddable":true,"href":"https:\/\/ptifa.com\/fr\/wp-json\/wp\/v2\/comments?post=467"}],"version-history":[{"count":5,"href":"https:\/\/ptifa.com\/fr\/wp-json\/wp\/v2\/pages\/467\/revisions"}],"predecessor-version":[{"id":5790,"href":"https:\/\/ptifa.com\/fr\/wp-json\/wp\/v2\/pages\/467\/revisions\/5790"}],"wp:attachment":[{"href":"https:\/\/ptifa.com\/fr\/wp-json\/wp\/v2\/media?parent=467"}],"curies":[{"name":"wp","href":"https:\/\/api.w.org\/{rel}","templated":true}]}}