{"id":5403,"date":"2025-08-28T21:46:10","date_gmt":"2025-08-28T21:46:10","guid":{"rendered":"https:\/\/ptifa.com\/?page_id=5403"},"modified":"2025-11-08T08:51:08","modified_gmt":"2025-11-08T08:51:08","slug":"dr-ken-hamin-2","status":"publish","type":"page","link":"https:\/\/ptifa.com\/fr\/about\/dr-ken-hamin-2\/","title":{"rendered":"Dr. Ken Hamin"},"content":{"rendered":"<div class=\"gb-element-1260e4e8\">\n<div class=\"gb-element-2239a457  grid-container\">\n<div class=\"gb-element-fb322c90\">\n<div class=\"gb-element-44e96230\"><span><span><a href=\"https:\/\/ptifa.com\/fr\/\">Accueil<\/a><\/span><\/span>\n<\/div>\n<\/div>\n<\/div>\n\n\n\n<div class=\"gb-element-f2fa02af  grid-container\">\n<div class=\"gb-element-975669b6\">\n<div class=\"gb-element-0e7dc8a1\">\n<img loading=\"lazy\" decoding=\"async\" width=\"528\" height=\"540\" class=\"gb-media-962bd12f\" src=\"https:\/\/ptifa.com\/wp-content\/uploads\/2025\/10\/ken-hamin.webp\" title=\"ken-hamin\" alt=\"\" srcset=\"https:\/\/ptifa.com\/wp-content\/uploads\/2025\/10\/ken-hamin.webp 528w, https:\/\/ptifa.com\/wp-content\/uploads\/2025\/10\/ken-hamin-293x300.webp 293w, https:\/\/ptifa.com\/wp-content\/uploads\/2025\/10\/ken-hamin-12x12.webp 12w, https:\/\/ptifa.com\/wp-content\/uploads\/2025\/10\/ken-hamin-300x307.webp 300w\" sizes=\"auto, (max-width: 528px) 100vw, 528px\" \/>\n<\/div>\n\n\n\n<div class=\"gb-element-55989723\">\n<h1 class=\"gb-text gb-text-e3d7a385\">Dr. Ken Hamin<\/h1>\n\n\n\n<p class=\"gb-text gb-text-a7bca8ea\">Dentiste<\/p>\n<\/div>\n<\/div>\n<\/div>\n<\/div>\n\n\n\n<div class=\"gb-element-68e4a1f4\">\n<div class=\"gb-element-47c7d4f3  grid-container\">\n<div class=\"gb-element-3e65db04\">\n<div class=\"gb-element-b6a9decb\"><\/div>\n\n\n\n<div class=\"gb-element-f81f3e1c\">\n<p>Le Dr Ken Hamin apporte \u00e0 PTIFAT plus de trois d\u00e9cennies d'excellence clinique et d'expertise \u00e9ducative en tant qu'instructeur clinique sp\u00e9cialis\u00e9 dans les applications du Botox. Fier dipl\u00f4m\u00e9 du programme de formation complet de PTIFAT, le Dr Hamin s'est impos\u00e9 comme un pionnier de l'int\u00e9gration du Botox dans la pratique dentaire au sein du Westbrook Dental Group \u00e0 Winnipeg, au Manitoba.<\/p>\n\n\n\n<p>Apr\u00e8s avoir obtenu son doctorat en m\u00e9decine dentaire \u00e0 l'Universit\u00e9 du Manitoba en 1988 et effectu\u00e9 une r\u00e9sidence en milieu hospitalier \u00e0 Saskatoon, le Dr Hamin a acquis une grande expertise dans les applications th\u00e9rapeutiques et esth\u00e9tiques du Botox. Sa pratique se concentre sur la th\u00e9rapie de l'ATM, la gestion de la douleur orofaciale et l'am\u00e9lioration cosm\u00e9tique du visage, avec un succ\u00e8s particulier dans le traitement des patients souffrant de troubles du serrement et du grincement des dents, de dysfonctionnement de l'ATM et d'autres conditions pour lesquelles le Botox apporte des avantages th\u00e9rapeutiques mesurables.<\/p>\n\n\n\n<p>Les int\u00e9r\u00eats cliniques du Dr Hamin s'\u00e9tendent aux implants dentaires, \u00e0 la dentisterie au laser et aux soins de l'apn\u00e9e du sommeil, ce qui lui permet de comprendre comment les applications du Botox s'int\u00e8grent dans les soins de sant\u00e9 bucco-dentaire globaux. Son approche associe une connaissance anatomique approfondie \u00e0 une philosophie centr\u00e9e sur le patient, en se posant constamment la question suivante : \u201cQue ferais-je s'il s'agissait d'un patient ? \u201dQue ferais-je s'il s'agissait d'un membre de ma famille ?\"<\/p>\n\n\n\n<p>\u00c9ducateur d\u00e9vou\u00e9, avec plus de 30 ans d'enseignement clinique \u00e0 temps partiel \u00e0 la Facult\u00e9 de m\u00e9decine dentaire de l'Universit\u00e9 du Manitoba, le Dr Hamin se passionne pour l'avancement de la profession par le biais d'une formation fond\u00e9e sur des donn\u00e9es probantes. Il est membre de l'Academy of General Dentistry, dipl\u00f4m\u00e9 du Kois Center et a suivi une formation post-universitaire en dentisterie esth\u00e9tique \u00e0 SUNY Buffalo. Le Dr Hamin est membre actif de l'Association dentaire canadienne, de la Winnipeg Dental Society et du Two Rivers Study Club.<\/p>\n\n\n\n<p>Au PTIFAT, le Dr Hamin combine sa vaste exp\u00e9rience clinique, son expertise p\u00e9dagogique et sa philosophie de soins compatissants pour aider les professionnels dentaires \u00e0 int\u00e9grer le Botox de mani\u00e8re s\u00fbre et efficace dans leur pratique. Gr\u00e2ce \u00e0 une formation pratique et \u00e0 un enseignement fond\u00e9 sur des donn\u00e9es probantes, il permet aux dentistes d'\u00e9largir leur champ d'action tout en maintenant les normes les plus \u00e9lev\u00e9es en mati\u00e8re de r\u00e9sultats pour les patients.<\/p>\n<\/div>\n<\/div>\n<\/div>\n<\/div>","protected":false},"excerpt":{"rendered":"<p>Dr. Ken Hamin Dentist Dr. Ken Hamin brings over three decades of clinical excellence and educational expertise to PTIFAT as a Clinical Instructor specializing in Botox applications. A proud graduate of PTIFAT&#8217;s comprehensive training program, Dr. Hamin has established himself as a pioneer in integrating Botox into dental practice at Westbrook Dental Group in Winnipeg, &#8230; <a title=\"Dr. Ken Hamin\" class=\"read-more\" href=\"https:\/\/ptifa.com\/fr\/about\/dr-ken-hamin-2\/\" aria-label=\"Read more about Dr. Ken Hamin\">En savoir plus<\/a><\/p>","protected":false},"author":3,"featured_media":0,"parent":221,"menu_order":0,"comment_status":"closed","ping_status":"closed","template":"","meta":{"_acf_changed":false,"inline_featured_image":false,"footnotes":""},"class_list":["post-5403","page","type-page","status-publish"],"acf":[],"yoast_head":"<!-- This site is optimized with the Yoast SEO plugin v27.3 - https:\/\/yoast.com\/product\/yoast-seo-wordpress\/ -->\n<title>About Dr. Ken Hamin, Dentist | PTIFAT Faculty<\/title>\n<meta name=\"description\" content=\"Learn Botox applications in dentistry from Dr. Hamin, DMD. PTIFAT graduate with 30+ yrs experience in TMJ therapy and facial aesthetics training.\" \/>\n<meta name=\"robots\" content=\"index, follow, max-snippet:-1, max-image-preview:large, max-video-preview:-1\" \/>\n<link rel=\"canonical\" href=\"https:\/\/ptifa.com\/fr\/a-propos-de\/dr-ken-hamin-2\/\" \/>\n<meta property=\"og:locale\" content=\"fr_CA\" \/>\n<meta property=\"og:type\" content=\"article\" \/>\n<meta property=\"og:title\" content=\"About Dr. Ken Hamin, Dentist | PTIFAT Faculty\" \/>\n<meta property=\"og:description\" content=\"Learn Botox applications in dentistry from Dr. Hamin, DMD. PTIFAT graduate with 30+ yrs experience in TMJ therapy and facial aesthetics training.\" \/>\n<meta property=\"og:url\" content=\"https:\/\/ptifa.com\/fr\/a-propos-de\/dr-ken-hamin-2\/\" \/>\n<meta property=\"og:site_name\" content=\"Pacific Training Institute for Facial Aesthetics &amp; Therapeutics\" \/>\n<meta property=\"article:modified_time\" content=\"2025-11-08T08:51:08+00:00\" \/>\n<meta property=\"og:image\" content=\"https:\/\/ptifa.com\/wp-content\/uploads\/2025\/10\/ken-hamin.webp\" \/>\n<meta name=\"twitter:card\" content=\"summary_large_image\" \/>\n<meta name=\"twitter:label1\" content=\"Estimation du temps de lecture\" \/>\n\t<meta name=\"twitter:data1\" content=\"2 minutes\" \/>\n<script type=\"application\/ld+json\" class=\"yoast-schema-graph\">{\"@context\":\"https:\\\/\\\/schema.org\",\"@graph\":[{\"@type\":\"WebPage\",\"@id\":\"https:\\\/\\\/ptifa.com\\\/about\\\/dr-ken-hamin-2\\\/\",\"url\":\"https:\\\/\\\/ptifa.com\\\/about\\\/dr-ken-hamin-2\\\/\",\"name\":\"About Dr. Ken Hamin, Dentist | PTIFAT Faculty\",\"isPartOf\":{\"@id\":\"https:\\\/\\\/ptifa.com\\\/fr\\\/#website\"},\"primaryImageOfPage\":{\"@id\":\"https:\\\/\\\/ptifa.com\\\/about\\\/dr-ken-hamin-2\\\/#primaryimage\"},\"image\":{\"@id\":\"https:\\\/\\\/ptifa.com\\\/about\\\/dr-ken-hamin-2\\\/#primaryimage\"},\"thumbnailUrl\":\"https:\\\/\\\/ptifa.com\\\/wp-content\\\/uploads\\\/2025\\\/10\\\/ken-hamin.webp\",\"datePublished\":\"2025-08-28T21:46:10+00:00\",\"dateModified\":\"2025-11-08T08:51:08+00:00\",\"description\":\"Learn Botox applications in dentistry from Dr. Hamin, DMD. PTIFAT graduate with 30+ yrs experience in TMJ therapy and facial aesthetics training.\",\"breadcrumb\":{\"@id\":\"https:\\\/\\\/ptifa.com\\\/about\\\/dr-ken-hamin-2\\\/#breadcrumb\"},\"inLanguage\":\"fr-CA\",\"potentialAction\":[{\"@type\":\"ReadAction\",\"target\":[\"https:\\\/\\\/ptifa.com\\\/about\\\/dr-ken-hamin-2\\\/\"]}]},{\"@type\":\"ImageObject\",\"inLanguage\":\"fr-CA\",\"@id\":\"https:\\\/\\\/ptifa.com\\\/about\\\/dr-ken-hamin-2\\\/#primaryimage\",\"url\":\"https:\\\/\\\/ptifa.com\\\/wp-content\\\/uploads\\\/2025\\\/10\\\/ken-hamin.webp\",\"contentUrl\":\"https:\\\/\\\/ptifa.com\\\/wp-content\\\/uploads\\\/2025\\\/10\\\/ken-hamin.webp\"},{\"@type\":\"BreadcrumbList\",\"@id\":\"https:\\\/\\\/ptifa.com\\\/about\\\/dr-ken-hamin-2\\\/#breadcrumb\",\"itemListElement\":[{\"@type\":\"ListItem\",\"position\":1,\"name\":\"Home\",\"item\":\"https:\\\/\\\/ptifa.com\\\/\"},{\"@type\":\"ListItem\",\"position\":2,\"name\":\"About Us\",\"item\":\"https:\\\/\\\/ptifa.com\\\/about\\\/\"},{\"@type\":\"ListItem\",\"position\":3,\"name\":\"Dr. Ken Hamin\"}]},{\"@type\":\"WebSite\",\"@id\":\"https:\\\/\\\/ptifa.com\\\/fr\\\/#website\",\"url\":\"https:\\\/\\\/ptifa.com\\\/fr\\\/\",\"name\":\"Pacific Training Institute for Facial Aesthetics &amp; Therapeutics\",\"description\":\"\",\"publisher\":{\"@id\":\"https:\\\/\\\/ptifa.com\\\/fr\\\/#organization\"},\"alternateName\":\"PTIFAT\",\"potentialAction\":[{\"@type\":\"SearchAction\",\"target\":{\"@type\":\"EntryPoint\",\"urlTemplate\":\"https:\\\/\\\/ptifa.com\\\/fr\\\/?s={search_term_string}\"},\"query-input\":{\"@type\":\"PropertyValueSpecification\",\"valueRequired\":true,\"valueName\":\"search_term_string\"}}],\"inLanguage\":\"fr-CA\"},{\"@type\":\"Organization\",\"@id\":\"https:\\\/\\\/ptifa.com\\\/fr\\\/#organization\",\"name\":\"Pacific Training Institute for Facial Aesthetics & Therapeutics\",\"alternateName\":\"PTIFAT\",\"url\":\"https:\\\/\\\/ptifa.com\\\/fr\\\/\",\"logo\":{\"@type\":\"ImageObject\",\"inLanguage\":\"fr-CA\",\"@id\":\"https:\\\/\\\/ptifa.com\\\/fr\\\/#\\\/schema\\\/logo\\\/image\\\/\",\"url\":\"https:\\\/\\\/ptifa.com\\\/wp-content\\\/uploads\\\/2025\\\/02\\\/ptifa-logo.svg\",\"contentUrl\":\"https:\\\/\\\/ptifa.com\\\/wp-content\\\/uploads\\\/2025\\\/02\\\/ptifa-logo.svg\",\"width\":310,\"height\":42,\"caption\":\"Pacific Training Institute for Facial Aesthetics & Therapeutics\"},\"image\":{\"@id\":\"https:\\\/\\\/ptifa.com\\\/fr\\\/#\\\/schema\\\/logo\\\/image\\\/\"}}]}<\/script>\n<!-- \/ Yoast SEO plugin. -->","yoast_head_json":{"title":"A propos du Dr. Ken Hamin, Dentiste | Facult\u00e9 PTIFAT","description":"Apprenez les applications du Botox en dentisterie avec le Dr Hamin, DMD. Dipl\u00f4m\u00e9 du PTIFAT avec plus de 30 ans d'exp\u00e9rience dans la th\u00e9rapie de l'articulation temporo-mandibulaire et la formation \u00e0 l'esth\u00e9tique faciale.","robots":{"index":"index","follow":"follow","max-snippet":"max-snippet:-1","max-image-preview":"max-image-preview:large","max-video-preview":"max-video-preview:-1"},"canonical":"https:\/\/ptifa.com\/fr\/a-propos-de\/dr-ken-hamin-2\/","og_locale":"fr_CA","og_type":"article","og_title":"About Dr. Ken Hamin, Dentist | PTIFAT Faculty","og_description":"Learn Botox applications in dentistry from Dr. Hamin, DMD. PTIFAT graduate with 30+ yrs experience in TMJ therapy and facial aesthetics training.","og_url":"https:\/\/ptifa.com\/fr\/a-propos-de\/dr-ken-hamin-2\/","og_site_name":"Pacific Training Institute for Facial Aesthetics &amp; Therapeutics","article_modified_time":"2025-11-08T08:51:08+00:00","og_image":[{"url":"https:\/\/ptifa.com\/wp-content\/uploads\/2025\/10\/ken-hamin.webp","type":"","width":"","height":""}],"twitter_card":"summary_large_image","twitter_misc":{"Estimation du temps de lecture":"2 minutes"},"schema":{"@context":"https:\/\/schema.org","@graph":[{"@type":"WebPage","@id":"https:\/\/ptifa.com\/about\/dr-ken-hamin-2\/","url":"https:\/\/ptifa.com\/about\/dr-ken-hamin-2\/","name":"A propos du Dr. Ken Hamin, Dentiste | Facult\u00e9 PTIFAT","isPartOf":{"@id":"https:\/\/ptifa.com\/fr\/#website"},"primaryImageOfPage":{"@id":"https:\/\/ptifa.com\/about\/dr-ken-hamin-2\/#primaryimage"},"image":{"@id":"https:\/\/ptifa.com\/about\/dr-ken-hamin-2\/#primaryimage"},"thumbnailUrl":"https:\/\/ptifa.com\/wp-content\/uploads\/2025\/10\/ken-hamin.webp","datePublished":"2025-08-28T21:46:10+00:00","dateModified":"2025-11-08T08:51:08+00:00","description":"Apprenez les applications du Botox en dentisterie avec le Dr Hamin, DMD. Dipl\u00f4m\u00e9 du PTIFAT avec plus de 30 ans d'exp\u00e9rience dans la th\u00e9rapie de l'articulation temporo-mandibulaire et la formation \u00e0 l'esth\u00e9tique faciale.","breadcrumb":{"@id":"https:\/\/ptifa.com\/about\/dr-ken-hamin-2\/#breadcrumb"},"inLanguage":"fr-CA","potentialAction":[{"@type":"ReadAction","target":["https:\/\/ptifa.com\/about\/dr-ken-hamin-2\/"]}]},{"@type":"ImageObject","inLanguage":"fr-CA","@id":"https:\/\/ptifa.com\/about\/dr-ken-hamin-2\/#primaryimage","url":"https:\/\/ptifa.com\/wp-content\/uploads\/2025\/10\/ken-hamin.webp","contentUrl":"https:\/\/ptifa.com\/wp-content\/uploads\/2025\/10\/ken-hamin.webp"},{"@type":"BreadcrumbList","@id":"https:\/\/ptifa.com\/about\/dr-ken-hamin-2\/#breadcrumb","itemListElement":[{"@type":"ListItem","position":1,"name":"Home","item":"https:\/\/ptifa.com\/"},{"@type":"ListItem","position":2,"name":"About Us","item":"https:\/\/ptifa.com\/about\/"},{"@type":"ListItem","position":3,"name":"Dr. Ken Hamin"}]},{"@type":"WebSite","@id":"https:\/\/ptifa.com\/fr\/#website","url":"https:\/\/ptifa.com\/fr\/","name":"Institut de formation du Pacifique pour l'esth\u00e9tique faciale et la th\u00e9rapeutique","description":"","publisher":{"@id":"https:\/\/ptifa.com\/fr\/#organization"},"alternateName":"PTIFAT","potentialAction":[{"@type":"SearchAction","target":{"@type":"EntryPoint","urlTemplate":"https:\/\/ptifa.com\/fr\/?s={search_term_string}"},"query-input":{"@type":"PropertyValueSpecification","valueRequired":true,"valueName":"search_term_string"}}],"inLanguage":"fr-CA"},{"@type":"Organization","@id":"https:\/\/ptifa.com\/fr\/#organization","name":"Institut de formation du Pacifique pour l'esth\u00e9tique faciale et la th\u00e9rapeutique","alternateName":"PTIFAT","url":"https:\/\/ptifa.com\/fr\/","logo":{"@type":"ImageObject","inLanguage":"fr-CA","@id":"https:\/\/ptifa.com\/fr\/#\/schema\/logo\/image\/","url":"https:\/\/ptifa.com\/wp-content\/uploads\/2025\/02\/ptifa-logo.svg","contentUrl":"https:\/\/ptifa.com\/wp-content\/uploads\/2025\/02\/ptifa-logo.svg","width":310,"height":42,"caption":"Pacific Training Institute for Facial Aesthetics & Therapeutics"},"image":{"@id":"https:\/\/ptifa.com\/fr\/#\/schema\/logo\/image\/"}}]}},"_links":{"self":[{"href":"https:\/\/ptifa.com\/fr\/wp-json\/wp\/v2\/pages\/5403","targetHints":{"allow":["GET"]}}],"collection":[{"href":"https:\/\/ptifa.com\/fr\/wp-json\/wp\/v2\/pages"}],"about":[{"href":"https:\/\/ptifa.com\/fr\/wp-json\/wp\/v2\/types\/page"}],"author":[{"embeddable":true,"href":"https:\/\/ptifa.com\/fr\/wp-json\/wp\/v2\/users\/3"}],"replies":[{"embeddable":true,"href":"https:\/\/ptifa.com\/fr\/wp-json\/wp\/v2\/comments?post=5403"}],"version-history":[{"count":3,"href":"https:\/\/ptifa.com\/fr\/wp-json\/wp\/v2\/pages\/5403\/revisions"}],"predecessor-version":[{"id":5815,"href":"https:\/\/ptifa.com\/fr\/wp-json\/wp\/v2\/pages\/5403\/revisions\/5815"}],"up":[{"embeddable":true,"href":"https:\/\/ptifa.com\/fr\/wp-json\/wp\/v2\/pages\/221"}],"wp:attachment":[{"href":"https:\/\/ptifa.com\/fr\/wp-json\/wp\/v2\/media?parent=5403"}],"curies":[{"name":"wp","href":"https:\/\/api.w.org\/{rel}","templated":true}]}}