{"id":5405,"date":"2025-08-28T21:53:34","date_gmt":"2025-08-28T21:53:34","guid":{"rendered":"https:\/\/ptifa.com\/?page_id=5405"},"modified":"2025-11-08T08:51:43","modified_gmt":"2025-11-08T08:51:43","slug":"dr-josh-kirkpatrick","status":"publish","type":"page","link":"https:\/\/ptifa.com\/fr\/about\/dr-josh-kirkpatrick\/","title":{"rendered":"Dr. Josh Kirkpatrick"},"content":{"rendered":"<div class=\"gb-element-1260e4e8\">\n<div class=\"gb-element-2239a457  grid-container\">\n<div class=\"gb-element-fb322c90\">\n<div class=\"gb-element-44e96230\"><span><span><a href=\"https:\/\/ptifa.com\/fr\/\">Accueil<\/a><\/span><\/span>\n<\/div>\n<\/div>\n<\/div>\n\n\n\n<div class=\"gb-element-f2fa02af  grid-container\">\n<div class=\"gb-element-975669b6\">\n<div class=\"gb-element-0e7dc8a1\">\n<img loading=\"lazy\" decoding=\"async\" width=\"528\" height=\"540\" class=\"gb-media-962bd12f\" src=\"https:\/\/ptifa.com\/wp-content\/uploads\/2025\/10\/joshua-kirkpatrick.webp\" title=\"joshua-kirkpatrick\" alt=\"\" srcset=\"https:\/\/ptifa.com\/wp-content\/uploads\/2025\/10\/joshua-kirkpatrick.webp 528w, https:\/\/ptifa.com\/wp-content\/uploads\/2025\/10\/joshua-kirkpatrick-293x300.webp 293w, https:\/\/ptifa.com\/wp-content\/uploads\/2025\/10\/joshua-kirkpatrick-12x12.webp 12w, https:\/\/ptifa.com\/wp-content\/uploads\/2025\/10\/joshua-kirkpatrick-300x307.webp 300w\" sizes=\"auto, (max-width: 528px) 100vw, 528px\" \/>\n<\/div>\n\n\n\n<div class=\"gb-element-55989723\">\n<h1 class=\"gb-text gb-text-e3d7a385\">Dr. Josh Kirkpatrick<\/h1>\n\n\n\n<p class=\"gb-text gb-text-a7bca8ea\">Dentiste<\/p>\n<\/div>\n<\/div>\n<\/div>\n<\/div>\n\n\n\n<div class=\"gb-element-68e4a1f4\">\n<div class=\"gb-element-47c7d4f3  grid-container\">\n<div class=\"gb-element-3e65db04\">\n<div class=\"gb-element-b6a9decb\"><\/div>\n\n\n\n<div class=\"gb-element-f81f3e1c\">\n<p>Le Dr Josh Kirkpatrick apporte une perspective nouvelle et un engagement passionn\u00e9 \u00e0 PTIFAT en tant qu'instructeur clinique sp\u00e9cialis\u00e9 dans les applications du Botox. Fier dipl\u00f4m\u00e9 du programme de formation complet de PTIFAT, le Dr Kirkpatrick illustre l'approche moderne de l'int\u00e9gration des traitements th\u00e9rapeutiques et esth\u00e9tiques au Botox dans la pratique dentaire contemporaine.<\/p>\n\n\n\n<p>N\u00e9 et \u00e9lev\u00e9 \u00e0 Saskatoon, le Dr Kirkpatrick a acquis de solides bases en sciences biologiques avec un dipl\u00f4me en physiologie et en pharmacologie avant de poursuivre ses \u00e9tudes en m\u00e9decine dentaire \u00e0 l'University of Saskatchewan College of Dentistry. Apr\u00e8s avoir obtenu son dipl\u00f4me en 2016, il a effectu\u00e9 une r\u00e9sidence en m\u00e9decine g\u00e9n\u00e9rale \u00e0 Saskatoon, partageant son temps entre la dentisterie en milieu hospitalier et la pratique en clinique communautaire dans le centre-ville. Cette formation diversifi\u00e9e lui a permis d'acqu\u00e9rir une vaste exp\u00e9rience dans le traitement de patients de toutes les cat\u00e9gories d\u00e9mographiques et de toutes les pr\u00e9sentations cliniques. Le Dr Kirkpatrick s'est joint \u00e0 Fairhaven Dental en 2017 et en est devenu propri\u00e9taire en octobre 2019, d\u00e9montrant ainsi son engagement \u00e0 fournir des soins exceptionnels aux patients dans sa communaut\u00e9 d'origine.<\/p>\n\n\n\n<p>Ce qui distingue le Dr Kirkpatrick, c'est sa v\u00e9ritable passion pour la synergie entre les applications th\u00e9rapeutiques et esth\u00e9tiques du Botox en dentisterie. Il comprend que les patients modernes recherchent des soins complets qui s'adressent \u00e0 la fois \u00e0 la fonction et \u00e0 l'apparence, et il a d\u00e9velopp\u00e9 une expertise dans la mise en \u0153uvre de traitements qui atteignent ces deux objectifs de mani\u00e8re transparente. Sa formation en physiologie et en pharmacologie lui permet de comprendre en profondeur le fonctionnement du Botox au niveau cellulaire, ce qui lui permet d'enseigner aux \u00e9tudiants \u00e0 la fois la science et l'art d'un traitement r\u00e9ussi.<\/p>\n\n\n\n<p>Le Dr Kirkpatrick apporte son enthousiasme, son expertise clinique et une philosophie centr\u00e9e sur le patient \u00e0 son r\u00f4le d'instructeur clinique. Son enseignement met l'accent sur l'importance de comprendre \u00e0 la fois les avantages th\u00e9rapeutiques et les possibilit\u00e9s esth\u00e9tiques que le Botox offre aux patients dentaires. Gr\u00e2ce \u00e0 une formation pratique et \u00e0 un enseignement fond\u00e9 sur des donn\u00e9es probantes, il aide les professionnels dentaires \u00e0 reconna\u00eetre les possibilit\u00e9s d'am\u00e9liorer les soins prodigu\u00e9s aux patients tout en mettant en place des pratiques compl\u00e8tes et fructueuses.<\/p>\n\n\n\n<p>Lorsqu'il n'enseigne pas ou ne pratique pas la dentisterie, le Dr Kirkpatrick aime passer du temps avec sa femme et ses trois enfants, s'adonner \u00e0 des activit\u00e9s lacustres, faire du camping et passer du temps avec ses amis - en maintenant l'\u00e9quilibre entre vie professionnelle et vie priv\u00e9e qui contribue \u00e0 son approche positive des soins et de l'\u00e9ducation des patients.<\/p>\n<\/div>\n<\/div>\n<\/div>\n<\/div>","protected":false},"excerpt":{"rendered":"<p>Dr. Josh Kirkpatrick Dentist Dr. Josh Kirkpatrick brings a fresh perspective and passionate commitment to PTIFAT as a Clinical Instructor specializing in Botox applications. A proud graduate of PTIFAT&#8217;s comprehensive training program, Dr. Kirkpatrick exemplifies the modern approach to integrating therapeutic and aesthetic Botox treatments into contemporary dental practice. Born and raised in Saskatoon, Dr. &#8230; <a title=\"Dr. Josh Kirkpatrick\" class=\"read-more\" href=\"https:\/\/ptifa.com\/fr\/about\/dr-josh-kirkpatrick\/\" aria-label=\"Read more about Dr. Josh Kirkpatrick\">En savoir plus<\/a><\/p>","protected":false},"author":3,"featured_media":0,"parent":221,"menu_order":0,"comment_status":"closed","ping_status":"closed","template":"","meta":{"_acf_changed":false,"inline_featured_image":false,"footnotes":""},"class_list":["post-5405","page","type-page","status-publish"],"acf":[],"yoast_head":"<!-- This site is optimized with the Yoast SEO plugin v27.3 - https:\/\/yoast.com\/product\/yoast-seo-wordpress\/ -->\n<title>About Dr. Josh Kirkpatrick, Dentist | PTIFAT Faculty<\/title>\n<meta name=\"description\" content=\"Learn Botox applications from Dr. Josh Kirkpatrick, DDS. PTIFAT graduate &amp; Clinical Instructor specializing in therapeutic &amp; aesthetic dental Botox.\" \/>\n<meta name=\"robots\" content=\"index, follow, max-snippet:-1, max-image-preview:large, max-video-preview:-1\" \/>\n<link rel=\"canonical\" href=\"https:\/\/ptifa.com\/fr\/a-propos-de\/dr-josh-kirkpatrick\/\" \/>\n<meta property=\"og:locale\" content=\"fr_CA\" \/>\n<meta property=\"og:type\" content=\"article\" \/>\n<meta property=\"og:title\" content=\"About Dr. Josh Kirkpatrick, Dentist | PTIFAT Faculty\" \/>\n<meta property=\"og:description\" content=\"Learn Botox applications from Dr. Josh Kirkpatrick, DDS. PTIFAT graduate &amp; Clinical Instructor specializing in therapeutic &amp; aesthetic dental Botox.\" \/>\n<meta property=\"og:url\" content=\"https:\/\/ptifa.com\/fr\/a-propos-de\/dr-josh-kirkpatrick\/\" \/>\n<meta property=\"og:site_name\" content=\"Pacific Training Institute for Facial Aesthetics &amp; Therapeutics\" \/>\n<meta property=\"article:modified_time\" content=\"2025-11-08T08:51:43+00:00\" \/>\n<meta property=\"og:image\" content=\"https:\/\/ptifa.com\/wp-content\/uploads\/2025\/10\/joshua-kirkpatrick.webp\" \/>\n<meta name=\"twitter:card\" content=\"summary_large_image\" \/>\n<meta name=\"twitter:label1\" content=\"Estimation du temps de lecture\" \/>\n\t<meta name=\"twitter:data1\" content=\"2 minutes\" \/>\n<script type=\"application\/ld+json\" class=\"yoast-schema-graph\">{\"@context\":\"https:\\\/\\\/schema.org\",\"@graph\":[{\"@type\":\"WebPage\",\"@id\":\"https:\\\/\\\/ptifa.com\\\/about\\\/dr-josh-kirkpatrick\\\/\",\"url\":\"https:\\\/\\\/ptifa.com\\\/about\\\/dr-josh-kirkpatrick\\\/\",\"name\":\"About Dr. Josh Kirkpatrick, Dentist | PTIFAT Faculty\",\"isPartOf\":{\"@id\":\"https:\\\/\\\/ptifa.com\\\/fr\\\/#website\"},\"primaryImageOfPage\":{\"@id\":\"https:\\\/\\\/ptifa.com\\\/about\\\/dr-josh-kirkpatrick\\\/#primaryimage\"},\"image\":{\"@id\":\"https:\\\/\\\/ptifa.com\\\/about\\\/dr-josh-kirkpatrick\\\/#primaryimage\"},\"thumbnailUrl\":\"https:\\\/\\\/ptifa.com\\\/wp-content\\\/uploads\\\/2025\\\/10\\\/joshua-kirkpatrick.webp\",\"datePublished\":\"2025-08-28T21:53:34+00:00\",\"dateModified\":\"2025-11-08T08:51:43+00:00\",\"description\":\"Learn Botox applications from Dr. Josh Kirkpatrick, DDS. PTIFAT graduate & Clinical Instructor specializing in therapeutic & aesthetic dental Botox.\",\"breadcrumb\":{\"@id\":\"https:\\\/\\\/ptifa.com\\\/about\\\/dr-josh-kirkpatrick\\\/#breadcrumb\"},\"inLanguage\":\"fr-CA\",\"potentialAction\":[{\"@type\":\"ReadAction\",\"target\":[\"https:\\\/\\\/ptifa.com\\\/about\\\/dr-josh-kirkpatrick\\\/\"]}]},{\"@type\":\"ImageObject\",\"inLanguage\":\"fr-CA\",\"@id\":\"https:\\\/\\\/ptifa.com\\\/about\\\/dr-josh-kirkpatrick\\\/#primaryimage\",\"url\":\"https:\\\/\\\/ptifa.com\\\/wp-content\\\/uploads\\\/2025\\\/10\\\/joshua-kirkpatrick.webp\",\"contentUrl\":\"https:\\\/\\\/ptifa.com\\\/wp-content\\\/uploads\\\/2025\\\/10\\\/joshua-kirkpatrick.webp\"},{\"@type\":\"BreadcrumbList\",\"@id\":\"https:\\\/\\\/ptifa.com\\\/about\\\/dr-josh-kirkpatrick\\\/#breadcrumb\",\"itemListElement\":[{\"@type\":\"ListItem\",\"position\":1,\"name\":\"Home\",\"item\":\"https:\\\/\\\/ptifa.com\\\/\"},{\"@type\":\"ListItem\",\"position\":2,\"name\":\"About Us\",\"item\":\"https:\\\/\\\/ptifa.com\\\/about\\\/\"},{\"@type\":\"ListItem\",\"position\":3,\"name\":\"Dr. Josh Kirkpatrick\"}]},{\"@type\":\"WebSite\",\"@id\":\"https:\\\/\\\/ptifa.com\\\/fr\\\/#website\",\"url\":\"https:\\\/\\\/ptifa.com\\\/fr\\\/\",\"name\":\"Pacific Training Institute for Facial Aesthetics &amp; Therapeutics\",\"description\":\"\",\"publisher\":{\"@id\":\"https:\\\/\\\/ptifa.com\\\/fr\\\/#organization\"},\"alternateName\":\"PTIFAT\",\"potentialAction\":[{\"@type\":\"SearchAction\",\"target\":{\"@type\":\"EntryPoint\",\"urlTemplate\":\"https:\\\/\\\/ptifa.com\\\/fr\\\/?s={search_term_string}\"},\"query-input\":{\"@type\":\"PropertyValueSpecification\",\"valueRequired\":true,\"valueName\":\"search_term_string\"}}],\"inLanguage\":\"fr-CA\"},{\"@type\":\"Organization\",\"@id\":\"https:\\\/\\\/ptifa.com\\\/fr\\\/#organization\",\"name\":\"Pacific Training Institute for Facial Aesthetics & Therapeutics\",\"alternateName\":\"PTIFAT\",\"url\":\"https:\\\/\\\/ptifa.com\\\/fr\\\/\",\"logo\":{\"@type\":\"ImageObject\",\"inLanguage\":\"fr-CA\",\"@id\":\"https:\\\/\\\/ptifa.com\\\/fr\\\/#\\\/schema\\\/logo\\\/image\\\/\",\"url\":\"https:\\\/\\\/ptifa.com\\\/wp-content\\\/uploads\\\/2025\\\/02\\\/ptifa-logo.svg\",\"contentUrl\":\"https:\\\/\\\/ptifa.com\\\/wp-content\\\/uploads\\\/2025\\\/02\\\/ptifa-logo.svg\",\"width\":310,\"height\":42,\"caption\":\"Pacific Training Institute for Facial Aesthetics & Therapeutics\"},\"image\":{\"@id\":\"https:\\\/\\\/ptifa.com\\\/fr\\\/#\\\/schema\\\/logo\\\/image\\\/\"}}]}<\/script>\n<!-- \/ Yoast SEO plugin. -->","yoast_head_json":{"title":"A propos du Dr. Josh Kirkpatrick, Dentiste | Facult\u00e9 PTIFAT","description":"Apprenez les applications du Botox avec le Dr Josh Kirkpatrick, DDS. Dipl\u00f4m\u00e9 du PTIFAT et instructeur clinique sp\u00e9cialis\u00e9 dans le Botox dentaire th\u00e9rapeutique et esth\u00e9tique.","robots":{"index":"index","follow":"follow","max-snippet":"max-snippet:-1","max-image-preview":"max-image-preview:large","max-video-preview":"max-video-preview:-1"},"canonical":"https:\/\/ptifa.com\/fr\/a-propos-de\/dr-josh-kirkpatrick\/","og_locale":"fr_CA","og_type":"article","og_title":"About Dr. Josh Kirkpatrick, Dentist | PTIFAT Faculty","og_description":"Learn Botox applications from Dr. Josh Kirkpatrick, DDS. PTIFAT graduate & Clinical Instructor specializing in therapeutic & aesthetic dental Botox.","og_url":"https:\/\/ptifa.com\/fr\/a-propos-de\/dr-josh-kirkpatrick\/","og_site_name":"Pacific Training Institute for Facial Aesthetics &amp; Therapeutics","article_modified_time":"2025-11-08T08:51:43+00:00","og_image":[{"url":"https:\/\/ptifa.com\/wp-content\/uploads\/2025\/10\/joshua-kirkpatrick.webp","type":"","width":"","height":""}],"twitter_card":"summary_large_image","twitter_misc":{"Estimation du temps de lecture":"2 minutes"},"schema":{"@context":"https:\/\/schema.org","@graph":[{"@type":"WebPage","@id":"https:\/\/ptifa.com\/about\/dr-josh-kirkpatrick\/","url":"https:\/\/ptifa.com\/about\/dr-josh-kirkpatrick\/","name":"A propos du Dr. Josh Kirkpatrick, Dentiste | Facult\u00e9 PTIFAT","isPartOf":{"@id":"https:\/\/ptifa.com\/fr\/#website"},"primaryImageOfPage":{"@id":"https:\/\/ptifa.com\/about\/dr-josh-kirkpatrick\/#primaryimage"},"image":{"@id":"https:\/\/ptifa.com\/about\/dr-josh-kirkpatrick\/#primaryimage"},"thumbnailUrl":"https:\/\/ptifa.com\/wp-content\/uploads\/2025\/10\/joshua-kirkpatrick.webp","datePublished":"2025-08-28T21:53:34+00:00","dateModified":"2025-11-08T08:51:43+00:00","description":"Apprenez les applications du Botox avec le Dr Josh Kirkpatrick, DDS. Dipl\u00f4m\u00e9 du PTIFAT et instructeur clinique sp\u00e9cialis\u00e9 dans le Botox dentaire th\u00e9rapeutique et esth\u00e9tique.","breadcrumb":{"@id":"https:\/\/ptifa.com\/about\/dr-josh-kirkpatrick\/#breadcrumb"},"inLanguage":"fr-CA","potentialAction":[{"@type":"ReadAction","target":["https:\/\/ptifa.com\/about\/dr-josh-kirkpatrick\/"]}]},{"@type":"ImageObject","inLanguage":"fr-CA","@id":"https:\/\/ptifa.com\/about\/dr-josh-kirkpatrick\/#primaryimage","url":"https:\/\/ptifa.com\/wp-content\/uploads\/2025\/10\/joshua-kirkpatrick.webp","contentUrl":"https:\/\/ptifa.com\/wp-content\/uploads\/2025\/10\/joshua-kirkpatrick.webp"},{"@type":"BreadcrumbList","@id":"https:\/\/ptifa.com\/about\/dr-josh-kirkpatrick\/#breadcrumb","itemListElement":[{"@type":"ListItem","position":1,"name":"Home","item":"https:\/\/ptifa.com\/"},{"@type":"ListItem","position":2,"name":"About Us","item":"https:\/\/ptifa.com\/about\/"},{"@type":"ListItem","position":3,"name":"Dr. Josh Kirkpatrick"}]},{"@type":"WebSite","@id":"https:\/\/ptifa.com\/fr\/#website","url":"https:\/\/ptifa.com\/fr\/","name":"Institut de formation du Pacifique pour l'esth\u00e9tique faciale et la th\u00e9rapeutique","description":"","publisher":{"@id":"https:\/\/ptifa.com\/fr\/#organization"},"alternateName":"PTIFAT","potentialAction":[{"@type":"SearchAction","target":{"@type":"EntryPoint","urlTemplate":"https:\/\/ptifa.com\/fr\/?s={search_term_string}"},"query-input":{"@type":"PropertyValueSpecification","valueRequired":true,"valueName":"search_term_string"}}],"inLanguage":"fr-CA"},{"@type":"Organization","@id":"https:\/\/ptifa.com\/fr\/#organization","name":"Institut de formation du Pacifique pour l'esth\u00e9tique faciale et la th\u00e9rapeutique","alternateName":"PTIFAT","url":"https:\/\/ptifa.com\/fr\/","logo":{"@type":"ImageObject","inLanguage":"fr-CA","@id":"https:\/\/ptifa.com\/fr\/#\/schema\/logo\/image\/","url":"https:\/\/ptifa.com\/wp-content\/uploads\/2025\/02\/ptifa-logo.svg","contentUrl":"https:\/\/ptifa.com\/wp-content\/uploads\/2025\/02\/ptifa-logo.svg","width":310,"height":42,"caption":"Pacific Training Institute for Facial Aesthetics & Therapeutics"},"image":{"@id":"https:\/\/ptifa.com\/fr\/#\/schema\/logo\/image\/"}}]}},"_links":{"self":[{"href":"https:\/\/ptifa.com\/fr\/wp-json\/wp\/v2\/pages\/5405","targetHints":{"allow":["GET"]}}],"collection":[{"href":"https:\/\/ptifa.com\/fr\/wp-json\/wp\/v2\/pages"}],"about":[{"href":"https:\/\/ptifa.com\/fr\/wp-json\/wp\/v2\/types\/page"}],"author":[{"embeddable":true,"href":"https:\/\/ptifa.com\/fr\/wp-json\/wp\/v2\/users\/3"}],"replies":[{"embeddable":true,"href":"https:\/\/ptifa.com\/fr\/wp-json\/wp\/v2\/comments?post=5405"}],"version-history":[{"count":4,"href":"https:\/\/ptifa.com\/fr\/wp-json\/wp\/v2\/pages\/5405\/revisions"}],"predecessor-version":[{"id":5816,"href":"https:\/\/ptifa.com\/fr\/wp-json\/wp\/v2\/pages\/5405\/revisions\/5816"}],"up":[{"embeddable":true,"href":"https:\/\/ptifa.com\/fr\/wp-json\/wp\/v2\/pages\/221"}],"wp:attachment":[{"href":"https:\/\/ptifa.com\/fr\/wp-json\/wp\/v2\/media?parent=5405"}],"curies":[{"name":"wp","href":"https:\/\/api.w.org\/{rel}","templated":true}]}}