{"id":5730,"date":"2025-10-27T18:41:36","date_gmt":"2025-10-27T18:41:36","guid":{"rendered":"https:\/\/ptifa.com\/?page_id=5730"},"modified":"2025-11-08T08:52:12","modified_gmt":"2025-11-08T08:52:12","slug":"dr-sarah-cloutier-toupin","status":"publish","type":"page","link":"https:\/\/ptifa.com\/fr\/about\/dr-sarah-cloutier-toupin\/","title":{"rendered":"Dr. Sarah Cloutier-Toupin"},"content":{"rendered":"<div class=\"gb-element-1260e4e8\">\n<div class=\"gb-element-2239a457  grid-container\">\n<div class=\"gb-element-fb322c90\">\n<div class=\"gb-element-44e96230\"><span><span><a href=\"https:\/\/ptifa.com\/fr\/\">Accueil<\/a><\/span><\/span>\n<\/div>\n<\/div>\n<\/div>\n\n\n\n<div class=\"gb-element-f2fa02af  grid-container\">\n<div class=\"gb-element-975669b6\">\n<div class=\"gb-element-0e7dc8a1\">\n<img loading=\"lazy\" decoding=\"async\" width=\"528\" height=\"540\" class=\"gb-media-962bd12f\" src=\"https:\/\/ptifa.com\/wp-content\/uploads\/2025\/10\/sarah-cloutier-toupin.webp\" title=\"sarah-cloutier-toupin\" alt=\"\" srcset=\"https:\/\/ptifa.com\/wp-content\/uploads\/2025\/10\/sarah-cloutier-toupin.webp 528w, https:\/\/ptifa.com\/wp-content\/uploads\/2025\/10\/sarah-cloutier-toupin-293x300.webp 293w, https:\/\/ptifa.com\/wp-content\/uploads\/2025\/10\/sarah-cloutier-toupin-12x12.webp 12w, https:\/\/ptifa.com\/wp-content\/uploads\/2025\/10\/sarah-cloutier-toupin-300x307.webp 300w\" sizes=\"auto, (max-width: 528px) 100vw, 528px\" \/>\n<\/div>\n\n\n\n<div class=\"gb-element-55989723\">\n<h1 class=\"gb-text gb-text-e3d7a385\">Dr. Sarah Cloutier-Toupin<\/h1>\n\n\n\n<p class=\"gb-text gb-text-a7bca8ea\">Dentiste<\/p>\n<\/div>\n<\/div>\n<\/div>\n<\/div>\n\n\n\n<div class=\"gb-element-68e4a1f4\">\n<div class=\"gb-element-47c7d4f3  grid-container\">\n<div class=\"gb-element-3e65db04\">\n<div class=\"gb-element-b6a9decb\"><\/div>\n\n\n\n<div class=\"gb-element-f81f3e1c\">\n<p>Sarah Cloutier-Toupin a obtenu son dipl\u00f4me de dentiste \u00e0 l'Universit\u00e9 de Montr\u00e9al en 2009. Reconnue pour son approche douce et compatissante, elle se consacre \u00e0 cr\u00e9er une exp\u00e9rience calme et confortable pour ses patients et \u00e0 leur prodiguer des soins avec empathie et pr\u00e9cision.<\/p>\n\n\n\n<p>Depuis l'obtention de son dipl\u00f4me, le Dr Cloutier-Toupin a suivi une formation continue approfondie dans plusieurs disciplines de la dentisterie, avec un int\u00e9r\u00eat particulier pour la dentisterie esth\u00e9tique et l'orthodontie. Sa curiosit\u00e9 pour l'innovation et son d\u00e9vouement \u00e0 l'excellence l'ont pouss\u00e9e \u00e0 perfectionner continuellement ses comp\u00e9tences cliniques et \u00e0 adopter de nouvelles technologies qui am\u00e9liorent les r\u00e9sultats pour les patients.<\/p>\n\n\n\n<p>Plus r\u00e9cemment, le Dr Cloutier-Toupin a suivi la formation compl\u00e8te de PTIFAT sur les traitements th\u00e9rapeutiques et esth\u00e9tiques au Botox. Elle se joint maintenant \u00e0 un groupe d'\u00e9lite d'instructeurs cliniques de PTIFAT, des dentistes passionn\u00e9s par l'avancement du rajeunissement facial bas\u00e9 sur l'anatomie et la th\u00e9rapeutique. Elle a h\u00e2te d'aider ses coll\u00e8gues de Montr\u00e9al et de tout le Qu\u00e9bec \u00e0 int\u00e9grer les traitements au Botox de fa\u00e7on s\u00e9curitaire et efficace dans leur propre pratique dentaire.<\/p>\n\n\n\n<p>Le Dr Cloutier-Toupin pratique \u00e0 Mirabel, au Qu\u00e9bec, o\u00f9 elle est reconnue pour ses soins m\u00e9ticuleux et son engagement \u00e0 l'\u00e9gard de l'excellence de l'exp\u00e9rience des patients. Au-del\u00e0 de la dentisterie, elle est une athl\u00e8te et une cin\u00e9phile passionn\u00e9e qui aime la musculation et le ski. Elle partage son amour du mouvement et d'un mode de vie actif avec ses filles, les inspirant \u00e0 trouver de la joie et de la confiance dans le sport. Son d\u00e9vouement, son \u00e9quilibre et sa passion pour l'apprentissage tout au long de la vie se refl\u00e8tent dans tous les aspects de sa vie professionnelle et personnelle.<\/p>\n<\/div>\n<\/div>\n<\/div>\n<\/div>","protected":false},"excerpt":{"rendered":"<p>Dr. Sarah Cloutier-Toupin Dentist Dr. Sarah Cloutier-Toupin earned her dental degree from the Universit\u00e9 de Montr\u00e9al in 2009. Known for her gentle and compassionate approach, she is dedicated to creating a calm, comfortable experience for her patients and delivering care with empathy and precision. Since graduating, Dr. Cloutier-Toupin has pursued extensive continuing education across multiple &#8230; <a title=\"Dr. Sarah Cloutier-Toupin\" class=\"read-more\" href=\"https:\/\/ptifa.com\/fr\/about\/dr-sarah-cloutier-toupin\/\" aria-label=\"Read more about Dr. Sarah Cloutier-Toupin\">En savoir plus<\/a><\/p>","protected":false},"author":3,"featured_media":0,"parent":221,"menu_order":0,"comment_status":"closed","ping_status":"closed","template":"","meta":{"_acf_changed":false,"inline_featured_image":false,"footnotes":""},"class_list":["post-5730","page","type-page","status-publish"],"acf":[],"yoast_head":"<!-- This site is optimized with the Yoast SEO plugin v27.3 - https:\/\/yoast.com\/product\/yoast-seo-wordpress\/ -->\n<title>About Dr. Sarah Cloutier-Toupin, Quebec Dentist | PTIFAT Faculty<\/title>\n<meta name=\"description\" content=\"PTIFAT Clinical Instructor Dr. Sarah Cloutier-Toupin teaches anatomy-based Botox for facial aesthetics and therapeutics in Quebec.\" \/>\n<meta name=\"robots\" content=\"index, follow, max-snippet:-1, max-image-preview:large, max-video-preview:-1\" \/>\n<link rel=\"canonical\" href=\"https:\/\/ptifa.com\/fr\/a-propos-de\/dr-sarah-cloutier-toupin\/\" \/>\n<meta property=\"og:locale\" content=\"fr_CA\" \/>\n<meta property=\"og:type\" content=\"article\" \/>\n<meta property=\"og:title\" content=\"About Dr. Sarah Cloutier-Toupin, Quebec Dentist | PTIFAT Faculty\" \/>\n<meta property=\"og:description\" content=\"PTIFAT Clinical Instructor Dr. Sarah Cloutier-Toupin teaches anatomy-based Botox for facial aesthetics and therapeutics in Quebec.\" \/>\n<meta property=\"og:url\" content=\"https:\/\/ptifa.com\/fr\/a-propos-de\/dr-sarah-cloutier-toupin\/\" \/>\n<meta property=\"og:site_name\" content=\"Pacific Training Institute for Facial Aesthetics &amp; Therapeutics\" \/>\n<meta property=\"article:modified_time\" content=\"2025-11-08T08:52:12+00:00\" \/>\n<meta property=\"og:image\" content=\"https:\/\/ptifa.com\/wp-content\/uploads\/2025\/10\/sarah-cloutier-toupin.webp\" \/>\n<meta name=\"twitter:card\" content=\"summary_large_image\" \/>\n<meta name=\"twitter:label1\" content=\"Estimation du temps de lecture\" \/>\n\t<meta name=\"twitter:data1\" content=\"2 minutes\" \/>\n<script type=\"application\/ld+json\" class=\"yoast-schema-graph\">{\"@context\":\"https:\\\/\\\/schema.org\",\"@graph\":[{\"@type\":\"WebPage\",\"@id\":\"https:\\\/\\\/ptifa.com\\\/about\\\/dr-sarah-cloutier-toupin\\\/\",\"url\":\"https:\\\/\\\/ptifa.com\\\/about\\\/dr-sarah-cloutier-toupin\\\/\",\"name\":\"About Dr. Sarah Cloutier-Toupin, Quebec Dentist | PTIFAT Faculty\",\"isPartOf\":{\"@id\":\"https:\\\/\\\/ptifa.com\\\/fr\\\/#website\"},\"primaryImageOfPage\":{\"@id\":\"https:\\\/\\\/ptifa.com\\\/about\\\/dr-sarah-cloutier-toupin\\\/#primaryimage\"},\"image\":{\"@id\":\"https:\\\/\\\/ptifa.com\\\/about\\\/dr-sarah-cloutier-toupin\\\/#primaryimage\"},\"thumbnailUrl\":\"https:\\\/\\\/ptifa.com\\\/wp-content\\\/uploads\\\/2025\\\/10\\\/sarah-cloutier-toupin.webp\",\"datePublished\":\"2025-10-27T18:41:36+00:00\",\"dateModified\":\"2025-11-08T08:52:12+00:00\",\"description\":\"PTIFAT Clinical Instructor Dr. Sarah Cloutier-Toupin teaches anatomy-based Botox for facial aesthetics and therapeutics in Quebec.\",\"breadcrumb\":{\"@id\":\"https:\\\/\\\/ptifa.com\\\/about\\\/dr-sarah-cloutier-toupin\\\/#breadcrumb\"},\"inLanguage\":\"fr-CA\",\"potentialAction\":[{\"@type\":\"ReadAction\",\"target\":[\"https:\\\/\\\/ptifa.com\\\/about\\\/dr-sarah-cloutier-toupin\\\/\"]}]},{\"@type\":\"ImageObject\",\"inLanguage\":\"fr-CA\",\"@id\":\"https:\\\/\\\/ptifa.com\\\/about\\\/dr-sarah-cloutier-toupin\\\/#primaryimage\",\"url\":\"https:\\\/\\\/ptifa.com\\\/wp-content\\\/uploads\\\/2025\\\/10\\\/sarah-cloutier-toupin.webp\",\"contentUrl\":\"https:\\\/\\\/ptifa.com\\\/wp-content\\\/uploads\\\/2025\\\/10\\\/sarah-cloutier-toupin.webp\"},{\"@type\":\"BreadcrumbList\",\"@id\":\"https:\\\/\\\/ptifa.com\\\/about\\\/dr-sarah-cloutier-toupin\\\/#breadcrumb\",\"itemListElement\":[{\"@type\":\"ListItem\",\"position\":1,\"name\":\"Home\",\"item\":\"https:\\\/\\\/ptifa.com\\\/\"},{\"@type\":\"ListItem\",\"position\":2,\"name\":\"About Us\",\"item\":\"https:\\\/\\\/ptifa.com\\\/about\\\/\"},{\"@type\":\"ListItem\",\"position\":3,\"name\":\"Dr. Sarah Cloutier-Toupin\"}]},{\"@type\":\"WebSite\",\"@id\":\"https:\\\/\\\/ptifa.com\\\/fr\\\/#website\",\"url\":\"https:\\\/\\\/ptifa.com\\\/fr\\\/\",\"name\":\"Pacific Training Institute for Facial Aesthetics &amp; Therapeutics\",\"description\":\"\",\"publisher\":{\"@id\":\"https:\\\/\\\/ptifa.com\\\/fr\\\/#organization\"},\"alternateName\":\"PTIFAT\",\"potentialAction\":[{\"@type\":\"SearchAction\",\"target\":{\"@type\":\"EntryPoint\",\"urlTemplate\":\"https:\\\/\\\/ptifa.com\\\/fr\\\/?s={search_term_string}\"},\"query-input\":{\"@type\":\"PropertyValueSpecification\",\"valueRequired\":true,\"valueName\":\"search_term_string\"}}],\"inLanguage\":\"fr-CA\"},{\"@type\":\"Organization\",\"@id\":\"https:\\\/\\\/ptifa.com\\\/fr\\\/#organization\",\"name\":\"Pacific Training Institute for Facial Aesthetics & Therapeutics\",\"alternateName\":\"PTIFAT\",\"url\":\"https:\\\/\\\/ptifa.com\\\/fr\\\/\",\"logo\":{\"@type\":\"ImageObject\",\"inLanguage\":\"fr-CA\",\"@id\":\"https:\\\/\\\/ptifa.com\\\/fr\\\/#\\\/schema\\\/logo\\\/image\\\/\",\"url\":\"https:\\\/\\\/ptifa.com\\\/wp-content\\\/uploads\\\/2025\\\/02\\\/ptifa-logo.svg\",\"contentUrl\":\"https:\\\/\\\/ptifa.com\\\/wp-content\\\/uploads\\\/2025\\\/02\\\/ptifa-logo.svg\",\"width\":310,\"height\":42,\"caption\":\"Pacific Training Institute for Facial Aesthetics & Therapeutics\"},\"image\":{\"@id\":\"https:\\\/\\\/ptifa.com\\\/fr\\\/#\\\/schema\\\/logo\\\/image\\\/\"}}]}<\/script>\n<!-- \/ Yoast SEO plugin. -->","yoast_head_json":{"title":"\u00c0 propos du Dr Sarah Cloutier-Toupin, dentiste qu\u00e9b\u00e9coise et membre du corps professoral du PTIFAT","description":"Le Dr Sarah Cloutier-Toupin, instructrice clinique au PTIFAT, enseigne le Botox en anatomie pour l'esth\u00e9tique et la th\u00e9rapeutique du visage au Qu\u00e9bec.","robots":{"index":"index","follow":"follow","max-snippet":"max-snippet:-1","max-image-preview":"max-image-preview:large","max-video-preview":"max-video-preview:-1"},"canonical":"https:\/\/ptifa.com\/fr\/a-propos-de\/dr-sarah-cloutier-toupin\/","og_locale":"fr_CA","og_type":"article","og_title":"About Dr. Sarah Cloutier-Toupin, Quebec Dentist | PTIFAT Faculty","og_description":"PTIFAT Clinical Instructor Dr. Sarah Cloutier-Toupin teaches anatomy-based Botox for facial aesthetics and therapeutics in Quebec.","og_url":"https:\/\/ptifa.com\/fr\/a-propos-de\/dr-sarah-cloutier-toupin\/","og_site_name":"Pacific Training Institute for Facial Aesthetics &amp; Therapeutics","article_modified_time":"2025-11-08T08:52:12+00:00","og_image":[{"url":"https:\/\/ptifa.com\/wp-content\/uploads\/2025\/10\/sarah-cloutier-toupin.webp","type":"","width":"","height":""}],"twitter_card":"summary_large_image","twitter_misc":{"Estimation du temps de lecture":"2 minutes"},"schema":{"@context":"https:\/\/schema.org","@graph":[{"@type":"WebPage","@id":"https:\/\/ptifa.com\/about\/dr-sarah-cloutier-toupin\/","url":"https:\/\/ptifa.com\/about\/dr-sarah-cloutier-toupin\/","name":"\u00c0 propos du Dr Sarah Cloutier-Toupin, dentiste qu\u00e9b\u00e9coise et membre du corps professoral du PTIFAT","isPartOf":{"@id":"https:\/\/ptifa.com\/fr\/#website"},"primaryImageOfPage":{"@id":"https:\/\/ptifa.com\/about\/dr-sarah-cloutier-toupin\/#primaryimage"},"image":{"@id":"https:\/\/ptifa.com\/about\/dr-sarah-cloutier-toupin\/#primaryimage"},"thumbnailUrl":"https:\/\/ptifa.com\/wp-content\/uploads\/2025\/10\/sarah-cloutier-toupin.webp","datePublished":"2025-10-27T18:41:36+00:00","dateModified":"2025-11-08T08:52:12+00:00","description":"Le Dr Sarah Cloutier-Toupin, instructrice clinique au PTIFAT, enseigne le Botox en anatomie pour l'esth\u00e9tique et la th\u00e9rapeutique du visage au Qu\u00e9bec.","breadcrumb":{"@id":"https:\/\/ptifa.com\/about\/dr-sarah-cloutier-toupin\/#breadcrumb"},"inLanguage":"fr-CA","potentialAction":[{"@type":"ReadAction","target":["https:\/\/ptifa.com\/about\/dr-sarah-cloutier-toupin\/"]}]},{"@type":"ImageObject","inLanguage":"fr-CA","@id":"https:\/\/ptifa.com\/about\/dr-sarah-cloutier-toupin\/#primaryimage","url":"https:\/\/ptifa.com\/wp-content\/uploads\/2025\/10\/sarah-cloutier-toupin.webp","contentUrl":"https:\/\/ptifa.com\/wp-content\/uploads\/2025\/10\/sarah-cloutier-toupin.webp"},{"@type":"BreadcrumbList","@id":"https:\/\/ptifa.com\/about\/dr-sarah-cloutier-toupin\/#breadcrumb","itemListElement":[{"@type":"ListItem","position":1,"name":"Home","item":"https:\/\/ptifa.com\/"},{"@type":"ListItem","position":2,"name":"About Us","item":"https:\/\/ptifa.com\/about\/"},{"@type":"ListItem","position":3,"name":"Dr. Sarah Cloutier-Toupin"}]},{"@type":"WebSite","@id":"https:\/\/ptifa.com\/fr\/#website","url":"https:\/\/ptifa.com\/fr\/","name":"Institut de formation du Pacifique pour l'esth\u00e9tique faciale et la th\u00e9rapeutique","description":"","publisher":{"@id":"https:\/\/ptifa.com\/fr\/#organization"},"alternateName":"PTIFAT","potentialAction":[{"@type":"SearchAction","target":{"@type":"EntryPoint","urlTemplate":"https:\/\/ptifa.com\/fr\/?s={search_term_string}"},"query-input":{"@type":"PropertyValueSpecification","valueRequired":true,"valueName":"search_term_string"}}],"inLanguage":"fr-CA"},{"@type":"Organization","@id":"https:\/\/ptifa.com\/fr\/#organization","name":"Institut de formation du Pacifique pour l'esth\u00e9tique faciale et la th\u00e9rapeutique","alternateName":"PTIFAT","url":"https:\/\/ptifa.com\/fr\/","logo":{"@type":"ImageObject","inLanguage":"fr-CA","@id":"https:\/\/ptifa.com\/fr\/#\/schema\/logo\/image\/","url":"https:\/\/ptifa.com\/wp-content\/uploads\/2025\/02\/ptifa-logo.svg","contentUrl":"https:\/\/ptifa.com\/wp-content\/uploads\/2025\/02\/ptifa-logo.svg","width":310,"height":42,"caption":"Pacific Training Institute for Facial Aesthetics & Therapeutics"},"image":{"@id":"https:\/\/ptifa.com\/fr\/#\/schema\/logo\/image\/"}}]}},"_links":{"self":[{"href":"https:\/\/ptifa.com\/fr\/wp-json\/wp\/v2\/pages\/5730","targetHints":{"allow":["GET"]}}],"collection":[{"href":"https:\/\/ptifa.com\/fr\/wp-json\/wp\/v2\/pages"}],"about":[{"href":"https:\/\/ptifa.com\/fr\/wp-json\/wp\/v2\/types\/page"}],"author":[{"embeddable":true,"href":"https:\/\/ptifa.com\/fr\/wp-json\/wp\/v2\/users\/3"}],"replies":[{"embeddable":true,"href":"https:\/\/ptifa.com\/fr\/wp-json\/wp\/v2\/comments?post=5730"}],"version-history":[{"count":6,"href":"https:\/\/ptifa.com\/fr\/wp-json\/wp\/v2\/pages\/5730\/revisions"}],"predecessor-version":[{"id":5817,"href":"https:\/\/ptifa.com\/fr\/wp-json\/wp\/v2\/pages\/5730\/revisions\/5817"}],"up":[{"embeddable":true,"href":"https:\/\/ptifa.com\/fr\/wp-json\/wp\/v2\/pages\/221"}],"wp:attachment":[{"href":"https:\/\/ptifa.com\/fr\/wp-json\/wp\/v2\/media?parent=5730"}],"curies":[{"name":"wp","href":"https:\/\/api.w.org\/{rel}","templated":true}]}}