{"id":5732,"date":"2025-10-27T18:41:55","date_gmt":"2025-10-27T18:41:55","guid":{"rendered":"https:\/\/ptifa.com\/?page_id=5732"},"modified":"2025-11-08T08:53:06","modified_gmt":"2025-11-08T08:53:06","slug":"dr-jason-retter","status":"publish","type":"page","link":"https:\/\/ptifa.com\/fr\/about\/dr-jason-retter\/","title":{"rendered":"Dr. Jason Retter"},"content":{"rendered":"<div class=\"gb-element-1260e4e8\">\n<div class=\"gb-element-2239a457  grid-container\">\n<div class=\"gb-element-fb322c90\">\n<div class=\"gb-element-44e96230\"><span><span><a href=\"https:\/\/ptifa.com\/fr\/\">Accueil<\/a><\/span><\/span>\n<\/div>\n<\/div>\n<\/div>\n\n\n\n<div class=\"gb-element-f2fa02af  grid-container\">\n<div class=\"gb-element-975669b6\">\n<div class=\"gb-element-0e7dc8a1\">\n<img loading=\"lazy\" decoding=\"async\" width=\"528\" height=\"540\" class=\"gb-media-962bd12f\" src=\"https:\/\/ptifa.com\/wp-content\/uploads\/2025\/10\/jason-retter.webp\" title=\"jason-retter\" alt=\"\" srcset=\"https:\/\/ptifa.com\/wp-content\/uploads\/2025\/10\/jason-retter.webp 528w, https:\/\/ptifa.com\/wp-content\/uploads\/2025\/10\/jason-retter-293x300.webp 293w, https:\/\/ptifa.com\/wp-content\/uploads\/2025\/10\/jason-retter-12x12.webp 12w, https:\/\/ptifa.com\/wp-content\/uploads\/2025\/10\/jason-retter-300x307.webp 300w\" sizes=\"auto, (max-width: 528px) 100vw, 528px\" \/>\n<\/div>\n\n\n\n<div class=\"gb-element-55989723\">\n<h1 class=\"gb-text gb-text-e3d7a385\">Dr. Jason Retter<\/h1>\n\n\n\n<p class=\"gb-text gb-text-a7bca8ea\">Dentiste<\/p>\n<\/div>\n<\/div>\n<\/div>\n<\/div>\n\n\n\n<div class=\"gb-element-68e4a1f4\">\n<div class=\"gb-element-47c7d4f3  grid-container\">\n<div class=\"gb-element-3e65db04\">\n<div class=\"gb-element-b6a9decb\"><\/div>\n\n\n\n<div class=\"gb-element-f81f3e1c\">\n<p>Le Dr Jason Retter se r\u00e9veille tous les matins avec une r\u00e9elle excitation \u00e0 l'id\u00e9e de se rendre au cabinet. Passionn\u00e9 par la dentisterie, il a pass\u00e9 les deux derni\u00e8res d\u00e9cennies \u00e0 mettre sur pied un cabinet dentaire prosp\u00e8re \u00e0 Montr\u00e9al, au Qu\u00e9bec -Retter Dental Care- qui comprend maintenant une \u00e9quipe dynamique de 18 professionnels, dont quatre dentistes. Sa philosophie est fond\u00e9e sur l'\u00e9ducation, l'innovation et la recherche de l'excellence, ce qui est \u00e9vident d\u00e8s la premi\u00e8re rencontre. \u00c9quip\u00e9 des derni\u00e8res technologies \u00e9prouv\u00e9es, le Dr Retter offre une dentisterie restauratrice, cosm\u00e9tique et implantaire de pointe avec pr\u00e9cision et enthousiasme.<\/p>\n\n\n\n<p>Apr\u00e8s avoir obtenu son doctorat en m\u00e9decine dentaire de l'Universit\u00e9 McGill en 2006, le Dr Retter a effectu\u00e9 une r\u00e9sidence multidisciplinaire compl\u00e8te \u00e0 l'H\u00f4pital g\u00e9n\u00e9ral juif de Montr\u00e9al. Son d\u00e9vouement \u00e0 l'apprentissage continu l'a amen\u00e9 \u00e0 devenir membre du Misch International Implant Institute en 2010, suivi d'un Fellowship en dentisterie restauratrice. Plus r\u00e9cemment, le Dr Retter a obtenu la certification de PTIFAT pour les traitements th\u00e9rapeutiques et esth\u00e9tiques au Botox, rejoignant ainsi un groupe d'\u00e9lite d'instructeurs cliniques de PTIFAT qui font progresser le rajeunissement facial et la th\u00e9rapeutique par le biais d'une formation bas\u00e9e sur l'anatomie et d'un leadership clinique.<\/p>\n\n\n\n<p>Chef de file reconnu de la dentisterie num\u00e9rique, le Dr Retter est l'un des fournisseurs les plus comp\u00e9tents au Canada en mati\u00e8re de technologie CFAO. Chaque jour, il con\u00e7oit num\u00e9riquement des restaurations, planifie des chirurgies implantaires ou utilise l'impression 3D pour offrir des traitements tr\u00e8s pr\u00e9cis, efficaces et peu invasifs. Son approche avant-gardiste continue d'inspirer ses pairs et d'\u00e9lever les normes de soins aux patients dans l'ensemble de la profession.<\/p>\n\n\n\n<p>Au-del\u00e0 de son excellence clinique, le Dr Retter est un mari d\u00e9vou\u00e9 et un p\u00e8re de trois enfants. Lorsqu'il n'est pas en train de traiter des patients, d'enseigner ou d'\u00e9tudier, il aime passer du temps avec sa famille, faire du v\u00e9lo, cuisiner, skier et pratiquer le yoga.<\/p>\n\n\n\n<p> Le mantra du Dr Retter est simple : <em>La dentisterie doit \u00eatre confortable, moderne et m\u00eame amusante.<\/em> Gr\u00e2ce \u00e0 l'apprentissage continu et \u00e0 l'innovation, il s'efforce de rendre l'exp\u00e9rience de chaque patient \u00e0 la fois positive et transformatrice - un sourire \u00e0 la fois.<\/p>\n<\/div>\n<\/div>\n<\/div>\n<\/div>","protected":false},"excerpt":{"rendered":"<p>Dr. Jason Retter Dentist Dr. Jason Retter wakes up every morning genuinely excited to go to the office. Passionate about dentistry, he has spent the past two decades building a thriving general practice in Montreal, Quebec \u2014Retter Dental Care\u2014which now includes a dynamic team of 18 professionals, including four dentists. His philosophy is rooted in &#8230; <a title=\"Dr. Jason Retter\" class=\"read-more\" href=\"https:\/\/ptifa.com\/fr\/about\/dr-jason-retter\/\" aria-label=\"Read more about Dr. Jason Retter\">En savoir plus<\/a><\/p>","protected":false},"author":3,"featured_media":0,"parent":221,"menu_order":0,"comment_status":"closed","ping_status":"closed","template":"","meta":{"_acf_changed":false,"inline_featured_image":false,"footnotes":""},"class_list":["post-5732","page","type-page","status-publish"],"acf":[],"yoast_head":"<!-- This site is optimized with the Yoast SEO plugin v27.3 - https:\/\/yoast.com\/product\/yoast-seo-wordpress\/ -->\n<title>About Dr. Jason Retter, Dentist | PTIFAT Faculty<\/title>\n<meta name=\"description\" content=\"Dr. Retter, PTIFAT Clinical Instructor, empowers Quebec dentists with anatomy-based Botox education in facial aesthetics and therapeutics.\" \/>\n<meta name=\"robots\" content=\"index, follow, max-snippet:-1, max-image-preview:large, max-video-preview:-1\" \/>\n<link rel=\"canonical\" href=\"https:\/\/ptifa.com\/fr\/a-propos-de\/dr-jason-retter\/\" \/>\n<meta property=\"og:locale\" content=\"fr_CA\" \/>\n<meta property=\"og:type\" content=\"article\" \/>\n<meta property=\"og:title\" content=\"About Dr. Jason Retter, Dentist | PTIFAT Faculty\" \/>\n<meta property=\"og:description\" content=\"Dr. Retter, PTIFAT Clinical Instructor, empowers Quebec dentists with anatomy-based Botox education in facial aesthetics and therapeutics.\" \/>\n<meta property=\"og:url\" content=\"https:\/\/ptifa.com\/fr\/a-propos-de\/dr-jason-retter\/\" \/>\n<meta property=\"og:site_name\" content=\"Pacific Training Institute for Facial Aesthetics &amp; Therapeutics\" \/>\n<meta property=\"article:modified_time\" content=\"2025-11-08T08:53:06+00:00\" \/>\n<meta property=\"og:image\" content=\"https:\/\/ptifa.com\/wp-content\/uploads\/2025\/10\/jason-retter.webp\" \/>\n<meta name=\"twitter:card\" content=\"summary_large_image\" \/>\n<meta name=\"twitter:label1\" content=\"Estimation du temps de lecture\" \/>\n\t<meta name=\"twitter:data1\" content=\"2 minutes\" \/>\n<script type=\"application\/ld+json\" class=\"yoast-schema-graph\">{\"@context\":\"https:\\\/\\\/schema.org\",\"@graph\":[{\"@type\":\"WebPage\",\"@id\":\"https:\\\/\\\/ptifa.com\\\/about\\\/dr-jason-retter\\\/\",\"url\":\"https:\\\/\\\/ptifa.com\\\/about\\\/dr-jason-retter\\\/\",\"name\":\"About Dr. Jason Retter, Dentist | PTIFAT Faculty\",\"isPartOf\":{\"@id\":\"https:\\\/\\\/ptifa.com\\\/fr\\\/#website\"},\"primaryImageOfPage\":{\"@id\":\"https:\\\/\\\/ptifa.com\\\/about\\\/dr-jason-retter\\\/#primaryimage\"},\"image\":{\"@id\":\"https:\\\/\\\/ptifa.com\\\/about\\\/dr-jason-retter\\\/#primaryimage\"},\"thumbnailUrl\":\"https:\\\/\\\/ptifa.com\\\/wp-content\\\/uploads\\\/2025\\\/10\\\/jason-retter.webp\",\"datePublished\":\"2025-10-27T18:41:55+00:00\",\"dateModified\":\"2025-11-08T08:53:06+00:00\",\"description\":\"Dr. Retter, PTIFAT Clinical Instructor, empowers Quebec dentists with anatomy-based Botox education in facial aesthetics and therapeutics.\",\"breadcrumb\":{\"@id\":\"https:\\\/\\\/ptifa.com\\\/about\\\/dr-jason-retter\\\/#breadcrumb\"},\"inLanguage\":\"fr-CA\",\"potentialAction\":[{\"@type\":\"ReadAction\",\"target\":[\"https:\\\/\\\/ptifa.com\\\/about\\\/dr-jason-retter\\\/\"]}]},{\"@type\":\"ImageObject\",\"inLanguage\":\"fr-CA\",\"@id\":\"https:\\\/\\\/ptifa.com\\\/about\\\/dr-jason-retter\\\/#primaryimage\",\"url\":\"https:\\\/\\\/ptifa.com\\\/wp-content\\\/uploads\\\/2025\\\/10\\\/jason-retter.webp\",\"contentUrl\":\"https:\\\/\\\/ptifa.com\\\/wp-content\\\/uploads\\\/2025\\\/10\\\/jason-retter.webp\"},{\"@type\":\"BreadcrumbList\",\"@id\":\"https:\\\/\\\/ptifa.com\\\/about\\\/dr-jason-retter\\\/#breadcrumb\",\"itemListElement\":[{\"@type\":\"ListItem\",\"position\":1,\"name\":\"Home\",\"item\":\"https:\\\/\\\/ptifa.com\\\/\"},{\"@type\":\"ListItem\",\"position\":2,\"name\":\"About Us\",\"item\":\"https:\\\/\\\/ptifa.com\\\/about\\\/\"},{\"@type\":\"ListItem\",\"position\":3,\"name\":\"Dr. Jason Retter\"}]},{\"@type\":\"WebSite\",\"@id\":\"https:\\\/\\\/ptifa.com\\\/fr\\\/#website\",\"url\":\"https:\\\/\\\/ptifa.com\\\/fr\\\/\",\"name\":\"Pacific Training Institute for Facial Aesthetics &amp; Therapeutics\",\"description\":\"\",\"publisher\":{\"@id\":\"https:\\\/\\\/ptifa.com\\\/fr\\\/#organization\"},\"alternateName\":\"PTIFAT\",\"potentialAction\":[{\"@type\":\"SearchAction\",\"target\":{\"@type\":\"EntryPoint\",\"urlTemplate\":\"https:\\\/\\\/ptifa.com\\\/fr\\\/?s={search_term_string}\"},\"query-input\":{\"@type\":\"PropertyValueSpecification\",\"valueRequired\":true,\"valueName\":\"search_term_string\"}}],\"inLanguage\":\"fr-CA\"},{\"@type\":\"Organization\",\"@id\":\"https:\\\/\\\/ptifa.com\\\/fr\\\/#organization\",\"name\":\"Pacific Training Institute for Facial Aesthetics & Therapeutics\",\"alternateName\":\"PTIFAT\",\"url\":\"https:\\\/\\\/ptifa.com\\\/fr\\\/\",\"logo\":{\"@type\":\"ImageObject\",\"inLanguage\":\"fr-CA\",\"@id\":\"https:\\\/\\\/ptifa.com\\\/fr\\\/#\\\/schema\\\/logo\\\/image\\\/\",\"url\":\"https:\\\/\\\/ptifa.com\\\/wp-content\\\/uploads\\\/2025\\\/02\\\/ptifa-logo.svg\",\"contentUrl\":\"https:\\\/\\\/ptifa.com\\\/wp-content\\\/uploads\\\/2025\\\/02\\\/ptifa-logo.svg\",\"width\":310,\"height\":42,\"caption\":\"Pacific Training Institute for Facial Aesthetics & Therapeutics\"},\"image\":{\"@id\":\"https:\\\/\\\/ptifa.com\\\/fr\\\/#\\\/schema\\\/logo\\\/image\\\/\"}}]}<\/script>\n<!-- \/ Yoast SEO plugin. -->","yoast_head_json":{"title":"\u00c0 propos du Dr Jason Retter, dentiste et membre de la facult\u00e9 du PTIFAT","description":"Le Dr Retter, instructeur clinique du PTIFAT, donne aux dentistes du Qu\u00e9bec une formation sur le Botox bas\u00e9e sur l'anatomie dans le domaine de l'esth\u00e9tique faciale et de la th\u00e9rapeutique.","robots":{"index":"index","follow":"follow","max-snippet":"max-snippet:-1","max-image-preview":"max-image-preview:large","max-video-preview":"max-video-preview:-1"},"canonical":"https:\/\/ptifa.com\/fr\/a-propos-de\/dr-jason-retter\/","og_locale":"fr_CA","og_type":"article","og_title":"About Dr. Jason Retter, Dentist | PTIFAT Faculty","og_description":"Dr. Retter, PTIFAT Clinical Instructor, empowers Quebec dentists with anatomy-based Botox education in facial aesthetics and therapeutics.","og_url":"https:\/\/ptifa.com\/fr\/a-propos-de\/dr-jason-retter\/","og_site_name":"Pacific Training Institute for Facial Aesthetics &amp; Therapeutics","article_modified_time":"2025-11-08T08:53:06+00:00","og_image":[{"url":"https:\/\/ptifa.com\/wp-content\/uploads\/2025\/10\/jason-retter.webp","type":"","width":"","height":""}],"twitter_card":"summary_large_image","twitter_misc":{"Estimation du temps de lecture":"2 minutes"},"schema":{"@context":"https:\/\/schema.org","@graph":[{"@type":"WebPage","@id":"https:\/\/ptifa.com\/about\/dr-jason-retter\/","url":"https:\/\/ptifa.com\/about\/dr-jason-retter\/","name":"\u00c0 propos du Dr Jason Retter, dentiste et membre de la facult\u00e9 du PTIFAT","isPartOf":{"@id":"https:\/\/ptifa.com\/fr\/#website"},"primaryImageOfPage":{"@id":"https:\/\/ptifa.com\/about\/dr-jason-retter\/#primaryimage"},"image":{"@id":"https:\/\/ptifa.com\/about\/dr-jason-retter\/#primaryimage"},"thumbnailUrl":"https:\/\/ptifa.com\/wp-content\/uploads\/2025\/10\/jason-retter.webp","datePublished":"2025-10-27T18:41:55+00:00","dateModified":"2025-11-08T08:53:06+00:00","description":"Le Dr Retter, instructeur clinique du PTIFAT, donne aux dentistes du Qu\u00e9bec une formation sur le Botox bas\u00e9e sur l'anatomie dans le domaine de l'esth\u00e9tique faciale et de la th\u00e9rapeutique.","breadcrumb":{"@id":"https:\/\/ptifa.com\/about\/dr-jason-retter\/#breadcrumb"},"inLanguage":"fr-CA","potentialAction":[{"@type":"ReadAction","target":["https:\/\/ptifa.com\/about\/dr-jason-retter\/"]}]},{"@type":"ImageObject","inLanguage":"fr-CA","@id":"https:\/\/ptifa.com\/about\/dr-jason-retter\/#primaryimage","url":"https:\/\/ptifa.com\/wp-content\/uploads\/2025\/10\/jason-retter.webp","contentUrl":"https:\/\/ptifa.com\/wp-content\/uploads\/2025\/10\/jason-retter.webp"},{"@type":"BreadcrumbList","@id":"https:\/\/ptifa.com\/about\/dr-jason-retter\/#breadcrumb","itemListElement":[{"@type":"ListItem","position":1,"name":"Home","item":"https:\/\/ptifa.com\/"},{"@type":"ListItem","position":2,"name":"About Us","item":"https:\/\/ptifa.com\/about\/"},{"@type":"ListItem","position":3,"name":"Dr. Jason Retter"}]},{"@type":"WebSite","@id":"https:\/\/ptifa.com\/fr\/#website","url":"https:\/\/ptifa.com\/fr\/","name":"Institut de formation du Pacifique pour l'esth\u00e9tique faciale et la th\u00e9rapeutique","description":"","publisher":{"@id":"https:\/\/ptifa.com\/fr\/#organization"},"alternateName":"PTIFAT","potentialAction":[{"@type":"SearchAction","target":{"@type":"EntryPoint","urlTemplate":"https:\/\/ptifa.com\/fr\/?s={search_term_string}"},"query-input":{"@type":"PropertyValueSpecification","valueRequired":true,"valueName":"search_term_string"}}],"inLanguage":"fr-CA"},{"@type":"Organization","@id":"https:\/\/ptifa.com\/fr\/#organization","name":"Institut de formation du Pacifique pour l'esth\u00e9tique faciale et la th\u00e9rapeutique","alternateName":"PTIFAT","url":"https:\/\/ptifa.com\/fr\/","logo":{"@type":"ImageObject","inLanguage":"fr-CA","@id":"https:\/\/ptifa.com\/fr\/#\/schema\/logo\/image\/","url":"https:\/\/ptifa.com\/wp-content\/uploads\/2025\/02\/ptifa-logo.svg","contentUrl":"https:\/\/ptifa.com\/wp-content\/uploads\/2025\/02\/ptifa-logo.svg","width":310,"height":42,"caption":"Pacific Training Institute for Facial Aesthetics & Therapeutics"},"image":{"@id":"https:\/\/ptifa.com\/fr\/#\/schema\/logo\/image\/"}}]}},"_links":{"self":[{"href":"https:\/\/ptifa.com\/fr\/wp-json\/wp\/v2\/pages\/5732","targetHints":{"allow":["GET"]}}],"collection":[{"href":"https:\/\/ptifa.com\/fr\/wp-json\/wp\/v2\/pages"}],"about":[{"href":"https:\/\/ptifa.com\/fr\/wp-json\/wp\/v2\/types\/page"}],"author":[{"embeddable":true,"href":"https:\/\/ptifa.com\/fr\/wp-json\/wp\/v2\/users\/3"}],"replies":[{"embeddable":true,"href":"https:\/\/ptifa.com\/fr\/wp-json\/wp\/v2\/comments?post=5732"}],"version-history":[{"count":2,"href":"https:\/\/ptifa.com\/fr\/wp-json\/wp\/v2\/pages\/5732\/revisions"}],"predecessor-version":[{"id":5819,"href":"https:\/\/ptifa.com\/fr\/wp-json\/wp\/v2\/pages\/5732\/revisions\/5819"}],"up":[{"embeddable":true,"href":"https:\/\/ptifa.com\/fr\/wp-json\/wp\/v2\/pages\/221"}],"wp:attachment":[{"href":"https:\/\/ptifa.com\/fr\/wp-json\/wp\/v2\/media?parent=5732"}],"curies":[{"name":"wp","href":"https:\/\/api.w.org\/{rel}","templated":true}]}}