{"id":5733,"date":"2025-10-27T18:39:03","date_gmt":"2025-10-27T18:39:03","guid":{"rendered":"https:\/\/ptifa.com\/?page_id=5733"},"modified":"2025-11-08T08:52:46","modified_gmt":"2025-11-08T08:52:46","slug":"dr-etienne-giguere","status":"publish","type":"page","link":"https:\/\/ptifa.com\/fr\/about\/dr-etienne-giguere\/","title":{"rendered":"Dr. Etienne Gigu\u00e8re"},"content":{"rendered":"<div class=\"gb-element-1260e4e8\">\n<div class=\"gb-element-2239a457  grid-container\">\n<div class=\"gb-element-fb322c90\">\n<div class=\"gb-element-44e96230\"><span><span><a href=\"https:\/\/ptifa.com\/fr\/\">Accueil<\/a><\/span><\/span>\n<\/div>\n<\/div>\n<\/div>\n\n\n\n<div class=\"gb-element-f2fa02af  grid-container\">\n<div class=\"gb-element-975669b6\">\n<div class=\"gb-element-0e7dc8a1\">\n<img loading=\"lazy\" decoding=\"async\" width=\"528\" height=\"540\" class=\"gb-media-962bd12f\" src=\"https:\/\/ptifa.com\/wp-content\/uploads\/2025\/10\/etienne-giguere.webp\" title=\"etienne-giguere\" alt=\"\" srcset=\"https:\/\/ptifa.com\/wp-content\/uploads\/2025\/10\/etienne-giguere.webp 528w, https:\/\/ptifa.com\/wp-content\/uploads\/2025\/10\/etienne-giguere-293x300.webp 293w, https:\/\/ptifa.com\/wp-content\/uploads\/2025\/10\/etienne-giguere-12x12.webp 12w, https:\/\/ptifa.com\/wp-content\/uploads\/2025\/10\/etienne-giguere-300x307.webp 300w\" sizes=\"auto, (max-width: 528px) 100vw, 528px\" \/>\n<\/div>\n\n\n\n<div class=\"gb-element-55989723\">\n<h1 class=\"gb-text gb-text-e3d7a385\">Dr. Etienne Gigu\u00e8re<\/h1>\n\n\n\n<p class=\"gb-text gb-text-a7bca8ea\">Dentiste<\/p>\n<\/div>\n<\/div>\n<\/div>\n<\/div>\n\n\n\n<div class=\"gb-element-68e4a1f4\">\n<div class=\"gb-element-47c7d4f3  grid-container\">\n<div class=\"gb-element-3e65db04\">\n<div class=\"gb-element-b6a9decb\"><\/div>\n\n\n\n<div class=\"gb-element-f81f3e1c\">\n<p>Le Dr \u00c9tienne Gigu\u00e8re a obtenu son doctorat en m\u00e9decine dentaire de l'Universit\u00e9 de Montr\u00e9al en 2021. Il a ensuite effectu\u00e9 une r\u00e9sidence multidisciplinaire d'un an \u00e0 l'H\u00f4pital g\u00e9n\u00e9ral juif de Montr\u00e9al, o\u00f9 il a approfondi son expertise en chirurgie, en prosthodontie (restaurations esth\u00e9tiques, couronnes, ponts et implants) et en parodontie.&nbsp; <\/p>\n\n\n\n<p>Depuis son entr\u00e9e en pratique priv\u00e9e, le Dr Gigu\u00e8re a continu\u00e9 d'\u00e9largir ses comp\u00e9tences cliniques en participant \u00e0 des programmes de formation avanc\u00e9e au Qu\u00e9bec et \u00e0 l'\u00e9tranger. Il a fait partie de la premi\u00e8re cohorte de dentistes qu\u00e9b\u00e9cois \u00e0 obtenir la certification de PTIFAT en mati\u00e8re de traitements th\u00e9rapeutiques et esth\u00e9tiques au Botox. Il se joint maintenant \u00e0 un groupe d'\u00e9lite d'instructeurs cliniques de PTIFAT, des dentistes qui partagent un engagement \u00e0 faire progresser le rajeunissement facial et la th\u00e9rapeutique du Botox gr\u00e2ce \u00e0 une formation fond\u00e9e sur l'anatomie et \u00e0 l'excellence des r\u00e9sultats cliniques.<\/p>\n\n\n\n<p>D\u00e9vou\u00e9 et passionn\u00e9 par sa profession, le Dr Gigu\u00e8re s'est impliqu\u00e9 activement au cours de ses \u00e9tudes en m\u00e9decine dentaire, notamment \u00e0 titre de pr\u00e9sident de classe et de coordonnateur des missions humanitaires pour Dentraide, une organisation \u00e9tudiante \u00e0 but non lucratif. \u00c0 ce titre, il a particip\u00e9 \u00e0 une mission humanitaire au Chiapas, au Mexique, o\u00f9 il a renforc\u00e9 son int\u00e9r\u00eat pour la chirurgie et les soins communautaires.&nbsp; <\/p>\n\n\n\n<p>Amateur de plein air, le Dr Gigu\u00e8re pratique la course en sentier et le v\u00e9lo de route l'\u00e9t\u00e9, le ski l'hiver et la cuisine pour assouvir son amour de la gastronomie. Maintenant \u00e9tabli dans les Cantons de l'Est o\u00f9 il a grandi, il poursuit fi\u00e8rement l'h\u00e9ritage familial \u00e0 la Clinique Dentaire Bromont \u00e0 Bromont, QB, suivant les traces de son p\u00e8re qui a pratiqu\u00e9 la dentisterie dans la r\u00e9gion pendant plus de 45 ans.<\/p>\n<\/div>\n<\/div>\n<\/div>\n<\/div>","protected":false},"excerpt":{"rendered":"<p>Dr. Etienne Gigu\u00e8re Dentist Dr. Etienne Gigu\u00e8re earned his Doctor of Dental Medicine degree from the University of Montreal in 2021. He went on to complete a one-year Multidisciplinary Residency at the Jewish General Hospital in Montreal, where he deepened his expertise in surgery, prosthodontics (aesthetic restorations, crowns, bridges, and implants), and periodontics.&nbsp; Since entering &#8230; <a title=\"Dr. Etienne Gigu\u00e8re\" class=\"read-more\" href=\"https:\/\/ptifa.com\/fr\/about\/dr-etienne-giguere\/\" aria-label=\"Read more about Dr. Etienne Gigu\u00e8re\">En savoir plus<\/a><\/p>","protected":false},"author":3,"featured_media":0,"parent":221,"menu_order":0,"comment_status":"closed","ping_status":"closed","template":"","meta":{"_acf_changed":false,"inline_featured_image":false,"footnotes":""},"class_list":["post-5733","page","type-page","status-publish"],"acf":[],"yoast_head":"<!-- This site is optimized with the Yoast SEO plugin v27.3 - https:\/\/yoast.com\/product\/yoast-seo-wordpress\/ -->\n<title>About Dr. Etienne Gigu\u00e8re, Quebec Dentist | PTIFAT Faculty<\/title>\n<meta name=\"description\" content=\"Meet Dr. Gigu\u00e8re, PTIFAT Clinical Instructor specializing in therapeutic and aesthetic Botox. University of Montreal DMD with advanced training in facial aesthetics.\" \/>\n<meta name=\"robots\" content=\"index, follow, max-snippet:-1, max-image-preview:large, max-video-preview:-1\" \/>\n<link rel=\"canonical\" href=\"https:\/\/ptifa.com\/fr\/a-propos-de\/dr-etienne-giguere\/\" \/>\n<meta property=\"og:locale\" content=\"fr_CA\" \/>\n<meta property=\"og:type\" content=\"article\" \/>\n<meta property=\"og:title\" content=\"About Dr. Etienne Gigu\u00e8re, Quebec Dentist | PTIFAT Faculty\" \/>\n<meta property=\"og:description\" content=\"Meet Dr. Gigu\u00e8re, PTIFAT Clinical Instructor specializing in therapeutic and aesthetic Botox. University of Montreal DMD with advanced training in facial aesthetics.\" \/>\n<meta property=\"og:url\" content=\"https:\/\/ptifa.com\/fr\/a-propos-de\/dr-etienne-giguere\/\" \/>\n<meta property=\"og:site_name\" content=\"Pacific Training Institute for Facial Aesthetics &amp; Therapeutics\" \/>\n<meta property=\"article:modified_time\" content=\"2025-11-08T08:52:46+00:00\" \/>\n<meta property=\"og:image\" content=\"https:\/\/ptifa.com\/wp-content\/uploads\/2025\/10\/etienne-giguere.webp\" \/>\n<meta name=\"twitter:card\" content=\"summary_large_image\" \/>\n<meta name=\"twitter:label1\" content=\"Estimation du temps de lecture\" \/>\n\t<meta name=\"twitter:data1\" content=\"2 minutes\" \/>\n<script type=\"application\/ld+json\" class=\"yoast-schema-graph\">{\"@context\":\"https:\\\/\\\/schema.org\",\"@graph\":[{\"@type\":\"WebPage\",\"@id\":\"https:\\\/\\\/ptifa.com\\\/about\\\/dr-etienne-giguere\\\/\",\"url\":\"https:\\\/\\\/ptifa.com\\\/about\\\/dr-etienne-giguere\\\/\",\"name\":\"About Dr. Etienne Gigu\u00e8re, Quebec Dentist | PTIFAT Faculty\",\"isPartOf\":{\"@id\":\"https:\\\/\\\/ptifa.com\\\/fr\\\/#website\"},\"primaryImageOfPage\":{\"@id\":\"https:\\\/\\\/ptifa.com\\\/about\\\/dr-etienne-giguere\\\/#primaryimage\"},\"image\":{\"@id\":\"https:\\\/\\\/ptifa.com\\\/about\\\/dr-etienne-giguere\\\/#primaryimage\"},\"thumbnailUrl\":\"https:\\\/\\\/ptifa.com\\\/wp-content\\\/uploads\\\/2025\\\/10\\\/etienne-giguere.webp\",\"datePublished\":\"2025-10-27T18:39:03+00:00\",\"dateModified\":\"2025-11-08T08:52:46+00:00\",\"description\":\"Meet Dr. Gigu\u00e8re, PTIFAT Clinical Instructor specializing in therapeutic and aesthetic Botox. University of Montreal DMD with advanced training in facial aesthetics.\",\"breadcrumb\":{\"@id\":\"https:\\\/\\\/ptifa.com\\\/about\\\/dr-etienne-giguere\\\/#breadcrumb\"},\"inLanguage\":\"fr-CA\",\"potentialAction\":[{\"@type\":\"ReadAction\",\"target\":[\"https:\\\/\\\/ptifa.com\\\/about\\\/dr-etienne-giguere\\\/\"]}]},{\"@type\":\"ImageObject\",\"inLanguage\":\"fr-CA\",\"@id\":\"https:\\\/\\\/ptifa.com\\\/about\\\/dr-etienne-giguere\\\/#primaryimage\",\"url\":\"https:\\\/\\\/ptifa.com\\\/wp-content\\\/uploads\\\/2025\\\/10\\\/etienne-giguere.webp\",\"contentUrl\":\"https:\\\/\\\/ptifa.com\\\/wp-content\\\/uploads\\\/2025\\\/10\\\/etienne-giguere.webp\"},{\"@type\":\"BreadcrumbList\",\"@id\":\"https:\\\/\\\/ptifa.com\\\/about\\\/dr-etienne-giguere\\\/#breadcrumb\",\"itemListElement\":[{\"@type\":\"ListItem\",\"position\":1,\"name\":\"Home\",\"item\":\"https:\\\/\\\/ptifa.com\\\/\"},{\"@type\":\"ListItem\",\"position\":2,\"name\":\"About Us\",\"item\":\"https:\\\/\\\/ptifa.com\\\/about\\\/\"},{\"@type\":\"ListItem\",\"position\":3,\"name\":\"Dr. Etienne Gigu\u00e8re\"}]},{\"@type\":\"WebSite\",\"@id\":\"https:\\\/\\\/ptifa.com\\\/fr\\\/#website\",\"url\":\"https:\\\/\\\/ptifa.com\\\/fr\\\/\",\"name\":\"Pacific Training Institute for Facial Aesthetics &amp; Therapeutics\",\"description\":\"\",\"publisher\":{\"@id\":\"https:\\\/\\\/ptifa.com\\\/fr\\\/#organization\"},\"alternateName\":\"PTIFAT\",\"potentialAction\":[{\"@type\":\"SearchAction\",\"target\":{\"@type\":\"EntryPoint\",\"urlTemplate\":\"https:\\\/\\\/ptifa.com\\\/fr\\\/?s={search_term_string}\"},\"query-input\":{\"@type\":\"PropertyValueSpecification\",\"valueRequired\":true,\"valueName\":\"search_term_string\"}}],\"inLanguage\":\"fr-CA\"},{\"@type\":\"Organization\",\"@id\":\"https:\\\/\\\/ptifa.com\\\/fr\\\/#organization\",\"name\":\"Pacific Training Institute for Facial Aesthetics & Therapeutics\",\"alternateName\":\"PTIFAT\",\"url\":\"https:\\\/\\\/ptifa.com\\\/fr\\\/\",\"logo\":{\"@type\":\"ImageObject\",\"inLanguage\":\"fr-CA\",\"@id\":\"https:\\\/\\\/ptifa.com\\\/fr\\\/#\\\/schema\\\/logo\\\/image\\\/\",\"url\":\"https:\\\/\\\/ptifa.com\\\/wp-content\\\/uploads\\\/2025\\\/02\\\/ptifa-logo.svg\",\"contentUrl\":\"https:\\\/\\\/ptifa.com\\\/wp-content\\\/uploads\\\/2025\\\/02\\\/ptifa-logo.svg\",\"width\":310,\"height\":42,\"caption\":\"Pacific Training Institute for Facial Aesthetics & Therapeutics\"},\"image\":{\"@id\":\"https:\\\/\\\/ptifa.com\\\/fr\\\/#\\\/schema\\\/logo\\\/image\\\/\"}}]}<\/script>\n<!-- \/ Yoast SEO plugin. -->","yoast_head_json":{"title":"A propos du Dr. Etienne Gigu\u00e8re, Dentiste Qu\u00e9b\u00e9cois | Facult\u00e9 PTIFAT","description":"Rencontrez le Dr Gigu\u00e8re, instructeur clinique du PTIFAT sp\u00e9cialis\u00e9 dans le Botox th\u00e9rapeutique et esth\u00e9tique. Dentiste de l'Universit\u00e9 de Montr\u00e9al avec une formation avanc\u00e9e en esth\u00e9tique faciale.","robots":{"index":"index","follow":"follow","max-snippet":"max-snippet:-1","max-image-preview":"max-image-preview:large","max-video-preview":"max-video-preview:-1"},"canonical":"https:\/\/ptifa.com\/fr\/a-propos-de\/dr-etienne-giguere\/","og_locale":"fr_CA","og_type":"article","og_title":"About Dr. Etienne Gigu\u00e8re, Quebec Dentist | PTIFAT Faculty","og_description":"Meet Dr. Gigu\u00e8re, PTIFAT Clinical Instructor specializing in therapeutic and aesthetic Botox. University of Montreal DMD with advanced training in facial aesthetics.","og_url":"https:\/\/ptifa.com\/fr\/a-propos-de\/dr-etienne-giguere\/","og_site_name":"Pacific Training Institute for Facial Aesthetics &amp; Therapeutics","article_modified_time":"2025-11-08T08:52:46+00:00","og_image":[{"url":"https:\/\/ptifa.com\/wp-content\/uploads\/2025\/10\/etienne-giguere.webp","type":"","width":"","height":""}],"twitter_card":"summary_large_image","twitter_misc":{"Estimation du temps de lecture":"2 minutes"},"schema":{"@context":"https:\/\/schema.org","@graph":[{"@type":"WebPage","@id":"https:\/\/ptifa.com\/about\/dr-etienne-giguere\/","url":"https:\/\/ptifa.com\/about\/dr-etienne-giguere\/","name":"A propos du Dr. Etienne Gigu\u00e8re, Dentiste Qu\u00e9b\u00e9cois | Facult\u00e9 PTIFAT","isPartOf":{"@id":"https:\/\/ptifa.com\/fr\/#website"},"primaryImageOfPage":{"@id":"https:\/\/ptifa.com\/about\/dr-etienne-giguere\/#primaryimage"},"image":{"@id":"https:\/\/ptifa.com\/about\/dr-etienne-giguere\/#primaryimage"},"thumbnailUrl":"https:\/\/ptifa.com\/wp-content\/uploads\/2025\/10\/etienne-giguere.webp","datePublished":"2025-10-27T18:39:03+00:00","dateModified":"2025-11-08T08:52:46+00:00","description":"Rencontrez le Dr Gigu\u00e8re, instructeur clinique du PTIFAT sp\u00e9cialis\u00e9 dans le Botox th\u00e9rapeutique et esth\u00e9tique. Dentiste de l'Universit\u00e9 de Montr\u00e9al avec une formation avanc\u00e9e en esth\u00e9tique faciale.","breadcrumb":{"@id":"https:\/\/ptifa.com\/about\/dr-etienne-giguere\/#breadcrumb"},"inLanguage":"fr-CA","potentialAction":[{"@type":"ReadAction","target":["https:\/\/ptifa.com\/about\/dr-etienne-giguere\/"]}]},{"@type":"ImageObject","inLanguage":"fr-CA","@id":"https:\/\/ptifa.com\/about\/dr-etienne-giguere\/#primaryimage","url":"https:\/\/ptifa.com\/wp-content\/uploads\/2025\/10\/etienne-giguere.webp","contentUrl":"https:\/\/ptifa.com\/wp-content\/uploads\/2025\/10\/etienne-giguere.webp"},{"@type":"BreadcrumbList","@id":"https:\/\/ptifa.com\/about\/dr-etienne-giguere\/#breadcrumb","itemListElement":[{"@type":"ListItem","position":1,"name":"Home","item":"https:\/\/ptifa.com\/"},{"@type":"ListItem","position":2,"name":"About Us","item":"https:\/\/ptifa.com\/about\/"},{"@type":"ListItem","position":3,"name":"Dr. Etienne Gigu\u00e8re"}]},{"@type":"WebSite","@id":"https:\/\/ptifa.com\/fr\/#website","url":"https:\/\/ptifa.com\/fr\/","name":"Institut de formation du Pacifique pour l'esth\u00e9tique faciale et la th\u00e9rapeutique","description":"","publisher":{"@id":"https:\/\/ptifa.com\/fr\/#organization"},"alternateName":"PTIFAT","potentialAction":[{"@type":"SearchAction","target":{"@type":"EntryPoint","urlTemplate":"https:\/\/ptifa.com\/fr\/?s={search_term_string}"},"query-input":{"@type":"PropertyValueSpecification","valueRequired":true,"valueName":"search_term_string"}}],"inLanguage":"fr-CA"},{"@type":"Organization","@id":"https:\/\/ptifa.com\/fr\/#organization","name":"Institut de formation du Pacifique pour l'esth\u00e9tique faciale et la th\u00e9rapeutique","alternateName":"PTIFAT","url":"https:\/\/ptifa.com\/fr\/","logo":{"@type":"ImageObject","inLanguage":"fr-CA","@id":"https:\/\/ptifa.com\/fr\/#\/schema\/logo\/image\/","url":"https:\/\/ptifa.com\/wp-content\/uploads\/2025\/02\/ptifa-logo.svg","contentUrl":"https:\/\/ptifa.com\/wp-content\/uploads\/2025\/02\/ptifa-logo.svg","width":310,"height":42,"caption":"Pacific Training Institute for Facial Aesthetics & Therapeutics"},"image":{"@id":"https:\/\/ptifa.com\/fr\/#\/schema\/logo\/image\/"}}]}},"_links":{"self":[{"href":"https:\/\/ptifa.com\/fr\/wp-json\/wp\/v2\/pages\/5733","targetHints":{"allow":["GET"]}}],"collection":[{"href":"https:\/\/ptifa.com\/fr\/wp-json\/wp\/v2\/pages"}],"about":[{"href":"https:\/\/ptifa.com\/fr\/wp-json\/wp\/v2\/types\/page"}],"author":[{"embeddable":true,"href":"https:\/\/ptifa.com\/fr\/wp-json\/wp\/v2\/users\/3"}],"replies":[{"embeddable":true,"href":"https:\/\/ptifa.com\/fr\/wp-json\/wp\/v2\/comments?post=5733"}],"version-history":[{"count":2,"href":"https:\/\/ptifa.com\/fr\/wp-json\/wp\/v2\/pages\/5733\/revisions"}],"predecessor-version":[{"id":5818,"href":"https:\/\/ptifa.com\/fr\/wp-json\/wp\/v2\/pages\/5733\/revisions\/5818"}],"up":[{"embeddable":true,"href":"https:\/\/ptifa.com\/fr\/wp-json\/wp\/v2\/pages\/221"}],"wp:attachment":[{"href":"https:\/\/ptifa.com\/fr\/wp-json\/wp\/v2\/media?parent=5733"}],"curies":[{"name":"wp","href":"https:\/\/api.w.org\/{rel}","templated":true}]}}