{"id":5737,"date":"2025-10-28T15:14:48","date_gmt":"2025-10-28T15:14:48","guid":{"rendered":"https:\/\/ptifa.com\/?page_id=5737"},"modified":"2025-11-08T08:53:32","modified_gmt":"2025-11-08T08:53:32","slug":"dr-melanie-vallee","status":"publish","type":"page","link":"https:\/\/ptifa.com\/fr\/about\/dr-melanie-vallee\/","title":{"rendered":"Dr. M\u00e9lanie Vall\u00e9e"},"content":{"rendered":"<div class=\"gb-element-1260e4e8\">\n<div class=\"gb-element-2239a457  grid-container\">\n<div class=\"gb-element-fb322c90\">\n<div class=\"gb-element-44e96230\"><span><span><a href=\"https:\/\/ptifa.com\/fr\/\">Accueil<\/a><\/span><\/span>\n<\/div>\n<\/div>\n<\/div>\n\n\n\n<div class=\"gb-element-f2fa02af  grid-container\">\n<div class=\"gb-element-975669b6\">\n<div class=\"gb-element-0e7dc8a1\">\n<img loading=\"lazy\" decoding=\"async\" width=\"528\" height=\"540\" class=\"gb-media-962bd12f\" src=\"https:\/\/ptifa.com\/wp-content\/uploads\/2025\/10\/melanie-vallee.webp\" title=\"m\u00e9lanie-vall\u00e9e\" alt=\"\" srcset=\"https:\/\/ptifa.com\/wp-content\/uploads\/2025\/10\/melanie-vallee.webp 528w, https:\/\/ptifa.com\/wp-content\/uploads\/2025\/10\/melanie-vallee-293x300.webp 293w, https:\/\/ptifa.com\/wp-content\/uploads\/2025\/10\/melanie-vallee-12x12.webp 12w, https:\/\/ptifa.com\/wp-content\/uploads\/2025\/10\/melanie-vallee-300x307.webp 300w\" sizes=\"auto, (max-width: 528px) 100vw, 528px\" \/>\n<\/div>\n\n\n\n<div class=\"gb-element-55989723\">\n<h1 class=\"gb-text gb-text-e3d7a385\">Dr. M\u00e9lanie Vall\u00e9e<\/h1>\n\n\n\n<p class=\"gb-text gb-text-a7bca8ea\">Dentiste<\/p>\n<\/div>\n<\/div>\n<\/div>\n<\/div>\n\n\n\n<div class=\"gb-element-68e4a1f4\">\n<div class=\"gb-element-47c7d4f3  grid-container\">\n<div class=\"gb-element-3e65db04\">\n<div class=\"gb-element-b6a9decb\"><\/div>\n\n\n\n<div class=\"gb-element-f81f3e1c\">\n<p>Dre M\u00e9lanie Vall\u00e9e a obtenu son dipl\u00f4me en m\u00e9decine dentaire de l'Universit\u00e9 de Montr\u00e9al en 2007 et pratique depuis \u00e0 sa clinique de Repentigny, sur la Rive-Nord de Montr\u00e9al, au Qu\u00e9bec. Certifi\u00e9e par le Bureau national d'examen dentaire du Canada et autoris\u00e9e par l'Ordre des dentistes du Qu\u00e9bec, Dre Vall\u00e9e est reconnue pour son approche m\u00e9ticuleuse, douce et compatissante des soins aux patients.<\/p>\n\n\n\n<p>Tout au long de sa carri\u00e8re, le Dr Vall\u00e9e a d\u00e9velopp\u00e9 une forte passion pour la parodontie et l'endodontie, poursuivant une formation avanc\u00e9e approfondie dans ces deux domaines. Elle a perfectionn\u00e9 ses comp\u00e9tences en chirurgie gingivale aux s\u00e9minaires de l'ADE \u00e0 Baltimore, au Sclar Center \u00e0 Miami et \u00e0 l'Acad\u00e9mie dentaire multidisciplinaire, et a compl\u00e9t\u00e9 une mini-r\u00e9sidence d'un an en parodontie \u00e0 l'Universit\u00e9 McGill. Pour parfaire son expertise en endodontie, elle s'est rendue aux Dental Education Laboratories en Californie et \u00e0 North Shore Endodontics \u00e0 Vancouver pour une formation sp\u00e9cialis\u00e9e.<\/p>\n\n\n\n<p>L'int\u00e9gration du Botox dans son cabinet dentaire a marqu\u00e9 un nouveau chapitre passionnant dans la carri\u00e8re du Dr Vall\u00e9e. Elle est enthousiaste \u00e0 l'id\u00e9e d'aider les patients \u00e0 am\u00e9liorer leur qualit\u00e9 de vie gr\u00e2ce \u00e0 une dentisterie esth\u00e9tique compl\u00e8te. Elle est maintenant instructrice clinique pour PTIFAT, partageant son expertise du Botox avec d'autres professionnels dentaires.<\/p>\n\n\n\n<p>Lorsqu'elle ne s'occupe pas de ses patients, M\u00e9lanie est une cycliste passionn\u00e9e qui aime parcourir des kilom\u00e8tres sur des v\u00e9los de route et de montagne. Elle adore faire du ski alpin avec son mari et ses deux gar\u00e7ons, et a termin\u00e9 quatre courses semi-Ironman avec le sourire. Chef \u00e0 domicile accomplie, elle a constitu\u00e9 une impressionnante collection de livres de cuisine et se passionne pour la cr\u00e9ation d'exp\u00e9riences culinaires pour sa famille.<\/p>\n\n\n\n<p>Le Dr Vall\u00e9e a mis sur pied une \u00e9quipe exceptionnelle et attentionn\u00e9e o\u00f9 le dynamisme et l'harmonie s'\u00e9panouissent. Tous les membres de l'\u00e9quipe se r\u00e9jouissent de vous accueillir au cabinet.<\/p>\n<\/div>\n<\/div>\n<\/div>\n<\/div>","protected":false},"excerpt":{"rendered":"<p>Dr. M\u00e9lanie Vall\u00e9e Dentist Dr. M\u00e9lanie Vall\u00e9e graduated from the Universit\u00e9 de Montr\u00e9al in dental medicine in 2007 and has been practicing at her clinic in Repentigny, on the North Shore of Montreal, Quebec, ever since. Certified by the National Dental Examining Board of Canada and licensed by the Ordre des dentistes du Qu\u00e9bec, Dr. &#8230; <a title=\"Dr. M\u00e9lanie Vall\u00e9e\" class=\"read-more\" href=\"https:\/\/ptifa.com\/fr\/about\/dr-melanie-vallee\/\" aria-label=\"Read more about Dr. M\u00e9lanie Vall\u00e9e\">En savoir plus<\/a><\/p>","protected":false},"author":3,"featured_media":0,"parent":221,"menu_order":0,"comment_status":"closed","ping_status":"closed","template":"","meta":{"_acf_changed":false,"inline_featured_image":false,"footnotes":""},"class_list":["post-5737","page","type-page","status-publish"],"acf":[],"yoast_head":"<!-- This site is optimized with the Yoast SEO plugin v27.3 - https:\/\/yoast.com\/product\/yoast-seo-wordpress\/ -->\n<title>About Dr. M\u00e9lanie Vall\u00e9e, Dentist | PTIFAT Faculty<\/title>\n<meta name=\"description\" content=\"Learn Botox applications in dentistry from Dr M\u00e9lanie Vall\u00e9e. Quebec dentists and Clincal Instructor for PTIFAT.\" \/>\n<meta name=\"robots\" content=\"index, follow, max-snippet:-1, max-image-preview:large, max-video-preview:-1\" \/>\n<link rel=\"canonical\" href=\"https:\/\/ptifa.com\/fr\/a-propos-de\/dr-melanie-vallee\/\" \/>\n<meta property=\"og:locale\" content=\"fr_CA\" \/>\n<meta property=\"og:type\" content=\"article\" \/>\n<meta property=\"og:title\" content=\"About Dr. M\u00e9lanie Vall\u00e9e, Dentist | PTIFAT Faculty\" \/>\n<meta property=\"og:description\" content=\"Learn Botox applications in dentistry from Dr M\u00e9lanie Vall\u00e9e. Quebec dentists and Clincal Instructor for PTIFAT.\" \/>\n<meta property=\"og:url\" content=\"https:\/\/ptifa.com\/fr\/a-propos-de\/dr-melanie-vallee\/\" \/>\n<meta property=\"og:site_name\" content=\"Pacific Training Institute for Facial Aesthetics &amp; Therapeutics\" \/>\n<meta property=\"article:modified_time\" content=\"2025-11-08T08:53:32+00:00\" \/>\n<meta property=\"og:image\" content=\"https:\/\/ptifa.com\/wp-content\/uploads\/2025\/10\/melanie-vallee.webp\" \/>\n<meta name=\"twitter:card\" content=\"summary_large_image\" \/>\n<meta name=\"twitter:label1\" content=\"Estimation du temps de lecture\" \/>\n\t<meta name=\"twitter:data1\" content=\"2 minutes\" \/>\n<script type=\"application\/ld+json\" class=\"yoast-schema-graph\">{\"@context\":\"https:\\\/\\\/schema.org\",\"@graph\":[{\"@type\":\"WebPage\",\"@id\":\"https:\\\/\\\/ptifa.com\\\/about\\\/dr-melanie-vallee\\\/\",\"url\":\"https:\\\/\\\/ptifa.com\\\/about\\\/dr-melanie-vallee\\\/\",\"name\":\"About Dr. M\u00e9lanie Vall\u00e9e, Dentist | PTIFAT Faculty\",\"isPartOf\":{\"@id\":\"https:\\\/\\\/ptifa.com\\\/fr\\\/#website\"},\"primaryImageOfPage\":{\"@id\":\"https:\\\/\\\/ptifa.com\\\/about\\\/dr-melanie-vallee\\\/#primaryimage\"},\"image\":{\"@id\":\"https:\\\/\\\/ptifa.com\\\/about\\\/dr-melanie-vallee\\\/#primaryimage\"},\"thumbnailUrl\":\"https:\\\/\\\/ptifa.com\\\/wp-content\\\/uploads\\\/2025\\\/10\\\/melanie-vallee.webp\",\"datePublished\":\"2025-10-28T15:14:48+00:00\",\"dateModified\":\"2025-11-08T08:53:32+00:00\",\"description\":\"Learn Botox applications in dentistry from Dr M\u00e9lanie Vall\u00e9e. Quebec dentists and Clincal Instructor for PTIFAT.\",\"breadcrumb\":{\"@id\":\"https:\\\/\\\/ptifa.com\\\/about\\\/dr-melanie-vallee\\\/#breadcrumb\"},\"inLanguage\":\"fr-CA\",\"potentialAction\":[{\"@type\":\"ReadAction\",\"target\":[\"https:\\\/\\\/ptifa.com\\\/about\\\/dr-melanie-vallee\\\/\"]}]},{\"@type\":\"ImageObject\",\"inLanguage\":\"fr-CA\",\"@id\":\"https:\\\/\\\/ptifa.com\\\/about\\\/dr-melanie-vallee\\\/#primaryimage\",\"url\":\"https:\\\/\\\/ptifa.com\\\/wp-content\\\/uploads\\\/2025\\\/10\\\/melanie-vallee.webp\",\"contentUrl\":\"https:\\\/\\\/ptifa.com\\\/wp-content\\\/uploads\\\/2025\\\/10\\\/melanie-vallee.webp\"},{\"@type\":\"BreadcrumbList\",\"@id\":\"https:\\\/\\\/ptifa.com\\\/about\\\/dr-melanie-vallee\\\/#breadcrumb\",\"itemListElement\":[{\"@type\":\"ListItem\",\"position\":1,\"name\":\"Home\",\"item\":\"https:\\\/\\\/ptifa.com\\\/\"},{\"@type\":\"ListItem\",\"position\":2,\"name\":\"About Us\",\"item\":\"https:\\\/\\\/ptifa.com\\\/about\\\/\"},{\"@type\":\"ListItem\",\"position\":3,\"name\":\"Dr. M\u00e9lanie Vall\u00e9e\"}]},{\"@type\":\"WebSite\",\"@id\":\"https:\\\/\\\/ptifa.com\\\/fr\\\/#website\",\"url\":\"https:\\\/\\\/ptifa.com\\\/fr\\\/\",\"name\":\"Pacific Training Institute for Facial Aesthetics &amp; Therapeutics\",\"description\":\"\",\"publisher\":{\"@id\":\"https:\\\/\\\/ptifa.com\\\/fr\\\/#organization\"},\"alternateName\":\"PTIFAT\",\"potentialAction\":[{\"@type\":\"SearchAction\",\"target\":{\"@type\":\"EntryPoint\",\"urlTemplate\":\"https:\\\/\\\/ptifa.com\\\/fr\\\/?s={search_term_string}\"},\"query-input\":{\"@type\":\"PropertyValueSpecification\",\"valueRequired\":true,\"valueName\":\"search_term_string\"}}],\"inLanguage\":\"fr-CA\"},{\"@type\":\"Organization\",\"@id\":\"https:\\\/\\\/ptifa.com\\\/fr\\\/#organization\",\"name\":\"Pacific Training Institute for Facial Aesthetics & Therapeutics\",\"alternateName\":\"PTIFAT\",\"url\":\"https:\\\/\\\/ptifa.com\\\/fr\\\/\",\"logo\":{\"@type\":\"ImageObject\",\"inLanguage\":\"fr-CA\",\"@id\":\"https:\\\/\\\/ptifa.com\\\/fr\\\/#\\\/schema\\\/logo\\\/image\\\/\",\"url\":\"https:\\\/\\\/ptifa.com\\\/wp-content\\\/uploads\\\/2025\\\/02\\\/ptifa-logo.svg\",\"contentUrl\":\"https:\\\/\\\/ptifa.com\\\/wp-content\\\/uploads\\\/2025\\\/02\\\/ptifa-logo.svg\",\"width\":310,\"height\":42,\"caption\":\"Pacific Training Institute for Facial Aesthetics & Therapeutics\"},\"image\":{\"@id\":\"https:\\\/\\\/ptifa.com\\\/fr\\\/#\\\/schema\\\/logo\\\/image\\\/\"}}]}<\/script>\n<!-- \/ Yoast SEO plugin. -->","yoast_head_json":{"title":"A propos du Dr. M\u00e9lanie Vall\u00e9e, Dentiste | Facult\u00e9 PTIFAT","description":"Apprenez les applications du Botox en dentisterie avec le Dr M\u00e9lanie Vall\u00e9e. Dentiste qu\u00e9b\u00e9coise et instructrice clinique pour PTIFAT.","robots":{"index":"index","follow":"follow","max-snippet":"max-snippet:-1","max-image-preview":"max-image-preview:large","max-video-preview":"max-video-preview:-1"},"canonical":"https:\/\/ptifa.com\/fr\/a-propos-de\/dr-melanie-vallee\/","og_locale":"fr_CA","og_type":"article","og_title":"About Dr. M\u00e9lanie Vall\u00e9e, Dentist | PTIFAT Faculty","og_description":"Learn Botox applications in dentistry from Dr M\u00e9lanie Vall\u00e9e. Quebec dentists and Clincal Instructor for PTIFAT.","og_url":"https:\/\/ptifa.com\/fr\/a-propos-de\/dr-melanie-vallee\/","og_site_name":"Pacific Training Institute for Facial Aesthetics &amp; Therapeutics","article_modified_time":"2025-11-08T08:53:32+00:00","og_image":[{"url":"https:\/\/ptifa.com\/wp-content\/uploads\/2025\/10\/melanie-vallee.webp","type":"","width":"","height":""}],"twitter_card":"summary_large_image","twitter_misc":{"Estimation du temps de lecture":"2 minutes"},"schema":{"@context":"https:\/\/schema.org","@graph":[{"@type":"WebPage","@id":"https:\/\/ptifa.com\/about\/dr-melanie-vallee\/","url":"https:\/\/ptifa.com\/about\/dr-melanie-vallee\/","name":"A propos du Dr. M\u00e9lanie Vall\u00e9e, Dentiste | Facult\u00e9 PTIFAT","isPartOf":{"@id":"https:\/\/ptifa.com\/fr\/#website"},"primaryImageOfPage":{"@id":"https:\/\/ptifa.com\/about\/dr-melanie-vallee\/#primaryimage"},"image":{"@id":"https:\/\/ptifa.com\/about\/dr-melanie-vallee\/#primaryimage"},"thumbnailUrl":"https:\/\/ptifa.com\/wp-content\/uploads\/2025\/10\/melanie-vallee.webp","datePublished":"2025-10-28T15:14:48+00:00","dateModified":"2025-11-08T08:53:32+00:00","description":"Apprenez les applications du Botox en dentisterie avec le Dr M\u00e9lanie Vall\u00e9e. Dentiste qu\u00e9b\u00e9coise et instructrice clinique pour PTIFAT.","breadcrumb":{"@id":"https:\/\/ptifa.com\/about\/dr-melanie-vallee\/#breadcrumb"},"inLanguage":"fr-CA","potentialAction":[{"@type":"ReadAction","target":["https:\/\/ptifa.com\/about\/dr-melanie-vallee\/"]}]},{"@type":"ImageObject","inLanguage":"fr-CA","@id":"https:\/\/ptifa.com\/about\/dr-melanie-vallee\/#primaryimage","url":"https:\/\/ptifa.com\/wp-content\/uploads\/2025\/10\/melanie-vallee.webp","contentUrl":"https:\/\/ptifa.com\/wp-content\/uploads\/2025\/10\/melanie-vallee.webp"},{"@type":"BreadcrumbList","@id":"https:\/\/ptifa.com\/about\/dr-melanie-vallee\/#breadcrumb","itemListElement":[{"@type":"ListItem","position":1,"name":"Home","item":"https:\/\/ptifa.com\/"},{"@type":"ListItem","position":2,"name":"About Us","item":"https:\/\/ptifa.com\/about\/"},{"@type":"ListItem","position":3,"name":"Dr. M\u00e9lanie Vall\u00e9e"}]},{"@type":"WebSite","@id":"https:\/\/ptifa.com\/fr\/#website","url":"https:\/\/ptifa.com\/fr\/","name":"Institut de formation du Pacifique pour l'esth\u00e9tique faciale et la th\u00e9rapeutique","description":"","publisher":{"@id":"https:\/\/ptifa.com\/fr\/#organization"},"alternateName":"PTIFAT","potentialAction":[{"@type":"SearchAction","target":{"@type":"EntryPoint","urlTemplate":"https:\/\/ptifa.com\/fr\/?s={search_term_string}"},"query-input":{"@type":"PropertyValueSpecification","valueRequired":true,"valueName":"search_term_string"}}],"inLanguage":"fr-CA"},{"@type":"Organization","@id":"https:\/\/ptifa.com\/fr\/#organization","name":"Institut de formation du Pacifique pour l'esth\u00e9tique faciale et la th\u00e9rapeutique","alternateName":"PTIFAT","url":"https:\/\/ptifa.com\/fr\/","logo":{"@type":"ImageObject","inLanguage":"fr-CA","@id":"https:\/\/ptifa.com\/fr\/#\/schema\/logo\/image\/","url":"https:\/\/ptifa.com\/wp-content\/uploads\/2025\/02\/ptifa-logo.svg","contentUrl":"https:\/\/ptifa.com\/wp-content\/uploads\/2025\/02\/ptifa-logo.svg","width":310,"height":42,"caption":"Pacific Training Institute for Facial Aesthetics & Therapeutics"},"image":{"@id":"https:\/\/ptifa.com\/fr\/#\/schema\/logo\/image\/"}}]}},"_links":{"self":[{"href":"https:\/\/ptifa.com\/fr\/wp-json\/wp\/v2\/pages\/5737","targetHints":{"allow":["GET"]}}],"collection":[{"href":"https:\/\/ptifa.com\/fr\/wp-json\/wp\/v2\/pages"}],"about":[{"href":"https:\/\/ptifa.com\/fr\/wp-json\/wp\/v2\/types\/page"}],"author":[{"embeddable":true,"href":"https:\/\/ptifa.com\/fr\/wp-json\/wp\/v2\/users\/3"}],"replies":[{"embeddable":true,"href":"https:\/\/ptifa.com\/fr\/wp-json\/wp\/v2\/comments?post=5737"}],"version-history":[{"count":4,"href":"https:\/\/ptifa.com\/fr\/wp-json\/wp\/v2\/pages\/5737\/revisions"}],"predecessor-version":[{"id":5820,"href":"https:\/\/ptifa.com\/fr\/wp-json\/wp\/v2\/pages\/5737\/revisions\/5820"}],"up":[{"embeddable":true,"href":"https:\/\/ptifa.com\/fr\/wp-json\/wp\/v2\/pages\/221"}],"wp:attachment":[{"href":"https:\/\/ptifa.com\/fr\/wp-json\/wp\/v2\/media?parent=5737"}],"curies":[{"name":"wp","href":"https:\/\/api.w.org\/{rel}","templated":true}]}}