{"id":1643,"date":"2025-03-14T20:51:31","date_gmt":"2025-03-14T20:51:31","guid":{"rendered":"https:\/\/ptifa.com\/?post_type=product&#038;p=1643"},"modified":"2026-04-16T20:43:36","modified_gmt":"2026-04-16T20:43:36","slug":"asm25-conference-de-lassociation-dentaire-de-lontario","status":"publish","type":"product","link":"https:\/\/ptifa.com\/fr\/p\/products\/asm25-ontario-dental-association-conference\/","title":{"rendered":"ASM26 - Conf\u00e9rence de l'Association dentaire de l'Ontario"},"content":{"rendered":"<p>Join Dr. Roberts &amp; PTIFAT at the Ontario Dental Association&#8217;s ASM25 Conference in Toronto, ON.<\/p>\n\n\n\n<p><strong>Visitez notre stand <\/strong>#430 \u00e0 :<\/p>\n\n\n\n<p>\u2714\ufe0f Regardez une d\u00e9monstration de Botox th\u00e9rapeutique en direct (<a href=\"https:\/\/ptifa.com\/fr\/blog\/posez-votre-candidature-pour-devenir-un-modele-de-patient-botox-en-2026-aux-conferences-dentaires-canadiennes\/\" type=\"link\" id=\"http:\/\/ptifa.com\/model\">cliquez ici pour poser votre candidature comme mod\u00e8le Botox)<\/a><br>\u2714\ufe0f D\u00e9couvrez comment notre <strong>formation au Botox bas\u00e9e sur l'anatomie<\/strong> peut vous aider \u00e0 traiter <strong>TMD<\/strong> et d'am\u00e9liorer vos comp\u00e9tences cliniques.<br>\u2714\ufe0f Rencontrez nos <strong>Directeur clinique<\/strong> et obtenir des informations sur l'int\u00e9gration <strong>Botox th\u00e9rapeutique<\/strong> dans votre pratique.<br>\u2714\ufe0f Explorez notre <strong>Cours de Botox<\/strong> con\u00e7u pour former les <strong>toute l'\u00e9quipe dentaire<\/strong>.<\/p>\n\n\n\n<p><strong>Dates de la conf\u00e9rence :<\/strong>&nbsp;7-8 mai 2026<\/p>\n\n\n\n<p><strong>Lieu :&nbsp;<\/strong>Centre des congr\u00e8s du Toronto m\u00e9tropolitain<\/p>\n\n\n\n<p><strong>Localisation :&nbsp;<\/strong>Toronto, ON<\/p>\n\n\n\n<p><strong><a href=\"https:\/\/asm.oda.ca\/\" target=\"_blank\" rel=\"noreferrer noopener\">Voir les d\u00e9tails de la conf\u00e9rence ici<\/a><\/strong>.<\/p>\n\n\n\n<p><\/p>","protected":false},"excerpt":{"rendered":"<p>Rejoignez-nous \u00e0 la conf\u00e9rence ASM26 de l'Association dentaire de l'Ontario \u00e0 Toronto.<\/p>","protected":false},"featured_media":5461,"template":"","meta":{"_acf_changed":false,"inline_featured_image":false},"product_brand":[],"product_cat":[77],"product_tag":[],"class_list":{"0":"post-1643","1":"product","2":"type-product","3":"status-publish","4":"has-post-thumbnail","6":"product_cat-products","7":"","8":"woocommerce-text-align-center","9":"woocommerce-image-align-center","11":"first","12":"instock","13":"taxable","14":"shipping-taxable","15":"product-type-external"},"exclude_global_add_ons":[],"addons":[],"acf":[],"yoast_head":"<!-- This site is optimized with the Yoast SEO plugin v27.3 - https:\/\/yoast.com\/product\/yoast-seo-wordpress\/ -->\n<title>ASM25 ODA Conference: Botox Training for Dental Teams<\/title>\n<meta name=\"description\" content=\"Get insights on integrating therapeutic Botox into your dental practice. Explore our Botox courses designed to train the entire dental team.\" \/>\n<meta name=\"robots\" content=\"index, follow, max-snippet:-1, max-image-preview:large, max-video-preview:-1\" \/>\n<link rel=\"canonical\" href=\"https:\/\/ptifa.com\/fr\/p\/produits\/asm25-conference-de-lassociation-dentaire-de-lontario\/\" \/>\n<meta property=\"og:locale\" content=\"fr_CA\" \/>\n<meta property=\"og:type\" content=\"article\" \/>\n<meta property=\"og:title\" content=\"ASM25 ODA Conference: Botox Training for Dental Teams\" \/>\n<meta property=\"og:description\" content=\"Get insights on integrating therapeutic Botox into your dental practice. Explore our Botox courses designed to train the entire dental team.\" \/>\n<meta property=\"og:url\" content=\"https:\/\/ptifa.com\/fr\/p\/produits\/asm25-conference-de-lassociation-dentaire-de-lontario\/\" \/>\n<meta property=\"og:site_name\" content=\"Pacific Training Institute for Facial Aesthetics &amp; Therapeutics\" \/>\n<meta property=\"article:modified_time\" content=\"2026-04-16T20:43:36+00:00\" \/>\n<meta property=\"og:image\" content=\"https:\/\/ptifa.com\/wp-content\/uploads\/2025\/03\/Screenshot-2025-09-06-at-12.25.43-PM.png\" \/>\n\t<meta property=\"og:image:width\" content=\"296\" \/>\n\t<meta property=\"og:image:height\" content=\"142\" \/>\n\t<meta property=\"og:image:type\" content=\"image\/png\" \/>\n<meta name=\"twitter:card\" content=\"summary_large_image\" \/>\n<meta name=\"twitter:label1\" content=\"Estimation du temps de lecture\" \/>\n\t<meta name=\"twitter:data1\" content=\"1 minute\" \/>\n<script type=\"application\/ld+json\" class=\"yoast-schema-graph\">{\"@context\":\"https:\\\/\\\/schema.org\",\"@graph\":[{\"@type\":\"WebPage\",\"@id\":\"https:\\\/\\\/ptifa.com\\\/p\\\/products\\\/asm25-ontario-dental-association-conference\\\/\",\"url\":\"https:\\\/\\\/ptifa.com\\\/p\\\/products\\\/asm25-ontario-dental-association-conference\\\/\",\"name\":\"ASM25 ODA Conference: Botox Training for Dental Teams\",\"isPartOf\":{\"@id\":\"https:\\\/\\\/ptifa.com\\\/fr\\\/#website\"},\"primaryImageOfPage\":{\"@id\":\"https:\\\/\\\/ptifa.com\\\/p\\\/products\\\/asm25-ontario-dental-association-conference\\\/#primaryimage\"},\"image\":{\"@id\":\"https:\\\/\\\/ptifa.com\\\/p\\\/products\\\/asm25-ontario-dental-association-conference\\\/#primaryimage\"},\"thumbnailUrl\":\"https:\\\/\\\/ptifa.com\\\/wp-content\\\/uploads\\\/2025\\\/03\\\/Screenshot-2025-09-06-at-12.25.43-PM.png\",\"datePublished\":\"2025-03-14T20:51:31+00:00\",\"dateModified\":\"2026-04-16T20:43:36+00:00\",\"description\":\"Get insights on integrating therapeutic Botox into your dental practice. Explore our Botox courses designed to train the entire dental team.\",\"breadcrumb\":{\"@id\":\"https:\\\/\\\/ptifa.com\\\/p\\\/products\\\/asm25-ontario-dental-association-conference\\\/#breadcrumb\"},\"inLanguage\":\"fr-CA\",\"potentialAction\":[{\"@type\":\"ReadAction\",\"target\":[\"https:\\\/\\\/ptifa.com\\\/p\\\/products\\\/asm25-ontario-dental-association-conference\\\/\"]}]},{\"@type\":\"ImageObject\",\"inLanguage\":\"fr-CA\",\"@id\":\"https:\\\/\\\/ptifa.com\\\/p\\\/products\\\/asm25-ontario-dental-association-conference\\\/#primaryimage\",\"url\":\"https:\\\/\\\/ptifa.com\\\/wp-content\\\/uploads\\\/2025\\\/03\\\/Screenshot-2025-09-06-at-12.25.43-PM.png\",\"contentUrl\":\"https:\\\/\\\/ptifa.com\\\/wp-content\\\/uploads\\\/2025\\\/03\\\/Screenshot-2025-09-06-at-12.25.43-PM.png\",\"width\":296,\"height\":142,\"caption\":\"Ontario Dental Association's ASM25\"},{\"@type\":\"BreadcrumbList\",\"@id\":\"https:\\\/\\\/ptifa.com\\\/p\\\/products\\\/asm25-ontario-dental-association-conference\\\/#breadcrumb\",\"itemListElement\":[{\"@type\":\"ListItem\",\"position\":1,\"name\":\"Home\",\"item\":\"https:\\\/\\\/ptifa.com\\\/\"},{\"@type\":\"ListItem\",\"position\":2,\"name\":\"Products\",\"item\":\"https:\\\/\\\/ptifa.com\\\/fr\\\/produits\\\/\"},{\"@type\":\"ListItem\",\"position\":3,\"name\":\"ASM26 &#8211; Ontario Dental Association Conference\"}]},{\"@type\":\"WebSite\",\"@id\":\"https:\\\/\\\/ptifa.com\\\/fr\\\/#website\",\"url\":\"https:\\\/\\\/ptifa.com\\\/fr\\\/\",\"name\":\"Pacific Training Institute for Facial Aesthetics &amp; Therapeutics\",\"description\":\"\",\"publisher\":{\"@id\":\"https:\\\/\\\/ptifa.com\\\/fr\\\/#organization\"},\"alternateName\":\"PTIFAT\",\"potentialAction\":[{\"@type\":\"SearchAction\",\"target\":{\"@type\":\"EntryPoint\",\"urlTemplate\":\"https:\\\/\\\/ptifa.com\\\/fr\\\/?s={search_term_string}\"},\"query-input\":{\"@type\":\"PropertyValueSpecification\",\"valueRequired\":true,\"valueName\":\"search_term_string\"}}],\"inLanguage\":\"fr-CA\"},{\"@type\":\"Organization\",\"@id\":\"https:\\\/\\\/ptifa.com\\\/fr\\\/#organization\",\"name\":\"Pacific Training Institute for Facial Aesthetics & Therapeutics\",\"alternateName\":\"PTIFAT\",\"url\":\"https:\\\/\\\/ptifa.com\\\/fr\\\/\",\"logo\":{\"@type\":\"ImageObject\",\"inLanguage\":\"fr-CA\",\"@id\":\"https:\\\/\\\/ptifa.com\\\/fr\\\/#\\\/schema\\\/logo\\\/image\\\/\",\"url\":\"https:\\\/\\\/ptifa.com\\\/wp-content\\\/uploads\\\/2025\\\/02\\\/ptifa-logo.svg\",\"contentUrl\":\"https:\\\/\\\/ptifa.com\\\/wp-content\\\/uploads\\\/2025\\\/02\\\/ptifa-logo.svg\",\"width\":310,\"height\":42,\"caption\":\"Pacific Training Institute for Facial Aesthetics & Therapeutics\"},\"image\":{\"@id\":\"https:\\\/\\\/ptifa.com\\\/fr\\\/#\\\/schema\\\/logo\\\/image\\\/\"}}]}<\/script>\n<!-- \/ Yoast SEO plugin. -->","yoast_head_json":{"title":"Conf\u00e9rence ASM25 ODA : Formation au Botox pour les \u00e9quipes dentaires","description":"Obtenez des informations sur l'int\u00e9gration du Botox th\u00e9rapeutique dans votre cabinet dentaire. D\u00e9couvrez nos cours sur le Botox con\u00e7us pour former l'ensemble de l'\u00e9quipe dentaire.","robots":{"index":"index","follow":"follow","max-snippet":"max-snippet:-1","max-image-preview":"max-image-preview:large","max-video-preview":"max-video-preview:-1"},"canonical":"https:\/\/ptifa.com\/fr\/p\/produits\/asm25-conference-de-lassociation-dentaire-de-lontario\/","og_locale":"fr_CA","og_type":"article","og_title":"ASM25 ODA Conference: Botox Training for Dental Teams","og_description":"Get insights on integrating therapeutic Botox into your dental practice. Explore our Botox courses designed to train the entire dental team.","og_url":"https:\/\/ptifa.com\/fr\/p\/produits\/asm25-conference-de-lassociation-dentaire-de-lontario\/","og_site_name":"Pacific Training Institute for Facial Aesthetics &amp; Therapeutics","article_modified_time":"2026-04-16T20:43:36+00:00","og_image":[{"width":296,"height":142,"url":"https:\/\/ptifa.com\/wp-content\/uploads\/2025\/03\/Screenshot-2025-09-06-at-12.25.43-PM.png","type":"image\/png"}],"twitter_card":"summary_large_image","twitter_misc":{"Estimation du temps de lecture":"1 minute"},"schema":{"@context":"https:\/\/schema.org","@graph":[{"@type":"WebPage","@id":"https:\/\/ptifa.com\/p\/products\/asm25-ontario-dental-association-conference\/","url":"https:\/\/ptifa.com\/p\/products\/asm25-ontario-dental-association-conference\/","name":"Conf\u00e9rence ASM25 ODA : Formation au Botox pour les \u00e9quipes dentaires","isPartOf":{"@id":"https:\/\/ptifa.com\/fr\/#website"},"primaryImageOfPage":{"@id":"https:\/\/ptifa.com\/p\/products\/asm25-ontario-dental-association-conference\/#primaryimage"},"image":{"@id":"https:\/\/ptifa.com\/p\/products\/asm25-ontario-dental-association-conference\/#primaryimage"},"thumbnailUrl":"https:\/\/ptifa.com\/wp-content\/uploads\/2025\/03\/Screenshot-2025-09-06-at-12.25.43-PM.png","datePublished":"2025-03-14T20:51:31+00:00","dateModified":"2026-04-16T20:43:36+00:00","description":"Obtenez des informations sur l'int\u00e9gration du Botox th\u00e9rapeutique dans votre cabinet dentaire. D\u00e9couvrez nos cours sur le Botox con\u00e7us pour former l'ensemble de l'\u00e9quipe dentaire.","breadcrumb":{"@id":"https:\/\/ptifa.com\/p\/products\/asm25-ontario-dental-association-conference\/#breadcrumb"},"inLanguage":"fr-CA","potentialAction":[{"@type":"ReadAction","target":["https:\/\/ptifa.com\/p\/products\/asm25-ontario-dental-association-conference\/"]}]},{"@type":"ImageObject","inLanguage":"fr-CA","@id":"https:\/\/ptifa.com\/p\/products\/asm25-ontario-dental-association-conference\/#primaryimage","url":"https:\/\/ptifa.com\/wp-content\/uploads\/2025\/03\/Screenshot-2025-09-06-at-12.25.43-PM.png","contentUrl":"https:\/\/ptifa.com\/wp-content\/uploads\/2025\/03\/Screenshot-2025-09-06-at-12.25.43-PM.png","width":296,"height":142,"caption":"Ontario Dental Association's ASM25"},{"@type":"BreadcrumbList","@id":"https:\/\/ptifa.com\/p\/products\/asm25-ontario-dental-association-conference\/#breadcrumb","itemListElement":[{"@type":"ListItem","position":1,"name":"Home","item":"https:\/\/ptifa.com\/"},{"@type":"ListItem","position":2,"name":"Products","item":"https:\/\/ptifa.com\/fr\/produits\/"},{"@type":"ListItem","position":3,"name":"ASM26 &#8211; Ontario Dental Association Conference"}]},{"@type":"WebSite","@id":"https:\/\/ptifa.com\/fr\/#website","url":"https:\/\/ptifa.com\/fr\/","name":"Institut de formation du Pacifique pour l'esth\u00e9tique faciale et la th\u00e9rapeutique","description":"","publisher":{"@id":"https:\/\/ptifa.com\/fr\/#organization"},"alternateName":"PTIFAT","potentialAction":[{"@type":"SearchAction","target":{"@type":"EntryPoint","urlTemplate":"https:\/\/ptifa.com\/fr\/?s={search_term_string}"},"query-input":{"@type":"PropertyValueSpecification","valueRequired":true,"valueName":"search_term_string"}}],"inLanguage":"fr-CA"},{"@type":"Organization","@id":"https:\/\/ptifa.com\/fr\/#organization","name":"Institut de formation du Pacifique pour l'esth\u00e9tique faciale et la th\u00e9rapeutique","alternateName":"PTIFAT","url":"https:\/\/ptifa.com\/fr\/","logo":{"@type":"ImageObject","inLanguage":"fr-CA","@id":"https:\/\/ptifa.com\/fr\/#\/schema\/logo\/image\/","url":"https:\/\/ptifa.com\/wp-content\/uploads\/2025\/02\/ptifa-logo.svg","contentUrl":"https:\/\/ptifa.com\/wp-content\/uploads\/2025\/02\/ptifa-logo.svg","width":310,"height":42,"caption":"Pacific Training Institute for Facial Aesthetics & Therapeutics"},"image":{"@id":"https:\/\/ptifa.com\/fr\/#\/schema\/logo\/image\/"}}]}},"_links":{"self":[{"href":"https:\/\/ptifa.com\/fr\/wp-json\/wp\/v2\/product\/1643","targetHints":{"allow":["GET"]}}],"collection":[{"href":"https:\/\/ptifa.com\/fr\/wp-json\/wp\/v2\/product"}],"about":[{"href":"https:\/\/ptifa.com\/fr\/wp-json\/wp\/v2\/types\/product"}],"wp:featuredmedia":[{"embeddable":true,"href":"https:\/\/ptifa.com\/fr\/wp-json\/wp\/v2\/media\/5461"}],"wp:attachment":[{"href":"https:\/\/ptifa.com\/fr\/wp-json\/wp\/v2\/media?parent=1643"}],"wp:term":[{"taxonomy":"product_brand","embeddable":true,"href":"https:\/\/ptifa.com\/fr\/wp-json\/wp\/v2\/product_brand?post=1643"},{"taxonomy":"product_cat","embeddable":true,"href":"https:\/\/ptifa.com\/fr\/wp-json\/wp\/v2\/product_cat?post=1643"},{"taxonomy":"product_tag","embeddable":true,"href":"https:\/\/ptifa.com\/fr\/wp-json\/wp\/v2\/product_tag?post=1643"}],"curies":[{"name":"wp","href":"https:\/\/api.w.org\/{rel}","templated":true}]}}