{"id":1652,"date":"2025-03-14T21:41:34","date_gmt":"2025-03-14T21:41:34","guid":{"rendered":"https:\/\/ptifa.com\/?post_type=product&#038;p=1652"},"modified":"2026-01-15T21:53:54","modified_gmt":"2026-01-15T21:53:54","slug":"logiciel-facetec","status":"publish","type":"product","link":"https:\/\/ptifa.com\/fr\/p\/products\/facetec-software\/","title":{"rendered":"Logiciel Facetec"},"content":{"rendered":"<p><br><\/p>\n\n\n\n<h2 class=\"wp-block-heading\">G\u00e9rer les photos de Botox\u00ae et les dossiers des patients en toute confiance<\/h2>\n\n\n\n<p><\/p>\n\n\n\n<figure class=\"wp-block-image size-large\"><img loading=\"lazy\" decoding=\"async\" width=\"1024\" height=\"328\" src=\"https:\/\/ptifa.com\/wp-content\/uploads\/2025\/02\/forehead2-1024x328.jpg\" alt=\"\" class=\"wp-image-1012\" srcset=\"https:\/\/ptifa.com\/wp-content\/uploads\/2025\/02\/forehead2-1024x328.jpg 1024w, https:\/\/ptifa.com\/wp-content\/uploads\/2025\/02\/forehead2-300x96.jpg 300w, https:\/\/ptifa.com\/wp-content\/uploads\/2025\/02\/forehead2-768x246.jpg 768w, https:\/\/ptifa.com\/wp-content\/uploads\/2025\/02\/forehead2-600x192.jpg 600w, https:\/\/ptifa.com\/wp-content\/uploads\/2025\/02\/forehead2.jpg 1465w\" sizes=\"auto, (max-width: 1024px) 100vw, 1024px\" \/><\/figure>\n\n\n\n<p><br>D\u00e9velopper des dossiers complets pour les patients injectables avec des photographies standardis\u00e9es, une documentation claire et une \u00e9ducation int\u00e9gr\u00e9e des patients, afin de favoriser la conformit\u00e9 des soins et la croissance de la pratique.<\/p>\n\n\n\n<p>Facetec est une plateforme bas\u00e9e sur le cloud con\u00e7ue pour les dentistes et les m\u00e9decins qui introduisent ou d\u00e9veloppent le Botox\u00ae et les injectables faciaux dans leur pratique. Elle offre des capacit\u00e9s compl\u00e8tes de DME pour rationaliser les flux de travail, augmenter l'efficacit\u00e9 et \u00e9duquer les patients en \u00e9tablissant une relation de confiance.<\/p>\n\n\n\n<p><strong>6 raisons pour lesquelles les injecteurs utilisent Facetec :<\/strong><\/p>\n\n\n\n<p>&nbsp;\u2714 <strong>Gestion tout-en-un :<\/strong> Consolidez les photographies cliniques, les dossiers de traitement et les consentements, la programmation - vous gagnez du temps et de l'efficacit\u00e9.<\/p>\n\n\n\n<p>\u2714&nbsp;<strong>Comparaison des photos avant et apr\u00e8s :<\/strong> Parez sans couture des s\u00e9ries de photos normalis\u00e9es pour analyser avec pr\u00e9cision l'\u00e9volution du traitement. Comparez rapidement les r\u00e9sultats entre les diff\u00e9rentes dates de visite avec coh\u00e9rence et facilit\u00e9.<\/p>\n\n\n\n<p>\u2714 <strong>Tenue efficace des dossiers pour l'esth\u00e9tique et la th\u00e9rapeutique :<\/strong> Stocker en toute s\u00e9curit\u00e9 les dossiers de traitements esth\u00e9tiques et th\u00e9rapeutiques, y compris les cas de migraines chroniques, de c\u00e9phal\u00e9es et de TMD, ainsi que les dossiers de traitements esth\u00e9tiques.<\/p>\n\n\n\n<p>\u2714 <strong>Recherche et r\u00e9cup\u00e9ration rapides des dossiers :<\/strong> Acc\u00e9dez rapidement \u00e0 des dossiers de patients ou \u00e0 des cas sp\u00e9cifiques, ce qui am\u00e9liore la qualit\u00e9 des consultations et la productivit\u00e9.<\/p>\n\n\n\n<p>\u2714 <strong>Conforme aux normes HIPAA et PIPEDA :<\/strong> Prot\u00e9ger les informations des patients gr\u00e2ce \u00e0 des protocoles de s\u00e9curit\u00e9 conformes aux normes de l'industrie.<\/p>\n\n\n\n<p><strong>\u2714<\/strong> <strong>Outils de marketing et de portefeuille sans effort :<\/strong> Affichez vos meilleurs cas avec des portfolios avant et apr\u00e8s de haute qualit\u00e9 pour attirer de nouveaux patients et asseoir votre cr\u00e9dibilit\u00e9.<\/p>\n\n\n\n<p><strong><a href=\"http:\/\/www.facetec.ca\" target=\"_blank\" rel=\"noreferrer noopener\">Voir les tarifs et les plans<\/a><\/strong><\/p>","protected":false},"excerpt":{"rendered":"<p>Une plateforme tout-en-un pour le stockage, la gestion et la comparaison de photographies cliniques, et la cr\u00e9ation de portfolios professionnels impressionnants avant et apr\u00e8s.\u00a0<\/p>","protected":false},"featured_media":3463,"template":"","meta":{"_acf_changed":false,"inline_featured_image":false},"product_brand":[],"product_cat":[77],"product_tag":[],"class_list":{"0":"post-1652","1":"product","2":"type-product","3":"status-publish","4":"has-post-thumbnail","6":"product_cat-products","7":"","8":"woocommerce-text-align-center","9":"woocommerce-image-align-center","11":"first","12":"instock","13":"taxable","14":"shipping-taxable","15":"product-type-external"},"exclude_global_add_ons":[],"addons":[],"acf":[],"yoast_head":"<!-- This site is optimized with the Yoast SEO plugin v27.6 - https:\/\/yoast.com\/product\/yoast-seo-wordpress\/ -->\n<title>FACETEC Medical Aesthetics Software for Injectors<\/title>\n<meta name=\"description\" content=\"An all-in-one platform for storing, managing and comparing clinical photography, and building impressive professional before &amp; after portfolios.\" \/>\n<meta name=\"robots\" content=\"index, follow, max-snippet:-1, max-image-preview:large, max-video-preview:-1\" \/>\n<link rel=\"canonical\" href=\"https:\/\/ptifa.com\/fr\/p\/produits\/logiciel-facetec\/\" \/>\n<meta property=\"og:locale\" content=\"fr_CA\" \/>\n<meta property=\"og:type\" content=\"article\" \/>\n<meta property=\"og:title\" content=\"FACETEC Medical Aesthetics Software for Injectors\" \/>\n<meta property=\"og:description\" content=\"An all-in-one platform for storing, managing and comparing clinical photography, and building impressive professional before &amp; after portfolios.\" \/>\n<meta property=\"og:url\" content=\"https:\/\/ptifa.com\/fr\/p\/produits\/logiciel-facetec\/\" \/>\n<meta property=\"og:site_name\" content=\"Pacific Training Institute for Facial Aesthetics &amp; Therapeutics\" \/>\n<meta property=\"article:modified_time\" content=\"2026-01-15T21:53:54+00:00\" \/>\n<meta property=\"og:image\" content=\"https:\/\/ptifa.com\/wp-content\/uploads\/2025\/03\/Facetec.png\" \/>\n\t<meta property=\"og:image:width\" content=\"2410\" \/>\n\t<meta property=\"og:image:height\" content=\"1723\" \/>\n\t<meta property=\"og:image:type\" content=\"image\/png\" \/>\n<meta name=\"twitter:card\" content=\"summary_large_image\" \/>\n<meta name=\"twitter:label1\" content=\"Estimation du temps de lecture\" \/>\n\t<meta name=\"twitter:data1\" content=\"2 minutes\" \/>\n<script type=\"application\/ld+json\" class=\"yoast-schema-graph\">{\"@context\":\"https:\\\/\\\/schema.org\",\"@graph\":[{\"@type\":\"WebPage\",\"@id\":\"https:\\\/\\\/ptifa.com\\\/p\\\/products\\\/facetec-software\\\/\",\"url\":\"https:\\\/\\\/ptifa.com\\\/p\\\/products\\\/facetec-software\\\/\",\"name\":\"FACETEC Medical Aesthetics Software for Injectors\",\"isPartOf\":{\"@id\":\"https:\\\/\\\/ptifa.com\\\/fr\\\/#website\"},\"primaryImageOfPage\":{\"@id\":\"https:\\\/\\\/ptifa.com\\\/p\\\/products\\\/facetec-software\\\/#primaryimage\"},\"image\":{\"@id\":\"https:\\\/\\\/ptifa.com\\\/p\\\/products\\\/facetec-software\\\/#primaryimage\"},\"thumbnailUrl\":\"https:\\\/\\\/ptifa.com\\\/wp-content\\\/uploads\\\/2025\\\/03\\\/Facetec.png\",\"datePublished\":\"2025-03-14T21:41:34+00:00\",\"dateModified\":\"2026-01-15T21:53:54+00:00\",\"description\":\"An all-in-one platform for storing, managing and comparing clinical photography, and building impressive professional before & after portfolios.\",\"breadcrumb\":{\"@id\":\"https:\\\/\\\/ptifa.com\\\/p\\\/products\\\/facetec-software\\\/#breadcrumb\"},\"inLanguage\":\"fr-CA\",\"potentialAction\":[{\"@type\":\"ReadAction\",\"target\":[\"https:\\\/\\\/ptifa.com\\\/p\\\/products\\\/facetec-software\\\/\"]}]},{\"@type\":\"ImageObject\",\"inLanguage\":\"fr-CA\",\"@id\":\"https:\\\/\\\/ptifa.com\\\/p\\\/products\\\/facetec-software\\\/#primaryimage\",\"url\":\"https:\\\/\\\/ptifa.com\\\/wp-content\\\/uploads\\\/2025\\\/03\\\/Facetec.png\",\"contentUrl\":\"https:\\\/\\\/ptifa.com\\\/wp-content\\\/uploads\\\/2025\\\/03\\\/Facetec.png\",\"width\":2410,\"height\":1723,\"caption\":\"Facetec logo.\"},{\"@type\":\"BreadcrumbList\",\"@id\":\"https:\\\/\\\/ptifa.com\\\/p\\\/products\\\/facetec-software\\\/#breadcrumb\",\"itemListElement\":[{\"@type\":\"ListItem\",\"position\":1,\"name\":\"Home\",\"item\":\"https:\\\/\\\/ptifa.com\\\/\"},{\"@type\":\"ListItem\",\"position\":2,\"name\":\"Products\",\"item\":\"https:\\\/\\\/ptifa.com\\\/fr\\\/produits\\\/\"},{\"@type\":\"ListItem\",\"position\":3,\"name\":\"Facetec Software\"}]},{\"@type\":\"WebSite\",\"@id\":\"https:\\\/\\\/ptifa.com\\\/fr\\\/#website\",\"url\":\"https:\\\/\\\/ptifa.com\\\/fr\\\/\",\"name\":\"Pacific Training Institute for Facial Aesthetics &amp; Therapeutics\",\"description\":\"\",\"publisher\":{\"@id\":\"https:\\\/\\\/ptifa.com\\\/fr\\\/#organization\"},\"alternateName\":\"PTIFAT\",\"potentialAction\":[{\"@type\":\"SearchAction\",\"target\":{\"@type\":\"EntryPoint\",\"urlTemplate\":\"https:\\\/\\\/ptifa.com\\\/fr\\\/?s={search_term_string}\"},\"query-input\":{\"@type\":\"PropertyValueSpecification\",\"valueRequired\":true,\"valueName\":\"search_term_string\"}}],\"inLanguage\":\"fr-CA\"},{\"@type\":\"Organization\",\"@id\":\"https:\\\/\\\/ptifa.com\\\/fr\\\/#organization\",\"name\":\"Pacific Training Institute for Facial Aesthetics & Therapeutics\",\"alternateName\":\"PTIFAT\",\"url\":\"https:\\\/\\\/ptifa.com\\\/fr\\\/\",\"logo\":{\"@type\":\"ImageObject\",\"inLanguage\":\"fr-CA\",\"@id\":\"https:\\\/\\\/ptifa.com\\\/fr\\\/#\\\/schema\\\/logo\\\/image\\\/\",\"url\":\"https:\\\/\\\/ptifa.com\\\/wp-content\\\/uploads\\\/2025\\\/02\\\/ptifa-logo.svg\",\"contentUrl\":\"https:\\\/\\\/ptifa.com\\\/wp-content\\\/uploads\\\/2025\\\/02\\\/ptifa-logo.svg\",\"width\":310,\"height\":42,\"caption\":\"Pacific Training Institute for Facial Aesthetics & Therapeutics\"},\"image\":{\"@id\":\"https:\\\/\\\/ptifa.com\\\/fr\\\/#\\\/schema\\\/logo\\\/image\\\/\"}}]}<\/script>\n<!-- \/ Yoast SEO plugin. -->","yoast_head_json":{"title":"FACETEC Medical Aesthetics Software for Injectors (Logiciel d'esth\u00e9tique m\u00e9dicale pour injecteurs)","description":"Une plateforme tout-en-un pour le stockage, la gestion et la comparaison de photographies cliniques, et la cr\u00e9ation de portfolios professionnels impressionnants avant et apr\u00e8s.","robots":{"index":"index","follow":"follow","max-snippet":"max-snippet:-1","max-image-preview":"max-image-preview:large","max-video-preview":"max-video-preview:-1"},"canonical":"https:\/\/ptifa.com\/fr\/p\/produits\/logiciel-facetec\/","og_locale":"fr_CA","og_type":"article","og_title":"FACETEC Medical Aesthetics Software for Injectors","og_description":"An all-in-one platform for storing, managing and comparing clinical photography, and building impressive professional before & after portfolios.","og_url":"https:\/\/ptifa.com\/fr\/p\/produits\/logiciel-facetec\/","og_site_name":"Pacific Training Institute for Facial Aesthetics &amp; Therapeutics","article_modified_time":"2026-01-15T21:53:54+00:00","og_image":[{"width":2410,"height":1723,"url":"https:\/\/ptifa.com\/wp-content\/uploads\/2025\/03\/Facetec.png","type":"image\/png"}],"twitter_card":"summary_large_image","twitter_misc":{"Estimation du temps de lecture":"2 minutes"},"schema":{"@context":"https:\/\/schema.org","@graph":[{"@type":"WebPage","@id":"https:\/\/ptifa.com\/p\/products\/facetec-software\/","url":"https:\/\/ptifa.com\/p\/products\/facetec-software\/","name":"FACETEC Medical Aesthetics Software for Injectors (Logiciel d'esth\u00e9tique m\u00e9dicale pour injecteurs)","isPartOf":{"@id":"https:\/\/ptifa.com\/fr\/#website"},"primaryImageOfPage":{"@id":"https:\/\/ptifa.com\/p\/products\/facetec-software\/#primaryimage"},"image":{"@id":"https:\/\/ptifa.com\/p\/products\/facetec-software\/#primaryimage"},"thumbnailUrl":"https:\/\/ptifa.com\/wp-content\/uploads\/2025\/03\/Facetec.png","datePublished":"2025-03-14T21:41:34+00:00","dateModified":"2026-01-15T21:53:54+00:00","description":"Une plateforme tout-en-un pour le stockage, la gestion et la comparaison de photographies cliniques, et la cr\u00e9ation de portfolios professionnels impressionnants avant et apr\u00e8s.","breadcrumb":{"@id":"https:\/\/ptifa.com\/p\/products\/facetec-software\/#breadcrumb"},"inLanguage":"fr-CA","potentialAction":[{"@type":"ReadAction","target":["https:\/\/ptifa.com\/p\/products\/facetec-software\/"]}]},{"@type":"ImageObject","inLanguage":"fr-CA","@id":"https:\/\/ptifa.com\/p\/products\/facetec-software\/#primaryimage","url":"https:\/\/ptifa.com\/wp-content\/uploads\/2025\/03\/Facetec.png","contentUrl":"https:\/\/ptifa.com\/wp-content\/uploads\/2025\/03\/Facetec.png","width":2410,"height":1723,"caption":"Facetec logo."},{"@type":"BreadcrumbList","@id":"https:\/\/ptifa.com\/p\/products\/facetec-software\/#breadcrumb","itemListElement":[{"@type":"ListItem","position":1,"name":"Home","item":"https:\/\/ptifa.com\/"},{"@type":"ListItem","position":2,"name":"Products","item":"https:\/\/ptifa.com\/fr\/produits\/"},{"@type":"ListItem","position":3,"name":"Facetec Software"}]},{"@type":"WebSite","@id":"https:\/\/ptifa.com\/fr\/#website","url":"https:\/\/ptifa.com\/fr\/","name":"Institut de formation du Pacifique pour l'esth\u00e9tique faciale et la th\u00e9rapeutique","description":"","publisher":{"@id":"https:\/\/ptifa.com\/fr\/#organization"},"alternateName":"PTIFAT","potentialAction":[{"@type":"SearchAction","target":{"@type":"EntryPoint","urlTemplate":"https:\/\/ptifa.com\/fr\/?s={search_term_string}"},"query-input":{"@type":"PropertyValueSpecification","valueRequired":true,"valueName":"search_term_string"}}],"inLanguage":"fr-CA"},{"@type":"Organization","@id":"https:\/\/ptifa.com\/fr\/#organization","name":"Institut de formation du Pacifique pour l'esth\u00e9tique faciale et la th\u00e9rapeutique","alternateName":"PTIFAT","url":"https:\/\/ptifa.com\/fr\/","logo":{"@type":"ImageObject","inLanguage":"fr-CA","@id":"https:\/\/ptifa.com\/fr\/#\/schema\/logo\/image\/","url":"https:\/\/ptifa.com\/wp-content\/uploads\/2025\/02\/ptifa-logo.svg","contentUrl":"https:\/\/ptifa.com\/wp-content\/uploads\/2025\/02\/ptifa-logo.svg","width":310,"height":42,"caption":"Pacific Training Institute for Facial Aesthetics & Therapeutics"},"image":{"@id":"https:\/\/ptifa.com\/fr\/#\/schema\/logo\/image\/"}}]}},"_links":{"self":[{"href":"https:\/\/ptifa.com\/fr\/wp-json\/wp\/v2\/product\/1652","targetHints":{"allow":["GET"]}}],"collection":[{"href":"https:\/\/ptifa.com\/fr\/wp-json\/wp\/v2\/product"}],"about":[{"href":"https:\/\/ptifa.com\/fr\/wp-json\/wp\/v2\/types\/product"}],"wp:featuredmedia":[{"embeddable":true,"href":"https:\/\/ptifa.com\/fr\/wp-json\/wp\/v2\/media\/3463"}],"wp:attachment":[{"href":"https:\/\/ptifa.com\/fr\/wp-json\/wp\/v2\/media?parent=1652"}],"wp:term":[{"taxonomy":"product_brand","embeddable":true,"href":"https:\/\/ptifa.com\/fr\/wp-json\/wp\/v2\/product_brand?post=1652"},{"taxonomy":"product_cat","embeddable":true,"href":"https:\/\/ptifa.com\/fr\/wp-json\/wp\/v2\/product_cat?post=1652"},{"taxonomy":"product_tag","embeddable":true,"href":"https:\/\/ptifa.com\/fr\/wp-json\/wp\/v2\/product_tag?post=1652"}],"curies":[{"name":"wp","href":"https:\/\/api.w.org\/{rel}","templated":true}]}}