{"id":1655,"date":"2025-03-14T21:50:59","date_gmt":"2025-03-14T21:50:59","guid":{"rendered":"https:\/\/ptifa.com\/?post_type=product&#038;p=1655"},"modified":"2025-04-27T19:11:00","modified_gmt":"2025-04-27T19:11:00","slug":"avant-apres-album-eduquer-inspirer-les-patients","status":"publish","type":"product","link":"https:\/\/ptifa.com\/fr\/p\/products\/before-after-album-educate-inspire-patients\/","title":{"rendered":"Album avant et apr\u00e8s - \u00c9duquer et inspirer les patients"},"content":{"rendered":"<p>Montrez \u00e0 vos patients les avantages transformateurs du traitement Botox\u00ae gr\u00e2ce \u00e0 ce produit \u00e9l\u00e9gant et professionnel. <strong>Album avant et apr\u00e8s<\/strong>. Con\u00e7u pour votre salle d'attente, cet album permet de susciter l'int\u00e9r\u00eat, d'instaurer la confiance et d'entamer des conversations sur les possibilit\u00e9s de traitement.<\/p>\n\n\n\n<p>\u2714\ufe0f <strong>Des r\u00e9sultats concrets pour les patients<\/strong> pr\u00e9senter les r\u00e9sultats des traitements<br>\u2714\ufe0f <strong>Design moderne et de haute qualit\u00e9<\/strong> pour une pr\u00e9sentation soign\u00e9e<br>\u2714\ufe0f <strong>Un moyen facile d'\u00e9duquer et d'engager<\/strong> les patients avant leur consultation<\/p>\n\n\n\n<p>Placez-la dans votre cabinet et laissez les r\u00e9sultats parler d'eux-m\u00eames !<\/p>","protected":false},"excerpt":{"rendered":"<p>Montrez \u00e0 vos patients les avantages transformateurs du traitement Botox\u00ae gr\u00e2ce \u00e0 cet album avant et apr\u00e8s \u00e9l\u00e9gant et professionnel. Con\u00e7u pour votre salle d'attente, cet album permet de susciter l'int\u00e9r\u00eat, d'instaurer la confiance et d'entamer des conversations sur les possibilit\u00e9s de traitement.<\/p>","protected":false},"featured_media":1135,"template":"","meta":{"_acf_changed":false,"inline_featured_image":false},"product_brand":[],"product_cat":[77],"product_tag":[],"class_list":{"0":"post-1655","1":"product","2":"type-product","3":"status-publish","4":"has-post-thumbnail","6":"product_cat-products","7":"product_shipping_class-before-after-album","8":"","9":"woocommerce-text-align-center","10":"woocommerce-image-align-center","12":"first","13":"instock","14":"taxable","15":"shipping-taxable","16":"purchasable","17":"product-type-simple"},"exclude_global_add_ons":[],"addons":[],"acf":[],"yoast_head":"<!-- This site is optimized with the Yoast SEO plugin v27.3 - https:\/\/yoast.com\/product\/yoast-seo-wordpress\/ -->\n<title>Botox Before &amp; After Album: Educate &amp; Inspire Patients<\/title>\n<meta name=\"description\" content=\"Spark patient interest and build trust with this professional before &amp; after album for your waiting room that shows the transformative benefits of Botox.\" \/>\n<meta name=\"robots\" content=\"index, follow, max-snippet:-1, max-image-preview:large, max-video-preview:-1\" \/>\n<link rel=\"canonical\" href=\"https:\/\/ptifa.com\/fr\/p\/produits\/avant-apres-album-eduquer-inspirer-les-patients\/\" \/>\n<meta property=\"og:locale\" content=\"fr_CA\" \/>\n<meta property=\"og:type\" content=\"article\" \/>\n<meta property=\"og:title\" content=\"Botox Before &amp; After Album: Educate &amp; Inspire Patients\" \/>\n<meta property=\"og:description\" content=\"Spark patient interest and build trust with this professional before &amp; after album for your waiting room that shows the transformative benefits of Botox.\" \/>\n<meta property=\"og:url\" content=\"https:\/\/ptifa.com\/fr\/p\/produits\/avant-apres-album-eduquer-inspirer-les-patients\/\" \/>\n<meta property=\"og:site_name\" content=\"Pacific Training Institute for Facial Aesthetics &amp; Therapeutics\" \/>\n<meta property=\"article:modified_time\" content=\"2025-04-27T19:11:00+00:00\" \/>\n<meta property=\"og:image\" content=\"https:\/\/ptifa.com\/wp-content\/uploads\/2025\/03\/album.webp\" \/>\n\t<meta property=\"og:image:width\" content=\"482\" \/>\n\t<meta property=\"og:image:height\" content=\"443\" \/>\n\t<meta property=\"og:image:type\" content=\"image\/webp\" \/>\n<meta name=\"twitter:card\" content=\"summary_large_image\" \/>\n<meta name=\"twitter:label1\" content=\"Estimation du temps de lecture\" \/>\n\t<meta name=\"twitter:data1\" content=\"1 minute\" \/>\n<script type=\"application\/ld+json\" class=\"yoast-schema-graph\">{\"@context\":\"https:\\\/\\\/schema.org\",\"@graph\":[{\"@type\":\"WebPage\",\"@id\":\"https:\\\/\\\/ptifa.com\\\/p\\\/products\\\/before-after-album-educate-inspire-patients\\\/\",\"url\":\"https:\\\/\\\/ptifa.com\\\/p\\\/products\\\/before-after-album-educate-inspire-patients\\\/\",\"name\":\"Botox Before & After Album: Educate & Inspire Patients\",\"isPartOf\":{\"@id\":\"https:\\\/\\\/ptifa.com\\\/fr\\\/#website\"},\"primaryImageOfPage\":{\"@id\":\"https:\\\/\\\/ptifa.com\\\/p\\\/products\\\/before-after-album-educate-inspire-patients\\\/#primaryimage\"},\"image\":{\"@id\":\"https:\\\/\\\/ptifa.com\\\/p\\\/products\\\/before-after-album-educate-inspire-patients\\\/#primaryimage\"},\"thumbnailUrl\":\"https:\\\/\\\/ptifa.com\\\/wp-content\\\/uploads\\\/2025\\\/03\\\/album.webp\",\"datePublished\":\"2025-03-14T21:50:59+00:00\",\"dateModified\":\"2025-04-27T19:11:00+00:00\",\"description\":\"Spark patient interest and build trust with this professional before & after album for your waiting room that shows the transformative benefits of Botox.\",\"breadcrumb\":{\"@id\":\"https:\\\/\\\/ptifa.com\\\/p\\\/products\\\/before-after-album-educate-inspire-patients\\\/#breadcrumb\"},\"inLanguage\":\"fr-CA\",\"potentialAction\":[{\"@type\":\"ReadAction\",\"target\":[\"https:\\\/\\\/ptifa.com\\\/p\\\/products\\\/before-after-album-educate-inspire-patients\\\/\"]}]},{\"@type\":\"ImageObject\",\"inLanguage\":\"fr-CA\",\"@id\":\"https:\\\/\\\/ptifa.com\\\/p\\\/products\\\/before-after-album-educate-inspire-patients\\\/#primaryimage\",\"url\":\"https:\\\/\\\/ptifa.com\\\/wp-content\\\/uploads\\\/2025\\\/03\\\/album.webp\",\"contentUrl\":\"https:\\\/\\\/ptifa.com\\\/wp-content\\\/uploads\\\/2025\\\/03\\\/album.webp\",\"width\":482,\"height\":443,\"caption\":\"Botox before & after album\"},{\"@type\":\"BreadcrumbList\",\"@id\":\"https:\\\/\\\/ptifa.com\\\/p\\\/products\\\/before-after-album-educate-inspire-patients\\\/#breadcrumb\",\"itemListElement\":[{\"@type\":\"ListItem\",\"position\":1,\"name\":\"Home\",\"item\":\"https:\\\/\\\/ptifa.com\\\/\"},{\"@type\":\"ListItem\",\"position\":2,\"name\":\"Products\",\"item\":\"https:\\\/\\\/ptifa.com\\\/fr\\\/produits\\\/\"},{\"@type\":\"ListItem\",\"position\":3,\"name\":\"Before &amp; After Album &#8211; Educate &amp; Inspire Patients\"}]},{\"@type\":\"WebSite\",\"@id\":\"https:\\\/\\\/ptifa.com\\\/fr\\\/#website\",\"url\":\"https:\\\/\\\/ptifa.com\\\/fr\\\/\",\"name\":\"Pacific Training Institute for Facial Aesthetics &amp; Therapeutics\",\"description\":\"\",\"publisher\":{\"@id\":\"https:\\\/\\\/ptifa.com\\\/fr\\\/#organization\"},\"alternateName\":\"PTIFAT\",\"potentialAction\":[{\"@type\":\"SearchAction\",\"target\":{\"@type\":\"EntryPoint\",\"urlTemplate\":\"https:\\\/\\\/ptifa.com\\\/fr\\\/?s={search_term_string}\"},\"query-input\":{\"@type\":\"PropertyValueSpecification\",\"valueRequired\":true,\"valueName\":\"search_term_string\"}}],\"inLanguage\":\"fr-CA\"},{\"@type\":\"Organization\",\"@id\":\"https:\\\/\\\/ptifa.com\\\/fr\\\/#organization\",\"name\":\"Pacific Training Institute for Facial Aesthetics & Therapeutics\",\"alternateName\":\"PTIFAT\",\"url\":\"https:\\\/\\\/ptifa.com\\\/fr\\\/\",\"logo\":{\"@type\":\"ImageObject\",\"inLanguage\":\"fr-CA\",\"@id\":\"https:\\\/\\\/ptifa.com\\\/fr\\\/#\\\/schema\\\/logo\\\/image\\\/\",\"url\":\"https:\\\/\\\/ptifa.com\\\/wp-content\\\/uploads\\\/2025\\\/02\\\/ptifa-logo.svg\",\"contentUrl\":\"https:\\\/\\\/ptifa.com\\\/wp-content\\\/uploads\\\/2025\\\/02\\\/ptifa-logo.svg\",\"width\":310,\"height\":42,\"caption\":\"Pacific Training Institute for Facial Aesthetics & Therapeutics\"},\"image\":{\"@id\":\"https:\\\/\\\/ptifa.com\\\/fr\\\/#\\\/schema\\\/logo\\\/image\\\/\"}}]}<\/script>\n<!-- \/ Yoast SEO plugin. -->","yoast_head_json":{"title":"Album Botox avant et apr\u00e8s : \u00c9duquer et inspirer les patients","description":"Suscitez l'int\u00e9r\u00eat des patients et cr\u00e9ez la confiance avec cet album professionnel avant et apr\u00e8s pour votre salle d'attente qui montre les avantages transformateurs du Botox.","robots":{"index":"index","follow":"follow","max-snippet":"max-snippet:-1","max-image-preview":"max-image-preview:large","max-video-preview":"max-video-preview:-1"},"canonical":"https:\/\/ptifa.com\/fr\/p\/produits\/avant-apres-album-eduquer-inspirer-les-patients\/","og_locale":"fr_CA","og_type":"article","og_title":"Botox Before & After Album: Educate & Inspire Patients","og_description":"Spark patient interest and build trust with this professional before & after album for your waiting room that shows the transformative benefits of Botox.","og_url":"https:\/\/ptifa.com\/fr\/p\/produits\/avant-apres-album-eduquer-inspirer-les-patients\/","og_site_name":"Pacific Training Institute for Facial Aesthetics &amp; Therapeutics","article_modified_time":"2025-04-27T19:11:00+00:00","og_image":[{"width":482,"height":443,"url":"https:\/\/ptifa.com\/wp-content\/uploads\/2025\/03\/album.webp","type":"image\/webp"}],"twitter_card":"summary_large_image","twitter_misc":{"Estimation du temps de lecture":"1 minute"},"schema":{"@context":"https:\/\/schema.org","@graph":[{"@type":"WebPage","@id":"https:\/\/ptifa.com\/p\/products\/before-after-album-educate-inspire-patients\/","url":"https:\/\/ptifa.com\/p\/products\/before-after-album-educate-inspire-patients\/","name":"Album Botox avant et apr\u00e8s : \u00c9duquer et inspirer les patients","isPartOf":{"@id":"https:\/\/ptifa.com\/fr\/#website"},"primaryImageOfPage":{"@id":"https:\/\/ptifa.com\/p\/products\/before-after-album-educate-inspire-patients\/#primaryimage"},"image":{"@id":"https:\/\/ptifa.com\/p\/products\/before-after-album-educate-inspire-patients\/#primaryimage"},"thumbnailUrl":"https:\/\/ptifa.com\/wp-content\/uploads\/2025\/03\/album.webp","datePublished":"2025-03-14T21:50:59+00:00","dateModified":"2025-04-27T19:11:00+00:00","description":"Suscitez l'int\u00e9r\u00eat des patients et cr\u00e9ez la confiance avec cet album professionnel avant et apr\u00e8s pour votre salle d'attente qui montre les avantages transformateurs du Botox.","breadcrumb":{"@id":"https:\/\/ptifa.com\/p\/products\/before-after-album-educate-inspire-patients\/#breadcrumb"},"inLanguage":"fr-CA","potentialAction":[{"@type":"ReadAction","target":["https:\/\/ptifa.com\/p\/products\/before-after-album-educate-inspire-patients\/"]}]},{"@type":"ImageObject","inLanguage":"fr-CA","@id":"https:\/\/ptifa.com\/p\/products\/before-after-album-educate-inspire-patients\/#primaryimage","url":"https:\/\/ptifa.com\/wp-content\/uploads\/2025\/03\/album.webp","contentUrl":"https:\/\/ptifa.com\/wp-content\/uploads\/2025\/03\/album.webp","width":482,"height":443,"caption":"Botox before & after album"},{"@type":"BreadcrumbList","@id":"https:\/\/ptifa.com\/p\/products\/before-after-album-educate-inspire-patients\/#breadcrumb","itemListElement":[{"@type":"ListItem","position":1,"name":"Home","item":"https:\/\/ptifa.com\/"},{"@type":"ListItem","position":2,"name":"Products","item":"https:\/\/ptifa.com\/fr\/produits\/"},{"@type":"ListItem","position":3,"name":"Before &amp; After Album &#8211; Educate &amp; Inspire Patients"}]},{"@type":"WebSite","@id":"https:\/\/ptifa.com\/fr\/#website","url":"https:\/\/ptifa.com\/fr\/","name":"Institut de formation du Pacifique pour l'esth\u00e9tique faciale et la th\u00e9rapeutique","description":"","publisher":{"@id":"https:\/\/ptifa.com\/fr\/#organization"},"alternateName":"PTIFAT","potentialAction":[{"@type":"SearchAction","target":{"@type":"EntryPoint","urlTemplate":"https:\/\/ptifa.com\/fr\/?s={search_term_string}"},"query-input":{"@type":"PropertyValueSpecification","valueRequired":true,"valueName":"search_term_string"}}],"inLanguage":"fr-CA"},{"@type":"Organization","@id":"https:\/\/ptifa.com\/fr\/#organization","name":"Institut de formation du Pacifique pour l'esth\u00e9tique faciale et la th\u00e9rapeutique","alternateName":"PTIFAT","url":"https:\/\/ptifa.com\/fr\/","logo":{"@type":"ImageObject","inLanguage":"fr-CA","@id":"https:\/\/ptifa.com\/fr\/#\/schema\/logo\/image\/","url":"https:\/\/ptifa.com\/wp-content\/uploads\/2025\/02\/ptifa-logo.svg","contentUrl":"https:\/\/ptifa.com\/wp-content\/uploads\/2025\/02\/ptifa-logo.svg","width":310,"height":42,"caption":"Pacific Training Institute for Facial Aesthetics & Therapeutics"},"image":{"@id":"https:\/\/ptifa.com\/fr\/#\/schema\/logo\/image\/"}}]}},"_links":{"self":[{"href":"https:\/\/ptifa.com\/fr\/wp-json\/wp\/v2\/product\/1655","targetHints":{"allow":["GET"]}}],"collection":[{"href":"https:\/\/ptifa.com\/fr\/wp-json\/wp\/v2\/product"}],"about":[{"href":"https:\/\/ptifa.com\/fr\/wp-json\/wp\/v2\/types\/product"}],"wp:featuredmedia":[{"embeddable":true,"href":"https:\/\/ptifa.com\/fr\/wp-json\/wp\/v2\/media\/1135"}],"wp:attachment":[{"href":"https:\/\/ptifa.com\/fr\/wp-json\/wp\/v2\/media?parent=1655"}],"wp:term":[{"taxonomy":"product_brand","embeddable":true,"href":"https:\/\/ptifa.com\/fr\/wp-json\/wp\/v2\/product_brand?post=1655"},{"taxonomy":"product_cat","embeddable":true,"href":"https:\/\/ptifa.com\/fr\/wp-json\/wp\/v2\/product_cat?post=1655"},{"taxonomy":"product_tag","embeddable":true,"href":"https:\/\/ptifa.com\/fr\/wp-json\/wp\/v2\/product_tag?post=1655"}],"curies":[{"name":"wp","href":"https:\/\/api.w.org\/{rel}","templated":true}]}}