{"id":1656,"date":"2025-03-14T22:02:39","date_gmt":"2025-03-14T22:02:39","guid":{"rendered":"https:\/\/ptifa.com\/?post_type=product&#038;p=1656"},"modified":"2026-01-13T22:46:41","modified_gmt":"2026-01-13T22:46:41","slug":"syllabus-de-photographie-clinique-ameliorer-votre-documentation-acceptation-des-cas","status":"publish","type":"product","link":"https:\/\/ptifa.com\/fr\/p\/products\/clinical-photography-syllabus-enhance-your-documentation-case-acceptance\/","title":{"rendered":"Syllabus de photographie clinique"},"content":{"rendered":"<p>Le pr\u00e9sent <strong>syllabus papier<\/strong> est con\u00e7u pour votre domaine photographique, fournissant un guide clair pour capturer <strong>toutes les 29 photos de la s\u00e9rie Roberts Facial Rejuvenation Photography\u2122<\/strong> avant le Botox<em>\u00ae<\/em> et lors des rendez-vous post-op\u00e9ratoires.<\/p>\n\n\n\n<p>\u2714\ufe0f <strong>S\u00e9rie de photographies standardis\u00e9es<\/strong> r\u00e9v\u00e9ler les pr\u00e9occupations des patients et comparer les r\u00e9sultats<br>\u2714\ufe0f <strong>Am\u00e9lioration de la tenue des registres<\/strong> pour une documentation pr\u00e9cise<br>\u2714\ufe0f <strong>Il a \u00e9t\u00e9 prouv\u00e9 qu'il soutenait<\/strong> <strong>Acceptation du cas 99%<\/strong><\/p>\n\n\n\n<p>Optimisez votre photographie clinique et am\u00e9liorez les soins aux patients gr\u00e2ce \u00e0 cet outil essentiel !<\/p>","protected":false},"excerpt":{"rendered":"<p>Un syllabus papier montrant 29 photos de la s\u00e9rie Roberts Facial Rejuvenation Photography\u2122.<\/p>","protected":false},"featured_media":1416,"template":"","meta":{"_acf_changed":false,"inline_featured_image":false},"product_brand":[],"product_cat":[77],"product_tag":[],"class_list":{"0":"post-1656","1":"product","2":"type-product","3":"status-publish","4":"has-post-thumbnail","6":"product_cat-products","7":"product_shipping_class-photography-syllabus","8":"","9":"woocommerce-text-align-center","10":"woocommerce-image-align-center","12":"first","13":"instock","14":"taxable","15":"shipping-taxable","16":"purchasable","17":"product-type-simple"},"exclude_global_add_ons":[],"addons":[],"acf":[],"yoast_head":"<!-- This site is optimized with the Yoast SEO plugin v27.3 - https:\/\/yoast.com\/product\/yoast-seo-wordpress\/ -->\n<title>Botox Clinical Facial Rejuvenation Photography Series &amp; Syllabus<\/title>\n<meta name=\"description\" content=\"This\u00a0hardcopy syllabus\u00a0provides a clear guide to capturing\u00a0all 29 photos of the Roberts Facial Rejuvenation Photography Series\u00a0pre and post Botox\u00a0treatments.\" \/>\n<meta name=\"robots\" content=\"index, follow, max-snippet:-1, max-image-preview:large, max-video-preview:-1\" \/>\n<link rel=\"canonical\" href=\"https:\/\/ptifa.com\/fr\/p\/produits\/syllabus-de-photographie-clinique-ameliorer-votre-documentation-acceptation-des-cas\/\" \/>\n<meta property=\"og:locale\" content=\"fr_CA\" \/>\n<meta property=\"og:type\" content=\"article\" \/>\n<meta property=\"og:title\" content=\"Botox Clinical Facial Rejuvenation Photography Series &amp; Syllabus\" \/>\n<meta property=\"og:description\" content=\"This\u00a0hardcopy syllabus\u00a0provides a clear guide to capturing\u00a0all 29 photos of the Roberts Facial Rejuvenation Photography Series\u00a0pre and post Botox\u00a0treatments.\" \/>\n<meta property=\"og:url\" content=\"https:\/\/ptifa.com\/fr\/p\/produits\/syllabus-de-photographie-clinique-ameliorer-votre-documentation-acceptation-des-cas\/\" \/>\n<meta property=\"og:site_name\" content=\"Pacific Training Institute for Facial Aesthetics &amp; Therapeutics\" \/>\n<meta property=\"article:modified_time\" content=\"2026-01-13T22:46:41+00:00\" \/>\n<meta property=\"og:image\" content=\"https:\/\/ptifa.com\/wp-content\/uploads\/2025\/03\/b43da5d-834b-dc0b-06bb-4f86e70f0a53_Botox_photographs.jpg\" \/>\n\t<meta property=\"og:image:width\" content=\"1280\" \/>\n\t<meta property=\"og:image:height\" content=\"1611\" \/>\n\t<meta property=\"og:image:type\" content=\"image\/jpeg\" \/>\n<meta name=\"twitter:card\" content=\"summary_large_image\" \/>\n<meta name=\"twitter:label1\" content=\"Estimation du temps de lecture\" \/>\n\t<meta name=\"twitter:data1\" content=\"1 minute\" \/>\n<script type=\"application\/ld+json\" class=\"yoast-schema-graph\">{\"@context\":\"https:\\\/\\\/schema.org\",\"@graph\":[{\"@type\":\"WebPage\",\"@id\":\"https:\\\/\\\/ptifa.com\\\/p\\\/products\\\/clinical-photography-syllabus-enhance-your-documentation-case-acceptance\\\/\",\"url\":\"https:\\\/\\\/ptifa.com\\\/p\\\/products\\\/clinical-photography-syllabus-enhance-your-documentation-case-acceptance\\\/\",\"name\":\"Botox Clinical Facial Rejuvenation Photography Series & Syllabus\",\"isPartOf\":{\"@id\":\"https:\\\/\\\/ptifa.com\\\/fr\\\/#website\"},\"primaryImageOfPage\":{\"@id\":\"https:\\\/\\\/ptifa.com\\\/p\\\/products\\\/clinical-photography-syllabus-enhance-your-documentation-case-acceptance\\\/#primaryimage\"},\"image\":{\"@id\":\"https:\\\/\\\/ptifa.com\\\/p\\\/products\\\/clinical-photography-syllabus-enhance-your-documentation-case-acceptance\\\/#primaryimage\"},\"thumbnailUrl\":\"https:\\\/\\\/ptifa.com\\\/wp-content\\\/uploads\\\/2025\\\/03\\\/b43da5d-834b-dc0b-06bb-4f86e70f0a53_Botox_photographs.jpg\",\"datePublished\":\"2025-03-14T22:02:39+00:00\",\"dateModified\":\"2026-01-13T22:46:41+00:00\",\"description\":\"This\u00a0hardcopy syllabus\u00a0provides a clear guide to capturing\u00a0all 29 photos of the Roberts Facial Rejuvenation Photography Series\u00a0pre and post Botox\u00a0treatments.\",\"breadcrumb\":{\"@id\":\"https:\\\/\\\/ptifa.com\\\/p\\\/products\\\/clinical-photography-syllabus-enhance-your-documentation-case-acceptance\\\/#breadcrumb\"},\"inLanguage\":\"fr-CA\",\"potentialAction\":[{\"@type\":\"ReadAction\",\"target\":[\"https:\\\/\\\/ptifa.com\\\/p\\\/products\\\/clinical-photography-syllabus-enhance-your-documentation-case-acceptance\\\/\"]}]},{\"@type\":\"ImageObject\",\"inLanguage\":\"fr-CA\",\"@id\":\"https:\\\/\\\/ptifa.com\\\/p\\\/products\\\/clinical-photography-syllabus-enhance-your-documentation-case-acceptance\\\/#primaryimage\",\"url\":\"https:\\\/\\\/ptifa.com\\\/wp-content\\\/uploads\\\/2025\\\/03\\\/b43da5d-834b-dc0b-06bb-4f86e70f0a53_Botox_photographs.jpg\",\"contentUrl\":\"https:\\\/\\\/ptifa.com\\\/wp-content\\\/uploads\\\/2025\\\/03\\\/b43da5d-834b-dc0b-06bb-4f86e70f0a53_Botox_photographs.jpg\",\"width\":1280,\"height\":1611,\"caption\":\"Clinical Botox Photography\"},{\"@type\":\"BreadcrumbList\",\"@id\":\"https:\\\/\\\/ptifa.com\\\/p\\\/products\\\/clinical-photography-syllabus-enhance-your-documentation-case-acceptance\\\/#breadcrumb\",\"itemListElement\":[{\"@type\":\"ListItem\",\"position\":1,\"name\":\"Home\",\"item\":\"https:\\\/\\\/ptifa.com\\\/\"},{\"@type\":\"ListItem\",\"position\":2,\"name\":\"Products\",\"item\":\"https:\\\/\\\/ptifa.com\\\/fr\\\/produits\\\/\"},{\"@type\":\"ListItem\",\"position\":3,\"name\":\"Clinical Photography Syllabus\"}]},{\"@type\":\"WebSite\",\"@id\":\"https:\\\/\\\/ptifa.com\\\/fr\\\/#website\",\"url\":\"https:\\\/\\\/ptifa.com\\\/fr\\\/\",\"name\":\"Pacific Training Institute for Facial Aesthetics &amp; Therapeutics\",\"description\":\"\",\"publisher\":{\"@id\":\"https:\\\/\\\/ptifa.com\\\/fr\\\/#organization\"},\"alternateName\":\"PTIFAT\",\"potentialAction\":[{\"@type\":\"SearchAction\",\"target\":{\"@type\":\"EntryPoint\",\"urlTemplate\":\"https:\\\/\\\/ptifa.com\\\/fr\\\/?s={search_term_string}\"},\"query-input\":{\"@type\":\"PropertyValueSpecification\",\"valueRequired\":true,\"valueName\":\"search_term_string\"}}],\"inLanguage\":\"fr-CA\"},{\"@type\":\"Organization\",\"@id\":\"https:\\\/\\\/ptifa.com\\\/fr\\\/#organization\",\"name\":\"Pacific Training Institute for Facial Aesthetics & Therapeutics\",\"alternateName\":\"PTIFAT\",\"url\":\"https:\\\/\\\/ptifa.com\\\/fr\\\/\",\"logo\":{\"@type\":\"ImageObject\",\"inLanguage\":\"fr-CA\",\"@id\":\"https:\\\/\\\/ptifa.com\\\/fr\\\/#\\\/schema\\\/logo\\\/image\\\/\",\"url\":\"https:\\\/\\\/ptifa.com\\\/wp-content\\\/uploads\\\/2025\\\/02\\\/ptifa-logo.svg\",\"contentUrl\":\"https:\\\/\\\/ptifa.com\\\/wp-content\\\/uploads\\\/2025\\\/02\\\/ptifa-logo.svg\",\"width\":310,\"height\":42,\"caption\":\"Pacific Training Institute for Facial Aesthetics & Therapeutics\"},\"image\":{\"@id\":\"https:\\\/\\\/ptifa.com\\\/fr\\\/#\\\/schema\\\/logo\\\/image\\\/\"}}]}<\/script>\n<!-- \/ Yoast SEO plugin. -->","yoast_head_json":{"title":"S\u00e9rie photographique et syllabus sur le rajeunissement facial clinique par Botox","description":"Ce syllabus papier fournit un guide clair pour capturer les 29 photos de la s\u00e9rie Roberts Facial Rejuvenation Photography Series avant et apr\u00e8s les traitements au Botox.","robots":{"index":"index","follow":"follow","max-snippet":"max-snippet:-1","max-image-preview":"max-image-preview:large","max-video-preview":"max-video-preview:-1"},"canonical":"https:\/\/ptifa.com\/fr\/p\/produits\/syllabus-de-photographie-clinique-ameliorer-votre-documentation-acceptation-des-cas\/","og_locale":"fr_CA","og_type":"article","og_title":"Botox Clinical Facial Rejuvenation Photography Series & Syllabus","og_description":"This\u00a0hardcopy syllabus\u00a0provides a clear guide to capturing\u00a0all 29 photos of the Roberts Facial Rejuvenation Photography Series\u00a0pre and post Botox\u00a0treatments.","og_url":"https:\/\/ptifa.com\/fr\/p\/produits\/syllabus-de-photographie-clinique-ameliorer-votre-documentation-acceptation-des-cas\/","og_site_name":"Pacific Training Institute for Facial Aesthetics &amp; Therapeutics","article_modified_time":"2026-01-13T22:46:41+00:00","og_image":[{"width":1280,"height":1611,"url":"https:\/\/ptifa.com\/wp-content\/uploads\/2025\/03\/b43da5d-834b-dc0b-06bb-4f86e70f0a53_Botox_photographs.jpg","type":"image\/jpeg"}],"twitter_card":"summary_large_image","twitter_misc":{"Estimation du temps de lecture":"1 minute"},"schema":{"@context":"https:\/\/schema.org","@graph":[{"@type":"WebPage","@id":"https:\/\/ptifa.com\/p\/products\/clinical-photography-syllabus-enhance-your-documentation-case-acceptance\/","url":"https:\/\/ptifa.com\/p\/products\/clinical-photography-syllabus-enhance-your-documentation-case-acceptance\/","name":"S\u00e9rie photographique et syllabus sur le rajeunissement facial clinique par Botox","isPartOf":{"@id":"https:\/\/ptifa.com\/fr\/#website"},"primaryImageOfPage":{"@id":"https:\/\/ptifa.com\/p\/products\/clinical-photography-syllabus-enhance-your-documentation-case-acceptance\/#primaryimage"},"image":{"@id":"https:\/\/ptifa.com\/p\/products\/clinical-photography-syllabus-enhance-your-documentation-case-acceptance\/#primaryimage"},"thumbnailUrl":"https:\/\/ptifa.com\/wp-content\/uploads\/2025\/03\/b43da5d-834b-dc0b-06bb-4f86e70f0a53_Botox_photographs.jpg","datePublished":"2025-03-14T22:02:39+00:00","dateModified":"2026-01-13T22:46:41+00:00","description":"Ce syllabus papier fournit un guide clair pour capturer les 29 photos de la s\u00e9rie Roberts Facial Rejuvenation Photography Series avant et apr\u00e8s les traitements au Botox.","breadcrumb":{"@id":"https:\/\/ptifa.com\/p\/products\/clinical-photography-syllabus-enhance-your-documentation-case-acceptance\/#breadcrumb"},"inLanguage":"fr-CA","potentialAction":[{"@type":"ReadAction","target":["https:\/\/ptifa.com\/p\/products\/clinical-photography-syllabus-enhance-your-documentation-case-acceptance\/"]}]},{"@type":"ImageObject","inLanguage":"fr-CA","@id":"https:\/\/ptifa.com\/p\/products\/clinical-photography-syllabus-enhance-your-documentation-case-acceptance\/#primaryimage","url":"https:\/\/ptifa.com\/wp-content\/uploads\/2025\/03\/b43da5d-834b-dc0b-06bb-4f86e70f0a53_Botox_photographs.jpg","contentUrl":"https:\/\/ptifa.com\/wp-content\/uploads\/2025\/03\/b43da5d-834b-dc0b-06bb-4f86e70f0a53_Botox_photographs.jpg","width":1280,"height":1611,"caption":"Clinical Botox Photography"},{"@type":"BreadcrumbList","@id":"https:\/\/ptifa.com\/p\/products\/clinical-photography-syllabus-enhance-your-documentation-case-acceptance\/#breadcrumb","itemListElement":[{"@type":"ListItem","position":1,"name":"Home","item":"https:\/\/ptifa.com\/"},{"@type":"ListItem","position":2,"name":"Products","item":"https:\/\/ptifa.com\/fr\/produits\/"},{"@type":"ListItem","position":3,"name":"Clinical Photography Syllabus"}]},{"@type":"WebSite","@id":"https:\/\/ptifa.com\/fr\/#website","url":"https:\/\/ptifa.com\/fr\/","name":"Institut de formation du Pacifique pour l'esth\u00e9tique faciale et la th\u00e9rapeutique","description":"","publisher":{"@id":"https:\/\/ptifa.com\/fr\/#organization"},"alternateName":"PTIFAT","potentialAction":[{"@type":"SearchAction","target":{"@type":"EntryPoint","urlTemplate":"https:\/\/ptifa.com\/fr\/?s={search_term_string}"},"query-input":{"@type":"PropertyValueSpecification","valueRequired":true,"valueName":"search_term_string"}}],"inLanguage":"fr-CA"},{"@type":"Organization","@id":"https:\/\/ptifa.com\/fr\/#organization","name":"Institut de formation du Pacifique pour l'esth\u00e9tique faciale et la th\u00e9rapeutique","alternateName":"PTIFAT","url":"https:\/\/ptifa.com\/fr\/","logo":{"@type":"ImageObject","inLanguage":"fr-CA","@id":"https:\/\/ptifa.com\/fr\/#\/schema\/logo\/image\/","url":"https:\/\/ptifa.com\/wp-content\/uploads\/2025\/02\/ptifa-logo.svg","contentUrl":"https:\/\/ptifa.com\/wp-content\/uploads\/2025\/02\/ptifa-logo.svg","width":310,"height":42,"caption":"Pacific Training Institute for Facial Aesthetics & Therapeutics"},"image":{"@id":"https:\/\/ptifa.com\/fr\/#\/schema\/logo\/image\/"}}]}},"_links":{"self":[{"href":"https:\/\/ptifa.com\/fr\/wp-json\/wp\/v2\/product\/1656","targetHints":{"allow":["GET"]}}],"collection":[{"href":"https:\/\/ptifa.com\/fr\/wp-json\/wp\/v2\/product"}],"about":[{"href":"https:\/\/ptifa.com\/fr\/wp-json\/wp\/v2\/types\/product"}],"wp:featuredmedia":[{"embeddable":true,"href":"https:\/\/ptifa.com\/fr\/wp-json\/wp\/v2\/media\/1416"}],"wp:attachment":[{"href":"https:\/\/ptifa.com\/fr\/wp-json\/wp\/v2\/media?parent=1656"}],"wp:term":[{"taxonomy":"product_brand","embeddable":true,"href":"https:\/\/ptifa.com\/fr\/wp-json\/wp\/v2\/product_brand?post=1656"},{"taxonomy":"product_cat","embeddable":true,"href":"https:\/\/ptifa.com\/fr\/wp-json\/wp\/v2\/product_cat?post=1656"},{"taxonomy":"product_tag","embeddable":true,"href":"https:\/\/ptifa.com\/fr\/wp-json\/wp\/v2\/product_tag?post=1656"}],"curies":[{"name":"wp","href":"https:\/\/api.w.org\/{rel}","templated":true}]}}