{"id":197,"date":"2025-02-13T17:57:33","date_gmt":"2025-02-13T17:57:33","guid":{"rendered":"https:\/\/ptifa.com\/?post_type=product&#038;p=197"},"modified":"2026-04-03T16:37:02","modified_gmt":"2026-04-03T16:37:02","slug":"club-detude-en-ligne","status":"publish","type":"product","link":"https:\/\/ptifa.com\/fr\/p\/products\/online-study-club\/","title":{"rendered":"Club d'\u00e9tude en ligne"},"content":{"rendered":"<p>Votre ressource d\u00e9di\u00e9e \u00e0 la r\u00e9ussite \u00e0 long terme de votre pratique du Botox<em>\u00ae<\/em> et les traitements de rajeunissement du visage. La formation et le soutien ne s'arr\u00eatent pas apr\u00e8s le cours - cette adh\u00e9sion exclusive est con\u00e7ue pour les praticiens qui ont suivi la formation de niveau 2 et qui souhaitent b\u00e9n\u00e9ficier d'un soutien continu, de conseils cliniques, d'une communaut\u00e9 et d'outils leur permettant d'int\u00e9grer en toute confiance le traitement dans leur pratique.<\/p>\n\n\n\n<p><strong>Vous voulez d'abord voir comment \u00e7a marche ?<\/strong><br>R\u00e9servez une d\u00e9monstration en envoyant un courriel \u00e0 Victoria \u00e0 l'adresse suivante <a>studyclub@ptifa.com<\/a><\/p>\n\n\n\n<hr class=\"wp-block-separator has-alpha-channel-opacity\"\/>\n\n\n\n<p><strong>AVANTAGES POUR LES MEMBRES<\/strong>:<\/p>\n\n\n\n<ul class=\"wp-block-list\">\n<li><strong>Soutien aux cas<\/strong> &#8211; upload your case details and photographs to receive expert feedback directly from Dr. Roberts.<\/li>\n\n\n\n<li><strong>On-Going Training <\/strong>&#8211; access to <a href=\"https:\/\/ptifa.com\/fr\/p\/cours\/seances-du-club-detude-sur-le-botox\/\" type=\"link\" id=\"https:\/\/ptifa.com\/p\/courses\/botox-study-club-sessions\/\">live webinars and hands-on sessions<\/a> to strengthen your confidence and skill.<\/li>\n\n\n\n<li><strong>Forum en ligne<\/strong> &#8211; connect with other Study Club members to ask questions, share ideas, and grow your clinical knowledge.<\/li>\n\n\n\n<li><strong>Vid\u00e9oth\u00e8que<\/strong> &#8211; access advanced training videos on each muscle of the face and earn 30+ CE credits.<\/li>\n\n\n\n<li><strong>Acc\u00e8s aux produits r\u00e9serv\u00e9s aux membres<\/strong> &#8211; exclusive discounts on products.<\/li>\n\n\n\n<li><strong>Observation et formation individuelle<\/strong> &#8211; opportunities to shadow Dr. Roberts or receive personalized, one-on-one clinical coaching in his practice.<\/li>\n\n\n\n<li><strong>Acc\u00e8s \u00e0 la demande aux vid\u00e9os de cours<\/strong> &#8211; revisit your Level 1, 2, 3, and 4 course content anytime for continued learning and reinforcement.<\/li>\n\n\n\n<li><strong>Vid\u00e9os de formation de l'\u00e9quipe<\/strong> &#8211; train your team with videos designed to support onboarding and cross-training.<\/li>\n\n\n\n<li><strong>Recherche et article<\/strong>s &#8211; stay informed with full access to clinical studies and research referenced in PTIFAT&#8217;s curriculum.<\/li>\n\n\n\n<li><strong>Mod\u00e8les de marketing et t\u00e9l\u00e9chargements<\/strong> &#8211; easily educate patients and promote treatments in your practice with ready-to-use materials.<\/li>\n<\/ul>\n\n\n\n<div class=\"gb-element-de088c15\">\n<div class=\"gb-element-07f7842f\">\n<img loading=\"lazy\" decoding=\"async\" width=\"108\" height=\"101\" class=\"gb-media-2a6185bc\" src=\"https:\/\/ptifa.com\/wp-content\/uploads\/2025\/03\/testimonials-icon-helper-color.svg\" title=\"testimonials-icon-helper-color\"\/>\n\n\n\n<h4 class=\"gb-text gb-text-8c6fddbd\">\u201cThe case support is phenomenal, and I truly appreciate Dr. Warren&#8217;s guidance with any and all cases. It allows me to step out of my comfort zone and improve my skills at the same time. Thank you so much! Looking forward to treating more people!\u201d<\/h4>\n<\/div>\n\n\n\n<div class=\"gb-element-f4cc1806\">\n<img loading=\"lazy\" decoding=\"async\" width=\"146\" height=\"156\" class=\"gb-media-05b59186\" src=\"https:\/\/ptifa.com\/wp-content\/uploads\/2025\/02\/Dr-Linda-Simpson.webp\" title=\"Dr-Linda-Simpson\" alt=\"Photo du Dr. Linda Simpson\"\/>\n\n\n\n<div class=\"gb-element-8596b738\">\n<p class=\"gb-text gb-text-4568df94\"><strong>Dr. Linda Simpson Orchard(Dentiste)<\/strong><\/p>\n\n\n\n<p class=\"gb-text gb-text-a5993779\">Winnipeg, MB<\/p>\n<\/div>\n<\/div>\n<\/div>\n\n\n\n<div style=\"height:37px\" aria-hidden=\"true\" class=\"wp-block-spacer\"><\/div>\n\n\n\n<iframe loading=\"lazy\" width=\"100%\" height=\"400\" src=\"https:\/\/www.youtube.com\/embed\/8eTN19D5uu8\" frameborder=\"0\" allowfullscreen><\/iframe>","protected":false},"excerpt":{"rendered":"<p>La formation et le soutien ne s'arr\u00eatent pas apr\u00e8s le cours - votre ressource d\u00e9di\u00e9e pour une pratique \u00e0 long terme r\u00e9ussie avec le Botox. <b>Vous voulez d'abord voir comment \u00e7a marche ?<\/b> R\u00e9servez une d\u00e9monstration en envoyant un courriel \u00e0 Victoria \u00e0 l'adresse suivante : studyclub@ptifa.com<\/p>","protected":false},"featured_media":3453,"template":"","meta":{"_acf_changed":false,"inline_featured_image":false},"product_brand":[],"product_cat":[77],"product_tag":[],"class_list":{"0":"post-197","1":"product","2":"type-product","3":"status-publish","4":"has-post-thumbnail","6":"product_cat-products","7":"","8":"woocommerce-text-align-center","9":"woocommerce-image-align-center","11":"first","12":"instock","13":"taxable","14":"shipping-taxable","15":"purchasable","16":"product-type-variable-subscription","17":"has-default-attributes"},"exclude_global_add_ons":[],"addons":[],"acf":[],"yoast_head":"<!-- This site is optimized with the Yoast SEO plugin v27.3 - https:\/\/yoast.com\/product\/yoast-seo-wordpress\/ -->\n<title>Botox Online Study Club for Long-Term Practice Success<\/title>\n<meta name=\"description\" content=\"The Online Support Study Club is your resource for Botox success. Includes case support, forums, videos, research materials, and marketing templates.\" \/>\n<meta name=\"robots\" content=\"index, follow, max-snippet:-1, max-image-preview:large, max-video-preview:-1\" \/>\n<link rel=\"canonical\" href=\"https:\/\/ptifa.com\/fr\/p\/produits\/club-detude-en-ligne\/\" \/>\n<meta property=\"og:locale\" content=\"fr_CA\" \/>\n<meta property=\"og:type\" content=\"article\" \/>\n<meta property=\"og:title\" content=\"Botox Online Study Club for Long-Term Practice Success\" \/>\n<meta property=\"og:description\" content=\"The Online Support Study Club is your resource for Botox success. Includes case support, forums, videos, research materials, and marketing templates.\" \/>\n<meta property=\"og:url\" content=\"https:\/\/ptifa.com\/fr\/p\/produits\/club-detude-en-ligne\/\" \/>\n<meta property=\"og:site_name\" content=\"Pacific Training Institute for Facial Aesthetics &amp; Therapeutics\" \/>\n<meta property=\"article:modified_time\" content=\"2026-04-03T16:37:02+00:00\" \/>\n<meta property=\"og:image\" content=\"https:\/\/ptifa.com\/wp-content\/uploads\/2025\/02\/190621_PTIFA-0619.webp\" \/>\n\t<meta property=\"og:image:width\" content=\"1200\" \/>\n\t<meta property=\"og:image:height\" content=\"801\" \/>\n\t<meta property=\"og:image:type\" content=\"image\/webp\" \/>\n<meta name=\"twitter:card\" content=\"summary_large_image\" \/>\n<meta name=\"twitter:label1\" content=\"Estimation du temps de lecture\" \/>\n\t<meta name=\"twitter:data1\" content=\"2 minutes\" \/>\n<script type=\"application\/ld+json\" class=\"yoast-schema-graph\">{\"@context\":\"https:\\\/\\\/schema.org\",\"@graph\":[{\"@type\":\"WebPage\",\"@id\":\"https:\\\/\\\/ptifa.com\\\/p\\\/products\\\/online-study-club\\\/\",\"url\":\"https:\\\/\\\/ptifa.com\\\/p\\\/products\\\/online-study-club\\\/\",\"name\":\"Botox Online Study Club for Long-Term Practice Success\",\"isPartOf\":{\"@id\":\"https:\\\/\\\/ptifa.com\\\/fr\\\/#website\"},\"primaryImageOfPage\":{\"@id\":\"https:\\\/\\\/ptifa.com\\\/p\\\/products\\\/online-study-club\\\/#primaryimage\"},\"image\":{\"@id\":\"https:\\\/\\\/ptifa.com\\\/p\\\/products\\\/online-study-club\\\/#primaryimage\"},\"thumbnailUrl\":\"https:\\\/\\\/ptifa.com\\\/wp-content\\\/uploads\\\/2025\\\/02\\\/190621_PTIFA-0619.webp\",\"datePublished\":\"2025-02-13T17:57:33+00:00\",\"dateModified\":\"2026-04-03T16:37:02+00:00\",\"description\":\"The Online Support Study Club is your resource for Botox success. Includes case support, forums, videos, research materials, and marketing templates.\",\"breadcrumb\":{\"@id\":\"https:\\\/\\\/ptifa.com\\\/p\\\/products\\\/online-study-club\\\/#breadcrumb\"},\"inLanguage\":\"fr-CA\",\"potentialAction\":[{\"@type\":\"ReadAction\",\"target\":[\"https:\\\/\\\/ptifa.com\\\/p\\\/products\\\/online-study-club\\\/\"]}]},{\"@type\":\"ImageObject\",\"inLanguage\":\"fr-CA\",\"@id\":\"https:\\\/\\\/ptifa.com\\\/p\\\/products\\\/online-study-club\\\/#primaryimage\",\"url\":\"https:\\\/\\\/ptifa.com\\\/wp-content\\\/uploads\\\/2025\\\/02\\\/190621_PTIFA-0619.webp\",\"contentUrl\":\"https:\\\/\\\/ptifa.com\\\/wp-content\\\/uploads\\\/2025\\\/02\\\/190621_PTIFA-0619.webp\",\"width\":1200,\"height\":801,\"caption\":\"Dentist receiving guidance from dental instructor on how to inject patient with Botox\"},{\"@type\":\"BreadcrumbList\",\"@id\":\"https:\\\/\\\/ptifa.com\\\/p\\\/products\\\/online-study-club\\\/#breadcrumb\",\"itemListElement\":[{\"@type\":\"ListItem\",\"position\":1,\"name\":\"Home\",\"item\":\"https:\\\/\\\/ptifa.com\\\/\"},{\"@type\":\"ListItem\",\"position\":2,\"name\":\"Products\",\"item\":\"https:\\\/\\\/ptifa.com\\\/fr\\\/produits\\\/\"},{\"@type\":\"ListItem\",\"position\":3,\"name\":\"Online Study Club\"}]},{\"@type\":\"WebSite\",\"@id\":\"https:\\\/\\\/ptifa.com\\\/fr\\\/#website\",\"url\":\"https:\\\/\\\/ptifa.com\\\/fr\\\/\",\"name\":\"Pacific Training Institute for Facial Aesthetics &amp; Therapeutics\",\"description\":\"\",\"publisher\":{\"@id\":\"https:\\\/\\\/ptifa.com\\\/fr\\\/#organization\"},\"alternateName\":\"PTIFAT\",\"potentialAction\":[{\"@type\":\"SearchAction\",\"target\":{\"@type\":\"EntryPoint\",\"urlTemplate\":\"https:\\\/\\\/ptifa.com\\\/fr\\\/?s={search_term_string}\"},\"query-input\":{\"@type\":\"PropertyValueSpecification\",\"valueRequired\":true,\"valueName\":\"search_term_string\"}}],\"inLanguage\":\"fr-CA\"},{\"@type\":\"Organization\",\"@id\":\"https:\\\/\\\/ptifa.com\\\/fr\\\/#organization\",\"name\":\"Pacific Training Institute for Facial Aesthetics & Therapeutics\",\"alternateName\":\"PTIFAT\",\"url\":\"https:\\\/\\\/ptifa.com\\\/fr\\\/\",\"logo\":{\"@type\":\"ImageObject\",\"inLanguage\":\"fr-CA\",\"@id\":\"https:\\\/\\\/ptifa.com\\\/fr\\\/#\\\/schema\\\/logo\\\/image\\\/\",\"url\":\"https:\\\/\\\/ptifa.com\\\/wp-content\\\/uploads\\\/2025\\\/02\\\/ptifa-logo.svg\",\"contentUrl\":\"https:\\\/\\\/ptifa.com\\\/wp-content\\\/uploads\\\/2025\\\/02\\\/ptifa-logo.svg\",\"width\":310,\"height\":42,\"caption\":\"Pacific Training Institute for Facial Aesthetics & Therapeutics\"},\"image\":{\"@id\":\"https:\\\/\\\/ptifa.com\\\/fr\\\/#\\\/schema\\\/logo\\\/image\\\/\"}}]}<\/script>\n<!-- \/ Yoast SEO plugin. -->","yoast_head_json":{"title":"Club d'\u00e9tude en ligne sur le Botox pour un succ\u00e8s \u00e0 long terme","description":"Le Club d'\u00e9tude de soutien en ligne est votre ressource pour la r\u00e9ussite du Botox. Il comprend une assistance, des forums, des vid\u00e9os, du mat\u00e9riel de recherche et des mod\u00e8les de marketing.","robots":{"index":"index","follow":"follow","max-snippet":"max-snippet:-1","max-image-preview":"max-image-preview:large","max-video-preview":"max-video-preview:-1"},"canonical":"https:\/\/ptifa.com\/fr\/p\/produits\/club-detude-en-ligne\/","og_locale":"fr_CA","og_type":"article","og_title":"Botox Online Study Club for Long-Term Practice Success","og_description":"The Online Support Study Club is your resource for Botox success. Includes case support, forums, videos, research materials, and marketing templates.","og_url":"https:\/\/ptifa.com\/fr\/p\/produits\/club-detude-en-ligne\/","og_site_name":"Pacific Training Institute for Facial Aesthetics &amp; Therapeutics","article_modified_time":"2026-04-03T16:37:02+00:00","og_image":[{"width":1200,"height":801,"url":"https:\/\/ptifa.com\/wp-content\/uploads\/2025\/02\/190621_PTIFA-0619.webp","type":"image\/webp"}],"twitter_card":"summary_large_image","twitter_misc":{"Estimation du temps de lecture":"2 minutes"},"schema":{"@context":"https:\/\/schema.org","@graph":[{"@type":"WebPage","@id":"https:\/\/ptifa.com\/p\/products\/online-study-club\/","url":"https:\/\/ptifa.com\/p\/products\/online-study-club\/","name":"Club d'\u00e9tude en ligne sur le Botox pour un succ\u00e8s \u00e0 long terme","isPartOf":{"@id":"https:\/\/ptifa.com\/fr\/#website"},"primaryImageOfPage":{"@id":"https:\/\/ptifa.com\/p\/products\/online-study-club\/#primaryimage"},"image":{"@id":"https:\/\/ptifa.com\/p\/products\/online-study-club\/#primaryimage"},"thumbnailUrl":"https:\/\/ptifa.com\/wp-content\/uploads\/2025\/02\/190621_PTIFA-0619.webp","datePublished":"2025-02-13T17:57:33+00:00","dateModified":"2026-04-03T16:37:02+00:00","description":"Le Club d'\u00e9tude de soutien en ligne est votre ressource pour la r\u00e9ussite du Botox. Il comprend une assistance, des forums, des vid\u00e9os, du mat\u00e9riel de recherche et des mod\u00e8les de marketing.","breadcrumb":{"@id":"https:\/\/ptifa.com\/p\/products\/online-study-club\/#breadcrumb"},"inLanguage":"fr-CA","potentialAction":[{"@type":"ReadAction","target":["https:\/\/ptifa.com\/p\/products\/online-study-club\/"]}]},{"@type":"ImageObject","inLanguage":"fr-CA","@id":"https:\/\/ptifa.com\/p\/products\/online-study-club\/#primaryimage","url":"https:\/\/ptifa.com\/wp-content\/uploads\/2025\/02\/190621_PTIFA-0619.webp","contentUrl":"https:\/\/ptifa.com\/wp-content\/uploads\/2025\/02\/190621_PTIFA-0619.webp","width":1200,"height":801,"caption":"Dentist receiving guidance from dental instructor on how to inject patient with Botox"},{"@type":"BreadcrumbList","@id":"https:\/\/ptifa.com\/p\/products\/online-study-club\/#breadcrumb","itemListElement":[{"@type":"ListItem","position":1,"name":"Home","item":"https:\/\/ptifa.com\/"},{"@type":"ListItem","position":2,"name":"Products","item":"https:\/\/ptifa.com\/fr\/produits\/"},{"@type":"ListItem","position":3,"name":"Online Study Club"}]},{"@type":"WebSite","@id":"https:\/\/ptifa.com\/fr\/#website","url":"https:\/\/ptifa.com\/fr\/","name":"Institut de formation du Pacifique pour l'esth\u00e9tique faciale et la th\u00e9rapeutique","description":"","publisher":{"@id":"https:\/\/ptifa.com\/fr\/#organization"},"alternateName":"PTIFAT","potentialAction":[{"@type":"SearchAction","target":{"@type":"EntryPoint","urlTemplate":"https:\/\/ptifa.com\/fr\/?s={search_term_string}"},"query-input":{"@type":"PropertyValueSpecification","valueRequired":true,"valueName":"search_term_string"}}],"inLanguage":"fr-CA"},{"@type":"Organization","@id":"https:\/\/ptifa.com\/fr\/#organization","name":"Institut de formation du Pacifique pour l'esth\u00e9tique faciale et la th\u00e9rapeutique","alternateName":"PTIFAT","url":"https:\/\/ptifa.com\/fr\/","logo":{"@type":"ImageObject","inLanguage":"fr-CA","@id":"https:\/\/ptifa.com\/fr\/#\/schema\/logo\/image\/","url":"https:\/\/ptifa.com\/wp-content\/uploads\/2025\/02\/ptifa-logo.svg","contentUrl":"https:\/\/ptifa.com\/wp-content\/uploads\/2025\/02\/ptifa-logo.svg","width":310,"height":42,"caption":"Pacific Training Institute for Facial Aesthetics & Therapeutics"},"image":{"@id":"https:\/\/ptifa.com\/fr\/#\/schema\/logo\/image\/"}}]}},"_links":{"self":[{"href":"https:\/\/ptifa.com\/fr\/wp-json\/wp\/v2\/product\/197","targetHints":{"allow":["GET"]}}],"collection":[{"href":"https:\/\/ptifa.com\/fr\/wp-json\/wp\/v2\/product"}],"about":[{"href":"https:\/\/ptifa.com\/fr\/wp-json\/wp\/v2\/types\/product"}],"wp:featuredmedia":[{"embeddable":true,"href":"https:\/\/ptifa.com\/fr\/wp-json\/wp\/v2\/media\/3453"}],"wp:attachment":[{"href":"https:\/\/ptifa.com\/fr\/wp-json\/wp\/v2\/media?parent=197"}],"wp:term":[{"taxonomy":"product_brand","embeddable":true,"href":"https:\/\/ptifa.com\/fr\/wp-json\/wp\/v2\/product_brand?post=197"},{"taxonomy":"product_cat","embeddable":true,"href":"https:\/\/ptifa.com\/fr\/wp-json\/wp\/v2\/product_cat?post=197"},{"taxonomy":"product_tag","embeddable":true,"href":"https:\/\/ptifa.com\/fr\/wp-json\/wp\/v2\/product_tag?post=197"}],"curies":[{"name":"wp","href":"https:\/\/api.w.org\/{rel}","templated":true}]}}