{"id":2621,"date":"2025-03-25T22:06:17","date_gmt":"2025-03-25T22:06:17","guid":{"rendered":"https:\/\/ptifa.com\/?post_type=product&#038;p=2621"},"modified":"2026-03-18T13:58:49","modified_gmt":"2026-03-18T13:58:49","slug":"jdiq-2026-conference","status":"publish","type":"product","link":"https:\/\/ptifa.com\/fr\/p\/events\/jdiq-2026-conference\/","title":{"rendered":"Conf\u00e9rence JDIQ 2026"},"content":{"rendered":"<p>Rejoignez-nous \u00e0 la Conf\u00e9rence 2026 de la Journ\u00e9e dentaires internationales du Qu\u00e9bec (JDIQ).<\/p>\n\n\n\n<p>Visitez notre stand pour assister \u00e0 une d\u00e9monstration de Botox en direct (<a href=\"https:\/\/ptifa.com\/fr\/model\/\">cliquez ici pour poser votre candidature comme mod\u00e8le Botox)<\/a>.<\/p>\n\n\n\n<p><strong>Dates :<\/strong> May 29 &#8211; June 2, 2026<\/p>\n\n\n\n<p><strong>Lieu :&nbsp;<\/strong>Palais des congr\u00e8s de Montr\u00e9al, QC<\/p>\n\n\n\n<p><strong>Stand : <\/strong>1701<\/p>\n\n\n\n<p><strong>D\u00e9tails de la conf\u00e9rence :<\/strong> <a href=\"https:\/\/jdiq.ca\/en\/program\/?id=d5dd29dc-a3ce-41b9-b229-9e8249220940\">Voir <\/a><a href=\"https:\/\/jdiq.ca\/en\/\" target=\"_blank\" rel=\"noreferrer noopener\">d\u00e9tails<\/a><a href=\"https:\/\/jdiq.ca\/en\/program\/?id=d5dd29dc-a3ce-41b9-b229-9e8249220940\"> ici<\/a><\/p>\n\n\n\n<p><strong>Offre sp\u00e9ciale pour la conf\u00e9rence :<\/strong>&nbsp;A CONFIRMER<\/p>\n\n\n\n<p><\/p>","protected":false},"excerpt":{"rendered":"<p>Rejoignez-nous au JDIQ 2026 \u00e0 Montr\u00e9al, QC.<\/p>","protected":false},"featured_media":3261,"template":"","meta":{"_acf_changed":false,"inline_featured_image":false},"product_brand":[],"product_cat":[76],"product_tag":[],"class_list":{"0":"post-2621","1":"product","2":"type-product","3":"status-publish","4":"has-post-thumbnail","6":"product_cat-events","7":"","8":"woocommerce-text-align-center","9":"woocommerce-image-align-center","11":"first","12":"instock","13":"taxable","14":"shipping-taxable","15":"product-type-external"},"exclude_global_add_ons":[],"addons":[],"acf":[],"yoast_head":"<!-- This site is optimized with the Yoast SEO plugin v27.3 - https:\/\/yoast.com\/product\/yoast-seo-wordpress\/ -->\n<title>JDIQ 2026 Conference: Therapeutic Use of Botox Lectures<\/title>\n<meta name=\"description\" content=\"Dr. Roberts explains why a detailed understanding of face &amp; neck anatomy are paramount to successful therapeutic and aesthetic Botox treatments.\" \/>\n<meta name=\"robots\" content=\"index, follow, max-snippet:-1, max-image-preview:large, max-video-preview:-1\" \/>\n<link rel=\"canonical\" href=\"https:\/\/ptifa.com\/fr\/p\/evenements\/jdiq-2026-conference\/\" \/>\n<meta property=\"og:locale\" content=\"fr_CA\" \/>\n<meta property=\"og:type\" content=\"article\" \/>\n<meta property=\"og:title\" content=\"JDIQ 2026 Conference: Therapeutic Use of Botox Lectures\" \/>\n<meta property=\"og:description\" content=\"Dr. Roberts explains why a detailed understanding of face &amp; neck anatomy are paramount to successful therapeutic and aesthetic Botox treatments.\" \/>\n<meta property=\"og:url\" content=\"https:\/\/ptifa.com\/fr\/p\/evenements\/jdiq-2026-conference\/\" \/>\n<meta property=\"og:site_name\" content=\"Pacific Training Institute for Facial Aesthetics &amp; Therapeutics\" \/>\n<meta property=\"article:modified_time\" content=\"2026-03-18T13:58:49+00:00\" \/>\n<meta property=\"og:image\" content=\"https:\/\/ptifa.com\/wp-content\/uploads\/2025\/03\/JDIQ-1.webp\" \/>\n\t<meta property=\"og:image:width\" content=\"1050\" \/>\n\t<meta property=\"og:image:height\" content=\"750\" \/>\n\t<meta property=\"og:image:type\" content=\"image\/webp\" \/>\n<meta name=\"twitter:card\" content=\"summary_large_image\" \/>\n<meta name=\"twitter:label1\" content=\"Estimation du temps de lecture\" \/>\n\t<meta name=\"twitter:data1\" content=\"2 minutes\" \/>\n<script type=\"application\/ld+json\" class=\"yoast-schema-graph\">{\"@context\":\"https:\\\/\\\/schema.org\",\"@graph\":[{\"@type\":\"WebPage\",\"@id\":\"https:\\\/\\\/ptifa.com\\\/p\\\/events\\\/jdiq-2026-conference\\\/\",\"url\":\"https:\\\/\\\/ptifa.com\\\/p\\\/events\\\/jdiq-2026-conference\\\/\",\"name\":\"JDIQ 2026 Conference: Therapeutic Use of Botox Lectures\",\"isPartOf\":{\"@id\":\"https:\\\/\\\/ptifa.com\\\/fr\\\/#website\"},\"primaryImageOfPage\":{\"@id\":\"https:\\\/\\\/ptifa.com\\\/p\\\/events\\\/jdiq-2026-conference\\\/#primaryimage\"},\"image\":{\"@id\":\"https:\\\/\\\/ptifa.com\\\/p\\\/events\\\/jdiq-2026-conference\\\/#primaryimage\"},\"thumbnailUrl\":\"https:\\\/\\\/ptifa.com\\\/wp-content\\\/uploads\\\/2025\\\/03\\\/JDIQ-1.webp\",\"datePublished\":\"2025-03-25T22:06:17+00:00\",\"dateModified\":\"2026-03-18T13:58:49+00:00\",\"description\":\"Dr. Roberts explains why a detailed understanding of face & neck anatomy are paramount to successful therapeutic and aesthetic Botox treatments.\",\"breadcrumb\":{\"@id\":\"https:\\\/\\\/ptifa.com\\\/p\\\/events\\\/jdiq-2026-conference\\\/#breadcrumb\"},\"inLanguage\":\"fr-CA\",\"potentialAction\":[{\"@type\":\"ReadAction\",\"target\":[\"https:\\\/\\\/ptifa.com\\\/p\\\/events\\\/jdiq-2026-conference\\\/\"]}]},{\"@type\":\"ImageObject\",\"inLanguage\":\"fr-CA\",\"@id\":\"https:\\\/\\\/ptifa.com\\\/p\\\/events\\\/jdiq-2026-conference\\\/#primaryimage\",\"url\":\"https:\\\/\\\/ptifa.com\\\/wp-content\\\/uploads\\\/2025\\\/03\\\/JDIQ-1.webp\",\"contentUrl\":\"https:\\\/\\\/ptifa.com\\\/wp-content\\\/uploads\\\/2025\\\/03\\\/JDIQ-1.webp\",\"width\":1050,\"height\":750,\"caption\":\"JDIQ\"},{\"@type\":\"BreadcrumbList\",\"@id\":\"https:\\\/\\\/ptifa.com\\\/p\\\/events\\\/jdiq-2026-conference\\\/#breadcrumb\",\"itemListElement\":[{\"@type\":\"ListItem\",\"position\":1,\"name\":\"Home\",\"item\":\"https:\\\/\\\/ptifa.com\\\/\"},{\"@type\":\"ListItem\",\"position\":2,\"name\":\"Products\",\"item\":\"https:\\\/\\\/ptifa.com\\\/fr\\\/produits\\\/\"},{\"@type\":\"ListItem\",\"position\":3,\"name\":\"JDIQ 2026 Conference\"}]},{\"@type\":\"WebSite\",\"@id\":\"https:\\\/\\\/ptifa.com\\\/fr\\\/#website\",\"url\":\"https:\\\/\\\/ptifa.com\\\/fr\\\/\",\"name\":\"Pacific Training Institute for Facial Aesthetics &amp; Therapeutics\",\"description\":\"\",\"publisher\":{\"@id\":\"https:\\\/\\\/ptifa.com\\\/fr\\\/#organization\"},\"alternateName\":\"PTIFAT\",\"potentialAction\":[{\"@type\":\"SearchAction\",\"target\":{\"@type\":\"EntryPoint\",\"urlTemplate\":\"https:\\\/\\\/ptifa.com\\\/fr\\\/?s={search_term_string}\"},\"query-input\":{\"@type\":\"PropertyValueSpecification\",\"valueRequired\":true,\"valueName\":\"search_term_string\"}}],\"inLanguage\":\"fr-CA\"},{\"@type\":\"Organization\",\"@id\":\"https:\\\/\\\/ptifa.com\\\/fr\\\/#organization\",\"name\":\"Pacific Training Institute for Facial Aesthetics & Therapeutics\",\"alternateName\":\"PTIFAT\",\"url\":\"https:\\\/\\\/ptifa.com\\\/fr\\\/\",\"logo\":{\"@type\":\"ImageObject\",\"inLanguage\":\"fr-CA\",\"@id\":\"https:\\\/\\\/ptifa.com\\\/fr\\\/#\\\/schema\\\/logo\\\/image\\\/\",\"url\":\"https:\\\/\\\/ptifa.com\\\/wp-content\\\/uploads\\\/2025\\\/02\\\/ptifa-logo.svg\",\"contentUrl\":\"https:\\\/\\\/ptifa.com\\\/wp-content\\\/uploads\\\/2025\\\/02\\\/ptifa-logo.svg\",\"width\":310,\"height\":42,\"caption\":\"Pacific Training Institute for Facial Aesthetics & Therapeutics\"},\"image\":{\"@id\":\"https:\\\/\\\/ptifa.com\\\/fr\\\/#\\\/schema\\\/logo\\\/image\\\/\"}}]}<\/script>\n<!-- \/ Yoast SEO plugin. -->","yoast_head_json":{"title":"JDIQ 2026 Conference: Therapeutic Use of Botox Lectures","description":"Le Dr Roberts explique pourquoi une compr\u00e9hension d\u00e9taill\u00e9e de l'anatomie du visage et du cou est essentielle \u00e0 la r\u00e9ussite des traitements th\u00e9rapeutiques et esth\u00e9tiques au Botox.","robots":{"index":"index","follow":"follow","max-snippet":"max-snippet:-1","max-image-preview":"max-image-preview:large","max-video-preview":"max-video-preview:-1"},"canonical":"https:\/\/ptifa.com\/fr\/p\/evenements\/jdiq-2026-conference\/","og_locale":"fr_CA","og_type":"article","og_title":"JDIQ 2026 Conference: Therapeutic Use of Botox Lectures","og_description":"Dr. Roberts explains why a detailed understanding of face & neck anatomy are paramount to successful therapeutic and aesthetic Botox treatments.","og_url":"https:\/\/ptifa.com\/fr\/p\/evenements\/jdiq-2026-conference\/","og_site_name":"Pacific Training Institute for Facial Aesthetics &amp; Therapeutics","article_modified_time":"2026-03-18T13:58:49+00:00","og_image":[{"width":1050,"height":750,"url":"https:\/\/ptifa.com\/wp-content\/uploads\/2025\/03\/JDIQ-1.webp","type":"image\/webp"}],"twitter_card":"summary_large_image","twitter_misc":{"Estimation du temps de lecture":"2 minutes"},"schema":{"@context":"https:\/\/schema.org","@graph":[{"@type":"WebPage","@id":"https:\/\/ptifa.com\/p\/events\/jdiq-2026-conference\/","url":"https:\/\/ptifa.com\/p\/events\/jdiq-2026-conference\/","name":"JDIQ 2026 Conference: Therapeutic Use of Botox Lectures","isPartOf":{"@id":"https:\/\/ptifa.com\/fr\/#website"},"primaryImageOfPage":{"@id":"https:\/\/ptifa.com\/p\/events\/jdiq-2026-conference\/#primaryimage"},"image":{"@id":"https:\/\/ptifa.com\/p\/events\/jdiq-2026-conference\/#primaryimage"},"thumbnailUrl":"https:\/\/ptifa.com\/wp-content\/uploads\/2025\/03\/JDIQ-1.webp","datePublished":"2025-03-25T22:06:17+00:00","dateModified":"2026-03-18T13:58:49+00:00","description":"Le Dr Roberts explique pourquoi une compr\u00e9hension d\u00e9taill\u00e9e de l'anatomie du visage et du cou est essentielle \u00e0 la r\u00e9ussite des traitements th\u00e9rapeutiques et esth\u00e9tiques au Botox.","breadcrumb":{"@id":"https:\/\/ptifa.com\/p\/events\/jdiq-2026-conference\/#breadcrumb"},"inLanguage":"fr-CA","potentialAction":[{"@type":"ReadAction","target":["https:\/\/ptifa.com\/p\/events\/jdiq-2026-conference\/"]}]},{"@type":"ImageObject","inLanguage":"fr-CA","@id":"https:\/\/ptifa.com\/p\/events\/jdiq-2026-conference\/#primaryimage","url":"https:\/\/ptifa.com\/wp-content\/uploads\/2025\/03\/JDIQ-1.webp","contentUrl":"https:\/\/ptifa.com\/wp-content\/uploads\/2025\/03\/JDIQ-1.webp","width":1050,"height":750,"caption":"JDIQ"},{"@type":"BreadcrumbList","@id":"https:\/\/ptifa.com\/p\/events\/jdiq-2026-conference\/#breadcrumb","itemListElement":[{"@type":"ListItem","position":1,"name":"Home","item":"https:\/\/ptifa.com\/"},{"@type":"ListItem","position":2,"name":"Products","item":"https:\/\/ptifa.com\/fr\/produits\/"},{"@type":"ListItem","position":3,"name":"JDIQ 2026 Conference"}]},{"@type":"WebSite","@id":"https:\/\/ptifa.com\/fr\/#website","url":"https:\/\/ptifa.com\/fr\/","name":"Institut de formation du Pacifique pour l'esth\u00e9tique faciale et la th\u00e9rapeutique","description":"","publisher":{"@id":"https:\/\/ptifa.com\/fr\/#organization"},"alternateName":"PTIFAT","potentialAction":[{"@type":"SearchAction","target":{"@type":"EntryPoint","urlTemplate":"https:\/\/ptifa.com\/fr\/?s={search_term_string}"},"query-input":{"@type":"PropertyValueSpecification","valueRequired":true,"valueName":"search_term_string"}}],"inLanguage":"fr-CA"},{"@type":"Organization","@id":"https:\/\/ptifa.com\/fr\/#organization","name":"Institut de formation du Pacifique pour l'esth\u00e9tique faciale et la th\u00e9rapeutique","alternateName":"PTIFAT","url":"https:\/\/ptifa.com\/fr\/","logo":{"@type":"ImageObject","inLanguage":"fr-CA","@id":"https:\/\/ptifa.com\/fr\/#\/schema\/logo\/image\/","url":"https:\/\/ptifa.com\/wp-content\/uploads\/2025\/02\/ptifa-logo.svg","contentUrl":"https:\/\/ptifa.com\/wp-content\/uploads\/2025\/02\/ptifa-logo.svg","width":310,"height":42,"caption":"Pacific Training Institute for Facial Aesthetics & Therapeutics"},"image":{"@id":"https:\/\/ptifa.com\/fr\/#\/schema\/logo\/image\/"}}]}},"_links":{"self":[{"href":"https:\/\/ptifa.com\/fr\/wp-json\/wp\/v2\/product\/2621","targetHints":{"allow":["GET"]}}],"collection":[{"href":"https:\/\/ptifa.com\/fr\/wp-json\/wp\/v2\/product"}],"about":[{"href":"https:\/\/ptifa.com\/fr\/wp-json\/wp\/v2\/types\/product"}],"wp:featuredmedia":[{"embeddable":true,"href":"https:\/\/ptifa.com\/fr\/wp-json\/wp\/v2\/media\/3261"}],"wp:attachment":[{"href":"https:\/\/ptifa.com\/fr\/wp-json\/wp\/v2\/media?parent=2621"}],"wp:term":[{"taxonomy":"product_brand","embeddable":true,"href":"https:\/\/ptifa.com\/fr\/wp-json\/wp\/v2\/product_brand?post=2621"},{"taxonomy":"product_cat","embeddable":true,"href":"https:\/\/ptifa.com\/fr\/wp-json\/wp\/v2\/product_cat?post=2621"},{"taxonomy":"product_tag","embeddable":true,"href":"https:\/\/ptifa.com\/fr\/wp-json\/wp\/v2\/product_tag?post=2621"}],"curies":[{"name":"wp","href":"https:\/\/api.w.org\/{rel}","templated":true}]}}