{"id":2627,"date":"2025-03-25T22:31:51","date_gmt":"2025-03-25T22:31:51","guid":{"rendered":"https:\/\/ptifa.com\/?post_type=product&#038;p=2627"},"modified":"2026-03-11T16:26:15","modified_gmt":"2026-03-11T16:26:15","slug":"convention-nationale-sur-la-sante-bucco-dentaire-2025","status":"publish","type":"product","link":"https:\/\/ptifa.com\/fr\/p\/events\/national-oral-health-convention-2025\/","title":{"rendered":"Convention nationale sur la sant\u00e9 bucco-dentaire"},"content":{"rendered":"<p>We&#8217;re elevating Botox in dentistry. Come visit us at the National Oral Health Convention hosted by the Newfoundland and Labrador Dental Association. Don\u2019t miss this opportunity to learn from an industry leader!<\/p>\n\n\n\n<p>Assistez \u00e0 la pr\u00e9sentation du Dr Roberts sur deux sujets passionnants concernant le Botox en dentisterie.<\/p>\n\n\n\n<h3 class=\"wp-block-heading\">Conf\u00e9rence no 1. Les usages th\u00e9rapeutiques du Botox et les effets secondaires esth\u00e9tiques<\/h3>\n\n\n\n<p>Avez-vous d\u00e9j\u00e0 essay\u00e9 le traitement \u00e0 la toxine botulique ? Vous \u00eates curieux et souhaitez en savoir plus ?<\/p>\n\n\n\n<p>D\u00e9couvrez comment les m\u00e9canismes d'action secondaires et tertiaires affectent la modulation de la douleur et ont un impact majeur sur la th\u00e9rapie d'appoint pour le traitement des troubles musculo-squelettiques et des c\u00e9phal\u00e9es. La relaxation musculaire des tissus parodontaux sensibles \u00e0 l'aide de la toxine botulique avant l'intervention chirurgicale peut avoir une influence significative sur la r\u00e9ussite de l'implantation. D\u00e9couvrez comment la toxine botulique peut avoir un impact sur votre pratique d'une mani\u00e8re que vous n'avez jamais envisag\u00e9e auparavant !<\/p>\n\n\n\n<p><strong>Objectifs :<\/strong><\/p>\n\n\n\n<ol class=\"wp-block-list\">\n<li>D\u00e9crire la synergie entre les usages th\u00e9rapeutiques et esth\u00e9tiques de la toxine botulinique de type A (BoNT-A).<\/li>\n\n\n\n<li>D\u00e9crire comment la toxine botulique peut s'interfacer avec les implants, les PTM, la p\u00e9rio, l'endo, l'ortho pour des r\u00e9sultats de traitement plus positifs.<\/li>\n\n\n\n<li>Expliquer pourquoi une compr\u00e9hension approfondie de l'anatomie est essentielle pour obtenir des r\u00e9sultats positifs pour les patients.<\/li>\n<\/ol>\n\n\n\n<h3 class=\"wp-block-heading\">Conf\u00e9rence no 2. Le Botox et la r\u00e9ussite des implants<\/h3>\n\n\n\n<p><strong>Quand : <\/strong>Saturday, June 6, 2026  1:00 PM &#8211; 4:00 PM<\/p>\n\n\n\n<p>L'utilisation de la toxine botulique avant une intervention chirurgicale d'implantation peut am\u00e9liorer le succ\u00e8s des greffes de tissus durs et mous et favoriser une r\u00e9g\u00e9n\u00e9ration osseuse r\u00e9ussie.<\/p>\n\n\n\n<p><strong>Objectifs :<\/strong><\/p>\n\n\n\n<ol class=\"wp-block-list\">\n<li>Pour comprendre comment les muscles des cr\u00eates alv\u00e9olaires peuvent interf\u00e9rer avec le succ\u00e8s des implants<\/li>\n\n\n\n<li>Pour comprendre l'importance de l'angiogen\u00e8se dans le traitement des greffes et des implants<\/li>\n\n\n\n<li>Comprendre comment la relaxation musculaire induite par la toxine botulique peut am\u00e9liorer les r\u00e9sultats positifs lors de la pose d'implants.<\/li>\n<\/ol>\n\n\n\n<h3 class=\"wp-block-heading translation-block\"><strong>Visitez notre kiosque<\/strong> pour :<\/h3>\n\n\n\n<p>\u2714\ufe0f Watch a live Botox injection demonstration (<a href=\"http:\/\/ptifa.com\/fr\/model\/\" type=\"link\" id=\"http:\/\/ptifa.com\/model\">cliquez ici pour poser votre candidature comme mod\u00e8le Botox)<\/a><br>\u2714\ufe0f D\u00e9couvrez comment notre <strong>formation au Botox bas\u00e9e sur l'anatomie<\/strong> peut vous aider \u00e0 traiter <strong>TMD<\/strong>, <strong>rides et ridules du visage <\/strong>et d'am\u00e9liorer vos comp\u00e9tences cliniques.<br>\u2714\ufe0f Rencontrez nos <strong>Directeur clinique<\/strong> et obtenir des informations sur l'int\u00e9gration <strong>Botox<\/strong> dans votre pratique.<br>\u2714\ufe0f Explorez notre <strong>Cours de Botox<\/strong> con\u00e7u pour former les <strong>toute l'\u00e9quipe dentaire<\/strong>.<\/p>\n\n\n\n<p><strong>Dates de la conf\u00e9rence :<\/strong> Du 4 au 6 juin 2026<\/p>\n\n\n\n<p><strong>Localisation :&nbsp;<\/strong>St. John&#8217;s, Newfoundland<\/p>\n\n\n\n<p><strong>Lieu :&nbsp;<\/strong>St. John&#8217;s Convention Centre<\/p>\n\n\n\n<p><a href=\"https:\/\/nohc.ca\/\" target=\"_blank\" rel=\"noreferrer noopener\"><strong>D\u00e9tails de la conf\u00e9rence <\/strong><\/a><strong><a href=\"https:\/\/nohc.ca\/\" target=\"_blank\" rel=\"noreferrer noopener\">ici<\/a><\/strong><a href=\"https:\/\/nohc.ca\/\">.<\/a><\/p>\n\n\n\n<p><\/p>\n\n\n\n<p><\/p>","protected":false},"excerpt":{"rendered":"<p>Rejoignez le Dr Roberts et PTIFAT \u00e0 la Convention nationale sur la sant\u00e9 bucco-dentaire \u00e0 St. John's, Terre-Neuve.<\/p>","protected":false},"featured_media":5462,"template":"","meta":{"_acf_changed":false,"inline_featured_image":false},"product_brand":[],"product_cat":[76],"product_tag":[],"class_list":{"0":"post-2627","1":"product","2":"type-product","3":"status-publish","4":"has-post-thumbnail","6":"product_cat-events","7":"","8":"woocommerce-text-align-center","9":"woocommerce-image-align-center","11":"first","12":"instock","13":"taxable","14":"shipping-taxable","15":"product-type-external"},"exclude_global_add_ons":[],"addons":[],"acf":[],"yoast_head":"<!-- This site is optimized with the Yoast SEO plugin v27.3 - https:\/\/yoast.com\/product\/yoast-seo-wordpress\/ -->\n<title>National Oral Health Convention 2025: Therapeutic Use of Botox Lectures<\/title>\n<meta name=\"description\" content=\"Dr. Roberts explains why a detailed understanding of face &amp; neck anatomy are paramount to successful therapeutic and aesthetic Botox treatments.\" \/>\n<meta name=\"robots\" content=\"index, follow, max-snippet:-1, max-image-preview:large, max-video-preview:-1\" \/>\n<link rel=\"canonical\" href=\"https:\/\/ptifa.com\/fr\/p\/evenements\/convention-nationale-sur-la-sante-bucco-dentaire-2025\/\" \/>\n<meta property=\"og:locale\" content=\"fr_CA\" \/>\n<meta property=\"og:type\" content=\"article\" \/>\n<meta property=\"og:title\" content=\"National Oral Health Convention 2025: Therapeutic Use of Botox Lectures\" \/>\n<meta property=\"og:description\" content=\"Dr. Roberts explains why a detailed understanding of face &amp; neck anatomy are paramount to successful therapeutic and aesthetic Botox treatments.\" \/>\n<meta property=\"og:url\" content=\"https:\/\/ptifa.com\/fr\/p\/evenements\/convention-nationale-sur-la-sante-bucco-dentaire-2025\/\" \/>\n<meta property=\"og:site_name\" content=\"Pacific Training Institute for Facial Aesthetics &amp; Therapeutics\" \/>\n<meta property=\"article:modified_time\" content=\"2026-03-11T16:26:15+00:00\" \/>\n<meta property=\"og:image\" content=\"https:\/\/ptifa.com\/wp-content\/uploads\/2025\/03\/Screenshot-2025-09-06-at-12.47.57-PM.png\" \/>\n\t<meta property=\"og:image:width\" content=\"630\" \/>\n\t<meta property=\"og:image:height\" content=\"232\" \/>\n\t<meta property=\"og:image:type\" content=\"image\/png\" \/>\n<meta name=\"twitter:card\" content=\"summary_large_image\" \/>\n<meta name=\"twitter:label1\" content=\"Estimation du temps de lecture\" \/>\n\t<meta name=\"twitter:data1\" content=\"2 minutes\" \/>\n<script type=\"application\/ld+json\" class=\"yoast-schema-graph\">{\"@context\":\"https:\\\/\\\/schema.org\",\"@graph\":[{\"@type\":\"WebPage\",\"@id\":\"https:\\\/\\\/ptifa.com\\\/p\\\/events\\\/national-oral-health-convention-2025\\\/\",\"url\":\"https:\\\/\\\/ptifa.com\\\/p\\\/events\\\/national-oral-health-convention-2025\\\/\",\"name\":\"National Oral Health Convention 2025: Therapeutic Use of Botox Lectures\",\"isPartOf\":{\"@id\":\"https:\\\/\\\/ptifa.com\\\/fr\\\/#website\"},\"primaryImageOfPage\":{\"@id\":\"https:\\\/\\\/ptifa.com\\\/p\\\/events\\\/national-oral-health-convention-2025\\\/#primaryimage\"},\"image\":{\"@id\":\"https:\\\/\\\/ptifa.com\\\/p\\\/events\\\/national-oral-health-convention-2025\\\/#primaryimage\"},\"thumbnailUrl\":\"https:\\\/\\\/ptifa.com\\\/wp-content\\\/uploads\\\/2025\\\/03\\\/Screenshot-2025-09-06-at-12.47.57-PM.png\",\"datePublished\":\"2025-03-25T22:31:51+00:00\",\"dateModified\":\"2026-03-11T16:26:15+00:00\",\"description\":\"Dr. Roberts explains why a detailed understanding of face & neck anatomy are paramount to successful therapeutic and aesthetic Botox treatments.\",\"breadcrumb\":{\"@id\":\"https:\\\/\\\/ptifa.com\\\/p\\\/events\\\/national-oral-health-convention-2025\\\/#breadcrumb\"},\"inLanguage\":\"fr-CA\",\"potentialAction\":[{\"@type\":\"ReadAction\",\"target\":[\"https:\\\/\\\/ptifa.com\\\/p\\\/events\\\/national-oral-health-convention-2025\\\/\"]}]},{\"@type\":\"ImageObject\",\"inLanguage\":\"fr-CA\",\"@id\":\"https:\\\/\\\/ptifa.com\\\/p\\\/events\\\/national-oral-health-convention-2025\\\/#primaryimage\",\"url\":\"https:\\\/\\\/ptifa.com\\\/wp-content\\\/uploads\\\/2025\\\/03\\\/Screenshot-2025-09-06-at-12.47.57-PM.png\",\"contentUrl\":\"https:\\\/\\\/ptifa.com\\\/wp-content\\\/uploads\\\/2025\\\/03\\\/Screenshot-2025-09-06-at-12.47.57-PM.png\",\"width\":630,\"height\":232,\"caption\":\"Brighter Thinking NOHC 2026\"},{\"@type\":\"BreadcrumbList\",\"@id\":\"https:\\\/\\\/ptifa.com\\\/p\\\/events\\\/national-oral-health-convention-2025\\\/#breadcrumb\",\"itemListElement\":[{\"@type\":\"ListItem\",\"position\":1,\"name\":\"Home\",\"item\":\"https:\\\/\\\/ptifa.com\\\/\"},{\"@type\":\"ListItem\",\"position\":2,\"name\":\"Products\",\"item\":\"https:\\\/\\\/ptifa.com\\\/fr\\\/produits\\\/\"},{\"@type\":\"ListItem\",\"position\":3,\"name\":\"National Oral Health Convention\"}]},{\"@type\":\"WebSite\",\"@id\":\"https:\\\/\\\/ptifa.com\\\/fr\\\/#website\",\"url\":\"https:\\\/\\\/ptifa.com\\\/fr\\\/\",\"name\":\"Pacific Training Institute for Facial Aesthetics &amp; Therapeutics\",\"description\":\"\",\"publisher\":{\"@id\":\"https:\\\/\\\/ptifa.com\\\/fr\\\/#organization\"},\"alternateName\":\"PTIFAT\",\"potentialAction\":[{\"@type\":\"SearchAction\",\"target\":{\"@type\":\"EntryPoint\",\"urlTemplate\":\"https:\\\/\\\/ptifa.com\\\/fr\\\/?s={search_term_string}\"},\"query-input\":{\"@type\":\"PropertyValueSpecification\",\"valueRequired\":true,\"valueName\":\"search_term_string\"}}],\"inLanguage\":\"fr-CA\"},{\"@type\":\"Organization\",\"@id\":\"https:\\\/\\\/ptifa.com\\\/fr\\\/#organization\",\"name\":\"Pacific Training Institute for Facial Aesthetics & Therapeutics\",\"alternateName\":\"PTIFAT\",\"url\":\"https:\\\/\\\/ptifa.com\\\/fr\\\/\",\"logo\":{\"@type\":\"ImageObject\",\"inLanguage\":\"fr-CA\",\"@id\":\"https:\\\/\\\/ptifa.com\\\/fr\\\/#\\\/schema\\\/logo\\\/image\\\/\",\"url\":\"https:\\\/\\\/ptifa.com\\\/wp-content\\\/uploads\\\/2025\\\/02\\\/ptifa-logo.svg\",\"contentUrl\":\"https:\\\/\\\/ptifa.com\\\/wp-content\\\/uploads\\\/2025\\\/02\\\/ptifa-logo.svg\",\"width\":310,\"height\":42,\"caption\":\"Pacific Training Institute for Facial Aesthetics & Therapeutics\"},\"image\":{\"@id\":\"https:\\\/\\\/ptifa.com\\\/fr\\\/#\\\/schema\\\/logo\\\/image\\\/\"}}]}<\/script>\n<!-- \/ Yoast SEO plugin. -->","yoast_head_json":{"title":"Convention nationale de sant\u00e9 bucco-dentaire 2025 : Conf\u00e9rences sur l'utilisation th\u00e9rapeutique du Botox","description":"Le Dr Roberts explique pourquoi une compr\u00e9hension d\u00e9taill\u00e9e de l'anatomie du visage et du cou est essentielle \u00e0 la r\u00e9ussite des traitements th\u00e9rapeutiques et esth\u00e9tiques au Botox.","robots":{"index":"index","follow":"follow","max-snippet":"max-snippet:-1","max-image-preview":"max-image-preview:large","max-video-preview":"max-video-preview:-1"},"canonical":"https:\/\/ptifa.com\/fr\/p\/evenements\/convention-nationale-sur-la-sante-bucco-dentaire-2025\/","og_locale":"fr_CA","og_type":"article","og_title":"National Oral Health Convention 2025: Therapeutic Use of Botox Lectures","og_description":"Dr. Roberts explains why a detailed understanding of face & neck anatomy are paramount to successful therapeutic and aesthetic Botox treatments.","og_url":"https:\/\/ptifa.com\/fr\/p\/evenements\/convention-nationale-sur-la-sante-bucco-dentaire-2025\/","og_site_name":"Pacific Training Institute for Facial Aesthetics &amp; Therapeutics","article_modified_time":"2026-03-11T16:26:15+00:00","og_image":[{"width":630,"height":232,"url":"https:\/\/ptifa.com\/wp-content\/uploads\/2025\/03\/Screenshot-2025-09-06-at-12.47.57-PM.png","type":"image\/png"}],"twitter_card":"summary_large_image","twitter_misc":{"Estimation du temps de lecture":"2 minutes"},"schema":{"@context":"https:\/\/schema.org","@graph":[{"@type":"WebPage","@id":"https:\/\/ptifa.com\/p\/events\/national-oral-health-convention-2025\/","url":"https:\/\/ptifa.com\/p\/events\/national-oral-health-convention-2025\/","name":"Convention nationale de sant\u00e9 bucco-dentaire 2025 : Conf\u00e9rences sur l'utilisation th\u00e9rapeutique du Botox","isPartOf":{"@id":"https:\/\/ptifa.com\/fr\/#website"},"primaryImageOfPage":{"@id":"https:\/\/ptifa.com\/p\/events\/national-oral-health-convention-2025\/#primaryimage"},"image":{"@id":"https:\/\/ptifa.com\/p\/events\/national-oral-health-convention-2025\/#primaryimage"},"thumbnailUrl":"https:\/\/ptifa.com\/wp-content\/uploads\/2025\/03\/Screenshot-2025-09-06-at-12.47.57-PM.png","datePublished":"2025-03-25T22:31:51+00:00","dateModified":"2026-03-11T16:26:15+00:00","description":"Le Dr Roberts explique pourquoi une compr\u00e9hension d\u00e9taill\u00e9e de l'anatomie du visage et du cou est essentielle \u00e0 la r\u00e9ussite des traitements th\u00e9rapeutiques et esth\u00e9tiques au Botox.","breadcrumb":{"@id":"https:\/\/ptifa.com\/p\/events\/national-oral-health-convention-2025\/#breadcrumb"},"inLanguage":"fr-CA","potentialAction":[{"@type":"ReadAction","target":["https:\/\/ptifa.com\/p\/events\/national-oral-health-convention-2025\/"]}]},{"@type":"ImageObject","inLanguage":"fr-CA","@id":"https:\/\/ptifa.com\/p\/events\/national-oral-health-convention-2025\/#primaryimage","url":"https:\/\/ptifa.com\/wp-content\/uploads\/2025\/03\/Screenshot-2025-09-06-at-12.47.57-PM.png","contentUrl":"https:\/\/ptifa.com\/wp-content\/uploads\/2025\/03\/Screenshot-2025-09-06-at-12.47.57-PM.png","width":630,"height":232,"caption":"Brighter Thinking NOHC 2026"},{"@type":"BreadcrumbList","@id":"https:\/\/ptifa.com\/p\/events\/national-oral-health-convention-2025\/#breadcrumb","itemListElement":[{"@type":"ListItem","position":1,"name":"Home","item":"https:\/\/ptifa.com\/"},{"@type":"ListItem","position":2,"name":"Products","item":"https:\/\/ptifa.com\/fr\/produits\/"},{"@type":"ListItem","position":3,"name":"National Oral Health Convention"}]},{"@type":"WebSite","@id":"https:\/\/ptifa.com\/fr\/#website","url":"https:\/\/ptifa.com\/fr\/","name":"Institut de formation du Pacifique pour l'esth\u00e9tique faciale et la th\u00e9rapeutique","description":"","publisher":{"@id":"https:\/\/ptifa.com\/fr\/#organization"},"alternateName":"PTIFAT","potentialAction":[{"@type":"SearchAction","target":{"@type":"EntryPoint","urlTemplate":"https:\/\/ptifa.com\/fr\/?s={search_term_string}"},"query-input":{"@type":"PropertyValueSpecification","valueRequired":true,"valueName":"search_term_string"}}],"inLanguage":"fr-CA"},{"@type":"Organization","@id":"https:\/\/ptifa.com\/fr\/#organization","name":"Institut de formation du Pacifique pour l'esth\u00e9tique faciale et la th\u00e9rapeutique","alternateName":"PTIFAT","url":"https:\/\/ptifa.com\/fr\/","logo":{"@type":"ImageObject","inLanguage":"fr-CA","@id":"https:\/\/ptifa.com\/fr\/#\/schema\/logo\/image\/","url":"https:\/\/ptifa.com\/wp-content\/uploads\/2025\/02\/ptifa-logo.svg","contentUrl":"https:\/\/ptifa.com\/wp-content\/uploads\/2025\/02\/ptifa-logo.svg","width":310,"height":42,"caption":"Pacific Training Institute for Facial Aesthetics & Therapeutics"},"image":{"@id":"https:\/\/ptifa.com\/fr\/#\/schema\/logo\/image\/"}}]}},"_links":{"self":[{"href":"https:\/\/ptifa.com\/fr\/wp-json\/wp\/v2\/product\/2627","targetHints":{"allow":["GET"]}}],"collection":[{"href":"https:\/\/ptifa.com\/fr\/wp-json\/wp\/v2\/product"}],"about":[{"href":"https:\/\/ptifa.com\/fr\/wp-json\/wp\/v2\/types\/product"}],"wp:featuredmedia":[{"embeddable":true,"href":"https:\/\/ptifa.com\/fr\/wp-json\/wp\/v2\/media\/5462"}],"wp:attachment":[{"href":"https:\/\/ptifa.com\/fr\/wp-json\/wp\/v2\/media?parent=2627"}],"wp:term":[{"taxonomy":"product_brand","embeddable":true,"href":"https:\/\/ptifa.com\/fr\/wp-json\/wp\/v2\/product_brand?post=2627"},{"taxonomy":"product_cat","embeddable":true,"href":"https:\/\/ptifa.com\/fr\/wp-json\/wp\/v2\/product_cat?post=2627"},{"taxonomy":"product_tag","embeddable":true,"href":"https:\/\/ptifa.com\/fr\/wp-json\/wp\/v2\/product_tag?post=2627"}],"curies":[{"name":"wp","href":"https:\/\/api.w.org\/{rel}","templated":true}]}}