{"id":2630,"date":"2025-03-25T22:42:01","date_gmt":"2025-03-25T22:42:01","guid":{"rendered":"https:\/\/ptifa.com\/?post_type=product&#038;p=2630"},"modified":"2025-04-27T19:09:49","modified_gmt":"2025-04-27T19:09:49","slug":"conference-dentaire-de-la-saskatchewan","status":"publish","type":"product","link":"https:\/\/ptifa.com\/fr\/p\/events\/saskatchewan-dental-conference\/","title":{"rendered":"Conf\u00e9rence dentaire de la Saskatchewan"},"content":{"rendered":"<p>Organis\u00e9 par le College of Dental Surgeons of Saskatchewan, cet \u00e9v\u00e9nement de premier plan verra le Dr Roberts pr\u00e9senter deux fois sa conf\u00e9rence sur le Botox. Ne manquez pas cette occasion d'apprendre d'un chef de file de l'industrie \u00e0 Saskatoon.<\/p>\n\n\n\n<p><strong>Conf\u00e9rence : L'utilisation th\u00e9rapeutique de la toxine botulique et ses effets secondaires esth\u00e9tiques<\/strong><\/p>\n\n\n\n<p>Avez-vous d\u00e9j\u00e0 essay\u00e9 le traitement \u00e0 la toxine botulique ? Vous \u00eates curieux et souhaitez en savoir plus ?<\/p>\n\n\n\n<p>Dans cette conf\u00e9rence, le Dr Roberts explique comment les multiples m\u00e9canismes d'action de la toxine botulique ont un impact qui va bien au-del\u00e0 des rides du visage et pourquoi une compr\u00e9hension d\u00e9taill\u00e9e de l'anatomie du visage et du cou est primordiale pour un traitement th\u00e9rapeutique et esth\u00e9tique r\u00e9ussi.<\/p>\n\n\n\n<p>D\u00e9couvrez comment les m\u00e9canismes d'action secondaires et tertiaires affectent la modulation de la douleur et ont un impact majeur sur la th\u00e9rapie d'appoint pour le traitement des troubles musculo-squelettiques et des c\u00e9phal\u00e9es. La relaxation musculaire des tissus parodontaux sensibles \u00e0 l'aide de la toxine botulique avant l'intervention chirurgicale peut avoir une influence significative sur la r\u00e9ussite de l'implantation. D\u00e9couvrez comment la toxine botulique peut avoir un impact sur votre pratique d'une mani\u00e8re que vous n'avez jamais envisag\u00e9e auparavant !<\/p>\n\n\n\n<p><strong>Objectifs :<\/strong><\/p>\n\n\n\n<ol class=\"wp-block-list\">\n<li>D\u00e9crire la synergie entre les utilisations th\u00e9rapeutiques et esth\u00e9tiques de la toxine botulique.<\/li>\n\n\n\n<li>D\u00e9crire comment la toxine botulique peut s'interfacer avec les implants, les PTM, la p\u00e9rio, l'endo, l'ortho pour des r\u00e9sultats de traitement plus positifs.<\/li>\n\n\n\n<li>Expliquer pourquoi une compr\u00e9hension approfondie de l'anatomie est essentielle pour obtenir des r\u00e9sultats positifs pour les patients.<\/li>\n<\/ol>\n\n\n\n<p><strong>Dates :<\/strong> Vendredi 19 septembre - Samedi 20 septembre 2025<\/p>\n\n\n\n<p><strong>Localisation :&nbsp;<\/strong>Saskatoon, SK<\/p>\n\n\n\n<p><strong>Lieu :&nbsp;<\/strong>Place TCU<\/p>\n\n\n\n<p><br><strong>\ud83d\udccd Visitez notre stand pour :<\/strong><\/p>\n\n\n\n<p>\u2714\ufe0f D\u00e9couvrez comment notre formation au Botox bas\u00e9e sur l'anatomie peut vous aider \u00e0 traiter les troubles musculo-squelettiques et \u00e0 am\u00e9liorer vos comp\u00e9tences cliniques. <\/p>\n\n\n\n<p>\u2714\ufe0f Rencontrez notre directeur clinique et d\u00e9couvrez comment int\u00e9grer le Botox th\u00e9rapeutique dans votre pratique. <\/p>\n\n\n\n<p>\u2714\ufe0f D\u00e9couvrez nos cours de Botox con\u00e7us pour former l'ensemble de l'\u00e9quipe dentaire.<\/p>\n\n\n\n<p><strong><a href=\"https:\/\/www.saskdentalconference.ca\/\" target=\"_blank\" rel=\"noreferrer noopener\">Pour en savoir plus, cliquez ici<\/a>.<\/strong><\/p>","protected":false},"excerpt":{"rendered":"<p>Rejoignez le Dr Roberts et PTIFAT \u00e0 la Conf\u00e9rence dentaire de la Saskatchewan \u00e0 Saskatoon, SK.<\/p>","protected":false},"featured_media":3255,"template":"","meta":{"_acf_changed":false,"inline_featured_image":false},"product_brand":[],"product_cat":[76],"product_tag":[],"class_list":{"0":"post-2630","1":"product","2":"type-product","3":"status-publish","4":"has-post-thumbnail","6":"product_cat-events","7":"","8":"woocommerce-text-align-center","9":"woocommerce-image-align-center","11":"first","12":"instock","13":"taxable","14":"shipping-taxable","15":"product-type-external"},"exclude_global_add_ons":[],"addons":[],"acf":[],"yoast_head":"<!-- This site is optimized with the Yoast SEO plugin v27.3 - https:\/\/yoast.com\/product\/yoast-seo-wordpress\/ -->\n<title>Saskatchewan Dental Conference 2025: Therapeutic Use of Botox Lectures<\/title>\n<meta name=\"description\" content=\"Dr. Roberts explains why a detailed understanding of face &amp; neck anatomy are paramount to successful therapeutic and aesthetic Botox treatments.\" \/>\n<meta name=\"robots\" content=\"index, follow, max-snippet:-1, max-image-preview:large, max-video-preview:-1\" \/>\n<link rel=\"canonical\" href=\"https:\/\/ptifa.com\/fr\/p\/evenements\/conference-dentaire-de-la-saskatchewan\/\" \/>\n<meta property=\"og:locale\" content=\"fr_CA\" \/>\n<meta property=\"og:type\" content=\"article\" \/>\n<meta property=\"og:title\" content=\"Saskatchewan Dental Conference 2025: Therapeutic Use of Botox Lectures\" \/>\n<meta property=\"og:description\" content=\"Dr. Roberts explains why a detailed understanding of face &amp; neck anatomy are paramount to successful therapeutic and aesthetic Botox treatments.\" \/>\n<meta property=\"og:url\" content=\"https:\/\/ptifa.com\/fr\/p\/evenements\/conference-dentaire-de-la-saskatchewan\/\" \/>\n<meta property=\"og:site_name\" content=\"Pacific Training Institute for Facial Aesthetics &amp; Therapeutics\" \/>\n<meta property=\"article:modified_time\" content=\"2025-04-27T19:09:49+00:00\" \/>\n<meta property=\"og:image\" content=\"https:\/\/ptifa.com\/wp-content\/uploads\/2025\/03\/SDC.webp\" \/>\n\t<meta property=\"og:image:width\" content=\"900\" \/>\n\t<meta property=\"og:image:height\" content=\"715\" \/>\n\t<meta property=\"og:image:type\" content=\"image\/webp\" \/>\n<meta name=\"twitter:card\" content=\"summary_large_image\" \/>\n<meta name=\"twitter:label1\" content=\"Estimation du temps de lecture\" \/>\n\t<meta name=\"twitter:data1\" content=\"2 minutes\" \/>\n<script type=\"application\/ld+json\" class=\"yoast-schema-graph\">{\"@context\":\"https:\\\/\\\/schema.org\",\"@graph\":[{\"@type\":\"WebPage\",\"@id\":\"https:\\\/\\\/ptifa.com\\\/p\\\/events\\\/saskatchewan-dental-conference\\\/\",\"url\":\"https:\\\/\\\/ptifa.com\\\/p\\\/events\\\/saskatchewan-dental-conference\\\/\",\"name\":\"Saskatchewan Dental Conference 2025: Therapeutic Use of Botox Lectures\",\"isPartOf\":{\"@id\":\"https:\\\/\\\/ptifa.com\\\/fr\\\/#website\"},\"primaryImageOfPage\":{\"@id\":\"https:\\\/\\\/ptifa.com\\\/p\\\/events\\\/saskatchewan-dental-conference\\\/#primaryimage\"},\"image\":{\"@id\":\"https:\\\/\\\/ptifa.com\\\/p\\\/events\\\/saskatchewan-dental-conference\\\/#primaryimage\"},\"thumbnailUrl\":\"https:\\\/\\\/ptifa.com\\\/wp-content\\\/uploads\\\/2025\\\/03\\\/SDC.webp\",\"datePublished\":\"2025-03-25T22:42:01+00:00\",\"dateModified\":\"2025-04-27T19:09:49+00:00\",\"description\":\"Dr. Roberts explains why a detailed understanding of face & neck anatomy are paramount to successful therapeutic and aesthetic Botox treatments.\",\"breadcrumb\":{\"@id\":\"https:\\\/\\\/ptifa.com\\\/p\\\/events\\\/saskatchewan-dental-conference\\\/#breadcrumb\"},\"inLanguage\":\"fr-CA\",\"potentialAction\":[{\"@type\":\"ReadAction\",\"target\":[\"https:\\\/\\\/ptifa.com\\\/p\\\/events\\\/saskatchewan-dental-conference\\\/\"]}]},{\"@type\":\"ImageObject\",\"inLanguage\":\"fr-CA\",\"@id\":\"https:\\\/\\\/ptifa.com\\\/p\\\/events\\\/saskatchewan-dental-conference\\\/#primaryimage\",\"url\":\"https:\\\/\\\/ptifa.com\\\/wp-content\\\/uploads\\\/2025\\\/03\\\/SDC.webp\",\"contentUrl\":\"https:\\\/\\\/ptifa.com\\\/wp-content\\\/uploads\\\/2025\\\/03\\\/SDC.webp\",\"width\":900,\"height\":715,\"caption\":\"Saskatchewan Dental Conference.\"},{\"@type\":\"BreadcrumbList\",\"@id\":\"https:\\\/\\\/ptifa.com\\\/p\\\/events\\\/saskatchewan-dental-conference\\\/#breadcrumb\",\"itemListElement\":[{\"@type\":\"ListItem\",\"position\":1,\"name\":\"Home\",\"item\":\"https:\\\/\\\/ptifa.com\\\/\"},{\"@type\":\"ListItem\",\"position\":2,\"name\":\"Products\",\"item\":\"https:\\\/\\\/ptifa.com\\\/fr\\\/produits\\\/\"},{\"@type\":\"ListItem\",\"position\":3,\"name\":\"Saskatchewan Dental Conference\"}]},{\"@type\":\"WebSite\",\"@id\":\"https:\\\/\\\/ptifa.com\\\/fr\\\/#website\",\"url\":\"https:\\\/\\\/ptifa.com\\\/fr\\\/\",\"name\":\"Pacific Training Institute for Facial Aesthetics &amp; Therapeutics\",\"description\":\"\",\"publisher\":{\"@id\":\"https:\\\/\\\/ptifa.com\\\/fr\\\/#organization\"},\"alternateName\":\"PTIFAT\",\"potentialAction\":[{\"@type\":\"SearchAction\",\"target\":{\"@type\":\"EntryPoint\",\"urlTemplate\":\"https:\\\/\\\/ptifa.com\\\/fr\\\/?s={search_term_string}\"},\"query-input\":{\"@type\":\"PropertyValueSpecification\",\"valueRequired\":true,\"valueName\":\"search_term_string\"}}],\"inLanguage\":\"fr-CA\"},{\"@type\":\"Organization\",\"@id\":\"https:\\\/\\\/ptifa.com\\\/fr\\\/#organization\",\"name\":\"Pacific Training Institute for Facial Aesthetics & Therapeutics\",\"alternateName\":\"PTIFAT\",\"url\":\"https:\\\/\\\/ptifa.com\\\/fr\\\/\",\"logo\":{\"@type\":\"ImageObject\",\"inLanguage\":\"fr-CA\",\"@id\":\"https:\\\/\\\/ptifa.com\\\/fr\\\/#\\\/schema\\\/logo\\\/image\\\/\",\"url\":\"https:\\\/\\\/ptifa.com\\\/wp-content\\\/uploads\\\/2025\\\/02\\\/ptifa-logo.svg\",\"contentUrl\":\"https:\\\/\\\/ptifa.com\\\/wp-content\\\/uploads\\\/2025\\\/02\\\/ptifa-logo.svg\",\"width\":310,\"height\":42,\"caption\":\"Pacific Training Institute for Facial Aesthetics & Therapeutics\"},\"image\":{\"@id\":\"https:\\\/\\\/ptifa.com\\\/fr\\\/#\\\/schema\\\/logo\\\/image\\\/\"}}]}<\/script>\n<!-- \/ Yoast SEO plugin. -->","yoast_head_json":{"title":"Conf\u00e9rence dentaire de la Saskatchewan 2025 : Conf\u00e9rences sur l'utilisation th\u00e9rapeutique du Botox","description":"Le Dr Roberts explique pourquoi une compr\u00e9hension d\u00e9taill\u00e9e de l'anatomie du visage et du cou est essentielle \u00e0 la r\u00e9ussite des traitements th\u00e9rapeutiques et esth\u00e9tiques au Botox.","robots":{"index":"index","follow":"follow","max-snippet":"max-snippet:-1","max-image-preview":"max-image-preview:large","max-video-preview":"max-video-preview:-1"},"canonical":"https:\/\/ptifa.com\/fr\/p\/evenements\/conference-dentaire-de-la-saskatchewan\/","og_locale":"fr_CA","og_type":"article","og_title":"Saskatchewan Dental Conference 2025: Therapeutic Use of Botox Lectures","og_description":"Dr. Roberts explains why a detailed understanding of face & neck anatomy are paramount to successful therapeutic and aesthetic Botox treatments.","og_url":"https:\/\/ptifa.com\/fr\/p\/evenements\/conference-dentaire-de-la-saskatchewan\/","og_site_name":"Pacific Training Institute for Facial Aesthetics &amp; Therapeutics","article_modified_time":"2025-04-27T19:09:49+00:00","og_image":[{"width":900,"height":715,"url":"https:\/\/ptifa.com\/wp-content\/uploads\/2025\/03\/SDC.webp","type":"image\/webp"}],"twitter_card":"summary_large_image","twitter_misc":{"Estimation du temps de lecture":"2 minutes"},"schema":{"@context":"https:\/\/schema.org","@graph":[{"@type":"WebPage","@id":"https:\/\/ptifa.com\/p\/events\/saskatchewan-dental-conference\/","url":"https:\/\/ptifa.com\/p\/events\/saskatchewan-dental-conference\/","name":"Conf\u00e9rence dentaire de la Saskatchewan 2025 : Conf\u00e9rences sur l'utilisation th\u00e9rapeutique du Botox","isPartOf":{"@id":"https:\/\/ptifa.com\/fr\/#website"},"primaryImageOfPage":{"@id":"https:\/\/ptifa.com\/p\/events\/saskatchewan-dental-conference\/#primaryimage"},"image":{"@id":"https:\/\/ptifa.com\/p\/events\/saskatchewan-dental-conference\/#primaryimage"},"thumbnailUrl":"https:\/\/ptifa.com\/wp-content\/uploads\/2025\/03\/SDC.webp","datePublished":"2025-03-25T22:42:01+00:00","dateModified":"2025-04-27T19:09:49+00:00","description":"Le Dr Roberts explique pourquoi une compr\u00e9hension d\u00e9taill\u00e9e de l'anatomie du visage et du cou est essentielle \u00e0 la r\u00e9ussite des traitements th\u00e9rapeutiques et esth\u00e9tiques au Botox.","breadcrumb":{"@id":"https:\/\/ptifa.com\/p\/events\/saskatchewan-dental-conference\/#breadcrumb"},"inLanguage":"fr-CA","potentialAction":[{"@type":"ReadAction","target":["https:\/\/ptifa.com\/p\/events\/saskatchewan-dental-conference\/"]}]},{"@type":"ImageObject","inLanguage":"fr-CA","@id":"https:\/\/ptifa.com\/p\/events\/saskatchewan-dental-conference\/#primaryimage","url":"https:\/\/ptifa.com\/wp-content\/uploads\/2025\/03\/SDC.webp","contentUrl":"https:\/\/ptifa.com\/wp-content\/uploads\/2025\/03\/SDC.webp","width":900,"height":715,"caption":"Saskatchewan Dental Conference."},{"@type":"BreadcrumbList","@id":"https:\/\/ptifa.com\/p\/events\/saskatchewan-dental-conference\/#breadcrumb","itemListElement":[{"@type":"ListItem","position":1,"name":"Home","item":"https:\/\/ptifa.com\/"},{"@type":"ListItem","position":2,"name":"Products","item":"https:\/\/ptifa.com\/fr\/produits\/"},{"@type":"ListItem","position":3,"name":"Saskatchewan Dental Conference"}]},{"@type":"WebSite","@id":"https:\/\/ptifa.com\/fr\/#website","url":"https:\/\/ptifa.com\/fr\/","name":"Institut de formation du Pacifique pour l'esth\u00e9tique faciale et la th\u00e9rapeutique","description":"","publisher":{"@id":"https:\/\/ptifa.com\/fr\/#organization"},"alternateName":"PTIFAT","potentialAction":[{"@type":"SearchAction","target":{"@type":"EntryPoint","urlTemplate":"https:\/\/ptifa.com\/fr\/?s={search_term_string}"},"query-input":{"@type":"PropertyValueSpecification","valueRequired":true,"valueName":"search_term_string"}}],"inLanguage":"fr-CA"},{"@type":"Organization","@id":"https:\/\/ptifa.com\/fr\/#organization","name":"Institut de formation du Pacifique pour l'esth\u00e9tique faciale et la th\u00e9rapeutique","alternateName":"PTIFAT","url":"https:\/\/ptifa.com\/fr\/","logo":{"@type":"ImageObject","inLanguage":"fr-CA","@id":"https:\/\/ptifa.com\/fr\/#\/schema\/logo\/image\/","url":"https:\/\/ptifa.com\/wp-content\/uploads\/2025\/02\/ptifa-logo.svg","contentUrl":"https:\/\/ptifa.com\/wp-content\/uploads\/2025\/02\/ptifa-logo.svg","width":310,"height":42,"caption":"Pacific Training Institute for Facial Aesthetics & Therapeutics"},"image":{"@id":"https:\/\/ptifa.com\/fr\/#\/schema\/logo\/image\/"}}]}},"_links":{"self":[{"href":"https:\/\/ptifa.com\/fr\/wp-json\/wp\/v2\/product\/2630","targetHints":{"allow":["GET"]}}],"collection":[{"href":"https:\/\/ptifa.com\/fr\/wp-json\/wp\/v2\/product"}],"about":[{"href":"https:\/\/ptifa.com\/fr\/wp-json\/wp\/v2\/types\/product"}],"wp:featuredmedia":[{"embeddable":true,"href":"https:\/\/ptifa.com\/fr\/wp-json\/wp\/v2\/media\/3255"}],"wp:attachment":[{"href":"https:\/\/ptifa.com\/fr\/wp-json\/wp\/v2\/media?parent=2630"}],"wp:term":[{"taxonomy":"product_brand","embeddable":true,"href":"https:\/\/ptifa.com\/fr\/wp-json\/wp\/v2\/product_brand?post=2630"},{"taxonomy":"product_cat","embeddable":true,"href":"https:\/\/ptifa.com\/fr\/wp-json\/wp\/v2\/product_cat?post=2630"},{"taxonomy":"product_tag","embeddable":true,"href":"https:\/\/ptifa.com\/fr\/wp-json\/wp\/v2\/product_tag?post=2630"}],"curies":[{"name":"wp","href":"https:\/\/api.w.org\/{rel}","templated":true}]}}