{"id":5463,"date":"2025-09-06T19:49:53","date_gmt":"2025-09-06T19:49:53","guid":{"rendered":"https:\/\/ptifa.com\/?post_type=product&#038;p=5463"},"modified":"2026-01-03T00:04:10","modified_gmt":"2026-01-03T00:04:10","slug":"pdc-pacific-dental-conference","status":"publish","type":"product","link":"https:\/\/ptifa.com\/fr\/p\/products\/pdc-pacific-dental-conference\/","title":{"rendered":"Conf\u00e9rence dentaire du Pacifique"},"content":{"rendered":"<p>Nous \u00e9levons le Botox au niveau de la dentisterie.<br>Venez nous rendre visite lors de la prochaine Pacific Dental Conference \u00e0 Vancouver, en Colombie-Britannique. D\u00e9bloquer <strong>offres exclusives pour la conf\u00e9rence<\/strong>, Rencontrez notre \u00e9quipe clinique et d\u00e9couvrez comment des milliers de dentistes int\u00e8grent le Botox th\u00e9rapeutique et esth\u00e9tique de fa\u00e7on s\u00e9curitaire et pr\u00e9visible \u00e0 travers le Canada.<\/p>\n\n\n\n<p>Visitez notre stand 1531 pour :<\/p>\n\n\n\n<ul class=\"wp-block-list\">\n<li>D\u00e9couvrez comment le Botox est un traitement de choix pour les troubles musculo-squelettiques.<\/li>\n\n\n\n<li>D\u00e9couvrez pourquoi PTIFAT est reconnu comme le leader de l'int\u00e9gration clinique du Botox<\/li>\n\n\n\n<li>Rencontrez notre directeur clinique, nos instructeurs et notre \u00e9quipe p\u00e9dagogique.<\/li>\n\n\n\n<li>Voir comment les cliniques utilisent <strong><a href=\"http:\/\/www.facetec.ca\" target=\"_blank\" rel=\"noreferrer noopener\">Facetec<\/a><\/strong> pour saisir et g\u00e9rer les photos des patients et favoriser la croissance du cabinet<\/li>\n\n\n\n<li>D\u00e9couvrez notre parcours de formation complet, de l'initiation aux niveaux th\u00e9rapeutiques et esth\u00e9tiques avanc\u00e9s.<\/li>\n<\/ul>\n\n\n\n<p><strong>Dates de la conf\u00e9rence :<\/strong>&nbsp;5\/6 mars 2026<\/p>\n\n\n\n<p><strong>Lieu :&nbsp;<\/strong>Centre des congr\u00e8s de Vancouver<\/p>\n\n\n\n<h2 class=\"wp-block-heading\"><strong>Devenez un patient de d\u00e9monstration de Botox en direct (gratuit)<\/strong><\/h2>\n\n\n\n<p>Nous s\u00e9lectionnons <strong>4 patients de d\u00e9monstration en direct<\/strong> pour le traitement au Botox effectu\u00e9 par le Dr Roberts pendant la conf\u00e9rence - avec le marquage anatomique et les mod\u00e8les d'injection de PTIFAT. Demandez un traitement esth\u00e9tique ou th\u00e9rapeutique avant le : le 28 f\u00e9vrier 2026<\/p>\n\n\n\n<p><a href=\"https:\/\/ptifa.com\/fr\/applications\/pdc-pacific-dental-conference-application\/\">Cliquez ici pour postuler<\/a><\/p>\n\n\n\n<h2 class=\"wp-block-heading\"><strong>Anciens du PTIFAT - Retirez votre badge de dipl\u00f4m\u00e9<\/strong><\/h2>\n\n\n\n<p>Si vous avez suivi une formation PTIFAT de niveau 2+, passez au stand pour r\u00e9cup\u00e9rer votre <strong>pin's exclusif des anciens du PTIFAT<\/strong>-Gratuit pour les dipl\u00f4m\u00e9s.<\/p>\n\n\n\n<h2 class=\"wp-block-heading\"><strong>Offres exclusives de la conf\u00e9rence<\/strong><\/h2>\n\n\n\n<p>Inscrivez-vous \u00e0 un cours pratique (niveau 1, niveau 2, niveau 3) sur notre stand et recevez l'une des promotions de la conf\u00e9rence.<\/p>\n\n\n\n<p><\/p>","protected":false},"excerpt":{"rendered":"<p>Rejoignez le Dr. Roberts et PTIFAT \u00e0 la Pacific Dental Conference \u00e0 Vancouver, BC<\/p>","protected":false},"featured_media":5470,"template":"","meta":{"_acf_changed":false,"inline_featured_image":false},"product_brand":[],"product_cat":[77],"product_tag":[],"class_list":{"0":"post-5463","1":"product","2":"type-product","3":"status-publish","4":"has-post-thumbnail","6":"product_cat-products","7":"","8":"woocommerce-text-align-center","9":"woocommerce-image-align-center","11":"first","12":"instock","13":"taxable","14":"shipping-taxable","15":"product-type-external"},"exclude_global_add_ons":[],"addons":[],"acf":[],"yoast_head":"<!-- This site is optimized with the Yoast SEO plugin v27.3 - https:\/\/yoast.com\/product\/yoast-seo-wordpress\/ -->\n<title>PDC Conference: Therapeutic Botox in Dentistry in Vancouver<\/title>\n<meta name=\"description\" content=\"Discover how therapeutic Botox is used in dentistry at PDC. Join PTIFAT at the Pacific Dental Conference for education, insights, and patient demos.\" \/>\n<meta name=\"robots\" content=\"index, follow, max-snippet:-1, max-image-preview:large, max-video-preview:-1\" \/>\n<link rel=\"canonical\" href=\"https:\/\/ptifa.com\/fr\/p\/produits\/pdc-pacific-dental-conference\/\" \/>\n<meta property=\"og:locale\" content=\"fr_CA\" \/>\n<meta property=\"og:type\" content=\"article\" \/>\n<meta property=\"og:title\" content=\"PDC Conference: Therapeutic Botox in Dentistry in Vancouver\" \/>\n<meta property=\"og:description\" content=\"Discover how therapeutic Botox is used in dentistry at PDC. Join PTIFAT at the Pacific Dental Conference for education, insights, and patient demos.\" \/>\n<meta property=\"og:url\" content=\"https:\/\/ptifa.com\/fr\/p\/produits\/pdc-pacific-dental-conference\/\" \/>\n<meta property=\"og:site_name\" content=\"Pacific Training Institute for Facial Aesthetics &amp; Therapeutics\" \/>\n<meta property=\"article:modified_time\" content=\"2026-01-03T00:04:10+00:00\" \/>\n<meta property=\"og:image\" content=\"https:\/\/ptifa.com\/wp-content\/uploads\/2025\/09\/pacific-dental-1.webp\" \/>\n\t<meta property=\"og:image:width\" content=\"750\" \/>\n\t<meta property=\"og:image:height\" content=\"750\" \/>\n\t<meta property=\"og:image:type\" content=\"image\/webp\" \/>\n<meta name=\"twitter:card\" content=\"summary_large_image\" \/>\n<meta name=\"twitter:label1\" content=\"Estimation du temps de lecture\" \/>\n\t<meta name=\"twitter:data1\" content=\"1 minute\" \/>\n<script type=\"application\/ld+json\" class=\"yoast-schema-graph\">{\"@context\":\"https:\\\/\\\/schema.org\",\"@graph\":[{\"@type\":\"WebPage\",\"@id\":\"https:\\\/\\\/ptifa.com\\\/p\\\/products\\\/pdc-pacific-dental-conference\\\/\",\"url\":\"https:\\\/\\\/ptifa.com\\\/p\\\/products\\\/pdc-pacific-dental-conference\\\/\",\"name\":\"PDC Conference: Therapeutic Botox in Dentistry in Vancouver\",\"isPartOf\":{\"@id\":\"https:\\\/\\\/ptifa.com\\\/fr\\\/#website\"},\"primaryImageOfPage\":{\"@id\":\"https:\\\/\\\/ptifa.com\\\/p\\\/products\\\/pdc-pacific-dental-conference\\\/#primaryimage\"},\"image\":{\"@id\":\"https:\\\/\\\/ptifa.com\\\/p\\\/products\\\/pdc-pacific-dental-conference\\\/#primaryimage\"},\"thumbnailUrl\":\"https:\\\/\\\/ptifa.com\\\/wp-content\\\/uploads\\\/2025\\\/09\\\/pacific-dental-1.webp\",\"datePublished\":\"2025-09-06T19:49:53+00:00\",\"dateModified\":\"2026-01-03T00:04:10+00:00\",\"description\":\"Discover how therapeutic Botox is used in dentistry at PDC. Join PTIFAT at the Pacific Dental Conference for education, insights, and patient demos.\",\"breadcrumb\":{\"@id\":\"https:\\\/\\\/ptifa.com\\\/p\\\/products\\\/pdc-pacific-dental-conference\\\/#breadcrumb\"},\"inLanguage\":\"fr-CA\",\"potentialAction\":[{\"@type\":\"ReadAction\",\"target\":[\"https:\\\/\\\/ptifa.com\\\/p\\\/products\\\/pdc-pacific-dental-conference\\\/\"]}]},{\"@type\":\"ImageObject\",\"inLanguage\":\"fr-CA\",\"@id\":\"https:\\\/\\\/ptifa.com\\\/p\\\/products\\\/pdc-pacific-dental-conference\\\/#primaryimage\",\"url\":\"https:\\\/\\\/ptifa.com\\\/wp-content\\\/uploads\\\/2025\\\/09\\\/pacific-dental-1.webp\",\"contentUrl\":\"https:\\\/\\\/ptifa.com\\\/wp-content\\\/uploads\\\/2025\\\/09\\\/pacific-dental-1.webp\",\"width\":750,\"height\":750,\"caption\":\"Pacific Dental Conference Vancouver, BC\"},{\"@type\":\"BreadcrumbList\",\"@id\":\"https:\\\/\\\/ptifa.com\\\/p\\\/products\\\/pdc-pacific-dental-conference\\\/#breadcrumb\",\"itemListElement\":[{\"@type\":\"ListItem\",\"position\":1,\"name\":\"Home\",\"item\":\"https:\\\/\\\/ptifa.com\\\/\"},{\"@type\":\"ListItem\",\"position\":2,\"name\":\"Products\",\"item\":\"https:\\\/\\\/ptifa.com\\\/fr\\\/produits\\\/\"},{\"@type\":\"ListItem\",\"position\":3,\"name\":\"Pacific Dental Conference\"}]},{\"@type\":\"WebSite\",\"@id\":\"https:\\\/\\\/ptifa.com\\\/fr\\\/#website\",\"url\":\"https:\\\/\\\/ptifa.com\\\/fr\\\/\",\"name\":\"Pacific Training Institute for Facial Aesthetics &amp; Therapeutics\",\"description\":\"\",\"publisher\":{\"@id\":\"https:\\\/\\\/ptifa.com\\\/fr\\\/#organization\"},\"alternateName\":\"PTIFAT\",\"potentialAction\":[{\"@type\":\"SearchAction\",\"target\":{\"@type\":\"EntryPoint\",\"urlTemplate\":\"https:\\\/\\\/ptifa.com\\\/fr\\\/?s={search_term_string}\"},\"query-input\":{\"@type\":\"PropertyValueSpecification\",\"valueRequired\":true,\"valueName\":\"search_term_string\"}}],\"inLanguage\":\"fr-CA\"},{\"@type\":\"Organization\",\"@id\":\"https:\\\/\\\/ptifa.com\\\/fr\\\/#organization\",\"name\":\"Pacific Training Institute for Facial Aesthetics & Therapeutics\",\"alternateName\":\"PTIFAT\",\"url\":\"https:\\\/\\\/ptifa.com\\\/fr\\\/\",\"logo\":{\"@type\":\"ImageObject\",\"inLanguage\":\"fr-CA\",\"@id\":\"https:\\\/\\\/ptifa.com\\\/fr\\\/#\\\/schema\\\/logo\\\/image\\\/\",\"url\":\"https:\\\/\\\/ptifa.com\\\/wp-content\\\/uploads\\\/2025\\\/02\\\/ptifa-logo.svg\",\"contentUrl\":\"https:\\\/\\\/ptifa.com\\\/wp-content\\\/uploads\\\/2025\\\/02\\\/ptifa-logo.svg\",\"width\":310,\"height\":42,\"caption\":\"Pacific Training Institute for Facial Aesthetics & Therapeutics\"},\"image\":{\"@id\":\"https:\\\/\\\/ptifa.com\\\/fr\\\/#\\\/schema\\\/logo\\\/image\\\/\"}}]}<\/script>\n<!-- \/ Yoast SEO plugin. -->","yoast_head_json":{"title":"Conf\u00e9rence du PDC : Botox th\u00e9rapeutique en dentisterie \u00e0 Vancouver","description":"D\u00e9couvrez comment le Botox th\u00e9rapeutique est utilis\u00e9 en dentisterie \u00e0 la PDC. Rejoignez PTIFAT \u00e0 la Pacific Dental Conference pour une formation, des informations et des d\u00e9monstrations pour les patients.","robots":{"index":"index","follow":"follow","max-snippet":"max-snippet:-1","max-image-preview":"max-image-preview:large","max-video-preview":"max-video-preview:-1"},"canonical":"https:\/\/ptifa.com\/fr\/p\/produits\/pdc-pacific-dental-conference\/","og_locale":"fr_CA","og_type":"article","og_title":"PDC Conference: Therapeutic Botox in Dentistry in Vancouver","og_description":"Discover how therapeutic Botox is used in dentistry at PDC. Join PTIFAT at the Pacific Dental Conference for education, insights, and patient demos.","og_url":"https:\/\/ptifa.com\/fr\/p\/produits\/pdc-pacific-dental-conference\/","og_site_name":"Pacific Training Institute for Facial Aesthetics &amp; Therapeutics","article_modified_time":"2026-01-03T00:04:10+00:00","og_image":[{"width":750,"height":750,"url":"https:\/\/ptifa.com\/wp-content\/uploads\/2025\/09\/pacific-dental-1.webp","type":"image\/webp"}],"twitter_card":"summary_large_image","twitter_misc":{"Estimation du temps de lecture":"1 minute"},"schema":{"@context":"https:\/\/schema.org","@graph":[{"@type":"WebPage","@id":"https:\/\/ptifa.com\/p\/products\/pdc-pacific-dental-conference\/","url":"https:\/\/ptifa.com\/p\/products\/pdc-pacific-dental-conference\/","name":"Conf\u00e9rence du PDC : Botox th\u00e9rapeutique en dentisterie \u00e0 Vancouver","isPartOf":{"@id":"https:\/\/ptifa.com\/fr\/#website"},"primaryImageOfPage":{"@id":"https:\/\/ptifa.com\/p\/products\/pdc-pacific-dental-conference\/#primaryimage"},"image":{"@id":"https:\/\/ptifa.com\/p\/products\/pdc-pacific-dental-conference\/#primaryimage"},"thumbnailUrl":"https:\/\/ptifa.com\/wp-content\/uploads\/2025\/09\/pacific-dental-1.webp","datePublished":"2025-09-06T19:49:53+00:00","dateModified":"2026-01-03T00:04:10+00:00","description":"D\u00e9couvrez comment le Botox th\u00e9rapeutique est utilis\u00e9 en dentisterie \u00e0 la PDC. Rejoignez PTIFAT \u00e0 la Pacific Dental Conference pour une formation, des informations et des d\u00e9monstrations pour les patients.","breadcrumb":{"@id":"https:\/\/ptifa.com\/p\/products\/pdc-pacific-dental-conference\/#breadcrumb"},"inLanguage":"fr-CA","potentialAction":[{"@type":"ReadAction","target":["https:\/\/ptifa.com\/p\/products\/pdc-pacific-dental-conference\/"]}]},{"@type":"ImageObject","inLanguage":"fr-CA","@id":"https:\/\/ptifa.com\/p\/products\/pdc-pacific-dental-conference\/#primaryimage","url":"https:\/\/ptifa.com\/wp-content\/uploads\/2025\/09\/pacific-dental-1.webp","contentUrl":"https:\/\/ptifa.com\/wp-content\/uploads\/2025\/09\/pacific-dental-1.webp","width":750,"height":750,"caption":"Pacific Dental Conference Vancouver, BC"},{"@type":"BreadcrumbList","@id":"https:\/\/ptifa.com\/p\/products\/pdc-pacific-dental-conference\/#breadcrumb","itemListElement":[{"@type":"ListItem","position":1,"name":"Home","item":"https:\/\/ptifa.com\/"},{"@type":"ListItem","position":2,"name":"Products","item":"https:\/\/ptifa.com\/fr\/produits\/"},{"@type":"ListItem","position":3,"name":"Pacific Dental Conference"}]},{"@type":"WebSite","@id":"https:\/\/ptifa.com\/fr\/#website","url":"https:\/\/ptifa.com\/fr\/","name":"Institut de formation du Pacifique pour l'esth\u00e9tique faciale et la th\u00e9rapeutique","description":"","publisher":{"@id":"https:\/\/ptifa.com\/fr\/#organization"},"alternateName":"PTIFAT","potentialAction":[{"@type":"SearchAction","target":{"@type":"EntryPoint","urlTemplate":"https:\/\/ptifa.com\/fr\/?s={search_term_string}"},"query-input":{"@type":"PropertyValueSpecification","valueRequired":true,"valueName":"search_term_string"}}],"inLanguage":"fr-CA"},{"@type":"Organization","@id":"https:\/\/ptifa.com\/fr\/#organization","name":"Institut de formation du Pacifique pour l'esth\u00e9tique faciale et la th\u00e9rapeutique","alternateName":"PTIFAT","url":"https:\/\/ptifa.com\/fr\/","logo":{"@type":"ImageObject","inLanguage":"fr-CA","@id":"https:\/\/ptifa.com\/fr\/#\/schema\/logo\/image\/","url":"https:\/\/ptifa.com\/wp-content\/uploads\/2025\/02\/ptifa-logo.svg","contentUrl":"https:\/\/ptifa.com\/wp-content\/uploads\/2025\/02\/ptifa-logo.svg","width":310,"height":42,"caption":"Pacific Training Institute for Facial Aesthetics & Therapeutics"},"image":{"@id":"https:\/\/ptifa.com\/fr\/#\/schema\/logo\/image\/"}}]}},"_links":{"self":[{"href":"https:\/\/ptifa.com\/fr\/wp-json\/wp\/v2\/product\/5463","targetHints":{"allow":["GET"]}}],"collection":[{"href":"https:\/\/ptifa.com\/fr\/wp-json\/wp\/v2\/product"}],"about":[{"href":"https:\/\/ptifa.com\/fr\/wp-json\/wp\/v2\/types\/product"}],"wp:featuredmedia":[{"embeddable":true,"href":"https:\/\/ptifa.com\/fr\/wp-json\/wp\/v2\/media\/5470"}],"wp:attachment":[{"href":"https:\/\/ptifa.com\/fr\/wp-json\/wp\/v2\/media?parent=5463"}],"wp:term":[{"taxonomy":"product_brand","embeddable":true,"href":"https:\/\/ptifa.com\/fr\/wp-json\/wp\/v2\/product_brand?post=5463"},{"taxonomy":"product_cat","embeddable":true,"href":"https:\/\/ptifa.com\/fr\/wp-json\/wp\/v2\/product_cat?post=5463"},{"taxonomy":"product_tag","embeddable":true,"href":"https:\/\/ptifa.com\/fr\/wp-json\/wp\/v2\/product_tag?post=5463"}],"curies":[{"name":"wp","href":"https:\/\/api.w.org\/{rel}","templated":true}]}}