{"id":5661,"date":"2025-10-10T02:11:17","date_gmt":"2025-10-10T02:11:17","guid":{"rendered":"https:\/\/ptifa.com\/?post_type=product&#038;p=5661"},"modified":"2026-01-21T18:14:28","modified_gmt":"2026-01-21T18:14:28","slug":"conferences-des-residents-en-prosthodontie-de-lubc","status":"publish","type":"product","link":"https:\/\/ptifa.com\/fr\/p\/products\/ubc-graduate-prosthodontics-resident-lectures\/","title":{"rendered":"Conf\u00e9rences pour les r\u00e9sidents en prosthodontie de l'Universit\u00e9 de la Colombie-Britannique"},"content":{"rendered":"<p>Le Dr Warren Roberts pr\u00e9sentera deux conf\u00e9rences dans le cadre de l'Ann\u00e9e europ\u00e9enne de l'environnement et du d\u00e9veloppement durable. <strong>R\u00e9sidents en prosthodontie de l'Universit\u00e9 de la Colombie-Britannique<\/strong> dans le cadre du calendrier du semestre d'hiver 2026 :<\/p>\n\n\n\n<p><strong>Sensibilit\u00e9 des populations autochtones<\/strong><br><em>Mardi 10 f\u00e9vrier 2026<\/em><br><em>8H00 - 10H00<\/em><\/p>\n\n\n\n<p><strong><strong><strong>Succ\u00e8s du Botox et des implants<\/strong><\/strong><\/strong><br><em>Mardi 17 f\u00e9vrier 2026<\/em><br><em>8H00 - 10H00<\/em><\/p>\n\n\n\n<p><br><strong>Localisation :<\/strong> <br><a href=\"https:\/\/www.dentistry.ubc.ca\/\" target=\"_blank\" rel=\"noreferrer noopener\"><span style=\"text-decoration: underline;\">Universit\u00e9 de la Colombie-Britannique<\/span><\/a> <\/p>\n\n\n\n<p>Facult\u00e9 d'odontologie, D\u00e9partement des sciences de la sant\u00e9 bucco-dentaire<br>Vancouver, BC, Canada<\/p>\n\n\n\n<p>Ces sessions font partie de <a href=\"https:\/\/ptifa.com\/fr\/a-propos-de\/dr-warren-roberts\/\" type=\"page\" id=\"3154\">Dr. Roberts<\/a> et l'engagement permanent du PTIFAT \u00e0 faire progresser l'\u00e9ducation en mati\u00e8re d'esth\u00e9tique faciale et d'applications th\u00e9rapeutiques au sein de la facult\u00e9 d'odontologie.<\/p>\n\n\n\n<p><\/p>\n\n\n\n<p><\/p>\n\n\n\n<p><\/p>\n\n\n\n<p><\/p>","protected":false},"excerpt":{"rendered":"<p>Le Dr Roberts pr\u00e9sentera deux conf\u00e9rences sur le Botox pour les r\u00e9sidents en prosthodontie de l'UBC.<\/p>","protected":false},"featured_media":5660,"template":"","meta":{"_acf_changed":false,"inline_featured_image":false},"product_brand":[],"product_cat":[77],"product_tag":[],"class_list":{"0":"post-5661","1":"product","2":"type-product","3":"status-publish","4":"has-post-thumbnail","6":"product_cat-products","7":"","8":"woocommerce-text-align-center","9":"woocommerce-image-align-center","11":"first","12":"instock","13":"taxable","14":"shipping-taxable","15":"product-type-external"},"exclude_global_add_ons":[],"addons":[],"acf":[],"yoast_head":"<!-- This site is optimized with the Yoast SEO plugin v27.3 - https:\/\/yoast.com\/product\/yoast-seo-wordpress\/ -->\n<title>UBC Graduate Prosthodontics Resident Lectures \u2013 PTIFAT<\/title>\n<meta name=\"description\" content=\"Explore UBC Graduate Prosthodontics Resident Lectures with Dr. Roberts, covering Indigenous sensitivity and Botox in dentistry at UBC Faculty of Dentistry.\" \/>\n<meta name=\"robots\" content=\"index, follow, max-snippet:-1, max-image-preview:large, max-video-preview:-1\" \/>\n<link rel=\"canonical\" href=\"https:\/\/ptifa.com\/fr\/p\/produits\/conferences-des-residents-en-prosthodontie-de-lubc\/\" \/>\n<meta property=\"og:locale\" content=\"fr_CA\" \/>\n<meta property=\"og:type\" content=\"article\" \/>\n<meta property=\"og:title\" content=\"UBC Graduate Prosthodontics Resident Lectures \u2013 PTIFAT\" \/>\n<meta property=\"og:description\" content=\"Explore UBC Graduate Prosthodontics Resident Lectures with Dr. Roberts, covering Indigenous sensitivity and Botox in dentistry at UBC Faculty of Dentistry.\" \/>\n<meta property=\"og:url\" content=\"https:\/\/ptifa.com\/fr\/p\/produits\/conferences-des-residents-en-prosthodontie-de-lubc\/\" \/>\n<meta property=\"og:site_name\" content=\"Pacific Training Institute for Facial Aesthetics &amp; Therapeutics\" \/>\n<meta property=\"article:modified_time\" content=\"2026-01-21T18:14:28+00:00\" \/>\n<meta property=\"og:image\" content=\"https:\/\/ptifa.com\/wp-content\/uploads\/2025\/10\/Screenshot-2025-10-09-at-7.06.38-PM.png\" \/>\n\t<meta property=\"og:image:width\" content=\"1728\" \/>\n\t<meta property=\"og:image:height\" content=\"482\" \/>\n\t<meta property=\"og:image:type\" content=\"image\/png\" \/>\n<meta name=\"twitter:card\" content=\"summary_large_image\" \/>\n<meta name=\"twitter:label1\" content=\"Estimation du temps de lecture\" \/>\n\t<meta name=\"twitter:data1\" content=\"1 minute\" \/>\n<script type=\"application\/ld+json\" class=\"yoast-schema-graph\">{\"@context\":\"https:\\\/\\\/schema.org\",\"@graph\":[{\"@type\":\"WebPage\",\"@id\":\"https:\\\/\\\/ptifa.com\\\/p\\\/products\\\/ubc-graduate-prosthodontics-resident-lectures\\\/\",\"url\":\"https:\\\/\\\/ptifa.com\\\/p\\\/products\\\/ubc-graduate-prosthodontics-resident-lectures\\\/\",\"name\":\"UBC Graduate Prosthodontics Resident Lectures \u2013 PTIFAT\",\"isPartOf\":{\"@id\":\"https:\\\/\\\/ptifa.com\\\/fr\\\/#website\"},\"primaryImageOfPage\":{\"@id\":\"https:\\\/\\\/ptifa.com\\\/p\\\/products\\\/ubc-graduate-prosthodontics-resident-lectures\\\/#primaryimage\"},\"image\":{\"@id\":\"https:\\\/\\\/ptifa.com\\\/p\\\/products\\\/ubc-graduate-prosthodontics-resident-lectures\\\/#primaryimage\"},\"thumbnailUrl\":\"https:\\\/\\\/ptifa.com\\\/wp-content\\\/uploads\\\/2025\\\/10\\\/Screenshot-2025-10-09-at-7.06.38-PM.png\",\"datePublished\":\"2025-10-10T02:11:17+00:00\",\"dateModified\":\"2026-01-21T18:14:28+00:00\",\"description\":\"Explore UBC Graduate Prosthodontics Resident Lectures with Dr. Roberts, covering Indigenous sensitivity and Botox in dentistry at UBC Faculty of Dentistry.\",\"breadcrumb\":{\"@id\":\"https:\\\/\\\/ptifa.com\\\/p\\\/products\\\/ubc-graduate-prosthodontics-resident-lectures\\\/#breadcrumb\"},\"inLanguage\":\"fr-CA\",\"potentialAction\":[{\"@type\":\"ReadAction\",\"target\":[\"https:\\\/\\\/ptifa.com\\\/p\\\/products\\\/ubc-graduate-prosthodontics-resident-lectures\\\/\"]}]},{\"@type\":\"ImageObject\",\"inLanguage\":\"fr-CA\",\"@id\":\"https:\\\/\\\/ptifa.com\\\/p\\\/products\\\/ubc-graduate-prosthodontics-resident-lectures\\\/#primaryimage\",\"url\":\"https:\\\/\\\/ptifa.com\\\/wp-content\\\/uploads\\\/2025\\\/10\\\/Screenshot-2025-10-09-at-7.06.38-PM.png\",\"contentUrl\":\"https:\\\/\\\/ptifa.com\\\/wp-content\\\/uploads\\\/2025\\\/10\\\/Screenshot-2025-10-09-at-7.06.38-PM.png\",\"width\":1728,\"height\":482,\"caption\":\"UBC Dentistry Logo\"},{\"@type\":\"BreadcrumbList\",\"@id\":\"https:\\\/\\\/ptifa.com\\\/p\\\/products\\\/ubc-graduate-prosthodontics-resident-lectures\\\/#breadcrumb\",\"itemListElement\":[{\"@type\":\"ListItem\",\"position\":1,\"name\":\"Home\",\"item\":\"https:\\\/\\\/ptifa.com\\\/\"},{\"@type\":\"ListItem\",\"position\":2,\"name\":\"Products\",\"item\":\"https:\\\/\\\/ptifa.com\\\/fr\\\/produits\\\/\"},{\"@type\":\"ListItem\",\"position\":3,\"name\":\"UBC Graduate Prosthodontics Resident Lectures\"}]},{\"@type\":\"WebSite\",\"@id\":\"https:\\\/\\\/ptifa.com\\\/fr\\\/#website\",\"url\":\"https:\\\/\\\/ptifa.com\\\/fr\\\/\",\"name\":\"Pacific Training Institute for Facial Aesthetics &amp; Therapeutics\",\"description\":\"\",\"publisher\":{\"@id\":\"https:\\\/\\\/ptifa.com\\\/fr\\\/#organization\"},\"alternateName\":\"PTIFAT\",\"potentialAction\":[{\"@type\":\"SearchAction\",\"target\":{\"@type\":\"EntryPoint\",\"urlTemplate\":\"https:\\\/\\\/ptifa.com\\\/fr\\\/?s={search_term_string}\"},\"query-input\":{\"@type\":\"PropertyValueSpecification\",\"valueRequired\":true,\"valueName\":\"search_term_string\"}}],\"inLanguage\":\"fr-CA\"},{\"@type\":\"Organization\",\"@id\":\"https:\\\/\\\/ptifa.com\\\/fr\\\/#organization\",\"name\":\"Pacific Training Institute for Facial Aesthetics & Therapeutics\",\"alternateName\":\"PTIFAT\",\"url\":\"https:\\\/\\\/ptifa.com\\\/fr\\\/\",\"logo\":{\"@type\":\"ImageObject\",\"inLanguage\":\"fr-CA\",\"@id\":\"https:\\\/\\\/ptifa.com\\\/fr\\\/#\\\/schema\\\/logo\\\/image\\\/\",\"url\":\"https:\\\/\\\/ptifa.com\\\/wp-content\\\/uploads\\\/2025\\\/02\\\/ptifa-logo.svg\",\"contentUrl\":\"https:\\\/\\\/ptifa.com\\\/wp-content\\\/uploads\\\/2025\\\/02\\\/ptifa-logo.svg\",\"width\":310,\"height\":42,\"caption\":\"Pacific Training Institute for Facial Aesthetics & Therapeutics\"},\"image\":{\"@id\":\"https:\\\/\\\/ptifa.com\\\/fr\\\/#\\\/schema\\\/logo\\\/image\\\/\"}}]}<\/script>\n<!-- \/ Yoast SEO plugin. -->","yoast_head_json":{"title":"Conf\u00e9rences des r\u00e9sidents en prosthodontie de l'Universit\u00e9 de la Colombie-Britannique - PTIFAT","description":"D\u00e9couvrez les conf\u00e9rences du Dr Roberts sur la sensibilit\u00e9 indig\u00e8ne et le Botox en dentisterie \u00e0 la Facult\u00e9 de dentisterie de l'Universit\u00e9 de Colombie-Britannique.","robots":{"index":"index","follow":"follow","max-snippet":"max-snippet:-1","max-image-preview":"max-image-preview:large","max-video-preview":"max-video-preview:-1"},"canonical":"https:\/\/ptifa.com\/fr\/p\/produits\/conferences-des-residents-en-prosthodontie-de-lubc\/","og_locale":"fr_CA","og_type":"article","og_title":"UBC Graduate Prosthodontics Resident Lectures \u2013 PTIFAT","og_description":"Explore UBC Graduate Prosthodontics Resident Lectures with Dr. Roberts, covering Indigenous sensitivity and Botox in dentistry at UBC Faculty of Dentistry.","og_url":"https:\/\/ptifa.com\/fr\/p\/produits\/conferences-des-residents-en-prosthodontie-de-lubc\/","og_site_name":"Pacific Training Institute for Facial Aesthetics &amp; Therapeutics","article_modified_time":"2026-01-21T18:14:28+00:00","og_image":[{"width":1728,"height":482,"url":"https:\/\/ptifa.com\/wp-content\/uploads\/2025\/10\/Screenshot-2025-10-09-at-7.06.38-PM.png","type":"image\/png"}],"twitter_card":"summary_large_image","twitter_misc":{"Estimation du temps de lecture":"1 minute"},"schema":{"@context":"https:\/\/schema.org","@graph":[{"@type":"WebPage","@id":"https:\/\/ptifa.com\/p\/products\/ubc-graduate-prosthodontics-resident-lectures\/","url":"https:\/\/ptifa.com\/p\/products\/ubc-graduate-prosthodontics-resident-lectures\/","name":"Conf\u00e9rences des r\u00e9sidents en prosthodontie de l'Universit\u00e9 de la Colombie-Britannique - PTIFAT","isPartOf":{"@id":"https:\/\/ptifa.com\/fr\/#website"},"primaryImageOfPage":{"@id":"https:\/\/ptifa.com\/p\/products\/ubc-graduate-prosthodontics-resident-lectures\/#primaryimage"},"image":{"@id":"https:\/\/ptifa.com\/p\/products\/ubc-graduate-prosthodontics-resident-lectures\/#primaryimage"},"thumbnailUrl":"https:\/\/ptifa.com\/wp-content\/uploads\/2025\/10\/Screenshot-2025-10-09-at-7.06.38-PM.png","datePublished":"2025-10-10T02:11:17+00:00","dateModified":"2026-01-21T18:14:28+00:00","description":"D\u00e9couvrez les conf\u00e9rences du Dr Roberts sur la sensibilit\u00e9 indig\u00e8ne et le Botox en dentisterie \u00e0 la Facult\u00e9 de dentisterie de l'Universit\u00e9 de Colombie-Britannique.","breadcrumb":{"@id":"https:\/\/ptifa.com\/p\/products\/ubc-graduate-prosthodontics-resident-lectures\/#breadcrumb"},"inLanguage":"fr-CA","potentialAction":[{"@type":"ReadAction","target":["https:\/\/ptifa.com\/p\/products\/ubc-graduate-prosthodontics-resident-lectures\/"]}]},{"@type":"ImageObject","inLanguage":"fr-CA","@id":"https:\/\/ptifa.com\/p\/products\/ubc-graduate-prosthodontics-resident-lectures\/#primaryimage","url":"https:\/\/ptifa.com\/wp-content\/uploads\/2025\/10\/Screenshot-2025-10-09-at-7.06.38-PM.png","contentUrl":"https:\/\/ptifa.com\/wp-content\/uploads\/2025\/10\/Screenshot-2025-10-09-at-7.06.38-PM.png","width":1728,"height":482,"caption":"UBC Dentistry Logo"},{"@type":"BreadcrumbList","@id":"https:\/\/ptifa.com\/p\/products\/ubc-graduate-prosthodontics-resident-lectures\/#breadcrumb","itemListElement":[{"@type":"ListItem","position":1,"name":"Home","item":"https:\/\/ptifa.com\/"},{"@type":"ListItem","position":2,"name":"Products","item":"https:\/\/ptifa.com\/fr\/produits\/"},{"@type":"ListItem","position":3,"name":"UBC Graduate Prosthodontics Resident Lectures"}]},{"@type":"WebSite","@id":"https:\/\/ptifa.com\/fr\/#website","url":"https:\/\/ptifa.com\/fr\/","name":"Institut de formation du Pacifique pour l'esth\u00e9tique faciale et la th\u00e9rapeutique","description":"","publisher":{"@id":"https:\/\/ptifa.com\/fr\/#organization"},"alternateName":"PTIFAT","potentialAction":[{"@type":"SearchAction","target":{"@type":"EntryPoint","urlTemplate":"https:\/\/ptifa.com\/fr\/?s={search_term_string}"},"query-input":{"@type":"PropertyValueSpecification","valueRequired":true,"valueName":"search_term_string"}}],"inLanguage":"fr-CA"},{"@type":"Organization","@id":"https:\/\/ptifa.com\/fr\/#organization","name":"Institut de formation du Pacifique pour l'esth\u00e9tique faciale et la th\u00e9rapeutique","alternateName":"PTIFAT","url":"https:\/\/ptifa.com\/fr\/","logo":{"@type":"ImageObject","inLanguage":"fr-CA","@id":"https:\/\/ptifa.com\/fr\/#\/schema\/logo\/image\/","url":"https:\/\/ptifa.com\/wp-content\/uploads\/2025\/02\/ptifa-logo.svg","contentUrl":"https:\/\/ptifa.com\/wp-content\/uploads\/2025\/02\/ptifa-logo.svg","width":310,"height":42,"caption":"Pacific Training Institute for Facial Aesthetics & Therapeutics"},"image":{"@id":"https:\/\/ptifa.com\/fr\/#\/schema\/logo\/image\/"}}]}},"_links":{"self":[{"href":"https:\/\/ptifa.com\/fr\/wp-json\/wp\/v2\/product\/5661","targetHints":{"allow":["GET"]}}],"collection":[{"href":"https:\/\/ptifa.com\/fr\/wp-json\/wp\/v2\/product"}],"about":[{"href":"https:\/\/ptifa.com\/fr\/wp-json\/wp\/v2\/types\/product"}],"wp:featuredmedia":[{"embeddable":true,"href":"https:\/\/ptifa.com\/fr\/wp-json\/wp\/v2\/media\/5660"}],"wp:attachment":[{"href":"https:\/\/ptifa.com\/fr\/wp-json\/wp\/v2\/media?parent=5661"}],"wp:term":[{"taxonomy":"product_brand","embeddable":true,"href":"https:\/\/ptifa.com\/fr\/wp-json\/wp\/v2\/product_brand?post=5661"},{"taxonomy":"product_cat","embeddable":true,"href":"https:\/\/ptifa.com\/fr\/wp-json\/wp\/v2\/product_cat?post=5661"},{"taxonomy":"product_tag","embeddable":true,"href":"https:\/\/ptifa.com\/fr\/wp-json\/wp\/v2\/product_tag?post=5661"}],"curies":[{"name":"wp","href":"https:\/\/api.w.org\/{rel}","templated":true}]}}