{"id":6005,"date":"2025-12-11T20:33:11","date_gmt":"2025-12-11T20:33:11","guid":{"rendered":"https:\/\/ptifa.com\/?post_type=product&#038;p=6005"},"modified":"2026-02-18T18:04:53","modified_gmt":"2026-02-18T18:04:53","slug":"conference-de-la-societe-dentaire-du-nouveau-brunswick","status":"publish","type":"product","link":"https:\/\/ptifa.com\/fr\/p\/products\/new-brunswick-dental-society-conference\/","title":{"rendered":"Conf\u00e9rence de la Soci\u00e9t\u00e9 dentaire du Nouveau-Brunswick"},"content":{"rendered":"<p>Nous \u00e9levons le Botox au niveau de la dentisterie.<br>Venez nous rendre visite \u00e0 la conf\u00e9rence de la Soci\u00e9t\u00e9 dentaire du Nouveau-Brunswick. D\u00e9bloquer <strong>offres exclusives pour la conf\u00e9rence<\/strong>, Rencontrez notre \u00e9quipe clinique et d\u00e9couvrez comment des milliers de dentistes int\u00e8grent le Botox th\u00e9rapeutique et esth\u00e9tique de fa\u00e7on s\u00e9curitaire et pr\u00e9visible \u00e0 travers le Canada.<\/p>\n\n\n\n<p class=\"translation-block\"><strong>Visitez notre kiosque<\/strong> pour :<\/p>\n\n\n\n<ul class=\"wp-block-list\">\n<li>Regardez une d\u00e9monstration de Botox en direct (<a href=\"http:\/\/ptifa.com\/fr\/model\/\" type=\"link\" id=\"http:\/\/ptifa.com\/model\">cliquez ici pour poser votre candidature comme mod\u00e8le Botox)<\/a><\/li>\n\n\n\n<li>D\u00e9couvrez comment le Botox est un traitement de choix pour les troubles musculo-squelettiques.<\/li>\n\n\n\n<li>D\u00e9couvrez pourquoi PTIFAT est reconnu comme le leader de l'int\u00e9gration clinique du Botox<\/li>\n\n\n\n<li>Rencontrez notre directeur clinique, nos instructeurs et notre \u00e9quipe p\u00e9dagogique.<\/li>\n\n\n\n<li>Voir comment les cliniques utilisent <strong><a href=\"http:\/\/www.facetec.ca\" target=\"_blank\" rel=\"noreferrer noopener\">Facetec<\/a><\/strong> pour saisir et g\u00e9rer les photos des patients et favoriser la croissance du cabinet<\/li>\n\n\n\n<li>D\u00e9couvrez notre parcours de formation complet, de l'initiation aux niveaux th\u00e9rapeutiques et esth\u00e9tiques avanc\u00e9s.<\/li>\n<\/ul>\n\n\n\n<p><strong>Dates de la conf\u00e9rence :<\/strong>&nbsp;28-30 mai 2026<\/p>\n\n\n\n<p><strong>Lieu :&nbsp;<\/strong>Centre des congr\u00e8s de Fredericton (Fredericton, NB)<\/p>\n\n\n\n<h2 class=\"wp-block-heading\"><strong>Anciens du PTIFAT - Retirez votre insigne de dipl\u00f4m\u00e9<\/strong><\/h2>\n\n\n\n<p>Si vous avez suivi une formation PTIFAT de niveau 2+, passez au stand pour r\u00e9cup\u00e9rer votre <strong>pin's exclusif des anciens du PTIFAT<\/strong>-Gratuit pour les dipl\u00f4m\u00e9s.<\/p>\n\n\n\n<h2 class=\"wp-block-heading\"><strong>Offres exclusives de la conf\u00e9rence<\/strong><\/h2>\n\n\n\n<p>Inscrivez-vous \u00e0 un cours pratique (niveau 1, niveau 2, niveau 3) sur notre stand et recevez l'une des promotions de la conf\u00e9rence.<\/p>\n\n\n\n<p><\/p>","protected":false},"excerpt":{"rendered":"<p>Rejoignez-nous \u00e0 la conf\u00e9rence de la Soci\u00e9t\u00e9 dentaire du Nouveau-Brunswick.<\/p>","protected":false},"featured_media":6006,"template":"","meta":{"_acf_changed":false,"inline_featured_image":false},"product_brand":[],"product_cat":[77],"product_tag":[],"class_list":{"0":"post-6005","1":"product","2":"type-product","3":"status-publish","4":"has-post-thumbnail","6":"product_cat-products","7":"","8":"woocommerce-text-align-center","9":"woocommerce-image-align-center","11":"first","12":"instock","13":"taxable","14":"shipping-taxable","15":"product-type-external"},"exclude_global_add_ons":[],"addons":[],"acf":[],"yoast_head":"<!-- This site is optimized with the Yoast SEO plugin v27.3 - https:\/\/yoast.com\/product\/yoast-seo-wordpress\/ -->\n<title>New Brunswick Dental Society Conference: Botox Training<\/title>\n<meta name=\"description\" content=\"Visit us at the New Brunswick Dental Society Conference and learn about integrating therapeutic Botox into your dental practice.\" \/>\n<meta name=\"robots\" content=\"index, follow, max-snippet:-1, max-image-preview:large, max-video-preview:-1\" \/>\n<link rel=\"canonical\" href=\"https:\/\/ptifa.com\/fr\/p\/produits\/conference-de-la-societe-dentaire-du-nouveau-brunswick\/\" \/>\n<meta property=\"og:locale\" content=\"fr_CA\" \/>\n<meta property=\"og:type\" content=\"article\" \/>\n<meta property=\"og:title\" content=\"New Brunswick Dental Society Conference: Botox Training\" \/>\n<meta property=\"og:description\" content=\"Visit us at the New Brunswick Dental Society Conference and learn about integrating therapeutic Botox into your dental practice.\" \/>\n<meta property=\"og:url\" content=\"https:\/\/ptifa.com\/fr\/p\/produits\/conference-de-la-societe-dentaire-du-nouveau-brunswick\/\" \/>\n<meta property=\"og:site_name\" content=\"Pacific Training Institute for Facial Aesthetics &amp; Therapeutics\" \/>\n<meta property=\"article:modified_time\" content=\"2026-02-18T18:04:53+00:00\" \/>\n<meta property=\"og:image\" content=\"https:\/\/ptifa.com\/wp-content\/uploads\/2025\/12\/Screenshot-2025-12-11-at-12.40.13-PM.png\" \/>\n\t<meta property=\"og:image:width\" content=\"872\" \/>\n\t<meta property=\"og:image:height\" content=\"306\" \/>\n\t<meta property=\"og:image:type\" content=\"image\/png\" \/>\n<meta name=\"twitter:card\" content=\"summary_large_image\" \/>\n<meta name=\"twitter:label1\" content=\"Estimation du temps de lecture\" \/>\n\t<meta name=\"twitter:data1\" content=\"1 minute\" \/>\n<script type=\"application\/ld+json\" class=\"yoast-schema-graph\">{\"@context\":\"https:\\\/\\\/schema.org\",\"@graph\":[{\"@type\":\"WebPage\",\"@id\":\"https:\\\/\\\/ptifa.com\\\/p\\\/products\\\/new-brunswick-dental-society-conference\\\/\",\"url\":\"https:\\\/\\\/ptifa.com\\\/p\\\/products\\\/new-brunswick-dental-society-conference\\\/\",\"name\":\"New Brunswick Dental Society Conference: Botox Training\",\"isPartOf\":{\"@id\":\"https:\\\/\\\/ptifa.com\\\/fr\\\/#website\"},\"primaryImageOfPage\":{\"@id\":\"https:\\\/\\\/ptifa.com\\\/p\\\/products\\\/new-brunswick-dental-society-conference\\\/#primaryimage\"},\"image\":{\"@id\":\"https:\\\/\\\/ptifa.com\\\/p\\\/products\\\/new-brunswick-dental-society-conference\\\/#primaryimage\"},\"thumbnailUrl\":\"https:\\\/\\\/ptifa.com\\\/wp-content\\\/uploads\\\/2025\\\/12\\\/Screenshot-2025-12-11-at-12.40.13-PM.png\",\"datePublished\":\"2025-12-11T20:33:11+00:00\",\"dateModified\":\"2026-02-18T18:04:53+00:00\",\"description\":\"Visit us at the New Brunswick Dental Society Conference and learn about integrating therapeutic Botox into your dental practice.\",\"breadcrumb\":{\"@id\":\"https:\\\/\\\/ptifa.com\\\/p\\\/products\\\/new-brunswick-dental-society-conference\\\/#breadcrumb\"},\"inLanguage\":\"fr-CA\",\"potentialAction\":[{\"@type\":\"ReadAction\",\"target\":[\"https:\\\/\\\/ptifa.com\\\/p\\\/products\\\/new-brunswick-dental-society-conference\\\/\"]}]},{\"@type\":\"ImageObject\",\"inLanguage\":\"fr-CA\",\"@id\":\"https:\\\/\\\/ptifa.com\\\/p\\\/products\\\/new-brunswick-dental-society-conference\\\/#primaryimage\",\"url\":\"https:\\\/\\\/ptifa.com\\\/wp-content\\\/uploads\\\/2025\\\/12\\\/Screenshot-2025-12-11-at-12.40.13-PM.png\",\"contentUrl\":\"https:\\\/\\\/ptifa.com\\\/wp-content\\\/uploads\\\/2025\\\/12\\\/Screenshot-2025-12-11-at-12.40.13-PM.png\",\"width\":872,\"height\":306,\"caption\":\"NBDS Annual Conference\"},{\"@type\":\"BreadcrumbList\",\"@id\":\"https:\\\/\\\/ptifa.com\\\/p\\\/products\\\/new-brunswick-dental-society-conference\\\/#breadcrumb\",\"itemListElement\":[{\"@type\":\"ListItem\",\"position\":1,\"name\":\"Home\",\"item\":\"https:\\\/\\\/ptifa.com\\\/\"},{\"@type\":\"ListItem\",\"position\":2,\"name\":\"Products\",\"item\":\"https:\\\/\\\/ptifa.com\\\/fr\\\/produits\\\/\"},{\"@type\":\"ListItem\",\"position\":3,\"name\":\"New Brunswick Dental Society Conference\"}]},{\"@type\":\"WebSite\",\"@id\":\"https:\\\/\\\/ptifa.com\\\/fr\\\/#website\",\"url\":\"https:\\\/\\\/ptifa.com\\\/fr\\\/\",\"name\":\"Pacific Training Institute for Facial Aesthetics &amp; Therapeutics\",\"description\":\"\",\"publisher\":{\"@id\":\"https:\\\/\\\/ptifa.com\\\/fr\\\/#organization\"},\"alternateName\":\"PTIFAT\",\"potentialAction\":[{\"@type\":\"SearchAction\",\"target\":{\"@type\":\"EntryPoint\",\"urlTemplate\":\"https:\\\/\\\/ptifa.com\\\/fr\\\/?s={search_term_string}\"},\"query-input\":{\"@type\":\"PropertyValueSpecification\",\"valueRequired\":true,\"valueName\":\"search_term_string\"}}],\"inLanguage\":\"fr-CA\"},{\"@type\":\"Organization\",\"@id\":\"https:\\\/\\\/ptifa.com\\\/fr\\\/#organization\",\"name\":\"Pacific Training Institute for Facial Aesthetics & Therapeutics\",\"alternateName\":\"PTIFAT\",\"url\":\"https:\\\/\\\/ptifa.com\\\/fr\\\/\",\"logo\":{\"@type\":\"ImageObject\",\"inLanguage\":\"fr-CA\",\"@id\":\"https:\\\/\\\/ptifa.com\\\/fr\\\/#\\\/schema\\\/logo\\\/image\\\/\",\"url\":\"https:\\\/\\\/ptifa.com\\\/wp-content\\\/uploads\\\/2025\\\/02\\\/ptifa-logo.svg\",\"contentUrl\":\"https:\\\/\\\/ptifa.com\\\/wp-content\\\/uploads\\\/2025\\\/02\\\/ptifa-logo.svg\",\"width\":310,\"height\":42,\"caption\":\"Pacific Training Institute for Facial Aesthetics & Therapeutics\"},\"image\":{\"@id\":\"https:\\\/\\\/ptifa.com\\\/fr\\\/#\\\/schema\\\/logo\\\/image\\\/\"}}]}<\/script>\n<!-- \/ Yoast SEO plugin. -->","yoast_head_json":{"title":"Conf\u00e9rence de la Soci\u00e9t\u00e9 dentaire du Nouveau-Brunswick : Formation sur le Botox","description":"Visitez-nous \u00e0 la conf\u00e9rence de la Soci\u00e9t\u00e9 dentaire du Nouveau-Brunswick et apprenez comment int\u00e9grer le Botox th\u00e9rapeutique \u00e0 votre pratique dentaire.","robots":{"index":"index","follow":"follow","max-snippet":"max-snippet:-1","max-image-preview":"max-image-preview:large","max-video-preview":"max-video-preview:-1"},"canonical":"https:\/\/ptifa.com\/fr\/p\/produits\/conference-de-la-societe-dentaire-du-nouveau-brunswick\/","og_locale":"fr_CA","og_type":"article","og_title":"New Brunswick Dental Society Conference: Botox Training","og_description":"Visit us at the New Brunswick Dental Society Conference and learn about integrating therapeutic Botox into your dental practice.","og_url":"https:\/\/ptifa.com\/fr\/p\/produits\/conference-de-la-societe-dentaire-du-nouveau-brunswick\/","og_site_name":"Pacific Training Institute for Facial Aesthetics &amp; Therapeutics","article_modified_time":"2026-02-18T18:04:53+00:00","og_image":[{"width":872,"height":306,"url":"https:\/\/ptifa.com\/wp-content\/uploads\/2025\/12\/Screenshot-2025-12-11-at-12.40.13-PM.png","type":"image\/png"}],"twitter_card":"summary_large_image","twitter_misc":{"Estimation du temps de lecture":"1 minute"},"schema":{"@context":"https:\/\/schema.org","@graph":[{"@type":"WebPage","@id":"https:\/\/ptifa.com\/p\/products\/new-brunswick-dental-society-conference\/","url":"https:\/\/ptifa.com\/p\/products\/new-brunswick-dental-society-conference\/","name":"Conf\u00e9rence de la Soci\u00e9t\u00e9 dentaire du Nouveau-Brunswick : Formation sur le Botox","isPartOf":{"@id":"https:\/\/ptifa.com\/fr\/#website"},"primaryImageOfPage":{"@id":"https:\/\/ptifa.com\/p\/products\/new-brunswick-dental-society-conference\/#primaryimage"},"image":{"@id":"https:\/\/ptifa.com\/p\/products\/new-brunswick-dental-society-conference\/#primaryimage"},"thumbnailUrl":"https:\/\/ptifa.com\/wp-content\/uploads\/2025\/12\/Screenshot-2025-12-11-at-12.40.13-PM.png","datePublished":"2025-12-11T20:33:11+00:00","dateModified":"2026-02-18T18:04:53+00:00","description":"Visitez-nous \u00e0 la conf\u00e9rence de la Soci\u00e9t\u00e9 dentaire du Nouveau-Brunswick et apprenez comment int\u00e9grer le Botox th\u00e9rapeutique \u00e0 votre pratique dentaire.","breadcrumb":{"@id":"https:\/\/ptifa.com\/p\/products\/new-brunswick-dental-society-conference\/#breadcrumb"},"inLanguage":"fr-CA","potentialAction":[{"@type":"ReadAction","target":["https:\/\/ptifa.com\/p\/products\/new-brunswick-dental-society-conference\/"]}]},{"@type":"ImageObject","inLanguage":"fr-CA","@id":"https:\/\/ptifa.com\/p\/products\/new-brunswick-dental-society-conference\/#primaryimage","url":"https:\/\/ptifa.com\/wp-content\/uploads\/2025\/12\/Screenshot-2025-12-11-at-12.40.13-PM.png","contentUrl":"https:\/\/ptifa.com\/wp-content\/uploads\/2025\/12\/Screenshot-2025-12-11-at-12.40.13-PM.png","width":872,"height":306,"caption":"NBDS Annual Conference"},{"@type":"BreadcrumbList","@id":"https:\/\/ptifa.com\/p\/products\/new-brunswick-dental-society-conference\/#breadcrumb","itemListElement":[{"@type":"ListItem","position":1,"name":"Home","item":"https:\/\/ptifa.com\/"},{"@type":"ListItem","position":2,"name":"Products","item":"https:\/\/ptifa.com\/fr\/produits\/"},{"@type":"ListItem","position":3,"name":"New Brunswick Dental Society Conference"}]},{"@type":"WebSite","@id":"https:\/\/ptifa.com\/fr\/#website","url":"https:\/\/ptifa.com\/fr\/","name":"Institut de formation du Pacifique pour l'esth\u00e9tique faciale et la th\u00e9rapeutique","description":"","publisher":{"@id":"https:\/\/ptifa.com\/fr\/#organization"},"alternateName":"PTIFAT","potentialAction":[{"@type":"SearchAction","target":{"@type":"EntryPoint","urlTemplate":"https:\/\/ptifa.com\/fr\/?s={search_term_string}"},"query-input":{"@type":"PropertyValueSpecification","valueRequired":true,"valueName":"search_term_string"}}],"inLanguage":"fr-CA"},{"@type":"Organization","@id":"https:\/\/ptifa.com\/fr\/#organization","name":"Institut de formation du Pacifique pour l'esth\u00e9tique faciale et la th\u00e9rapeutique","alternateName":"PTIFAT","url":"https:\/\/ptifa.com\/fr\/","logo":{"@type":"ImageObject","inLanguage":"fr-CA","@id":"https:\/\/ptifa.com\/fr\/#\/schema\/logo\/image\/","url":"https:\/\/ptifa.com\/wp-content\/uploads\/2025\/02\/ptifa-logo.svg","contentUrl":"https:\/\/ptifa.com\/wp-content\/uploads\/2025\/02\/ptifa-logo.svg","width":310,"height":42,"caption":"Pacific Training Institute for Facial Aesthetics & Therapeutics"},"image":{"@id":"https:\/\/ptifa.com\/fr\/#\/schema\/logo\/image\/"}}]}},"_links":{"self":[{"href":"https:\/\/ptifa.com\/fr\/wp-json\/wp\/v2\/product\/6005","targetHints":{"allow":["GET"]}}],"collection":[{"href":"https:\/\/ptifa.com\/fr\/wp-json\/wp\/v2\/product"}],"about":[{"href":"https:\/\/ptifa.com\/fr\/wp-json\/wp\/v2\/types\/product"}],"wp:featuredmedia":[{"embeddable":true,"href":"https:\/\/ptifa.com\/fr\/wp-json\/wp\/v2\/media\/6006"}],"wp:attachment":[{"href":"https:\/\/ptifa.com\/fr\/wp-json\/wp\/v2\/media?parent=6005"}],"wp:term":[{"taxonomy":"product_brand","embeddable":true,"href":"https:\/\/ptifa.com\/fr\/wp-json\/wp\/v2\/product_brand?post=6005"},{"taxonomy":"product_cat","embeddable":true,"href":"https:\/\/ptifa.com\/fr\/wp-json\/wp\/v2\/product_cat?post=6005"},{"taxonomy":"product_tag","embeddable":true,"href":"https:\/\/ptifa.com\/fr\/wp-json\/wp\/v2\/product_tag?post=6005"}],"curies":[{"name":"wp","href":"https:\/\/api.w.org\/{rel}","templated":true}]}}